{"id":18629,"date":"2021-07-09T16:07:04","date_gmt":"2021-07-09T14:07:04","guid":{"rendered":"https:\/\/hloccfq.cluster031.hosting.ovh.net\/produit\/ice-absolut\/"},"modified":"2024-10-03T16:24:48","modified_gmt":"2024-10-03T14:24:48","slug":"ice-absolut","status":"publish","type":"product","link":"https:\/\/vaninahenry.com\/de\/produkt\/ice-absolut\/","title":{"rendered":"Ice Absolut"},"content":{"rendered":"","protected":false},"excerpt":{"rendered":"<p><img decoding=\"async\" class=\"aligncenter wp-image-63574\" src=\"http:\/\/vaninahenry.com\/wp-content\/uploads\/2021\/07\/Captura-de-ecra-2021-10-25-120253.png\" alt=\"\" width=\"600\" height=\"353\" srcset=\"https:\/\/vaninahenry.com\/wp-content\/uploads\/2021\/07\/Captura-de-ecra-2021-10-25-120253.png 897w, https:\/\/vaninahenry.com\/wp-content\/uploads\/2021\/07\/Captura-de-ecra-2021-10-25-120253-600x353.png 600w, https:\/\/vaninahenry.com\/wp-content\/uploads\/2021\/07\/Captura-de-ecra-2021-10-25-120253-300x176.png 300w, https:\/\/vaninahenry.com\/wp-content\/uploads\/2021\/07\/Captura-de-ecra-2021-10-25-120253-768x451.png 768w\" sizes=\"(max-width: 600px) 100vw, 600px\" \/><\/p>\n<p><a href=\"https:\/\/vaninahenry.com\/contact\/?lang=de\"><strong><span style=\"color: #9a7541;\">Kontakt<\/span> <\/strong>um spezielle Aufh\u00e4ngungsl\u00f6sungen zu bestellen.<\/a><br \/>\n<span style=\"color: #9a7541;\"><a style=\"color: #9a7541;\" href=\"http:\/\/vaninahenry.com\/wp-content\/uploads\/2021\/07\/Hind-Rabii-Hanging-Solutions.pdf\">Laden Sie die Liste der Aufh\u00e4ngungsl\u00f6sungen und Preise (ohne MwSt.) herunter<\/a>.<\/span><\/p>\n<p>Die Lieferzeit betr\u00e4gt ca. 10 Wochen.<\/p>\n","protected":false},"featured_media":54316,"template":"","meta":{"_acf_changed":false,"inline_featured_image":false},"product_brand":[],"product_cat":[392],"product_tag":[],"class_list":{"0":"post-18629","1":"product","2":"type-product","3":"status-publish","4":"has-post-thumbnail","6":"product_cat-beleuchtungen","7":"product_shipping_class-hindi-rabii-de","9":"first","10":"instock","11":"taxable","12":"shipping-taxable","13":"product-type-variable"},"acf":[],"yoast_head":"<!-- This site is optimized with the Yoast SEO plugin v26.7 - https:\/\/yoast.com\/wordpress\/plugins\/seo\/ -->\n<title>Ice Absolut - Vanina Henry<\/title>\n<meta name=\"robots\" content=\"index, follow, max-snippet:-1, max-image-preview:large, max-video-preview:-1\" \/>\n<link rel=\"canonical\" href=\"https:\/\/vaninahenry.com\/produkt\/ice-absolut\/\" \/>\n<meta property=\"og:locale\" content=\"de_DE\" \/>\n<meta property=\"og:type\" content=\"article\" \/>\n<meta property=\"og:title\" content=\"Ice Absolut - Vanina Henry\" \/>\n<meta property=\"og:description\" content=\"Kontakt um spezielle Aufh\u00e4ngungsl\u00f6sungen zu bestellen. Laden Sie die Liste der Aufh\u00e4ngungsl\u00f6sungen und Preise (ohne MwSt.) herunter.  Die Lieferzeit betr\u00e4gt ca. 10 Wochen.\" \/>\n<meta property=\"og:url\" content=\"https:\/\/vaninahenry.com\/produkt\/ice-absolut\/\" \/>\n<meta property=\"og:site_name\" content=\"Vanina Henry\" \/>\n<meta property=\"article:publisher\" content=\"https:\/\/www.facebook.com\/designbyvaninahenry\" \/>\n<meta property=\"article:modified_time\" content=\"2024-10-03T14:24:48+00:00\" \/>\n<meta property=\"og:image\" content=\"https:\/\/vaninahenry.com\/wp-content\/uploads\/2021\/10\/ICE-Absolut-S-Gold-Silver.jpeg\" \/>\n\t<meta property=\"og:image:width\" content=\"1062\" \/>\n\t<meta property=\"og:image:height\" content=\"1600\" \/>\n\t<meta property=\"og:image:type\" content=\"image\/jpeg\" \/>\n<meta name=\"twitter:card\" content=\"summary_large_image\" \/>\n<script type=\"application\/ld+json\" class=\"yoast-schema-graph\">{\"@context\":\"https:\/\/schema.org\",\"@graph\":[{\"@type\":\"WebPage\",\"@id\":\"https:\/\/vaninahenry.com\/produkt\/ice-absolut\/\",\"url\":\"https:\/\/vaninahenry.com\/produkt\/ice-absolut\/\",\"name\":\"Ice Absolut - Vanina Henry\",\"isPartOf\":{\"@id\":\"https:\/\/vaninahenry.com\/#website\"},\"primaryImageOfPage\":{\"@id\":\"https:\/\/vaninahenry.com\/produkt\/ice-absolut\/#primaryimage\"},\"image\":{\"@id\":\"https:\/\/vaninahenry.com\/produkt\/ice-absolut\/#primaryimage\"},\"thumbnailUrl\":\"https:\/\/vaninahenry.com\/wp-content\/uploads\/2021\/10\/ICE-Absolut-S-Gold-Silver.jpeg\",\"datePublished\":\"2021-07-09T14:07:04+00:00\",\"dateModified\":\"2024-10-03T14:24:48+00:00\",\"breadcrumb\":{\"@id\":\"https:\/\/vaninahenry.com\/produkt\/ice-absolut\/#breadcrumb\"},\"inLanguage\":\"de\",\"potentialAction\":[{\"@type\":\"ReadAction\",\"target\":[\"https:\/\/vaninahenry.com\/produkt\/ice-absolut\/\"]}]},{\"@type\":\"ImageObject\",\"inLanguage\":\"de\",\"@id\":\"https:\/\/vaninahenry.com\/produkt\/ice-absolut\/#primaryimage\",\"url\":\"https:\/\/vaninahenry.com\/wp-content\/uploads\/2021\/10\/ICE-Absolut-S-Gold-Silver.jpeg\",\"contentUrl\":\"https:\/\/vaninahenry.com\/wp-content\/uploads\/2021\/10\/ICE-Absolut-S-Gold-Silver.jpeg\",\"width\":1062,\"height\":1600},{\"@type\":\"BreadcrumbList\",\"@id\":\"https:\/\/vaninahenry.com\/produkt\/ice-absolut\/#breadcrumb\",\"itemListElement\":[{\"@type\":\"ListItem\",\"position\":1,\"name\":\"Accueil\",\"item\":\"https:\/\/vaninahenry.com\/de\/\"},{\"@type\":\"ListItem\",\"position\":2,\"name\":\"Shop\",\"item\":\"https:\/\/vaninahenry.com\/boutique\/\"},{\"@type\":\"ListItem\",\"position\":3,\"name\":\"Ice Absolut\"}]},{\"@type\":\"WebSite\",\"@id\":\"https:\/\/vaninahenry.com\/#website\",\"url\":\"https:\/\/vaninahenry.com\/\",\"name\":\"Vanina Henry\",\"description\":\"\",\"publisher\":{\"@id\":\"https:\/\/vaninahenry.com\/#organization\"},\"potentialAction\":[{\"@type\":\"SearchAction\",\"target\":{\"@type\":\"EntryPoint\",\"urlTemplate\":\"https:\/\/vaninahenry.com\/?s={search_term_string}\"},\"query-input\":{\"@type\":\"PropertyValueSpecification\",\"valueRequired\":true,\"valueName\":\"search_term_string\"}}],\"inLanguage\":\"de\"},{\"@type\":\"Organization\",\"@id\":\"https:\/\/vaninahenry.com\/#organization\",\"name\":\"Vanina Henry\",\"url\":\"https:\/\/vaninahenry.com\/\",\"logo\":{\"@type\":\"ImageObject\",\"inLanguage\":\"de\",\"@id\":\"https:\/\/vaninahenry.com\/#\/schema\/logo\/image\/\",\"url\":\"http:\/\/vaninahenry.com\/wp-content\/uploads\/2021\/10\/Logo-design-by-VaninaHenry.png\",\"contentUrl\":\"http:\/\/vaninahenry.com\/wp-content\/uploads\/2021\/10\/Logo-design-by-VaninaHenry.png\",\"width\":711,\"height\":467,\"caption\":\"Vanina Henry\"},\"image\":{\"@id\":\"https:\/\/vaninahenry.com\/#\/schema\/logo\/image\/\"},\"sameAs\":[\"https:\/\/www.facebook.com\/designbyvaninahenry\",\"https:\/\/www.instagram.com\/vaninahenry\/\"]}]}<\/script>\n<!-- \/ Yoast SEO plugin. -->","yoast_head_json":{"title":"Ice Absolut - Vanina Henry","robots":{"index":"index","follow":"follow","max-snippet":"max-snippet:-1","max-image-preview":"max-image-preview:large","max-video-preview":"max-video-preview:-1"},"canonical":"https:\/\/vaninahenry.com\/produkt\/ice-absolut\/","og_locale":"de_DE","og_type":"article","og_title":"Ice Absolut - Vanina Henry","og_description":"Kontakt um spezielle Aufh\u00e4ngungsl\u00f6sungen zu bestellen. Laden Sie die Liste der Aufh\u00e4ngungsl\u00f6sungen und Preise (ohne MwSt.) herunter.  Die Lieferzeit betr\u00e4gt ca. 10 Wochen.","og_url":"https:\/\/vaninahenry.com\/produkt\/ice-absolut\/","og_site_name":"Vanina Henry","article_publisher":"https:\/\/www.facebook.com\/designbyvaninahenry","article_modified_time":"2024-10-03T14:24:48+00:00","og_image":[{"width":1062,"height":1600,"url":"https:\/\/vaninahenry.com\/wp-content\/uploads\/2021\/10\/ICE-Absolut-S-Gold-Silver.jpeg","type":"image\/jpeg"}],"twitter_card":"summary_large_image","schema":{"@context":"https:\/\/schema.org","@graph":[{"@type":"WebPage","@id":"https:\/\/vaninahenry.com\/produkt\/ice-absolut\/","url":"https:\/\/vaninahenry.com\/produkt\/ice-absolut\/","name":"Ice Absolut - Vanina Henry","isPartOf":{"@id":"https:\/\/vaninahenry.com\/#website"},"primaryImageOfPage":{"@id":"https:\/\/vaninahenry.com\/produkt\/ice-absolut\/#primaryimage"},"image":{"@id":"https:\/\/vaninahenry.com\/produkt\/ice-absolut\/#primaryimage"},"thumbnailUrl":"https:\/\/vaninahenry.com\/wp-content\/uploads\/2021\/10\/ICE-Absolut-S-Gold-Silver.jpeg","datePublished":"2021-07-09T14:07:04+00:00","dateModified":"2024-10-03T14:24:48+00:00","breadcrumb":{"@id":"https:\/\/vaninahenry.com\/produkt\/ice-absolut\/#breadcrumb"},"inLanguage":"de","potentialAction":[{"@type":"ReadAction","target":["https:\/\/vaninahenry.com\/produkt\/ice-absolut\/"]}]},{"@type":"ImageObject","inLanguage":"de","@id":"https:\/\/vaninahenry.com\/produkt\/ice-absolut\/#primaryimage","url":"https:\/\/vaninahenry.com\/wp-content\/uploads\/2021\/10\/ICE-Absolut-S-Gold-Silver.jpeg","contentUrl":"https:\/\/vaninahenry.com\/wp-content\/uploads\/2021\/10\/ICE-Absolut-S-Gold-Silver.jpeg","width":1062,"height":1600},{"@type":"BreadcrumbList","@id":"https:\/\/vaninahenry.com\/produkt\/ice-absolut\/#breadcrumb","itemListElement":[{"@type":"ListItem","position":1,"name":"Accueil","item":"https:\/\/vaninahenry.com\/de\/"},{"@type":"ListItem","position":2,"name":"Shop","item":"https:\/\/vaninahenry.com\/boutique\/"},{"@type":"ListItem","position":3,"name":"Ice Absolut"}]},{"@type":"WebSite","@id":"https:\/\/vaninahenry.com\/#website","url":"https:\/\/vaninahenry.com\/","name":"Vanina Henry","description":"","publisher":{"@id":"https:\/\/vaninahenry.com\/#organization"},"potentialAction":[{"@type":"SearchAction","target":{"@type":"EntryPoint","urlTemplate":"https:\/\/vaninahenry.com\/?s={search_term_string}"},"query-input":{"@type":"PropertyValueSpecification","valueRequired":true,"valueName":"search_term_string"}}],"inLanguage":"de"},{"@type":"Organization","@id":"https:\/\/vaninahenry.com\/#organization","name":"Vanina Henry","url":"https:\/\/vaninahenry.com\/","logo":{"@type":"ImageObject","inLanguage":"de","@id":"https:\/\/vaninahenry.com\/#\/schema\/logo\/image\/","url":"http:\/\/vaninahenry.com\/wp-content\/uploads\/2021\/10\/Logo-design-by-VaninaHenry.png","contentUrl":"http:\/\/vaninahenry.com\/wp-content\/uploads\/2021\/10\/Logo-design-by-VaninaHenry.png","width":711,"height":467,"caption":"Vanina Henry"},"image":{"@id":"https:\/\/vaninahenry.com\/#\/schema\/logo\/image\/"},"sameAs":["https:\/\/www.facebook.com\/designbyvaninahenry","https:\/\/www.instagram.com\/vaninahenry\/"]}]}},"_links":{"self":[{"href":"https:\/\/vaninahenry.com\/de\/wp-json\/wp\/v2\/product\/18629","targetHints":{"allow":["GET"]}}],"collection":[{"href":"https:\/\/vaninahenry.com\/de\/wp-json\/wp\/v2\/product"}],"about":[{"href":"https:\/\/vaninahenry.com\/de\/wp-json\/wp\/v2\/types\/product"}],"wp:featuredmedia":[{"embeddable":true,"href":"https:\/\/vaninahenry.com\/de\/wp-json\/wp\/v2\/media\/54316"}],"wp:attachment":[{"href":"https:\/\/vaninahenry.com\/de\/wp-json\/wp\/v2\/media?parent=18629"}],"wp:term":[{"taxonomy":"product_brand","embeddable":true,"href":"https:\/\/vaninahenry.com\/de\/wp-json\/wp\/v2\/product_brand?post=18629"},{"taxonomy":"product_cat","embeddable":true,"href":"https:\/\/vaninahenry.com\/de\/wp-json\/wp\/v2\/product_cat?post=18629"},{"taxonomy":"product_tag","embeddable":true,"href":"https:\/\/vaninahenry.com\/de\/wp-json\/wp\/v2\/product_tag?post=18629"}],"curies":[{"name":"wp","href":"https:\/\/api.w.org\/{rel}","templated":true}]}}