{"id":18007,"date":"2021-06-22T13:42:24","date_gmt":"2021-06-22T11:42:24","guid":{"rendered":"https:\/\/hloccfq.cluster031.hosting.ovh.net\/produit\/straight-brush-75-mm\/"},"modified":"2025-03-10T16:08:35","modified_gmt":"2025-03-10T15:08:35","slug":"straight-brush-75-mm","status":"publish","type":"product","link":"https:\/\/vaninahenry.com\/de\/produkt\/straight-brush-75-mm\/","title":{"rendered":"straight brush 75 mm"},"content":{"rendered":"<p>Unser Premium-Pinsel mit 76 mm Durchmesser wurde speziell f\u00fcr die Verwendung mit unseren wasserbasierten Farben entwickelt. Die feinen synthetischen Borsten reduzieren Pinselabdr\u00fccke und sorgen f\u00fcr einen gleichm\u00e4\u00dfigen Auftrag. Als Teil des kontinuierlichen Engagements von Farrow &#038; Ball f\u00fcr die Umwelt ist der Birkenstiel FSC-zertifiziert (Forest Stewardship Council), und die Zwinge ist aus recyceltem Stahl gefertigt. Weitere verf\u00fcgbare Gr\u00f6\u00dfen: 25 mm, 38 mm und 51 mm.<\/p>\n","protected":false},"excerpt":{"rendered":"<p>Unser Premium-Pinsel mit 76 mm Durchmesser wurde speziell f\u00fcr die Verwendung mit unseren wasserbasierten Farben entwickelt. Die feinen synthetischen Borsten reduzieren Pinselabdr\u00fccke und sorgen f\u00fcr einen gleichm\u00e4\u00dfigen Auftrag. Als Teil des kontinuierlichen Engagements von Farrow &#038; Ball f\u00fcr die Umwelt ist der Birkenstiel FSC-zertifiziert (Forest Stewardship Council), und die Zwinge ist aus recyceltem Stahl gefertigt. [&hellip;]<\/p>\n","protected":false},"featured_media":41255,"template":"","meta":{"_acf_changed":false,"inline_featured_image":false},"product_brand":[],"product_cat":[312,391],"product_tag":[],"class_list":{"0":"post-18007","1":"product","2":"type-product","3":"status-publish","4":"has-post-thumbnail","6":"product_cat-farben","7":"product_cat-zubehor","8":"product_shipping_class-farrow-and-ball-probe","10":"first","11":"instock","12":"taxable","13":"shipping-taxable","14":"product-type-simple"},"acf":[],"yoast_head":"<!-- This site is optimized with the Yoast SEO plugin v26.7 - https:\/\/yoast.com\/wordpress\/plugins\/seo\/ -->\n<title>straight brush 75 mm - Vanina Henry<\/title>\n<meta name=\"robots\" content=\"index, follow, max-snippet:-1, max-image-preview:large, max-video-preview:-1\" \/>\n<link rel=\"canonical\" href=\"https:\/\/vaninahenry.com\/produkt\/pinceau-droit-75-mm\/\" \/>\n<meta property=\"og:locale\" content=\"de_DE\" \/>\n<meta property=\"og:type\" content=\"article\" \/>\n<meta property=\"og:title\" content=\"straight brush 75 mm - Vanina Henry\" \/>\n<meta property=\"og:description\" content=\"Unser Premium-Pinsel mit 76 mm Durchmesser wurde speziell f\u00fcr die Verwendung mit unseren wasserbasierten Farben entwickelt. Die feinen synthetischen Borsten reduzieren Pinselabdr\u00fccke und sorgen f\u00fcr einen gleichm\u00e4\u00dfigen Auftrag. Als Teil des kontinuierlichen Engagements von Farrow &#038; Ball f\u00fcr die Umwelt ist der Birkenstiel FSC-zertifiziert (Forest Stewardship Council), und die Zwinge ist aus recyceltem Stahl gefertigt. [&hellip;]\" \/>\n<meta property=\"og:url\" content=\"https:\/\/vaninahenry.com\/produkt\/pinceau-droit-75-mm\/\" \/>\n<meta property=\"og:site_name\" content=\"Vanina Henry\" \/>\n<meta property=\"article:publisher\" content=\"https:\/\/www.facebook.com\/designbyvaninahenry\" \/>\n<meta property=\"article:modified_time\" content=\"2025-03-10T15:08:35+00:00\" \/>\n<meta name=\"twitter:card\" content=\"summary_large_image\" \/>\n<script type=\"application\/ld+json\" class=\"yoast-schema-graph\">{\"@context\":\"https:\/\/schema.org\",\"@graph\":[{\"@type\":\"WebPage\",\"@id\":\"https:\/\/vaninahenry.com\/produkt\/pinceau-droit-75-mm\/\",\"url\":\"https:\/\/vaninahenry.com\/produkt\/pinceau-droit-75-mm\/\",\"name\":\"straight brush 75 mm - Vanina Henry\",\"isPartOf\":{\"@id\":\"https:\/\/vaninahenry.com\/#website\"},\"primaryImageOfPage\":{\"@id\":\"https:\/\/vaninahenry.com\/produkt\/pinceau-droit-75-mm\/#primaryimage\"},\"image\":{\"@id\":\"https:\/\/vaninahenry.com\/produkt\/pinceau-droit-75-mm\/#primaryimage\"},\"thumbnailUrl\":\"\",\"datePublished\":\"2021-06-22T11:42:24+00:00\",\"dateModified\":\"2025-03-10T15:08:35+00:00\",\"breadcrumb\":{\"@id\":\"https:\/\/vaninahenry.com\/produkt\/pinceau-droit-75-mm\/#breadcrumb\"},\"inLanguage\":\"de\",\"potentialAction\":[{\"@type\":\"ReadAction\",\"target\":[\"https:\/\/vaninahenry.com\/produkt\/pinceau-droit-75-mm\/\"]}]},{\"@type\":\"ImageObject\",\"inLanguage\":\"de\",\"@id\":\"https:\/\/vaninahenry.com\/produkt\/pinceau-droit-75-mm\/#primaryimage\",\"url\":\"\",\"contentUrl\":\"\"},{\"@type\":\"BreadcrumbList\",\"@id\":\"https:\/\/vaninahenry.com\/produkt\/pinceau-droit-75-mm\/#breadcrumb\",\"itemListElement\":[{\"@type\":\"ListItem\",\"position\":1,\"name\":\"Accueil\",\"item\":\"https:\/\/vaninahenry.com\/de\/\"},{\"@type\":\"ListItem\",\"position\":2,\"name\":\"Shop\",\"item\":\"https:\/\/vaninahenry.com\/boutique\/\"},{\"@type\":\"ListItem\",\"position\":3,\"name\":\"straight brush 75 mm\"}]},{\"@type\":\"WebSite\",\"@id\":\"https:\/\/vaninahenry.com\/#website\",\"url\":\"https:\/\/vaninahenry.com\/\",\"name\":\"Vanina Henry\",\"description\":\"\",\"publisher\":{\"@id\":\"https:\/\/vaninahenry.com\/#organization\"},\"potentialAction\":[{\"@type\":\"SearchAction\",\"target\":{\"@type\":\"EntryPoint\",\"urlTemplate\":\"https:\/\/vaninahenry.com\/?s={search_term_string}\"},\"query-input\":{\"@type\":\"PropertyValueSpecification\",\"valueRequired\":true,\"valueName\":\"search_term_string\"}}],\"inLanguage\":\"de\"},{\"@type\":\"Organization\",\"@id\":\"https:\/\/vaninahenry.com\/#organization\",\"name\":\"Vanina Henry\",\"url\":\"https:\/\/vaninahenry.com\/\",\"logo\":{\"@type\":\"ImageObject\",\"inLanguage\":\"de\",\"@id\":\"https:\/\/vaninahenry.com\/#\/schema\/logo\/image\/\",\"url\":\"http:\/\/vaninahenry.com\/wp-content\/uploads\/2021\/10\/Logo-design-by-VaninaHenry.png\",\"contentUrl\":\"http:\/\/vaninahenry.com\/wp-content\/uploads\/2021\/10\/Logo-design-by-VaninaHenry.png\",\"width\":711,\"height\":467,\"caption\":\"Vanina Henry\"},\"image\":{\"@id\":\"https:\/\/vaninahenry.com\/#\/schema\/logo\/image\/\"},\"sameAs\":[\"https:\/\/www.facebook.com\/designbyvaninahenry\",\"https:\/\/www.instagram.com\/vaninahenry\/\"]}]}<\/script>\n<!-- \/ Yoast SEO plugin. -->","yoast_head_json":{"title":"straight brush 75 mm - Vanina Henry","robots":{"index":"index","follow":"follow","max-snippet":"max-snippet:-1","max-image-preview":"max-image-preview:large","max-video-preview":"max-video-preview:-1"},"canonical":"https:\/\/vaninahenry.com\/produkt\/pinceau-droit-75-mm\/","og_locale":"de_DE","og_type":"article","og_title":"straight brush 75 mm - Vanina Henry","og_description":"Unser Premium-Pinsel mit 76 mm Durchmesser wurde speziell f\u00fcr die Verwendung mit unseren wasserbasierten Farben entwickelt. Die feinen synthetischen Borsten reduzieren Pinselabdr\u00fccke und sorgen f\u00fcr einen gleichm\u00e4\u00dfigen Auftrag. Als Teil des kontinuierlichen Engagements von Farrow &#038; Ball f\u00fcr die Umwelt ist der Birkenstiel FSC-zertifiziert (Forest Stewardship Council), und die Zwinge ist aus recyceltem Stahl gefertigt. [&hellip;]","og_url":"https:\/\/vaninahenry.com\/produkt\/pinceau-droit-75-mm\/","og_site_name":"Vanina Henry","article_publisher":"https:\/\/www.facebook.com\/designbyvaninahenry","article_modified_time":"2025-03-10T15:08:35+00:00","twitter_card":"summary_large_image","schema":{"@context":"https:\/\/schema.org","@graph":[{"@type":"WebPage","@id":"https:\/\/vaninahenry.com\/produkt\/pinceau-droit-75-mm\/","url":"https:\/\/vaninahenry.com\/produkt\/pinceau-droit-75-mm\/","name":"straight brush 75 mm - Vanina Henry","isPartOf":{"@id":"https:\/\/vaninahenry.com\/#website"},"primaryImageOfPage":{"@id":"https:\/\/vaninahenry.com\/produkt\/pinceau-droit-75-mm\/#primaryimage"},"image":{"@id":"https:\/\/vaninahenry.com\/produkt\/pinceau-droit-75-mm\/#primaryimage"},"thumbnailUrl":"","datePublished":"2021-06-22T11:42:24+00:00","dateModified":"2025-03-10T15:08:35+00:00","breadcrumb":{"@id":"https:\/\/vaninahenry.com\/produkt\/pinceau-droit-75-mm\/#breadcrumb"},"inLanguage":"de","potentialAction":[{"@type":"ReadAction","target":["https:\/\/vaninahenry.com\/produkt\/pinceau-droit-75-mm\/"]}]},{"@type":"ImageObject","inLanguage":"de","@id":"https:\/\/vaninahenry.com\/produkt\/pinceau-droit-75-mm\/#primaryimage","url":"","contentUrl":""},{"@type":"BreadcrumbList","@id":"https:\/\/vaninahenry.com\/produkt\/pinceau-droit-75-mm\/#breadcrumb","itemListElement":[{"@type":"ListItem","position":1,"name":"Accueil","item":"https:\/\/vaninahenry.com\/de\/"},{"@type":"ListItem","position":2,"name":"Shop","item":"https:\/\/vaninahenry.com\/boutique\/"},{"@type":"ListItem","position":3,"name":"straight brush 75 mm"}]},{"@type":"WebSite","@id":"https:\/\/vaninahenry.com\/#website","url":"https:\/\/vaninahenry.com\/","name":"Vanina Henry","description":"","publisher":{"@id":"https:\/\/vaninahenry.com\/#organization"},"potentialAction":[{"@type":"SearchAction","target":{"@type":"EntryPoint","urlTemplate":"https:\/\/vaninahenry.com\/?s={search_term_string}"},"query-input":{"@type":"PropertyValueSpecification","valueRequired":true,"valueName":"search_term_string"}}],"inLanguage":"de"},{"@type":"Organization","@id":"https:\/\/vaninahenry.com\/#organization","name":"Vanina Henry","url":"https:\/\/vaninahenry.com\/","logo":{"@type":"ImageObject","inLanguage":"de","@id":"https:\/\/vaninahenry.com\/#\/schema\/logo\/image\/","url":"http:\/\/vaninahenry.com\/wp-content\/uploads\/2021\/10\/Logo-design-by-VaninaHenry.png","contentUrl":"http:\/\/vaninahenry.com\/wp-content\/uploads\/2021\/10\/Logo-design-by-VaninaHenry.png","width":711,"height":467,"caption":"Vanina Henry"},"image":{"@id":"https:\/\/vaninahenry.com\/#\/schema\/logo\/image\/"},"sameAs":["https:\/\/www.facebook.com\/designbyvaninahenry","https:\/\/www.instagram.com\/vaninahenry\/"]}]}},"_links":{"self":[{"href":"https:\/\/vaninahenry.com\/de\/wp-json\/wp\/v2\/product\/18007","targetHints":{"allow":["GET"]}}],"collection":[{"href":"https:\/\/vaninahenry.com\/de\/wp-json\/wp\/v2\/product"}],"about":[{"href":"https:\/\/vaninahenry.com\/de\/wp-json\/wp\/v2\/types\/product"}],"wp:featuredmedia":[{"embeddable":true,"href":"https:\/\/vaninahenry.com\/de\/wp-json\/wp\/v2\/media\/41255"}],"wp:attachment":[{"href":"https:\/\/vaninahenry.com\/de\/wp-json\/wp\/v2\/media?parent=18007"}],"wp:term":[{"taxonomy":"product_brand","embeddable":true,"href":"https:\/\/vaninahenry.com\/de\/wp-json\/wp\/v2\/product_brand?post=18007"},{"taxonomy":"product_cat","embeddable":true,"href":"https:\/\/vaninahenry.com\/de\/wp-json\/wp\/v2\/product_cat?post=18007"},{"taxonomy":"product_tag","embeddable":true,"href":"https:\/\/vaninahenry.com\/de\/wp-json\/wp\/v2\/product_tag?post=18007"}],"curies":[{"name":"wp","href":"https:\/\/api.w.org\/{rel}","templated":true}]}}