{"id":17999,"date":"2021-06-22T13:54:30","date_gmt":"2021-06-22T11:54:30","guid":{"rendered":"https:\/\/hloccfq.cluster031.hosting.ovh.net\/produit\/roller-sleeve\/"},"modified":"2025-03-10T16:08:37","modified_gmt":"2025-03-10T15:08:37","slug":"roller-sleeve","status":"publish","type":"product","link":"https:\/\/vaninahenry.com\/de\/produkt\/roller-sleeve\/","title":{"rendered":"Roller Sleeve"},"content":{"rendered":"<p>Diese mittelflorig gewebte Polyester-Farbwalze (die separat verkauft wird), ist speziell f\u00fcr die Verwendung mit unserem Walzengriff ausgelegt. Besonders gut geeignet ist die Farbwalze f\u00fcr Estate Emulsion und Modern Emulsion und garantiert damit ein makelloses Ergebnis. Durch das mittelflorig-gewebte Polyester l\u00e4sst sich die Farbe gleichm\u00e4\u00dfig auftragen und vermindert so die Tropfenbildung. Zu der Farbwalze gibt es den passenden Walzengriff. Die Farbwalze ist 9 x 1,5 Zoll (229 mm x 38 mm) lang.<\/p>\n","protected":false},"excerpt":{"rendered":"<p>Diese mittelflorig gewebte Polyester-Farbwalze (die separat verkauft wird), ist speziell f\u00fcr die Verwendung mit unserem Walzengriff ausgelegt. Besonders gut geeignet ist die Farbwalze f\u00fcr Estate Emulsion und Modern Emulsion und garantiert damit ein makelloses Ergebnis. Durch das mittelflorig-gewebte Polyester l\u00e4sst sich die Farbe gleichm\u00e4\u00dfig auftragen und vermindert so die Tropfenbildung. Zu der Farbwalze gibt es [&hellip;]<\/p>\n","protected":false},"featured_media":41314,"template":"","meta":{"_acf_changed":false,"inline_featured_image":false},"product_brand":[],"product_cat":[312,391],"product_tag":[],"class_list":{"0":"post-17999","1":"product","2":"type-product","3":"status-publish","4":"has-post-thumbnail","6":"product_cat-farben","7":"product_cat-zubehor","8":"product_shipping_class-farrow-and-ball-probe","10":"first","11":"instock","12":"taxable","13":"shipping-taxable","14":"product-type-simple"},"acf":[],"yoast_head":"<!-- This site is optimized with the Yoast SEO plugin v26.7 - https:\/\/yoast.com\/wordpress\/plugins\/seo\/ -->\n<title>Roller Sleeve - Vanina Henry<\/title>\n<meta name=\"robots\" content=\"index, follow, max-snippet:-1, max-image-preview:large, max-video-preview:-1\" \/>\n<link rel=\"canonical\" href=\"https:\/\/vaninahenry.com\/produkt\/manchon-pour-rouleau\/\" \/>\n<meta property=\"og:locale\" content=\"de_DE\" \/>\n<meta property=\"og:type\" content=\"article\" \/>\n<meta property=\"og:title\" content=\"Roller Sleeve - Vanina Henry\" \/>\n<meta property=\"og:description\" content=\"Diese mittelflorig gewebte Polyester-Farbwalze (die separat verkauft wird), ist speziell f\u00fcr die Verwendung mit unserem Walzengriff ausgelegt. Besonders gut geeignet ist die Farbwalze f\u00fcr Estate Emulsion und Modern Emulsion und garantiert damit ein makelloses Ergebnis. Durch das mittelflorig-gewebte Polyester l\u00e4sst sich die Farbe gleichm\u00e4\u00dfig auftragen und vermindert so die Tropfenbildung. Zu der Farbwalze gibt es [&hellip;]\" \/>\n<meta property=\"og:url\" content=\"https:\/\/vaninahenry.com\/produkt\/manchon-pour-rouleau\/\" \/>\n<meta property=\"og:site_name\" content=\"Vanina Henry\" \/>\n<meta property=\"article:publisher\" content=\"https:\/\/www.facebook.com\/designbyvaninahenry\" \/>\n<meta property=\"article:modified_time\" content=\"2025-03-10T15:08:37+00:00\" \/>\n<meta name=\"twitter:card\" content=\"summary_large_image\" \/>\n<script type=\"application\/ld+json\" class=\"yoast-schema-graph\">{\"@context\":\"https:\/\/schema.org\",\"@graph\":[{\"@type\":\"WebPage\",\"@id\":\"https:\/\/vaninahenry.com\/produkt\/manchon-pour-rouleau\/\",\"url\":\"https:\/\/vaninahenry.com\/produkt\/manchon-pour-rouleau\/\",\"name\":\"Roller Sleeve - Vanina Henry\",\"isPartOf\":{\"@id\":\"https:\/\/vaninahenry.com\/#website\"},\"primaryImageOfPage\":{\"@id\":\"https:\/\/vaninahenry.com\/produkt\/manchon-pour-rouleau\/#primaryimage\"},\"image\":{\"@id\":\"https:\/\/vaninahenry.com\/produkt\/manchon-pour-rouleau\/#primaryimage\"},\"thumbnailUrl\":\"\",\"datePublished\":\"2021-06-22T11:54:30+00:00\",\"dateModified\":\"2025-03-10T15:08:37+00:00\",\"breadcrumb\":{\"@id\":\"https:\/\/vaninahenry.com\/produkt\/manchon-pour-rouleau\/#breadcrumb\"},\"inLanguage\":\"de\",\"potentialAction\":[{\"@type\":\"ReadAction\",\"target\":[\"https:\/\/vaninahenry.com\/produkt\/manchon-pour-rouleau\/\"]}]},{\"@type\":\"ImageObject\",\"inLanguage\":\"de\",\"@id\":\"https:\/\/vaninahenry.com\/produkt\/manchon-pour-rouleau\/#primaryimage\",\"url\":\"\",\"contentUrl\":\"\"},{\"@type\":\"BreadcrumbList\",\"@id\":\"https:\/\/vaninahenry.com\/produkt\/manchon-pour-rouleau\/#breadcrumb\",\"itemListElement\":[{\"@type\":\"ListItem\",\"position\":1,\"name\":\"Accueil\",\"item\":\"https:\/\/vaninahenry.com\/de\/\"},{\"@type\":\"ListItem\",\"position\":2,\"name\":\"Shop\",\"item\":\"https:\/\/vaninahenry.com\/boutique\/\"},{\"@type\":\"ListItem\",\"position\":3,\"name\":\"Roller Sleeve\"}]},{\"@type\":\"WebSite\",\"@id\":\"https:\/\/vaninahenry.com\/#website\",\"url\":\"https:\/\/vaninahenry.com\/\",\"name\":\"Vanina Henry\",\"description\":\"\",\"publisher\":{\"@id\":\"https:\/\/vaninahenry.com\/#organization\"},\"potentialAction\":[{\"@type\":\"SearchAction\",\"target\":{\"@type\":\"EntryPoint\",\"urlTemplate\":\"https:\/\/vaninahenry.com\/?s={search_term_string}\"},\"query-input\":{\"@type\":\"PropertyValueSpecification\",\"valueRequired\":true,\"valueName\":\"search_term_string\"}}],\"inLanguage\":\"de\"},{\"@type\":\"Organization\",\"@id\":\"https:\/\/vaninahenry.com\/#organization\",\"name\":\"Vanina Henry\",\"url\":\"https:\/\/vaninahenry.com\/\",\"logo\":{\"@type\":\"ImageObject\",\"inLanguage\":\"de\",\"@id\":\"https:\/\/vaninahenry.com\/#\/schema\/logo\/image\/\",\"url\":\"http:\/\/vaninahenry.com\/wp-content\/uploads\/2021\/10\/Logo-design-by-VaninaHenry.png\",\"contentUrl\":\"http:\/\/vaninahenry.com\/wp-content\/uploads\/2021\/10\/Logo-design-by-VaninaHenry.png\",\"width\":711,\"height\":467,\"caption\":\"Vanina Henry\"},\"image\":{\"@id\":\"https:\/\/vaninahenry.com\/#\/schema\/logo\/image\/\"},\"sameAs\":[\"https:\/\/www.facebook.com\/designbyvaninahenry\",\"https:\/\/www.instagram.com\/vaninahenry\/\"]}]}<\/script>\n<!-- \/ Yoast SEO plugin. -->","yoast_head_json":{"title":"Roller Sleeve - Vanina Henry","robots":{"index":"index","follow":"follow","max-snippet":"max-snippet:-1","max-image-preview":"max-image-preview:large","max-video-preview":"max-video-preview:-1"},"canonical":"https:\/\/vaninahenry.com\/produkt\/manchon-pour-rouleau\/","og_locale":"de_DE","og_type":"article","og_title":"Roller Sleeve - Vanina Henry","og_description":"Diese mittelflorig gewebte Polyester-Farbwalze (die separat verkauft wird), ist speziell f\u00fcr die Verwendung mit unserem Walzengriff ausgelegt. Besonders gut geeignet ist die Farbwalze f\u00fcr Estate Emulsion und Modern Emulsion und garantiert damit ein makelloses Ergebnis. Durch das mittelflorig-gewebte Polyester l\u00e4sst sich die Farbe gleichm\u00e4\u00dfig auftragen und vermindert so die Tropfenbildung. Zu der Farbwalze gibt es [&hellip;]","og_url":"https:\/\/vaninahenry.com\/produkt\/manchon-pour-rouleau\/","og_site_name":"Vanina Henry","article_publisher":"https:\/\/www.facebook.com\/designbyvaninahenry","article_modified_time":"2025-03-10T15:08:37+00:00","twitter_card":"summary_large_image","schema":{"@context":"https:\/\/schema.org","@graph":[{"@type":"WebPage","@id":"https:\/\/vaninahenry.com\/produkt\/manchon-pour-rouleau\/","url":"https:\/\/vaninahenry.com\/produkt\/manchon-pour-rouleau\/","name":"Roller Sleeve - Vanina Henry","isPartOf":{"@id":"https:\/\/vaninahenry.com\/#website"},"primaryImageOfPage":{"@id":"https:\/\/vaninahenry.com\/produkt\/manchon-pour-rouleau\/#primaryimage"},"image":{"@id":"https:\/\/vaninahenry.com\/produkt\/manchon-pour-rouleau\/#primaryimage"},"thumbnailUrl":"","datePublished":"2021-06-22T11:54:30+00:00","dateModified":"2025-03-10T15:08:37+00:00","breadcrumb":{"@id":"https:\/\/vaninahenry.com\/produkt\/manchon-pour-rouleau\/#breadcrumb"},"inLanguage":"de","potentialAction":[{"@type":"ReadAction","target":["https:\/\/vaninahenry.com\/produkt\/manchon-pour-rouleau\/"]}]},{"@type":"ImageObject","inLanguage":"de","@id":"https:\/\/vaninahenry.com\/produkt\/manchon-pour-rouleau\/#primaryimage","url":"","contentUrl":""},{"@type":"BreadcrumbList","@id":"https:\/\/vaninahenry.com\/produkt\/manchon-pour-rouleau\/#breadcrumb","itemListElement":[{"@type":"ListItem","position":1,"name":"Accueil","item":"https:\/\/vaninahenry.com\/de\/"},{"@type":"ListItem","position":2,"name":"Shop","item":"https:\/\/vaninahenry.com\/boutique\/"},{"@type":"ListItem","position":3,"name":"Roller Sleeve"}]},{"@type":"WebSite","@id":"https:\/\/vaninahenry.com\/#website","url":"https:\/\/vaninahenry.com\/","name":"Vanina Henry","description":"","publisher":{"@id":"https:\/\/vaninahenry.com\/#organization"},"potentialAction":[{"@type":"SearchAction","target":{"@type":"EntryPoint","urlTemplate":"https:\/\/vaninahenry.com\/?s={search_term_string}"},"query-input":{"@type":"PropertyValueSpecification","valueRequired":true,"valueName":"search_term_string"}}],"inLanguage":"de"},{"@type":"Organization","@id":"https:\/\/vaninahenry.com\/#organization","name":"Vanina Henry","url":"https:\/\/vaninahenry.com\/","logo":{"@type":"ImageObject","inLanguage":"de","@id":"https:\/\/vaninahenry.com\/#\/schema\/logo\/image\/","url":"http:\/\/vaninahenry.com\/wp-content\/uploads\/2021\/10\/Logo-design-by-VaninaHenry.png","contentUrl":"http:\/\/vaninahenry.com\/wp-content\/uploads\/2021\/10\/Logo-design-by-VaninaHenry.png","width":711,"height":467,"caption":"Vanina Henry"},"image":{"@id":"https:\/\/vaninahenry.com\/#\/schema\/logo\/image\/"},"sameAs":["https:\/\/www.facebook.com\/designbyvaninahenry","https:\/\/www.instagram.com\/vaninahenry\/"]}]}},"_links":{"self":[{"href":"https:\/\/vaninahenry.com\/de\/wp-json\/wp\/v2\/product\/17999","targetHints":{"allow":["GET"]}}],"collection":[{"href":"https:\/\/vaninahenry.com\/de\/wp-json\/wp\/v2\/product"}],"about":[{"href":"https:\/\/vaninahenry.com\/de\/wp-json\/wp\/v2\/types\/product"}],"wp:featuredmedia":[{"embeddable":true,"href":"https:\/\/vaninahenry.com\/de\/wp-json\/wp\/v2\/media\/41314"}],"wp:attachment":[{"href":"https:\/\/vaninahenry.com\/de\/wp-json\/wp\/v2\/media?parent=17999"}],"wp:term":[{"taxonomy":"product_brand","embeddable":true,"href":"https:\/\/vaninahenry.com\/de\/wp-json\/wp\/v2\/product_brand?post=17999"},{"taxonomy":"product_cat","embeddable":true,"href":"https:\/\/vaninahenry.com\/de\/wp-json\/wp\/v2\/product_cat?post=17999"},{"taxonomy":"product_tag","embeddable":true,"href":"https:\/\/vaninahenry.com\/de\/wp-json\/wp\/v2\/product_tag?post=17999"}],"curies":[{"name":"wp","href":"https:\/\/api.w.org\/{rel}","templated":true}]}}