{"id":14863,"date":"2021-06-25T21:02:45","date_gmt":"2021-06-25T19:02:45","guid":{"rendered":"https:\/\/hloccfq.cluster031.hosting.ovh.net\/produit\/calluna-no-270\/"},"modified":"2021-12-06T10:55:21","modified_gmt":"2021-12-06T09:55:21","slug":"calluna-no-270","status":"publish","type":"product","link":"https:\/\/vaninahenry.com\/de\/produkt\/calluna-no-270\/","title":{"rendered":"Calluna  No. 270"},"content":{"rendered":"<p><strong>Ein sanfter, dezent grauer Fliederton<\/strong><\/p>\n<p>Calluna hei\u00dft wie das wundersch\u00f6ne Heidekraut, das in den Mooren Schottlands so verbreitet ist. Sein Schwarzanteil sorgt daf\u00fcr, dass es eher lila als rosa \u2013 und manchmal sogar grau \u2013 wirkt. Calluna ist ruhig und verf\u00fcgt \u00fcber eine zur\u00fcckhaltende Eleganz. Kombinieren Sie es einmal mit dem hellen Great White oder tiefdunklen Pelt und sehen Sie sich seine Wirkung an.<\/p>\n<p>Grundierungen &amp; Basisanstriche: White &amp; Light Tones<\/p>\n","protected":false},"excerpt":{"rendered":"<p><span style=\"color: #000000;\"><a class=\"btn\" style=\"color: #000000;\" href=\"https:\/\/vaninahenry.com\/de\/produkt\/calluna-no-270-copie\/\">Musterdose Kaufen<\/a><\/span><\/p>\n","protected":false},"featured_media":4993,"template":"","meta":{"_acf_changed":false,"inline_featured_image":false},"product_brand":[],"product_cat":[312],"product_tag":[],"class_list":{"0":"post-14863","1":"product","2":"type-product","3":"status-publish","4":"has-post-thumbnail","6":"product_cat-farben","7":"product_shipping_class-fnb-de","9":"first","10":"instock","11":"taxable","12":"shipping-taxable","13":"purchasable","14":"product-type-variable"},"acf":[],"yoast_head":"<!-- This site is optimized with the Yoast SEO plugin v26.7 - https:\/\/yoast.com\/wordpress\/plugins\/seo\/ -->\n<title>Calluna No. 270 - Vanina Henry<\/title>\n<meta name=\"robots\" content=\"index, follow, max-snippet:-1, max-image-preview:large, max-video-preview:-1\" \/>\n<link rel=\"canonical\" href=\"https:\/\/vaninahenry.com\/produkt\/calluna-no-270\/\" \/>\n<meta property=\"og:locale\" content=\"de_DE\" \/>\n<meta property=\"og:type\" content=\"article\" \/>\n<meta property=\"og:title\" content=\"Calluna No. 270 - Vanina Henry\" \/>\n<meta property=\"og:description\" content=\"Musterdose Kaufen\" \/>\n<meta property=\"og:url\" content=\"https:\/\/vaninahenry.com\/produkt\/calluna-no-270\/\" \/>\n<meta property=\"og:site_name\" content=\"Vanina Henry\" \/>\n<meta property=\"article:publisher\" content=\"https:\/\/www.facebook.com\/designbyvaninahenry\" \/>\n<meta property=\"article:modified_time\" content=\"2021-12-06T09:55:21+00:00\" \/>\n<meta property=\"og:image\" content=\"https:\/\/vaninahenry.com\/wp-content\/uploads\/2021\/06\/Calluna-No.270.c.jpg\" \/>\n\t<meta property=\"og:image:width\" content=\"1400\" \/>\n\t<meta property=\"og:image:height\" content=\"987\" \/>\n\t<meta property=\"og:image:type\" content=\"image\/jpeg\" \/>\n<meta name=\"twitter:card\" content=\"summary_large_image\" \/>\n<script type=\"application\/ld+json\" class=\"yoast-schema-graph\">{\"@context\":\"https:\/\/schema.org\",\"@graph\":[{\"@type\":\"WebPage\",\"@id\":\"https:\/\/vaninahenry.com\/produkt\/calluna-no-270\/\",\"url\":\"https:\/\/vaninahenry.com\/produkt\/calluna-no-270\/\",\"name\":\"Calluna No. 270 - Vanina Henry\",\"isPartOf\":{\"@id\":\"https:\/\/vaninahenry.com\/#website\"},\"primaryImageOfPage\":{\"@id\":\"https:\/\/vaninahenry.com\/produkt\/calluna-no-270\/#primaryimage\"},\"image\":{\"@id\":\"https:\/\/vaninahenry.com\/produkt\/calluna-no-270\/#primaryimage\"},\"thumbnailUrl\":\"https:\/\/vaninahenry.com\/wp-content\/uploads\/2021\/06\/Calluna-No.270.c.jpg\",\"datePublished\":\"2021-06-25T19:02:45+00:00\",\"dateModified\":\"2021-12-06T09:55:21+00:00\",\"breadcrumb\":{\"@id\":\"https:\/\/vaninahenry.com\/produkt\/calluna-no-270\/#breadcrumb\"},\"inLanguage\":\"de\",\"potentialAction\":[{\"@type\":\"ReadAction\",\"target\":[\"https:\/\/vaninahenry.com\/produkt\/calluna-no-270\/\"]}]},{\"@type\":\"ImageObject\",\"inLanguage\":\"de\",\"@id\":\"https:\/\/vaninahenry.com\/produkt\/calluna-no-270\/#primaryimage\",\"url\":\"https:\/\/vaninahenry.com\/wp-content\/uploads\/2021\/06\/Calluna-No.270.c.jpg\",\"contentUrl\":\"https:\/\/vaninahenry.com\/wp-content\/uploads\/2021\/06\/Calluna-No.270.c.jpg\",\"width\":1400,\"height\":987},{\"@type\":\"BreadcrumbList\",\"@id\":\"https:\/\/vaninahenry.com\/produkt\/calluna-no-270\/#breadcrumb\",\"itemListElement\":[{\"@type\":\"ListItem\",\"position\":1,\"name\":\"Accueil\",\"item\":\"https:\/\/vaninahenry.com\/de\/\"},{\"@type\":\"ListItem\",\"position\":2,\"name\":\"Shop\",\"item\":\"https:\/\/vaninahenry.com\/boutique\/\"},{\"@type\":\"ListItem\",\"position\":3,\"name\":\"Calluna No. 270\"}]},{\"@type\":\"WebSite\",\"@id\":\"https:\/\/vaninahenry.com\/#website\",\"url\":\"https:\/\/vaninahenry.com\/\",\"name\":\"Vanina Henry\",\"description\":\"\",\"publisher\":{\"@id\":\"https:\/\/vaninahenry.com\/#organization\"},\"potentialAction\":[{\"@type\":\"SearchAction\",\"target\":{\"@type\":\"EntryPoint\",\"urlTemplate\":\"https:\/\/vaninahenry.com\/?s={search_term_string}\"},\"query-input\":{\"@type\":\"PropertyValueSpecification\",\"valueRequired\":true,\"valueName\":\"search_term_string\"}}],\"inLanguage\":\"de\"},{\"@type\":\"Organization\",\"@id\":\"https:\/\/vaninahenry.com\/#organization\",\"name\":\"Vanina Henry\",\"url\":\"https:\/\/vaninahenry.com\/\",\"logo\":{\"@type\":\"ImageObject\",\"inLanguage\":\"de\",\"@id\":\"https:\/\/vaninahenry.com\/#\/schema\/logo\/image\/\",\"url\":\"http:\/\/vaninahenry.com\/wp-content\/uploads\/2021\/10\/Logo-design-by-VaninaHenry.png\",\"contentUrl\":\"http:\/\/vaninahenry.com\/wp-content\/uploads\/2021\/10\/Logo-design-by-VaninaHenry.png\",\"width\":711,\"height\":467,\"caption\":\"Vanina Henry\"},\"image\":{\"@id\":\"https:\/\/vaninahenry.com\/#\/schema\/logo\/image\/\"},\"sameAs\":[\"https:\/\/www.facebook.com\/designbyvaninahenry\",\"https:\/\/www.instagram.com\/vaninahenry\/\"]}]}<\/script>\n<!-- \/ Yoast SEO plugin. -->","yoast_head_json":{"title":"Calluna No. 270 - Vanina Henry","robots":{"index":"index","follow":"follow","max-snippet":"max-snippet:-1","max-image-preview":"max-image-preview:large","max-video-preview":"max-video-preview:-1"},"canonical":"https:\/\/vaninahenry.com\/produkt\/calluna-no-270\/","og_locale":"de_DE","og_type":"article","og_title":"Calluna No. 270 - Vanina Henry","og_description":"Musterdose Kaufen","og_url":"https:\/\/vaninahenry.com\/produkt\/calluna-no-270\/","og_site_name":"Vanina Henry","article_publisher":"https:\/\/www.facebook.com\/designbyvaninahenry","article_modified_time":"2021-12-06T09:55:21+00:00","og_image":[{"width":1400,"height":987,"url":"https:\/\/vaninahenry.com\/wp-content\/uploads\/2021\/06\/Calluna-No.270.c.jpg","type":"image\/jpeg"}],"twitter_card":"summary_large_image","schema":{"@context":"https:\/\/schema.org","@graph":[{"@type":"WebPage","@id":"https:\/\/vaninahenry.com\/produkt\/calluna-no-270\/","url":"https:\/\/vaninahenry.com\/produkt\/calluna-no-270\/","name":"Calluna No. 270 - Vanina Henry","isPartOf":{"@id":"https:\/\/vaninahenry.com\/#website"},"primaryImageOfPage":{"@id":"https:\/\/vaninahenry.com\/produkt\/calluna-no-270\/#primaryimage"},"image":{"@id":"https:\/\/vaninahenry.com\/produkt\/calluna-no-270\/#primaryimage"},"thumbnailUrl":"https:\/\/vaninahenry.com\/wp-content\/uploads\/2021\/06\/Calluna-No.270.c.jpg","datePublished":"2021-06-25T19:02:45+00:00","dateModified":"2021-12-06T09:55:21+00:00","breadcrumb":{"@id":"https:\/\/vaninahenry.com\/produkt\/calluna-no-270\/#breadcrumb"},"inLanguage":"de","potentialAction":[{"@type":"ReadAction","target":["https:\/\/vaninahenry.com\/produkt\/calluna-no-270\/"]}]},{"@type":"ImageObject","inLanguage":"de","@id":"https:\/\/vaninahenry.com\/produkt\/calluna-no-270\/#primaryimage","url":"https:\/\/vaninahenry.com\/wp-content\/uploads\/2021\/06\/Calluna-No.270.c.jpg","contentUrl":"https:\/\/vaninahenry.com\/wp-content\/uploads\/2021\/06\/Calluna-No.270.c.jpg","width":1400,"height":987},{"@type":"BreadcrumbList","@id":"https:\/\/vaninahenry.com\/produkt\/calluna-no-270\/#breadcrumb","itemListElement":[{"@type":"ListItem","position":1,"name":"Accueil","item":"https:\/\/vaninahenry.com\/de\/"},{"@type":"ListItem","position":2,"name":"Shop","item":"https:\/\/vaninahenry.com\/boutique\/"},{"@type":"ListItem","position":3,"name":"Calluna No. 270"}]},{"@type":"WebSite","@id":"https:\/\/vaninahenry.com\/#website","url":"https:\/\/vaninahenry.com\/","name":"Vanina Henry","description":"","publisher":{"@id":"https:\/\/vaninahenry.com\/#organization"},"potentialAction":[{"@type":"SearchAction","target":{"@type":"EntryPoint","urlTemplate":"https:\/\/vaninahenry.com\/?s={search_term_string}"},"query-input":{"@type":"PropertyValueSpecification","valueRequired":true,"valueName":"search_term_string"}}],"inLanguage":"de"},{"@type":"Organization","@id":"https:\/\/vaninahenry.com\/#organization","name":"Vanina Henry","url":"https:\/\/vaninahenry.com\/","logo":{"@type":"ImageObject","inLanguage":"de","@id":"https:\/\/vaninahenry.com\/#\/schema\/logo\/image\/","url":"http:\/\/vaninahenry.com\/wp-content\/uploads\/2021\/10\/Logo-design-by-VaninaHenry.png","contentUrl":"http:\/\/vaninahenry.com\/wp-content\/uploads\/2021\/10\/Logo-design-by-VaninaHenry.png","width":711,"height":467,"caption":"Vanina Henry"},"image":{"@id":"https:\/\/vaninahenry.com\/#\/schema\/logo\/image\/"},"sameAs":["https:\/\/www.facebook.com\/designbyvaninahenry","https:\/\/www.instagram.com\/vaninahenry\/"]}]}},"_links":{"self":[{"href":"https:\/\/vaninahenry.com\/de\/wp-json\/wp\/v2\/product\/14863","targetHints":{"allow":["GET"]}}],"collection":[{"href":"https:\/\/vaninahenry.com\/de\/wp-json\/wp\/v2\/product"}],"about":[{"href":"https:\/\/vaninahenry.com\/de\/wp-json\/wp\/v2\/types\/product"}],"wp:featuredmedia":[{"embeddable":true,"href":"https:\/\/vaninahenry.com\/de\/wp-json\/wp\/v2\/media\/4993"}],"wp:attachment":[{"href":"https:\/\/vaninahenry.com\/de\/wp-json\/wp\/v2\/media?parent=14863"}],"wp:term":[{"taxonomy":"product_brand","embeddable":true,"href":"https:\/\/vaninahenry.com\/de\/wp-json\/wp\/v2\/product_brand?post=14863"},{"taxonomy":"product_cat","embeddable":true,"href":"https:\/\/vaninahenry.com\/de\/wp-json\/wp\/v2\/product_cat?post=14863"},{"taxonomy":"product_tag","embeddable":true,"href":"https:\/\/vaninahenry.com\/de\/wp-json\/wp\/v2\/product_tag?post=14863"}],"curies":[{"name":"wp","href":"https:\/\/api.w.org\/{rel}","templated":true}]}}