{"id":143984,"date":"2026-04-24T14:10:35","date_gmt":"2026-04-24T12:10:35","guid":{"rendered":"https:\/\/vaninahenry.com\/produit\/tenere\/"},"modified":"2026-04-24T14:10:35","modified_gmt":"2026-04-24T12:10:35","slug":"tenere","status":"publish","type":"product","link":"https:\/\/vaninahenry.com\/de\/produkt\/tenere\/","title":{"rendered":"Tenere"},"content":{"rendered":"","protected":false},"excerpt":{"rendered":"<p><img decoding=\"async\" class=\"alignnone wp-image-143360 size-large\" src=\"https:\/\/vaninahenry.com\/wp-content\/uploads\/2026\/04\/Sans-titre-1-1024x844.jpg\" alt=\"\" width=\"1024\" height=\"844\" srcset=\"https:\/\/vaninahenry.com\/wp-content\/uploads\/2026\/04\/Sans-titre-1-1024x844.jpg 1024w, https:\/\/vaninahenry.com\/wp-content\/uploads\/2026\/04\/Sans-titre-1-300x247.jpg 300w, https:\/\/vaninahenry.com\/wp-content\/uploads\/2026\/04\/Sans-titre-1-768x633.jpg 768w, https:\/\/vaninahenry.com\/wp-content\/uploads\/2026\/04\/Sans-titre-1-1536x1266.jpg 1536w, https:\/\/vaninahenry.com\/wp-content\/uploads\/2026\/04\/Sans-titre-1-2048x1688.jpg 2048w, https:\/\/vaninahenry.com\/wp-content\/uploads\/2026\/04\/Sans-titre-1-450x371.jpg 450w, https:\/\/vaninahenry.com\/wp-content\/uploads\/2026\/04\/Sans-titre-1-1699x1400.jpg 1699w, https:\/\/vaninahenry.com\/wp-content\/uploads\/2026\/04\/Sans-titre-1-600x495.jpg 600w\" sizes=\"(max-width: 1024px) 100vw, 1024px\" \/><\/p>\n<p>Ce tapis, compos\u00e9 de <em>70 % de lain<\/em>e et <em>30 % de lin<\/em>, poss\u00e8de un tissage si d\u00e9licat qu&#8217;il nous rappelle la l\u00e9g\u00e8ret\u00e9 et la douceur des dunes du d\u00e9sert. Un travail de broderie \u00e0 l\u2019image d\u2019un crayonn\u00e9 \u00e9pouse ses contours dans un ton plus soutenu.<\/p>\n<p>Gr\u00e2ce \u00e0 ses <em>7 coloris<\/em>, il est une invitation \u00e0 voyager.<\/p>\n<p><span style=\"color: #9a7541;\"><a style=\"color: #9a7541;\" href=\"https:\/\/vaninahenry.com\/de\/marke\/elitis\/\">En savoir plus sur \u00c9LITIS<\/a><\/span><\/p>\n","protected":false},"featured_media":143985,"template":"","meta":{"_acf_changed":false,"inline_featured_image":false},"product_brand":[],"product_cat":[398],"product_tag":[],"class_list":{"0":"post-143984","1":"product","2":"type-product","3":"status-publish","4":"has-post-thumbnail","6":"product_cat-teppich","7":"product_shipping_class-elitis-de","9":"first","10":"instock","11":"taxable","12":"shipping-taxable","13":"purchasable","14":"product-type-variable"},"acf":[],"yoast_head":"<!-- This site is optimized with the Yoast SEO plugin v26.7 - https:\/\/yoast.com\/wordpress\/plugins\/seo\/ -->\n<title>Tenere - Vanina Henry<\/title>\n<meta name=\"robots\" content=\"index, follow, max-snippet:-1, max-image-preview:large, max-video-preview:-1\" \/>\n<link rel=\"canonical\" href=\"https:\/\/vaninahenry.com\/de\/produkt\/tenere\/\" \/>\n<meta property=\"og:locale\" content=\"de_DE\" \/>\n<meta property=\"og:type\" content=\"article\" \/>\n<meta property=\"og:title\" content=\"Tenere - Vanina Henry\" \/>\n<meta property=\"og:description\" content=\"Ce tapis, compos\u00e9 de 70 % de laine et 30 % de lin, poss\u00e8de un tissage si d\u00e9licat qu&#039;il nous rappelle la l\u00e9g\u00e8ret\u00e9 et la douceur des dunes du d\u00e9sert. Un travail de broderie \u00e0 l\u2019image d\u2019un crayonn\u00e9 \u00e9pouse ses contours dans un ton plus soutenu.  Gr\u00e2ce \u00e0 ses 7 coloris, il est une invitation \u00e0 voyager.  En savoir plus sur \u00c9LITIS\" \/>\n<meta property=\"og:url\" content=\"https:\/\/vaninahenry.com\/de\/produkt\/tenere\/\" \/>\n<meta property=\"og:site_name\" content=\"Vanina Henry\" \/>\n<meta property=\"article:publisher\" content=\"https:\/\/www.facebook.com\/designbyvaninahenry\" \/>\n<meta name=\"twitter:card\" content=\"summary_large_image\" \/>\n<script type=\"application\/ld+json\" class=\"yoast-schema-graph\">{\"@context\":\"https:\/\/schema.org\",\"@graph\":[{\"@type\":\"WebPage\",\"@id\":\"https:\/\/vaninahenry.com\/de\/produkt\/tenere\/\",\"url\":\"https:\/\/vaninahenry.com\/de\/produkt\/tenere\/\",\"name\":\"Tenere - Vanina Henry\",\"isPartOf\":{\"@id\":\"https:\/\/vaninahenry.com\/#website\"},\"primaryImageOfPage\":{\"@id\":\"https:\/\/vaninahenry.com\/de\/produkt\/tenere\/#primaryimage\"},\"image\":{\"@id\":\"https:\/\/vaninahenry.com\/de\/produkt\/tenere\/#primaryimage\"},\"thumbnailUrl\":\"https:\/\/vaninahenry.com\/wp-content\/uploads\/2026\/04\/accessoire-tenere-ta-126-87-06-12820d35972e0b3a7fe1de5aa618.jpg\",\"datePublished\":\"2026-04-24T12:10:35+00:00\",\"breadcrumb\":{\"@id\":\"https:\/\/vaninahenry.com\/de\/produkt\/tenere\/#breadcrumb\"},\"inLanguage\":\"de\",\"potentialAction\":[{\"@type\":\"ReadAction\",\"target\":[\"https:\/\/vaninahenry.com\/de\/produkt\/tenere\/\"]}]},{\"@type\":\"ImageObject\",\"inLanguage\":\"de\",\"@id\":\"https:\/\/vaninahenry.com\/de\/produkt\/tenere\/#primaryimage\",\"url\":\"https:\/\/vaninahenry.com\/wp-content\/uploads\/2026\/04\/accessoire-tenere-ta-126-87-06-12820d35972e0b3a7fe1de5aa618.jpg\",\"contentUrl\":\"https:\/\/vaninahenry.com\/wp-content\/uploads\/2026\/04\/accessoire-tenere-ta-126-87-06-12820d35972e0b3a7fe1de5aa618.jpg\",\"width\":2400,\"height\":2400},{\"@type\":\"BreadcrumbList\",\"@id\":\"https:\/\/vaninahenry.com\/de\/produkt\/tenere\/#breadcrumb\",\"itemListElement\":[{\"@type\":\"ListItem\",\"position\":1,\"name\":\"Accueil\",\"item\":\"https:\/\/vaninahenry.com\/de\/\"},{\"@type\":\"ListItem\",\"position\":2,\"name\":\"Shop\",\"item\":\"https:\/\/vaninahenry.com\/boutique\/\"},{\"@type\":\"ListItem\",\"position\":3,\"name\":\"Tenere\"}]},{\"@type\":\"WebSite\",\"@id\":\"https:\/\/vaninahenry.com\/#website\",\"url\":\"https:\/\/vaninahenry.com\/\",\"name\":\"Vanina Henry\",\"description\":\"\",\"publisher\":{\"@id\":\"https:\/\/vaninahenry.com\/#organization\"},\"potentialAction\":[{\"@type\":\"SearchAction\",\"target\":{\"@type\":\"EntryPoint\",\"urlTemplate\":\"https:\/\/vaninahenry.com\/?s={search_term_string}\"},\"query-input\":{\"@type\":\"PropertyValueSpecification\",\"valueRequired\":true,\"valueName\":\"search_term_string\"}}],\"inLanguage\":\"de\"},{\"@type\":\"Organization\",\"@id\":\"https:\/\/vaninahenry.com\/#organization\",\"name\":\"Vanina Henry\",\"url\":\"https:\/\/vaninahenry.com\/\",\"logo\":{\"@type\":\"ImageObject\",\"inLanguage\":\"de\",\"@id\":\"https:\/\/vaninahenry.com\/#\/schema\/logo\/image\/\",\"url\":\"http:\/\/vaninahenry.com\/wp-content\/uploads\/2021\/10\/Logo-design-by-VaninaHenry.png\",\"contentUrl\":\"http:\/\/vaninahenry.com\/wp-content\/uploads\/2021\/10\/Logo-design-by-VaninaHenry.png\",\"width\":711,\"height\":467,\"caption\":\"Vanina Henry\"},\"image\":{\"@id\":\"https:\/\/vaninahenry.com\/#\/schema\/logo\/image\/\"},\"sameAs\":[\"https:\/\/www.facebook.com\/designbyvaninahenry\",\"https:\/\/www.instagram.com\/vaninahenry\/\"]}]}<\/script>\n<!-- \/ Yoast SEO plugin. -->","yoast_head_json":{"title":"Tenere - Vanina Henry","robots":{"index":"index","follow":"follow","max-snippet":"max-snippet:-1","max-image-preview":"max-image-preview:large","max-video-preview":"max-video-preview:-1"},"canonical":"https:\/\/vaninahenry.com\/de\/produkt\/tenere\/","og_locale":"de_DE","og_type":"article","og_title":"Tenere - Vanina Henry","og_description":"Ce tapis, compos\u00e9 de 70 % de laine et 30 % de lin, poss\u00e8de un tissage si d\u00e9licat qu'il nous rappelle la l\u00e9g\u00e8ret\u00e9 et la douceur des dunes du d\u00e9sert. Un travail de broderie \u00e0 l\u2019image d\u2019un crayonn\u00e9 \u00e9pouse ses contours dans un ton plus soutenu.  Gr\u00e2ce \u00e0 ses 7 coloris, il est une invitation \u00e0 voyager.  En savoir plus sur \u00c9LITIS","og_url":"https:\/\/vaninahenry.com\/de\/produkt\/tenere\/","og_site_name":"Vanina Henry","article_publisher":"https:\/\/www.facebook.com\/designbyvaninahenry","twitter_card":"summary_large_image","schema":{"@context":"https:\/\/schema.org","@graph":[{"@type":"WebPage","@id":"https:\/\/vaninahenry.com\/de\/produkt\/tenere\/","url":"https:\/\/vaninahenry.com\/de\/produkt\/tenere\/","name":"Tenere - Vanina Henry","isPartOf":{"@id":"https:\/\/vaninahenry.com\/#website"},"primaryImageOfPage":{"@id":"https:\/\/vaninahenry.com\/de\/produkt\/tenere\/#primaryimage"},"image":{"@id":"https:\/\/vaninahenry.com\/de\/produkt\/tenere\/#primaryimage"},"thumbnailUrl":"https:\/\/vaninahenry.com\/wp-content\/uploads\/2026\/04\/accessoire-tenere-ta-126-87-06-12820d35972e0b3a7fe1de5aa618.jpg","datePublished":"2026-04-24T12:10:35+00:00","breadcrumb":{"@id":"https:\/\/vaninahenry.com\/de\/produkt\/tenere\/#breadcrumb"},"inLanguage":"de","potentialAction":[{"@type":"ReadAction","target":["https:\/\/vaninahenry.com\/de\/produkt\/tenere\/"]}]},{"@type":"ImageObject","inLanguage":"de","@id":"https:\/\/vaninahenry.com\/de\/produkt\/tenere\/#primaryimage","url":"https:\/\/vaninahenry.com\/wp-content\/uploads\/2026\/04\/accessoire-tenere-ta-126-87-06-12820d35972e0b3a7fe1de5aa618.jpg","contentUrl":"https:\/\/vaninahenry.com\/wp-content\/uploads\/2026\/04\/accessoire-tenere-ta-126-87-06-12820d35972e0b3a7fe1de5aa618.jpg","width":2400,"height":2400},{"@type":"BreadcrumbList","@id":"https:\/\/vaninahenry.com\/de\/produkt\/tenere\/#breadcrumb","itemListElement":[{"@type":"ListItem","position":1,"name":"Accueil","item":"https:\/\/vaninahenry.com\/de\/"},{"@type":"ListItem","position":2,"name":"Shop","item":"https:\/\/vaninahenry.com\/boutique\/"},{"@type":"ListItem","position":3,"name":"Tenere"}]},{"@type":"WebSite","@id":"https:\/\/vaninahenry.com\/#website","url":"https:\/\/vaninahenry.com\/","name":"Vanina Henry","description":"","publisher":{"@id":"https:\/\/vaninahenry.com\/#organization"},"potentialAction":[{"@type":"SearchAction","target":{"@type":"EntryPoint","urlTemplate":"https:\/\/vaninahenry.com\/?s={search_term_string}"},"query-input":{"@type":"PropertyValueSpecification","valueRequired":true,"valueName":"search_term_string"}}],"inLanguage":"de"},{"@type":"Organization","@id":"https:\/\/vaninahenry.com\/#organization","name":"Vanina Henry","url":"https:\/\/vaninahenry.com\/","logo":{"@type":"ImageObject","inLanguage":"de","@id":"https:\/\/vaninahenry.com\/#\/schema\/logo\/image\/","url":"http:\/\/vaninahenry.com\/wp-content\/uploads\/2021\/10\/Logo-design-by-VaninaHenry.png","contentUrl":"http:\/\/vaninahenry.com\/wp-content\/uploads\/2021\/10\/Logo-design-by-VaninaHenry.png","width":711,"height":467,"caption":"Vanina Henry"},"image":{"@id":"https:\/\/vaninahenry.com\/#\/schema\/logo\/image\/"},"sameAs":["https:\/\/www.facebook.com\/designbyvaninahenry","https:\/\/www.instagram.com\/vaninahenry\/"]}]}},"_links":{"self":[{"href":"https:\/\/vaninahenry.com\/de\/wp-json\/wp\/v2\/product\/143984","targetHints":{"allow":["GET"]}}],"collection":[{"href":"https:\/\/vaninahenry.com\/de\/wp-json\/wp\/v2\/product"}],"about":[{"href":"https:\/\/vaninahenry.com\/de\/wp-json\/wp\/v2\/types\/product"}],"wp:featuredmedia":[{"embeddable":true,"href":"https:\/\/vaninahenry.com\/de\/wp-json\/wp\/v2\/media\/143985"}],"wp:attachment":[{"href":"https:\/\/vaninahenry.com\/de\/wp-json\/wp\/v2\/media?parent=143984"}],"wp:term":[{"taxonomy":"product_brand","embeddable":true,"href":"https:\/\/vaninahenry.com\/de\/wp-json\/wp\/v2\/product_brand?post=143984"},{"taxonomy":"product_cat","embeddable":true,"href":"https:\/\/vaninahenry.com\/de\/wp-json\/wp\/v2\/product_cat?post=143984"},{"taxonomy":"product_tag","embeddable":true,"href":"https:\/\/vaninahenry.com\/de\/wp-json\/wp\/v2\/product_tag?post=143984"}],"curies":[{"name":"wp","href":"https:\/\/api.w.org\/{rel}","templated":true}]}}