{"id":143582,"date":"2026-03-27T14:37:36","date_gmt":"2026-03-27T13:37:36","guid":{"rendered":"https:\/\/vaninahenry.com\/produit\/diego-et-frida\/"},"modified":"2026-03-27T14:37:36","modified_gmt":"2026-03-27T13:37:36","slug":"diego-et-frida","status":"publish","type":"product","link":"https:\/\/vaninahenry.com\/de\/produkt\/diego-et-frida\/","title":{"rendered":"DIEGO ET FRIDA"},"content":{"rendered":"","protected":false},"excerpt":{"rendered":"<p>Couleur: Naturel<\/p>\n<p>Composition: 100% jute avec un dossier coton<\/p>\n<p>En tresses de jute, le tapis Diego et Frida est une de nos pi\u00e8ces embl\u00e9matiques. Tiss\u00e9 \u00e0 la main, il capture la splendeur de deux toucans majestueux. Son nom nous invite au voyage, \u00e9voquant l&#8217;union l\u00e9gendaire du couple iconique de l&#8217;art mexicain.<\/p>\n<p><span style=\"color: #9a7541;\"><a style=\"color: #9a7541;\" href=\"\/?product_brand=elitis\">En savoir plus sur \u00c9LITIS<\/a><\/span><\/p>\n","protected":false},"featured_media":143583,"template":"","meta":{"_acf_changed":false,"inline_featured_image":false},"product_brand":[],"product_cat":[398],"product_tag":[],"class_list":{"0":"post-143582","1":"product","2":"type-product","3":"status-publish","4":"has-post-thumbnail","6":"product_cat-teppich","8":"first","9":"instock","10":"taxable","11":"shipping-taxable","12":"purchasable","13":"product-type-variable"},"acf":[],"yoast_head":"<!-- This site is optimized with the Yoast SEO plugin v26.7 - https:\/\/yoast.com\/wordpress\/plugins\/seo\/ -->\n<title>DIEGO ET FRIDA - Vanina Henry<\/title>\n<meta name=\"robots\" content=\"index, follow, max-snippet:-1, max-image-preview:large, max-video-preview:-1\" \/>\n<link rel=\"canonical\" href=\"https:\/\/vaninahenry.com\/de\/produkt\/diego-et-frida\/\" \/>\n<meta property=\"og:locale\" content=\"de_DE\" \/>\n<meta property=\"og:type\" content=\"article\" \/>\n<meta property=\"og:title\" content=\"DIEGO ET FRIDA - Vanina Henry\" \/>\n<meta property=\"og:description\" content=\"Couleur: Naturel  Composition: 100% jute avec un dossier coton  En tresses de jute, le tapis Diego et Frida est une de nos pi\u00e8ces embl\u00e9matiques. Tiss\u00e9 \u00e0 la main, il capture la splendeur de deux toucans majestueux. Son nom nous invite au voyage, \u00e9voquant l&#039;union l\u00e9gendaire du couple iconique de l&#039;art mexicain.  En savoir plus sur \u00c9LITIS\" \/>\n<meta property=\"og:url\" content=\"https:\/\/vaninahenry.com\/de\/produkt\/diego-et-frida\/\" \/>\n<meta property=\"og:site_name\" content=\"Vanina Henry\" \/>\n<meta property=\"article:publisher\" content=\"https:\/\/www.facebook.com\/designbyvaninahenry\" \/>\n<meta name=\"twitter:card\" content=\"summary_large_image\" \/>\n<script type=\"application\/ld+json\" class=\"yoast-schema-graph\">{\"@context\":\"https:\/\/schema.org\",\"@graph\":[{\"@type\":\"WebPage\",\"@id\":\"https:\/\/vaninahenry.com\/de\/produkt\/diego-et-frida\/\",\"url\":\"https:\/\/vaninahenry.com\/de\/produkt\/diego-et-frida\/\",\"name\":\"DIEGO ET FRIDA - Vanina Henry\",\"isPartOf\":{\"@id\":\"https:\/\/vaninahenry.com\/#website\"},\"primaryImageOfPage\":{\"@id\":\"https:\/\/vaninahenry.com\/de\/produkt\/diego-et-frida\/#primaryimage\"},\"image\":{\"@id\":\"https:\/\/vaninahenry.com\/de\/produkt\/diego-et-frida\/#primaryimage\"},\"thumbnailUrl\":\"https:\/\/vaninahenry.com\/wp-content\/uploads\/2026\/03\/ELITIS_TA_128_DIEGO-FRIDA_JUTE_CO_248_AZTECA_H_GLB__126_V2.eps-1200px.jpg\",\"datePublished\":\"2026-03-27T13:37:36+00:00\",\"breadcrumb\":{\"@id\":\"https:\/\/vaninahenry.com\/de\/produkt\/diego-et-frida\/#breadcrumb\"},\"inLanguage\":\"de\",\"potentialAction\":[{\"@type\":\"ReadAction\",\"target\":[\"https:\/\/vaninahenry.com\/de\/produkt\/diego-et-frida\/\"]}]},{\"@type\":\"ImageObject\",\"inLanguage\":\"de\",\"@id\":\"https:\/\/vaninahenry.com\/de\/produkt\/diego-et-frida\/#primaryimage\",\"url\":\"https:\/\/vaninahenry.com\/wp-content\/uploads\/2026\/03\/ELITIS_TA_128_DIEGO-FRIDA_JUTE_CO_248_AZTECA_H_GLB__126_V2.eps-1200px.jpg\",\"contentUrl\":\"https:\/\/vaninahenry.com\/wp-content\/uploads\/2026\/03\/ELITIS_TA_128_DIEGO-FRIDA_JUTE_CO_248_AZTECA_H_GLB__126_V2.eps-1200px.jpg\",\"width\":1199,\"height\":824},{\"@type\":\"BreadcrumbList\",\"@id\":\"https:\/\/vaninahenry.com\/de\/produkt\/diego-et-frida\/#breadcrumb\",\"itemListElement\":[{\"@type\":\"ListItem\",\"position\":1,\"name\":\"Accueil\",\"item\":\"https:\/\/vaninahenry.com\/de\/\"},{\"@type\":\"ListItem\",\"position\":2,\"name\":\"Shop\",\"item\":\"https:\/\/vaninahenry.com\/boutique\/\"},{\"@type\":\"ListItem\",\"position\":3,\"name\":\"DIEGO ET FRIDA\"}]},{\"@type\":\"WebSite\",\"@id\":\"https:\/\/vaninahenry.com\/#website\",\"url\":\"https:\/\/vaninahenry.com\/\",\"name\":\"Vanina Henry\",\"description\":\"\",\"publisher\":{\"@id\":\"https:\/\/vaninahenry.com\/#organization\"},\"potentialAction\":[{\"@type\":\"SearchAction\",\"target\":{\"@type\":\"EntryPoint\",\"urlTemplate\":\"https:\/\/vaninahenry.com\/?s={search_term_string}\"},\"query-input\":{\"@type\":\"PropertyValueSpecification\",\"valueRequired\":true,\"valueName\":\"search_term_string\"}}],\"inLanguage\":\"de\"},{\"@type\":\"Organization\",\"@id\":\"https:\/\/vaninahenry.com\/#organization\",\"name\":\"Vanina Henry\",\"url\":\"https:\/\/vaninahenry.com\/\",\"logo\":{\"@type\":\"ImageObject\",\"inLanguage\":\"de\",\"@id\":\"https:\/\/vaninahenry.com\/#\/schema\/logo\/image\/\",\"url\":\"http:\/\/vaninahenry.com\/wp-content\/uploads\/2021\/10\/Logo-design-by-VaninaHenry.png\",\"contentUrl\":\"http:\/\/vaninahenry.com\/wp-content\/uploads\/2021\/10\/Logo-design-by-VaninaHenry.png\",\"width\":711,\"height\":467,\"caption\":\"Vanina Henry\"},\"image\":{\"@id\":\"https:\/\/vaninahenry.com\/#\/schema\/logo\/image\/\"},\"sameAs\":[\"https:\/\/www.facebook.com\/designbyvaninahenry\",\"https:\/\/www.instagram.com\/vaninahenry\/\"]}]}<\/script>\n<!-- \/ Yoast SEO plugin. -->","yoast_head_json":{"title":"DIEGO ET FRIDA - Vanina Henry","robots":{"index":"index","follow":"follow","max-snippet":"max-snippet:-1","max-image-preview":"max-image-preview:large","max-video-preview":"max-video-preview:-1"},"canonical":"https:\/\/vaninahenry.com\/de\/produkt\/diego-et-frida\/","og_locale":"de_DE","og_type":"article","og_title":"DIEGO ET FRIDA - Vanina Henry","og_description":"Couleur: Naturel  Composition: 100% jute avec un dossier coton  En tresses de jute, le tapis Diego et Frida est une de nos pi\u00e8ces embl\u00e9matiques. Tiss\u00e9 \u00e0 la main, il capture la splendeur de deux toucans majestueux. Son nom nous invite au voyage, \u00e9voquant l'union l\u00e9gendaire du couple iconique de l'art mexicain.  En savoir plus sur \u00c9LITIS","og_url":"https:\/\/vaninahenry.com\/de\/produkt\/diego-et-frida\/","og_site_name":"Vanina Henry","article_publisher":"https:\/\/www.facebook.com\/designbyvaninahenry","twitter_card":"summary_large_image","schema":{"@context":"https:\/\/schema.org","@graph":[{"@type":"WebPage","@id":"https:\/\/vaninahenry.com\/de\/produkt\/diego-et-frida\/","url":"https:\/\/vaninahenry.com\/de\/produkt\/diego-et-frida\/","name":"DIEGO ET FRIDA - Vanina Henry","isPartOf":{"@id":"https:\/\/vaninahenry.com\/#website"},"primaryImageOfPage":{"@id":"https:\/\/vaninahenry.com\/de\/produkt\/diego-et-frida\/#primaryimage"},"image":{"@id":"https:\/\/vaninahenry.com\/de\/produkt\/diego-et-frida\/#primaryimage"},"thumbnailUrl":"https:\/\/vaninahenry.com\/wp-content\/uploads\/2026\/03\/ELITIS_TA_128_DIEGO-FRIDA_JUTE_CO_248_AZTECA_H_GLB__126_V2.eps-1200px.jpg","datePublished":"2026-03-27T13:37:36+00:00","breadcrumb":{"@id":"https:\/\/vaninahenry.com\/de\/produkt\/diego-et-frida\/#breadcrumb"},"inLanguage":"de","potentialAction":[{"@type":"ReadAction","target":["https:\/\/vaninahenry.com\/de\/produkt\/diego-et-frida\/"]}]},{"@type":"ImageObject","inLanguage":"de","@id":"https:\/\/vaninahenry.com\/de\/produkt\/diego-et-frida\/#primaryimage","url":"https:\/\/vaninahenry.com\/wp-content\/uploads\/2026\/03\/ELITIS_TA_128_DIEGO-FRIDA_JUTE_CO_248_AZTECA_H_GLB__126_V2.eps-1200px.jpg","contentUrl":"https:\/\/vaninahenry.com\/wp-content\/uploads\/2026\/03\/ELITIS_TA_128_DIEGO-FRIDA_JUTE_CO_248_AZTECA_H_GLB__126_V2.eps-1200px.jpg","width":1199,"height":824},{"@type":"BreadcrumbList","@id":"https:\/\/vaninahenry.com\/de\/produkt\/diego-et-frida\/#breadcrumb","itemListElement":[{"@type":"ListItem","position":1,"name":"Accueil","item":"https:\/\/vaninahenry.com\/de\/"},{"@type":"ListItem","position":2,"name":"Shop","item":"https:\/\/vaninahenry.com\/boutique\/"},{"@type":"ListItem","position":3,"name":"DIEGO ET FRIDA"}]},{"@type":"WebSite","@id":"https:\/\/vaninahenry.com\/#website","url":"https:\/\/vaninahenry.com\/","name":"Vanina Henry","description":"","publisher":{"@id":"https:\/\/vaninahenry.com\/#organization"},"potentialAction":[{"@type":"SearchAction","target":{"@type":"EntryPoint","urlTemplate":"https:\/\/vaninahenry.com\/?s={search_term_string}"},"query-input":{"@type":"PropertyValueSpecification","valueRequired":true,"valueName":"search_term_string"}}],"inLanguage":"de"},{"@type":"Organization","@id":"https:\/\/vaninahenry.com\/#organization","name":"Vanina Henry","url":"https:\/\/vaninahenry.com\/","logo":{"@type":"ImageObject","inLanguage":"de","@id":"https:\/\/vaninahenry.com\/#\/schema\/logo\/image\/","url":"http:\/\/vaninahenry.com\/wp-content\/uploads\/2021\/10\/Logo-design-by-VaninaHenry.png","contentUrl":"http:\/\/vaninahenry.com\/wp-content\/uploads\/2021\/10\/Logo-design-by-VaninaHenry.png","width":711,"height":467,"caption":"Vanina Henry"},"image":{"@id":"https:\/\/vaninahenry.com\/#\/schema\/logo\/image\/"},"sameAs":["https:\/\/www.facebook.com\/designbyvaninahenry","https:\/\/www.instagram.com\/vaninahenry\/"]}]}},"_links":{"self":[{"href":"https:\/\/vaninahenry.com\/de\/wp-json\/wp\/v2\/product\/143582","targetHints":{"allow":["GET"]}}],"collection":[{"href":"https:\/\/vaninahenry.com\/de\/wp-json\/wp\/v2\/product"}],"about":[{"href":"https:\/\/vaninahenry.com\/de\/wp-json\/wp\/v2\/types\/product"}],"wp:featuredmedia":[{"embeddable":true,"href":"https:\/\/vaninahenry.com\/de\/wp-json\/wp\/v2\/media\/143583"}],"wp:attachment":[{"href":"https:\/\/vaninahenry.com\/de\/wp-json\/wp\/v2\/media?parent=143582"}],"wp:term":[{"taxonomy":"product_brand","embeddable":true,"href":"https:\/\/vaninahenry.com\/de\/wp-json\/wp\/v2\/product_brand?post=143582"},{"taxonomy":"product_cat","embeddable":true,"href":"https:\/\/vaninahenry.com\/de\/wp-json\/wp\/v2\/product_cat?post=143582"},{"taxonomy":"product_tag","embeddable":true,"href":"https:\/\/vaninahenry.com\/de\/wp-json\/wp\/v2\/product_tag?post=143582"}],"curies":[{"name":"wp","href":"https:\/\/api.w.org\/{rel}","templated":true}]}}