{"id":143570,"date":"2026-03-20T16:52:44","date_gmt":"2026-03-20T15:52:44","guid":{"rendered":"https:\/\/vaninahenry.com\/produit\/alaska-edelweiss\/"},"modified":"2026-03-20T16:52:44","modified_gmt":"2026-03-20T15:52:44","slug":"alaska-edelweiss","status":"publish","type":"product","link":"https:\/\/vaninahenry.com\/de\/produkt\/alaska-edelweiss\/","title":{"rendered":"Alaska-Edelweiss"},"content":{"rendered":"","protected":false},"excerpt":{"rendered":"<p>Couleur: Edelweiss<\/p>\n<p>Composition: 100% laine avec un dossier coton<\/p>\n<p>En laine de Nouvelle-Z\u00e9lande ce tapis est une merveille de douceur. M\u00e9lange de deux techniques ancestrales, laine tuft\u00e9e et tissage plat, Alaska, est une combinaison g\u00e9om\u00e9trique parfaite tout en rondeur et minimalisme.<\/p>\n<p><span style=\"color: #9a7541;\"><a style=\"color: #9a7541;\" href=\"\/?product_brand=elitis\">En savoir plus sur \u00c9LITIS<\/a><\/span><\/p>\n","protected":false},"featured_media":143571,"template":"","meta":{"_acf_changed":false,"inline_featured_image":false},"product_brand":[],"product_cat":[398],"product_tag":[],"class_list":{"0":"post-143570","1":"product","2":"type-product","3":"status-publish","4":"has-post-thumbnail","6":"product_cat-teppich","7":"product_shipping_class-elitis-de","9":"first","10":"instock","11":"taxable","12":"shipping-taxable","13":"purchasable","14":"product-type-variable"},"acf":[],"yoast_head":"<!-- This site is optimized with the Yoast SEO plugin v26.7 - https:\/\/yoast.com\/wordpress\/plugins\/seo\/ -->\n<title>Alaska-Edelweiss - Vanina Henry<\/title>\n<meta name=\"robots\" content=\"index, follow, max-snippet:-1, max-image-preview:large, max-video-preview:-1\" \/>\n<link rel=\"canonical\" href=\"https:\/\/vaninahenry.com\/de\/produkt\/alaska-edelweiss\/\" \/>\n<meta property=\"og:locale\" content=\"de_DE\" \/>\n<meta property=\"og:type\" content=\"article\" \/>\n<meta property=\"og:title\" content=\"Alaska-Edelweiss - Vanina Henry\" \/>\n<meta property=\"og:description\" content=\"Couleur: Edelweiss  Composition: 100% laine avec un dossier coton  En laine de Nouvelle-Z\u00e9lande ce tapis est une merveille de douceur. M\u00e9lange de deux techniques ancestrales, laine tuft\u00e9e et tissage plat, Alaska, est une combinaison g\u00e9om\u00e9trique parfaite tout en rondeur et minimalisme.  En savoir plus sur \u00c9LITIS\" \/>\n<meta property=\"og:url\" content=\"https:\/\/vaninahenry.com\/de\/produkt\/alaska-edelweiss\/\" \/>\n<meta property=\"og:site_name\" content=\"Vanina Henry\" \/>\n<meta property=\"article:publisher\" content=\"https:\/\/www.facebook.com\/designbyvaninahenry\" \/>\n<meta name=\"twitter:card\" content=\"summary_large_image\" \/>\n<script type=\"application\/ld+json\" class=\"yoast-schema-graph\">{\"@context\":\"https:\/\/schema.org\",\"@graph\":[{\"@type\":\"WebPage\",\"@id\":\"https:\/\/vaninahenry.com\/de\/produkt\/alaska-edelweiss\/\",\"url\":\"https:\/\/vaninahenry.com\/de\/produkt\/alaska-edelweiss\/\",\"name\":\"Alaska-Edelweiss - Vanina Henry\",\"isPartOf\":{\"@id\":\"https:\/\/vaninahenry.com\/#website\"},\"primaryImageOfPage\":{\"@id\":\"https:\/\/vaninahenry.com\/de\/produkt\/alaska-edelweiss\/#primaryimage\"},\"image\":{\"@id\":\"https:\/\/vaninahenry.com\/de\/produkt\/alaska-edelweiss\/#primaryimage\"},\"thumbnailUrl\":\"https:\/\/vaninahenry.com\/wp-content\/uploads\/2026\/03\/ELITIS_TA_125_ALASKA_H_GLB_337_V2.eps-1200px.jpg\",\"datePublished\":\"2026-03-20T15:52:44+00:00\",\"breadcrumb\":{\"@id\":\"https:\/\/vaninahenry.com\/de\/produkt\/alaska-edelweiss\/#breadcrumb\"},\"inLanguage\":\"de\",\"potentialAction\":[{\"@type\":\"ReadAction\",\"target\":[\"https:\/\/vaninahenry.com\/de\/produkt\/alaska-edelweiss\/\"]}]},{\"@type\":\"ImageObject\",\"inLanguage\":\"de\",\"@id\":\"https:\/\/vaninahenry.com\/de\/produkt\/alaska-edelweiss\/#primaryimage\",\"url\":\"https:\/\/vaninahenry.com\/wp-content\/uploads\/2026\/03\/ELITIS_TA_125_ALASKA_H_GLB_337_V2.eps-1200px.jpg\",\"contentUrl\":\"https:\/\/vaninahenry.com\/wp-content\/uploads\/2026\/03\/ELITIS_TA_125_ALASKA_H_GLB_337_V2.eps-1200px.jpg\",\"width\":1199,\"height\":799},{\"@type\":\"BreadcrumbList\",\"@id\":\"https:\/\/vaninahenry.com\/de\/produkt\/alaska-edelweiss\/#breadcrumb\",\"itemListElement\":[{\"@type\":\"ListItem\",\"position\":1,\"name\":\"Accueil\",\"item\":\"https:\/\/vaninahenry.com\/de\/\"},{\"@type\":\"ListItem\",\"position\":2,\"name\":\"Shop\",\"item\":\"https:\/\/vaninahenry.com\/boutique\/\"},{\"@type\":\"ListItem\",\"position\":3,\"name\":\"Alaska-Edelweiss\"}]},{\"@type\":\"WebSite\",\"@id\":\"https:\/\/vaninahenry.com\/#website\",\"url\":\"https:\/\/vaninahenry.com\/\",\"name\":\"Vanina Henry\",\"description\":\"\",\"publisher\":{\"@id\":\"https:\/\/vaninahenry.com\/#organization\"},\"potentialAction\":[{\"@type\":\"SearchAction\",\"target\":{\"@type\":\"EntryPoint\",\"urlTemplate\":\"https:\/\/vaninahenry.com\/?s={search_term_string}\"},\"query-input\":{\"@type\":\"PropertyValueSpecification\",\"valueRequired\":true,\"valueName\":\"search_term_string\"}}],\"inLanguage\":\"de\"},{\"@type\":\"Organization\",\"@id\":\"https:\/\/vaninahenry.com\/#organization\",\"name\":\"Vanina Henry\",\"url\":\"https:\/\/vaninahenry.com\/\",\"logo\":{\"@type\":\"ImageObject\",\"inLanguage\":\"de\",\"@id\":\"https:\/\/vaninahenry.com\/#\/schema\/logo\/image\/\",\"url\":\"http:\/\/vaninahenry.com\/wp-content\/uploads\/2021\/10\/Logo-design-by-VaninaHenry.png\",\"contentUrl\":\"http:\/\/vaninahenry.com\/wp-content\/uploads\/2021\/10\/Logo-design-by-VaninaHenry.png\",\"width\":711,\"height\":467,\"caption\":\"Vanina Henry\"},\"image\":{\"@id\":\"https:\/\/vaninahenry.com\/#\/schema\/logo\/image\/\"},\"sameAs\":[\"https:\/\/www.facebook.com\/designbyvaninahenry\",\"https:\/\/www.instagram.com\/vaninahenry\/\"]}]}<\/script>\n<!-- \/ Yoast SEO plugin. -->","yoast_head_json":{"title":"Alaska-Edelweiss - Vanina Henry","robots":{"index":"index","follow":"follow","max-snippet":"max-snippet:-1","max-image-preview":"max-image-preview:large","max-video-preview":"max-video-preview:-1"},"canonical":"https:\/\/vaninahenry.com\/de\/produkt\/alaska-edelweiss\/","og_locale":"de_DE","og_type":"article","og_title":"Alaska-Edelweiss - Vanina Henry","og_description":"Couleur: Edelweiss  Composition: 100% laine avec un dossier coton  En laine de Nouvelle-Z\u00e9lande ce tapis est une merveille de douceur. M\u00e9lange de deux techniques ancestrales, laine tuft\u00e9e et tissage plat, Alaska, est une combinaison g\u00e9om\u00e9trique parfaite tout en rondeur et minimalisme.  En savoir plus sur \u00c9LITIS","og_url":"https:\/\/vaninahenry.com\/de\/produkt\/alaska-edelweiss\/","og_site_name":"Vanina Henry","article_publisher":"https:\/\/www.facebook.com\/designbyvaninahenry","twitter_card":"summary_large_image","schema":{"@context":"https:\/\/schema.org","@graph":[{"@type":"WebPage","@id":"https:\/\/vaninahenry.com\/de\/produkt\/alaska-edelweiss\/","url":"https:\/\/vaninahenry.com\/de\/produkt\/alaska-edelweiss\/","name":"Alaska-Edelweiss - Vanina Henry","isPartOf":{"@id":"https:\/\/vaninahenry.com\/#website"},"primaryImageOfPage":{"@id":"https:\/\/vaninahenry.com\/de\/produkt\/alaska-edelweiss\/#primaryimage"},"image":{"@id":"https:\/\/vaninahenry.com\/de\/produkt\/alaska-edelweiss\/#primaryimage"},"thumbnailUrl":"https:\/\/vaninahenry.com\/wp-content\/uploads\/2026\/03\/ELITIS_TA_125_ALASKA_H_GLB_337_V2.eps-1200px.jpg","datePublished":"2026-03-20T15:52:44+00:00","breadcrumb":{"@id":"https:\/\/vaninahenry.com\/de\/produkt\/alaska-edelweiss\/#breadcrumb"},"inLanguage":"de","potentialAction":[{"@type":"ReadAction","target":["https:\/\/vaninahenry.com\/de\/produkt\/alaska-edelweiss\/"]}]},{"@type":"ImageObject","inLanguage":"de","@id":"https:\/\/vaninahenry.com\/de\/produkt\/alaska-edelweiss\/#primaryimage","url":"https:\/\/vaninahenry.com\/wp-content\/uploads\/2026\/03\/ELITIS_TA_125_ALASKA_H_GLB_337_V2.eps-1200px.jpg","contentUrl":"https:\/\/vaninahenry.com\/wp-content\/uploads\/2026\/03\/ELITIS_TA_125_ALASKA_H_GLB_337_V2.eps-1200px.jpg","width":1199,"height":799},{"@type":"BreadcrumbList","@id":"https:\/\/vaninahenry.com\/de\/produkt\/alaska-edelweiss\/#breadcrumb","itemListElement":[{"@type":"ListItem","position":1,"name":"Accueil","item":"https:\/\/vaninahenry.com\/de\/"},{"@type":"ListItem","position":2,"name":"Shop","item":"https:\/\/vaninahenry.com\/boutique\/"},{"@type":"ListItem","position":3,"name":"Alaska-Edelweiss"}]},{"@type":"WebSite","@id":"https:\/\/vaninahenry.com\/#website","url":"https:\/\/vaninahenry.com\/","name":"Vanina Henry","description":"","publisher":{"@id":"https:\/\/vaninahenry.com\/#organization"},"potentialAction":[{"@type":"SearchAction","target":{"@type":"EntryPoint","urlTemplate":"https:\/\/vaninahenry.com\/?s={search_term_string}"},"query-input":{"@type":"PropertyValueSpecification","valueRequired":true,"valueName":"search_term_string"}}],"inLanguage":"de"},{"@type":"Organization","@id":"https:\/\/vaninahenry.com\/#organization","name":"Vanina Henry","url":"https:\/\/vaninahenry.com\/","logo":{"@type":"ImageObject","inLanguage":"de","@id":"https:\/\/vaninahenry.com\/#\/schema\/logo\/image\/","url":"http:\/\/vaninahenry.com\/wp-content\/uploads\/2021\/10\/Logo-design-by-VaninaHenry.png","contentUrl":"http:\/\/vaninahenry.com\/wp-content\/uploads\/2021\/10\/Logo-design-by-VaninaHenry.png","width":711,"height":467,"caption":"Vanina Henry"},"image":{"@id":"https:\/\/vaninahenry.com\/#\/schema\/logo\/image\/"},"sameAs":["https:\/\/www.facebook.com\/designbyvaninahenry","https:\/\/www.instagram.com\/vaninahenry\/"]}]}},"_links":{"self":[{"href":"https:\/\/vaninahenry.com\/de\/wp-json\/wp\/v2\/product\/143570","targetHints":{"allow":["GET"]}}],"collection":[{"href":"https:\/\/vaninahenry.com\/de\/wp-json\/wp\/v2\/product"}],"about":[{"href":"https:\/\/vaninahenry.com\/de\/wp-json\/wp\/v2\/types\/product"}],"wp:featuredmedia":[{"embeddable":true,"href":"https:\/\/vaninahenry.com\/de\/wp-json\/wp\/v2\/media\/143571"}],"wp:attachment":[{"href":"https:\/\/vaninahenry.com\/de\/wp-json\/wp\/v2\/media?parent=143570"}],"wp:term":[{"taxonomy":"product_brand","embeddable":true,"href":"https:\/\/vaninahenry.com\/de\/wp-json\/wp\/v2\/product_brand?post=143570"},{"taxonomy":"product_cat","embeddable":true,"href":"https:\/\/vaninahenry.com\/de\/wp-json\/wp\/v2\/product_cat?post=143570"},{"taxonomy":"product_tag","embeddable":true,"href":"https:\/\/vaninahenry.com\/de\/wp-json\/wp\/v2\/product_tag?post=143570"}],"curies":[{"name":"wp","href":"https:\/\/api.w.org\/{rel}","templated":true}]}}