{"id":143455,"date":"2026-03-20T14:18:44","date_gmt":"2026-03-20T13:18:44","guid":{"rendered":"https:\/\/vaninahenry.com\/produit\/hokkaido-craie\/"},"modified":"2026-03-20T14:18:44","modified_gmt":"2026-03-20T13:18:44","slug":"hokkaido-craie","status":"publish","type":"product","link":"https:\/\/vaninahenry.com\/de\/produkt\/hokkaido-craie\/","title":{"rendered":"HOKKAIDO-Craie"},"content":{"rendered":"","protected":false},"excerpt":{"rendered":"<p>Couleur: Craie<\/p>\n<p>Disponible dans deux tailles<\/p>\n<p>Composition:\u00a0 85% laine 12% coton 3% autre<\/p>\n<p>Avec ses lignes sculpt\u00e9es en surface et son coloris craie, Hokkaido \u00e9voque les jardins japonais, o\u00f9 le sable ratiss\u00e9 dessine des motifs apaisants et contemplatifs.<\/p>\n<p><span style=\"color: #9a7541;\"><a style=\"color: #9a7541;\" href=\"\/?product_brand=elitis\">En savoir plus sur \u00c9LITIS<\/a><\/span><\/p>\n<p>&nbsp;<\/p>\n","protected":false},"featured_media":143456,"template":"","meta":{"_acf_changed":false,"inline_featured_image":false},"product_brand":[],"product_cat":[395,398],"product_tag":[],"class_list":{"0":"post-143455","1":"product","2":"type-product","3":"status-publish","4":"has-post-thumbnail","6":"product_cat-nachrichten","7":"product_cat-teppich","8":"product_shipping_class-elitis-de","10":"first","11":"instock","12":"taxable","13":"shipping-taxable","14":"purchasable","15":"product-type-variable"},"acf":[],"yoast_head":"<!-- This site is optimized with the Yoast SEO plugin v26.7 - https:\/\/yoast.com\/wordpress\/plugins\/seo\/ -->\n<title>HOKKAIDO-Craie - Vanina Henry<\/title>\n<meta name=\"robots\" content=\"index, follow, max-snippet:-1, max-image-preview:large, max-video-preview:-1\" \/>\n<link rel=\"canonical\" href=\"https:\/\/vaninahenry.com\/de\/produkt\/hokkaido-craie\/\" \/>\n<meta property=\"og:locale\" content=\"de_DE\" \/>\n<meta property=\"og:type\" content=\"article\" \/>\n<meta property=\"og:title\" content=\"HOKKAIDO-Craie - Vanina Henry\" \/>\n<meta property=\"og:description\" content=\"Couleur: Craie  Disponible dans deux tailles  Composition:\u00a0 85% laine 12% coton 3% autre  Avec ses lignes sculpt\u00e9es en surface et son coloris craie, Hokkaido \u00e9voque les jardins japonais, o\u00f9 le sable ratiss\u00e9 dessine des motifs apaisants et contemplatifs.  En savoir plus sur \u00c9LITIS  &nbsp;\" \/>\n<meta property=\"og:url\" content=\"https:\/\/vaninahenry.com\/de\/produkt\/hokkaido-craie\/\" \/>\n<meta property=\"og:site_name\" content=\"Vanina Henry\" \/>\n<meta property=\"article:publisher\" content=\"https:\/\/www.facebook.com\/designbyvaninahenry\" \/>\n<meta name=\"twitter:card\" content=\"summary_large_image\" \/>\n<script type=\"application\/ld+json\" class=\"yoast-schema-graph\">{\"@context\":\"https:\/\/schema.org\",\"@graph\":[{\"@type\":\"WebPage\",\"@id\":\"https:\/\/vaninahenry.com\/de\/produkt\/hokkaido-craie\/\",\"url\":\"https:\/\/vaninahenry.com\/de\/produkt\/hokkaido-craie\/\",\"name\":\"HOKKAIDO-Craie - Vanina Henry\",\"isPartOf\":{\"@id\":\"https:\/\/vaninahenry.com\/#website\"},\"primaryImageOfPage\":{\"@id\":\"https:\/\/vaninahenry.com\/de\/produkt\/hokkaido-craie\/#primaryimage\"},\"image\":{\"@id\":\"https:\/\/vaninahenry.com\/de\/produkt\/hokkaido-craie\/#primaryimage\"},\"thumbnailUrl\":\"https:\/\/vaninahenry.com\/wp-content\/uploads\/2026\/03\/ELITIS__TA_141_03-04_ACCESSOIRE_SE_037.eps-1200px.jpg\",\"datePublished\":\"2026-03-20T13:18:44+00:00\",\"breadcrumb\":{\"@id\":\"https:\/\/vaninahenry.com\/de\/produkt\/hokkaido-craie\/#breadcrumb\"},\"inLanguage\":\"de\",\"potentialAction\":[{\"@type\":\"ReadAction\",\"target\":[\"https:\/\/vaninahenry.com\/de\/produkt\/hokkaido-craie\/\"]}]},{\"@type\":\"ImageObject\",\"inLanguage\":\"de\",\"@id\":\"https:\/\/vaninahenry.com\/de\/produkt\/hokkaido-craie\/#primaryimage\",\"url\":\"https:\/\/vaninahenry.com\/wp-content\/uploads\/2026\/03\/ELITIS__TA_141_03-04_ACCESSOIRE_SE_037.eps-1200px.jpg\",\"contentUrl\":\"https:\/\/vaninahenry.com\/wp-content\/uploads\/2026\/03\/ELITIS__TA_141_03-04_ACCESSOIRE_SE_037.eps-1200px.jpg\",\"width\":1200,\"height\":845},{\"@type\":\"BreadcrumbList\",\"@id\":\"https:\/\/vaninahenry.com\/de\/produkt\/hokkaido-craie\/#breadcrumb\",\"itemListElement\":[{\"@type\":\"ListItem\",\"position\":1,\"name\":\"Accueil\",\"item\":\"https:\/\/vaninahenry.com\/de\/\"},{\"@type\":\"ListItem\",\"position\":2,\"name\":\"Shop\",\"item\":\"https:\/\/vaninahenry.com\/boutique\/\"},{\"@type\":\"ListItem\",\"position\":3,\"name\":\"HOKKAIDO-Craie\"}]},{\"@type\":\"WebSite\",\"@id\":\"https:\/\/vaninahenry.com\/#website\",\"url\":\"https:\/\/vaninahenry.com\/\",\"name\":\"Vanina Henry\",\"description\":\"\",\"publisher\":{\"@id\":\"https:\/\/vaninahenry.com\/#organization\"},\"potentialAction\":[{\"@type\":\"SearchAction\",\"target\":{\"@type\":\"EntryPoint\",\"urlTemplate\":\"https:\/\/vaninahenry.com\/?s={search_term_string}\"},\"query-input\":{\"@type\":\"PropertyValueSpecification\",\"valueRequired\":true,\"valueName\":\"search_term_string\"}}],\"inLanguage\":\"de\"},{\"@type\":\"Organization\",\"@id\":\"https:\/\/vaninahenry.com\/#organization\",\"name\":\"Vanina Henry\",\"url\":\"https:\/\/vaninahenry.com\/\",\"logo\":{\"@type\":\"ImageObject\",\"inLanguage\":\"de\",\"@id\":\"https:\/\/vaninahenry.com\/#\/schema\/logo\/image\/\",\"url\":\"http:\/\/vaninahenry.com\/wp-content\/uploads\/2021\/10\/Logo-design-by-VaninaHenry.png\",\"contentUrl\":\"http:\/\/vaninahenry.com\/wp-content\/uploads\/2021\/10\/Logo-design-by-VaninaHenry.png\",\"width\":711,\"height\":467,\"caption\":\"Vanina Henry\"},\"image\":{\"@id\":\"https:\/\/vaninahenry.com\/#\/schema\/logo\/image\/\"},\"sameAs\":[\"https:\/\/www.facebook.com\/designbyvaninahenry\",\"https:\/\/www.instagram.com\/vaninahenry\/\"]}]}<\/script>\n<!-- \/ Yoast SEO plugin. -->","yoast_head_json":{"title":"HOKKAIDO-Craie - Vanina Henry","robots":{"index":"index","follow":"follow","max-snippet":"max-snippet:-1","max-image-preview":"max-image-preview:large","max-video-preview":"max-video-preview:-1"},"canonical":"https:\/\/vaninahenry.com\/de\/produkt\/hokkaido-craie\/","og_locale":"de_DE","og_type":"article","og_title":"HOKKAIDO-Craie - Vanina Henry","og_description":"Couleur: Craie  Disponible dans deux tailles  Composition:\u00a0 85% laine 12% coton 3% autre  Avec ses lignes sculpt\u00e9es en surface et son coloris craie, Hokkaido \u00e9voque les jardins japonais, o\u00f9 le sable ratiss\u00e9 dessine des motifs apaisants et contemplatifs.  En savoir plus sur \u00c9LITIS  &nbsp;","og_url":"https:\/\/vaninahenry.com\/de\/produkt\/hokkaido-craie\/","og_site_name":"Vanina Henry","article_publisher":"https:\/\/www.facebook.com\/designbyvaninahenry","twitter_card":"summary_large_image","schema":{"@context":"https:\/\/schema.org","@graph":[{"@type":"WebPage","@id":"https:\/\/vaninahenry.com\/de\/produkt\/hokkaido-craie\/","url":"https:\/\/vaninahenry.com\/de\/produkt\/hokkaido-craie\/","name":"HOKKAIDO-Craie - Vanina Henry","isPartOf":{"@id":"https:\/\/vaninahenry.com\/#website"},"primaryImageOfPage":{"@id":"https:\/\/vaninahenry.com\/de\/produkt\/hokkaido-craie\/#primaryimage"},"image":{"@id":"https:\/\/vaninahenry.com\/de\/produkt\/hokkaido-craie\/#primaryimage"},"thumbnailUrl":"https:\/\/vaninahenry.com\/wp-content\/uploads\/2026\/03\/ELITIS__TA_141_03-04_ACCESSOIRE_SE_037.eps-1200px.jpg","datePublished":"2026-03-20T13:18:44+00:00","breadcrumb":{"@id":"https:\/\/vaninahenry.com\/de\/produkt\/hokkaido-craie\/#breadcrumb"},"inLanguage":"de","potentialAction":[{"@type":"ReadAction","target":["https:\/\/vaninahenry.com\/de\/produkt\/hokkaido-craie\/"]}]},{"@type":"ImageObject","inLanguage":"de","@id":"https:\/\/vaninahenry.com\/de\/produkt\/hokkaido-craie\/#primaryimage","url":"https:\/\/vaninahenry.com\/wp-content\/uploads\/2026\/03\/ELITIS__TA_141_03-04_ACCESSOIRE_SE_037.eps-1200px.jpg","contentUrl":"https:\/\/vaninahenry.com\/wp-content\/uploads\/2026\/03\/ELITIS__TA_141_03-04_ACCESSOIRE_SE_037.eps-1200px.jpg","width":1200,"height":845},{"@type":"BreadcrumbList","@id":"https:\/\/vaninahenry.com\/de\/produkt\/hokkaido-craie\/#breadcrumb","itemListElement":[{"@type":"ListItem","position":1,"name":"Accueil","item":"https:\/\/vaninahenry.com\/de\/"},{"@type":"ListItem","position":2,"name":"Shop","item":"https:\/\/vaninahenry.com\/boutique\/"},{"@type":"ListItem","position":3,"name":"HOKKAIDO-Craie"}]},{"@type":"WebSite","@id":"https:\/\/vaninahenry.com\/#website","url":"https:\/\/vaninahenry.com\/","name":"Vanina Henry","description":"","publisher":{"@id":"https:\/\/vaninahenry.com\/#organization"},"potentialAction":[{"@type":"SearchAction","target":{"@type":"EntryPoint","urlTemplate":"https:\/\/vaninahenry.com\/?s={search_term_string}"},"query-input":{"@type":"PropertyValueSpecification","valueRequired":true,"valueName":"search_term_string"}}],"inLanguage":"de"},{"@type":"Organization","@id":"https:\/\/vaninahenry.com\/#organization","name":"Vanina Henry","url":"https:\/\/vaninahenry.com\/","logo":{"@type":"ImageObject","inLanguage":"de","@id":"https:\/\/vaninahenry.com\/#\/schema\/logo\/image\/","url":"http:\/\/vaninahenry.com\/wp-content\/uploads\/2021\/10\/Logo-design-by-VaninaHenry.png","contentUrl":"http:\/\/vaninahenry.com\/wp-content\/uploads\/2021\/10\/Logo-design-by-VaninaHenry.png","width":711,"height":467,"caption":"Vanina Henry"},"image":{"@id":"https:\/\/vaninahenry.com\/#\/schema\/logo\/image\/"},"sameAs":["https:\/\/www.facebook.com\/designbyvaninahenry","https:\/\/www.instagram.com\/vaninahenry\/"]}]}},"_links":{"self":[{"href":"https:\/\/vaninahenry.com\/de\/wp-json\/wp\/v2\/product\/143455","targetHints":{"allow":["GET"]}}],"collection":[{"href":"https:\/\/vaninahenry.com\/de\/wp-json\/wp\/v2\/product"}],"about":[{"href":"https:\/\/vaninahenry.com\/de\/wp-json\/wp\/v2\/types\/product"}],"wp:featuredmedia":[{"embeddable":true,"href":"https:\/\/vaninahenry.com\/de\/wp-json\/wp\/v2\/media\/143456"}],"wp:attachment":[{"href":"https:\/\/vaninahenry.com\/de\/wp-json\/wp\/v2\/media?parent=143455"}],"wp:term":[{"taxonomy":"product_brand","embeddable":true,"href":"https:\/\/vaninahenry.com\/de\/wp-json\/wp\/v2\/product_brand?post=143455"},{"taxonomy":"product_cat","embeddable":true,"href":"https:\/\/vaninahenry.com\/de\/wp-json\/wp\/v2\/product_cat?post=143455"},{"taxonomy":"product_tag","embeddable":true,"href":"https:\/\/vaninahenry.com\/de\/wp-json\/wp\/v2\/product_tag?post=143455"}],"curies":[{"name":"wp","href":"https:\/\/api.w.org\/{rel}","templated":true}]}}