{"id":139034,"date":"2025-12-08T10:10:22","date_gmt":"2025-12-08T09:10:22","guid":{"rendered":"https:\/\/vaninahenry.com\/?post_type=product&#038;p=139034"},"modified":"2025-12-08T10:31:37","modified_gmt":"2025-12-08T09:31:37","slug":"bamboozle-no-304","status":"publish","type":"product","link":"https:\/\/vaninahenry.com\/de\/produkt\/bamboozle-no-304\/","title":{"rendered":"Bamboozle No. 304"},"content":{"rendered":"<p><strong>Ein temperamentvolles Feuerrot<\/strong><\/p>\n<div class=\"ui-textMD2\">\n<p>Dieser feurige Rotton tr\u00e4gt den Namen einer Verwirrungstaktik von Piraten. Er spr\u00fcht nur so vor Seer\u00e4ubergeist und bringt Spa\u00df und W\u00e4rme in jedes Farbkonzept. Bamboozle f\u00fcgt sich in ein eher traditionelles Interior Design genauso elegant ein wie in moderne H\u00e4user. Ganz gleich, wie die Lichtverh\u00e4ltnisse sind \u2013 Bamboozle kann sich stets behaupten und gut mit kr\u00e4ftigen Farben wie\u00a0Beverly\u00a0und\u00a0Wine Dark\u00a0kombiniert werden.<\/p>\n<p>&nbsp;<\/p>\n<p>Grundierungen &amp; Vorstreichfarbe:\u00a0Red &amp; Warm Tones<\/p>\n<\/div>\n","protected":false},"excerpt":{"rendered":"<p style=\"text-align: center;\"><span style=\"color: #000000;\"><a class=\"btn\" style=\"color: #000000;\" href=\"https:\/\/vaninahenry.com\/de\/produkt\/bamboozle-no-304-echantillon-100ml\/\">Farbmuster kaufen<\/a><\/span><\/p>\n","protected":false},"featured_media":138376,"template":"","meta":{"_acf_changed":false,"inline_featured_image":false},"product_brand":[],"product_cat":[312],"product_tag":[],"class_list":{"0":"post-139034","1":"product","2":"type-product","3":"status-publish","4":"has-post-thumbnail","6":"product_cat-farben","7":"product_shipping_class-fnb-de","9":"first","10":"instock","11":"taxable","12":"shipping-taxable","13":"purchasable","14":"product-type-variable"},"acf":[],"yoast_head":"<!-- This site is optimized with the Yoast SEO plugin v26.7 - https:\/\/yoast.com\/wordpress\/plugins\/seo\/ -->\n<title>Bamboozle No. 304 - Vanina Henry<\/title>\n<meta name=\"robots\" content=\"index, follow, max-snippet:-1, max-image-preview:large, max-video-preview:-1\" \/>\n<link rel=\"canonical\" href=\"https:\/\/vaninahenry.com\/produkt\/bamboozle-no-304\/\" \/>\n<meta property=\"og:locale\" content=\"de_DE\" \/>\n<meta property=\"og:type\" content=\"article\" \/>\n<meta property=\"og:title\" content=\"Bamboozle No. 304 - Vanina Henry\" \/>\n<meta property=\"og:description\" content=\"Farbmuster kaufen\" \/>\n<meta property=\"og:url\" content=\"https:\/\/vaninahenry.com\/produkt\/bamboozle-no-304\/\" \/>\n<meta property=\"og:site_name\" content=\"Vanina Henry\" \/>\n<meta property=\"article:publisher\" content=\"https:\/\/www.facebook.com\/designbyvaninahenry\" \/>\n<meta property=\"article:modified_time\" content=\"2025-12-08T09:31:37+00:00\" \/>\n<meta property=\"og:image\" content=\"https:\/\/vaninahenry.com\/wp-content\/uploads\/2025\/12\/Bamboozle-No.304_FarrowBall_VaninaHernry-1.png\" \/>\n\t<meta property=\"og:image:width\" content=\"390\" \/>\n\t<meta property=\"og:image:height\" content=\"390\" \/>\n\t<meta property=\"og:image:type\" content=\"image\/png\" \/>\n<meta name=\"twitter:card\" content=\"summary_large_image\" \/>\n<script type=\"application\/ld+json\" class=\"yoast-schema-graph\">{\"@context\":\"https:\/\/schema.org\",\"@graph\":[{\"@type\":\"WebPage\",\"@id\":\"https:\/\/vaninahenry.com\/produkt\/bamboozle-no-304\/\",\"url\":\"https:\/\/vaninahenry.com\/produkt\/bamboozle-no-304\/\",\"name\":\"Bamboozle No. 304 - Vanina Henry\",\"isPartOf\":{\"@id\":\"https:\/\/vaninahenry.com\/#website\"},\"primaryImageOfPage\":{\"@id\":\"https:\/\/vaninahenry.com\/produkt\/bamboozle-no-304\/#primaryimage\"},\"image\":{\"@id\":\"https:\/\/vaninahenry.com\/produkt\/bamboozle-no-304\/#primaryimage\"},\"thumbnailUrl\":\"https:\/\/vaninahenry.com\/wp-content\/uploads\/2025\/12\/Bamboozle-No.304_FarrowBall_VaninaHernry-1.png\",\"datePublished\":\"2025-12-08T09:10:22+00:00\",\"dateModified\":\"2025-12-08T09:31:37+00:00\",\"breadcrumb\":{\"@id\":\"https:\/\/vaninahenry.com\/produkt\/bamboozle-no-304\/#breadcrumb\"},\"inLanguage\":\"de\",\"potentialAction\":[{\"@type\":\"ReadAction\",\"target\":[\"https:\/\/vaninahenry.com\/produkt\/bamboozle-no-304\/\"]}]},{\"@type\":\"ImageObject\",\"inLanguage\":\"de\",\"@id\":\"https:\/\/vaninahenry.com\/produkt\/bamboozle-no-304\/#primaryimage\",\"url\":\"https:\/\/vaninahenry.com\/wp-content\/uploads\/2025\/12\/Bamboozle-No.304_FarrowBall_VaninaHernry-1.png\",\"contentUrl\":\"https:\/\/vaninahenry.com\/wp-content\/uploads\/2025\/12\/Bamboozle-No.304_FarrowBall_VaninaHernry-1.png\",\"width\":390,\"height\":390},{\"@type\":\"BreadcrumbList\",\"@id\":\"https:\/\/vaninahenry.com\/produkt\/bamboozle-no-304\/#breadcrumb\",\"itemListElement\":[{\"@type\":\"ListItem\",\"position\":1,\"name\":\"Accueil\",\"item\":\"https:\/\/vaninahenry.com\/de\/\"},{\"@type\":\"ListItem\",\"position\":2,\"name\":\"Shop\",\"item\":\"https:\/\/vaninahenry.com\/boutique\/\"},{\"@type\":\"ListItem\",\"position\":3,\"name\":\"Bamboozle No. 304\"}]},{\"@type\":\"WebSite\",\"@id\":\"https:\/\/vaninahenry.com\/#website\",\"url\":\"https:\/\/vaninahenry.com\/\",\"name\":\"Vanina Henry\",\"description\":\"\",\"publisher\":{\"@id\":\"https:\/\/vaninahenry.com\/#organization\"},\"potentialAction\":[{\"@type\":\"SearchAction\",\"target\":{\"@type\":\"EntryPoint\",\"urlTemplate\":\"https:\/\/vaninahenry.com\/?s={search_term_string}\"},\"query-input\":{\"@type\":\"PropertyValueSpecification\",\"valueRequired\":true,\"valueName\":\"search_term_string\"}}],\"inLanguage\":\"de\"},{\"@type\":\"Organization\",\"@id\":\"https:\/\/vaninahenry.com\/#organization\",\"name\":\"Vanina Henry\",\"url\":\"https:\/\/vaninahenry.com\/\",\"logo\":{\"@type\":\"ImageObject\",\"inLanguage\":\"de\",\"@id\":\"https:\/\/vaninahenry.com\/#\/schema\/logo\/image\/\",\"url\":\"http:\/\/vaninahenry.com\/wp-content\/uploads\/2021\/10\/Logo-design-by-VaninaHenry.png\",\"contentUrl\":\"http:\/\/vaninahenry.com\/wp-content\/uploads\/2021\/10\/Logo-design-by-VaninaHenry.png\",\"width\":711,\"height\":467,\"caption\":\"Vanina Henry\"},\"image\":{\"@id\":\"https:\/\/vaninahenry.com\/#\/schema\/logo\/image\/\"},\"sameAs\":[\"https:\/\/www.facebook.com\/designbyvaninahenry\",\"https:\/\/www.instagram.com\/vaninahenry\/\"]}]}<\/script>\n<!-- \/ Yoast SEO plugin. -->","yoast_head_json":{"title":"Bamboozle No. 304 - Vanina Henry","robots":{"index":"index","follow":"follow","max-snippet":"max-snippet:-1","max-image-preview":"max-image-preview:large","max-video-preview":"max-video-preview:-1"},"canonical":"https:\/\/vaninahenry.com\/produkt\/bamboozle-no-304\/","og_locale":"de_DE","og_type":"article","og_title":"Bamboozle No. 304 - Vanina Henry","og_description":"Farbmuster kaufen","og_url":"https:\/\/vaninahenry.com\/produkt\/bamboozle-no-304\/","og_site_name":"Vanina Henry","article_publisher":"https:\/\/www.facebook.com\/designbyvaninahenry","article_modified_time":"2025-12-08T09:31:37+00:00","og_image":[{"width":390,"height":390,"url":"https:\/\/vaninahenry.com\/wp-content\/uploads\/2025\/12\/Bamboozle-No.304_FarrowBall_VaninaHernry-1.png","type":"image\/png"}],"twitter_card":"summary_large_image","schema":{"@context":"https:\/\/schema.org","@graph":[{"@type":"WebPage","@id":"https:\/\/vaninahenry.com\/produkt\/bamboozle-no-304\/","url":"https:\/\/vaninahenry.com\/produkt\/bamboozle-no-304\/","name":"Bamboozle No. 304 - Vanina Henry","isPartOf":{"@id":"https:\/\/vaninahenry.com\/#website"},"primaryImageOfPage":{"@id":"https:\/\/vaninahenry.com\/produkt\/bamboozle-no-304\/#primaryimage"},"image":{"@id":"https:\/\/vaninahenry.com\/produkt\/bamboozle-no-304\/#primaryimage"},"thumbnailUrl":"https:\/\/vaninahenry.com\/wp-content\/uploads\/2025\/12\/Bamboozle-No.304_FarrowBall_VaninaHernry-1.png","datePublished":"2025-12-08T09:10:22+00:00","dateModified":"2025-12-08T09:31:37+00:00","breadcrumb":{"@id":"https:\/\/vaninahenry.com\/produkt\/bamboozle-no-304\/#breadcrumb"},"inLanguage":"de","potentialAction":[{"@type":"ReadAction","target":["https:\/\/vaninahenry.com\/produkt\/bamboozle-no-304\/"]}]},{"@type":"ImageObject","inLanguage":"de","@id":"https:\/\/vaninahenry.com\/produkt\/bamboozle-no-304\/#primaryimage","url":"https:\/\/vaninahenry.com\/wp-content\/uploads\/2025\/12\/Bamboozle-No.304_FarrowBall_VaninaHernry-1.png","contentUrl":"https:\/\/vaninahenry.com\/wp-content\/uploads\/2025\/12\/Bamboozle-No.304_FarrowBall_VaninaHernry-1.png","width":390,"height":390},{"@type":"BreadcrumbList","@id":"https:\/\/vaninahenry.com\/produkt\/bamboozle-no-304\/#breadcrumb","itemListElement":[{"@type":"ListItem","position":1,"name":"Accueil","item":"https:\/\/vaninahenry.com\/de\/"},{"@type":"ListItem","position":2,"name":"Shop","item":"https:\/\/vaninahenry.com\/boutique\/"},{"@type":"ListItem","position":3,"name":"Bamboozle No. 304"}]},{"@type":"WebSite","@id":"https:\/\/vaninahenry.com\/#website","url":"https:\/\/vaninahenry.com\/","name":"Vanina Henry","description":"","publisher":{"@id":"https:\/\/vaninahenry.com\/#organization"},"potentialAction":[{"@type":"SearchAction","target":{"@type":"EntryPoint","urlTemplate":"https:\/\/vaninahenry.com\/?s={search_term_string}"},"query-input":{"@type":"PropertyValueSpecification","valueRequired":true,"valueName":"search_term_string"}}],"inLanguage":"de"},{"@type":"Organization","@id":"https:\/\/vaninahenry.com\/#organization","name":"Vanina Henry","url":"https:\/\/vaninahenry.com\/","logo":{"@type":"ImageObject","inLanguage":"de","@id":"https:\/\/vaninahenry.com\/#\/schema\/logo\/image\/","url":"http:\/\/vaninahenry.com\/wp-content\/uploads\/2021\/10\/Logo-design-by-VaninaHenry.png","contentUrl":"http:\/\/vaninahenry.com\/wp-content\/uploads\/2021\/10\/Logo-design-by-VaninaHenry.png","width":711,"height":467,"caption":"Vanina Henry"},"image":{"@id":"https:\/\/vaninahenry.com\/#\/schema\/logo\/image\/"},"sameAs":["https:\/\/www.facebook.com\/designbyvaninahenry","https:\/\/www.instagram.com\/vaninahenry\/"]}]}},"_links":{"self":[{"href":"https:\/\/vaninahenry.com\/de\/wp-json\/wp\/v2\/product\/139034","targetHints":{"allow":["GET"]}}],"collection":[{"href":"https:\/\/vaninahenry.com\/de\/wp-json\/wp\/v2\/product"}],"about":[{"href":"https:\/\/vaninahenry.com\/de\/wp-json\/wp\/v2\/types\/product"}],"wp:featuredmedia":[{"embeddable":true,"href":"https:\/\/vaninahenry.com\/de\/wp-json\/wp\/v2\/media\/138376"}],"wp:attachment":[{"href":"https:\/\/vaninahenry.com\/de\/wp-json\/wp\/v2\/media?parent=139034"}],"wp:term":[{"taxonomy":"product_brand","embeddable":true,"href":"https:\/\/vaninahenry.com\/de\/wp-json\/wp\/v2\/product_brand?post=139034"},{"taxonomy":"product_cat","embeddable":true,"href":"https:\/\/vaninahenry.com\/de\/wp-json\/wp\/v2\/product_cat?post=139034"},{"taxonomy":"product_tag","embeddable":true,"href":"https:\/\/vaninahenry.com\/de\/wp-json\/wp\/v2\/product_tag?post=139034"}],"curies":[{"name":"wp","href":"https:\/\/api.w.org\/{rel}","templated":true}]}}