{"id":138166,"date":"2025-12-04T16:40:23","date_gmt":"2025-12-04T15:40:23","guid":{"rendered":"https:\/\/vaninahenry.com\/?post_type=product&#038;p=138166"},"modified":"2025-12-04T16:48:37","modified_gmt":"2025-12-04T15:48:37","slug":"celestine","status":"publish","type":"product","link":"https:\/\/vaninahenry.com\/de\/produkt\/celestine\/","title":{"rendered":"C\u00e9lestine"},"content":{"rendered":"","protected":false},"excerpt":{"rendered":"<p><span style=\"color: #9a7541;\">C\u00e9lestine, Kissenbezug 25cm X 50cm.<\/span><\/p>\n<p>Erh\u00e4ltlich in 3 Farben:<\/p>\n<p><img decoding=\"async\" class=\"alignnone wp-image-110124 size-large\" src=\"https:\/\/vaninahenry.com\/wp-content\/uploads\/2024\/11\/VH_CELESTINE_CO_252-07-1-1024x271.jpg\" alt=\"\" width=\"1024\" height=\"271\" \/><\/p>\n<p>Zusammensetzung : <span data-v-8fd28376=\"\">93% CO 7% PL<\/span><\/p>\n<p>Kissenbezug aus besticktem Samt<\/p>\n<p>Pflege: <img decoding=\"async\" class=\"alignnone wp-image-56763\" src=\"https:\/\/vaninahenry.com\/wp-content\/uploads\/2021\/07\/Entretien_B.png\" alt=\"\" width=\"124\" height=\"23\" srcset=\"https:\/\/vaninahenry.com\/wp-content\/uploads\/2021\/07\/Entretien_B.png 365w, https:\/\/vaninahenry.com\/wp-content\/uploads\/2021\/07\/Entretien_B-300x56.png 300w, https:\/\/vaninahenry.com\/wp-content\/uploads\/2021\/07\/Entretien_B-350x68.png 350w\" sizes=\"(max-width: 124px) 100vw, 124px\" \/><\/p>\n<p>&nbsp;<\/p>\n<p><a href=\"https:\/\/vaninahenry.com\/de\/marke\/elitis\/\"><span style=\"color: #9a7541;\">Mehr \u00fcber \u00c9LITIS erfahren<\/span><\/a><\/p>\n","protected":false},"featured_media":137024,"template":"","meta":{"_acf_changed":false,"inline_featured_image":false},"product_brand":[],"product_cat":[391],"product_tag":[],"class_list":{"0":"post-138166","1":"product","2":"type-product","3":"status-publish","4":"has-post-thumbnail","6":"product_cat-zubehor","8":"first","9":"instock","10":"taxable","11":"shipping-taxable","12":"product-type-variable"},"acf":[],"yoast_head":"<!-- This site is optimized with the Yoast SEO plugin v26.7 - https:\/\/yoast.com\/wordpress\/plugins\/seo\/ -->\n<title>C\u00e9lestine - Vanina Henry<\/title>\n<meta name=\"robots\" content=\"index, follow, max-snippet:-1, max-image-preview:large, max-video-preview:-1\" \/>\n<link rel=\"canonical\" href=\"https:\/\/vaninahenry.com\/produkt\/celestine\/\" \/>\n<meta property=\"og:locale\" content=\"de_DE\" \/>\n<meta property=\"og:type\" content=\"article\" \/>\n<meta property=\"og:title\" content=\"C\u00e9lestine - Vanina Henry\" \/>\n<meta property=\"og:description\" content=\"C\u00e9lestine, Kissenbezug 25cm X 50cm.  Erh\u00e4ltlich in 3 Farben:    Zusammensetzung : 93% CO 7% PL  Kissenbezug aus besticktem Samt  Pflege:   &nbsp;  Mehr \u00fcber \u00c9LITIS erfahren\" \/>\n<meta property=\"og:url\" content=\"https:\/\/vaninahenry.com\/produkt\/celestine\/\" \/>\n<meta property=\"og:site_name\" content=\"Vanina Henry\" \/>\n<meta property=\"article:publisher\" content=\"https:\/\/www.facebook.com\/designbyvaninahenry\" \/>\n<meta property=\"article:modified_time\" content=\"2025-12-04T15:48:37+00:00\" \/>\n<meta property=\"og:image\" content=\"https:\/\/vaninahenry.com\/wp-content\/uploads\/2025\/12\/accessoire-celestine-e4a7c85e67a264bb56a43e694cc2.jpg\" \/>\n\t<meta property=\"og:image:width\" content=\"2000\" \/>\n\t<meta property=\"og:image:height\" content=\"1458\" \/>\n\t<meta property=\"og:image:type\" content=\"image\/jpeg\" \/>\n<meta name=\"twitter:card\" content=\"summary_large_image\" \/>\n<meta name=\"twitter:label1\" content=\"Gesch\u00e4tzte Lesezeit\" \/>\n\t<meta name=\"twitter:data1\" content=\"1\u00a0Minute\" \/>\n<script type=\"application\/ld+json\" class=\"yoast-schema-graph\">{\"@context\":\"https:\/\/schema.org\",\"@graph\":[{\"@type\":\"WebPage\",\"@id\":\"https:\/\/vaninahenry.com\/produkt\/celestine\/\",\"url\":\"https:\/\/vaninahenry.com\/produkt\/celestine\/\",\"name\":\"C\u00e9lestine - Vanina Henry\",\"isPartOf\":{\"@id\":\"https:\/\/vaninahenry.com\/#website\"},\"primaryImageOfPage\":{\"@id\":\"https:\/\/vaninahenry.com\/produkt\/celestine\/#primaryimage\"},\"image\":{\"@id\":\"https:\/\/vaninahenry.com\/produkt\/celestine\/#primaryimage\"},\"thumbnailUrl\":\"https:\/\/vaninahenry.com\/wp-content\/uploads\/2025\/12\/accessoire-celestine-e4a7c85e67a264bb56a43e694cc2.jpg\",\"datePublished\":\"2025-12-04T15:40:23+00:00\",\"dateModified\":\"2025-12-04T15:48:37+00:00\",\"breadcrumb\":{\"@id\":\"https:\/\/vaninahenry.com\/produkt\/celestine\/#breadcrumb\"},\"inLanguage\":\"de\",\"potentialAction\":[{\"@type\":\"ReadAction\",\"target\":[\"https:\/\/vaninahenry.com\/produkt\/celestine\/\"]}]},{\"@type\":\"ImageObject\",\"inLanguage\":\"de\",\"@id\":\"https:\/\/vaninahenry.com\/produkt\/celestine\/#primaryimage\",\"url\":\"https:\/\/vaninahenry.com\/wp-content\/uploads\/2025\/12\/accessoire-celestine-e4a7c85e67a264bb56a43e694cc2.jpg\",\"contentUrl\":\"https:\/\/vaninahenry.com\/wp-content\/uploads\/2025\/12\/accessoire-celestine-e4a7c85e67a264bb56a43e694cc2.jpg\",\"width\":2000,\"height\":1458},{\"@type\":\"BreadcrumbList\",\"@id\":\"https:\/\/vaninahenry.com\/produkt\/celestine\/#breadcrumb\",\"itemListElement\":[{\"@type\":\"ListItem\",\"position\":1,\"name\":\"Accueil\",\"item\":\"https:\/\/vaninahenry.com\/de\/\"},{\"@type\":\"ListItem\",\"position\":2,\"name\":\"Shop\",\"item\":\"https:\/\/vaninahenry.com\/boutique\/\"},{\"@type\":\"ListItem\",\"position\":3,\"name\":\"C\u00e9lestine\"}]},{\"@type\":\"WebSite\",\"@id\":\"https:\/\/vaninahenry.com\/#website\",\"url\":\"https:\/\/vaninahenry.com\/\",\"name\":\"Vanina Henry\",\"description\":\"\",\"publisher\":{\"@id\":\"https:\/\/vaninahenry.com\/#organization\"},\"potentialAction\":[{\"@type\":\"SearchAction\",\"target\":{\"@type\":\"EntryPoint\",\"urlTemplate\":\"https:\/\/vaninahenry.com\/?s={search_term_string}\"},\"query-input\":{\"@type\":\"PropertyValueSpecification\",\"valueRequired\":true,\"valueName\":\"search_term_string\"}}],\"inLanguage\":\"de\"},{\"@type\":\"Organization\",\"@id\":\"https:\/\/vaninahenry.com\/#organization\",\"name\":\"Vanina Henry\",\"url\":\"https:\/\/vaninahenry.com\/\",\"logo\":{\"@type\":\"ImageObject\",\"inLanguage\":\"de\",\"@id\":\"https:\/\/vaninahenry.com\/#\/schema\/logo\/image\/\",\"url\":\"http:\/\/vaninahenry.com\/wp-content\/uploads\/2021\/10\/Logo-design-by-VaninaHenry.png\",\"contentUrl\":\"http:\/\/vaninahenry.com\/wp-content\/uploads\/2021\/10\/Logo-design-by-VaninaHenry.png\",\"width\":711,\"height\":467,\"caption\":\"Vanina Henry\"},\"image\":{\"@id\":\"https:\/\/vaninahenry.com\/#\/schema\/logo\/image\/\"},\"sameAs\":[\"https:\/\/www.facebook.com\/designbyvaninahenry\",\"https:\/\/www.instagram.com\/vaninahenry\/\"]}]}<\/script>\n<!-- \/ Yoast SEO plugin. -->","yoast_head_json":{"title":"C\u00e9lestine - Vanina Henry","robots":{"index":"index","follow":"follow","max-snippet":"max-snippet:-1","max-image-preview":"max-image-preview:large","max-video-preview":"max-video-preview:-1"},"canonical":"https:\/\/vaninahenry.com\/produkt\/celestine\/","og_locale":"de_DE","og_type":"article","og_title":"C\u00e9lestine - Vanina Henry","og_description":"C\u00e9lestine, Kissenbezug 25cm X 50cm.  Erh\u00e4ltlich in 3 Farben:    Zusammensetzung : 93% CO 7% PL  Kissenbezug aus besticktem Samt  Pflege:   &nbsp;  Mehr \u00fcber \u00c9LITIS erfahren","og_url":"https:\/\/vaninahenry.com\/produkt\/celestine\/","og_site_name":"Vanina Henry","article_publisher":"https:\/\/www.facebook.com\/designbyvaninahenry","article_modified_time":"2025-12-04T15:48:37+00:00","og_image":[{"width":2000,"height":1458,"url":"https:\/\/vaninahenry.com\/wp-content\/uploads\/2025\/12\/accessoire-celestine-e4a7c85e67a264bb56a43e694cc2.jpg","type":"image\/jpeg"}],"twitter_card":"summary_large_image","twitter_misc":{"Gesch\u00e4tzte Lesezeit":"1\u00a0Minute"},"schema":{"@context":"https:\/\/schema.org","@graph":[{"@type":"WebPage","@id":"https:\/\/vaninahenry.com\/produkt\/celestine\/","url":"https:\/\/vaninahenry.com\/produkt\/celestine\/","name":"C\u00e9lestine - Vanina Henry","isPartOf":{"@id":"https:\/\/vaninahenry.com\/#website"},"primaryImageOfPage":{"@id":"https:\/\/vaninahenry.com\/produkt\/celestine\/#primaryimage"},"image":{"@id":"https:\/\/vaninahenry.com\/produkt\/celestine\/#primaryimage"},"thumbnailUrl":"https:\/\/vaninahenry.com\/wp-content\/uploads\/2025\/12\/accessoire-celestine-e4a7c85e67a264bb56a43e694cc2.jpg","datePublished":"2025-12-04T15:40:23+00:00","dateModified":"2025-12-04T15:48:37+00:00","breadcrumb":{"@id":"https:\/\/vaninahenry.com\/produkt\/celestine\/#breadcrumb"},"inLanguage":"de","potentialAction":[{"@type":"ReadAction","target":["https:\/\/vaninahenry.com\/produkt\/celestine\/"]}]},{"@type":"ImageObject","inLanguage":"de","@id":"https:\/\/vaninahenry.com\/produkt\/celestine\/#primaryimage","url":"https:\/\/vaninahenry.com\/wp-content\/uploads\/2025\/12\/accessoire-celestine-e4a7c85e67a264bb56a43e694cc2.jpg","contentUrl":"https:\/\/vaninahenry.com\/wp-content\/uploads\/2025\/12\/accessoire-celestine-e4a7c85e67a264bb56a43e694cc2.jpg","width":2000,"height":1458},{"@type":"BreadcrumbList","@id":"https:\/\/vaninahenry.com\/produkt\/celestine\/#breadcrumb","itemListElement":[{"@type":"ListItem","position":1,"name":"Accueil","item":"https:\/\/vaninahenry.com\/de\/"},{"@type":"ListItem","position":2,"name":"Shop","item":"https:\/\/vaninahenry.com\/boutique\/"},{"@type":"ListItem","position":3,"name":"C\u00e9lestine"}]},{"@type":"WebSite","@id":"https:\/\/vaninahenry.com\/#website","url":"https:\/\/vaninahenry.com\/","name":"Vanina Henry","description":"","publisher":{"@id":"https:\/\/vaninahenry.com\/#organization"},"potentialAction":[{"@type":"SearchAction","target":{"@type":"EntryPoint","urlTemplate":"https:\/\/vaninahenry.com\/?s={search_term_string}"},"query-input":{"@type":"PropertyValueSpecification","valueRequired":true,"valueName":"search_term_string"}}],"inLanguage":"de"},{"@type":"Organization","@id":"https:\/\/vaninahenry.com\/#organization","name":"Vanina Henry","url":"https:\/\/vaninahenry.com\/","logo":{"@type":"ImageObject","inLanguage":"de","@id":"https:\/\/vaninahenry.com\/#\/schema\/logo\/image\/","url":"http:\/\/vaninahenry.com\/wp-content\/uploads\/2021\/10\/Logo-design-by-VaninaHenry.png","contentUrl":"http:\/\/vaninahenry.com\/wp-content\/uploads\/2021\/10\/Logo-design-by-VaninaHenry.png","width":711,"height":467,"caption":"Vanina Henry"},"image":{"@id":"https:\/\/vaninahenry.com\/#\/schema\/logo\/image\/"},"sameAs":["https:\/\/www.facebook.com\/designbyvaninahenry","https:\/\/www.instagram.com\/vaninahenry\/"]}]}},"_links":{"self":[{"href":"https:\/\/vaninahenry.com\/de\/wp-json\/wp\/v2\/product\/138166","targetHints":{"allow":["GET"]}}],"collection":[{"href":"https:\/\/vaninahenry.com\/de\/wp-json\/wp\/v2\/product"}],"about":[{"href":"https:\/\/vaninahenry.com\/de\/wp-json\/wp\/v2\/types\/product"}],"wp:featuredmedia":[{"embeddable":true,"href":"https:\/\/vaninahenry.com\/de\/wp-json\/wp\/v2\/media\/137024"}],"wp:attachment":[{"href":"https:\/\/vaninahenry.com\/de\/wp-json\/wp\/v2\/media?parent=138166"}],"wp:term":[{"taxonomy":"product_brand","embeddable":true,"href":"https:\/\/vaninahenry.com\/de\/wp-json\/wp\/v2\/product_brand?post=138166"},{"taxonomy":"product_cat","embeddable":true,"href":"https:\/\/vaninahenry.com\/de\/wp-json\/wp\/v2\/product_cat?post=138166"},{"taxonomy":"product_tag","embeddable":true,"href":"https:\/\/vaninahenry.com\/de\/wp-json\/wp\/v2\/product_tag?post=138166"}],"curies":[{"name":"wp","href":"https:\/\/api.w.org\/{rel}","templated":true}]}}