{"id":136451,"date":"2025-12-02T13:46:55","date_gmt":"2025-12-02T12:46:55","guid":{"rendered":"https:\/\/vaninahenry.com\/?post_type=product&#038;p=136451"},"modified":"2025-12-02T13:50:56","modified_gmt":"2025-12-02T12:50:56","slug":"eclipse-wandleuchten","status":"publish","type":"product","link":"https:\/\/vaninahenry.com\/de\/produkt\/eclipse-wandleuchten\/","title":{"rendered":"\u00c9clipse &#8211; Wandleuchten"},"content":{"rendered":"<p>s<\/p>\n","protected":false},"excerpt":{"rendered":"<p><img decoding=\"async\" class=\"alignnone wp-image-100090 size-large\" src=\"https:\/\/vaninahenry.com\/wp-content\/uploads\/2022\/09\/cvl_eclipse-filaires-1024x503.jpg\" alt=\"\" width=\"1024\" height=\"503\" \/><\/p>\n<p>En standard, le petit disque au centre du produit sera toujours en finition polie.<\/p>\n<p><img decoding=\"async\" class=\"alignleft wp-image-31581\" src=\"https:\/\/vaninahenry.com\/wp-content\/uploads\/2021\/03\/2021_fiche-cvl-arborescence.-pdf-e1630492769596.jpg\" alt=\"\" width=\"580\" height=\"399\" \/><\/p>\n<p>&nbsp;<\/p>\n<p><span style=\"color: #9a7541;\"><strong>Nuancier<\/strong><\/span><br \/>\n1. Satin Brass &#8211; Satin\u00e9<br \/>\n2. Satin Graphite &#8211; Satin\u00e9<br \/>\n3. Satin Nickel &#8211; Satin\u00e9<br \/>\n4. Satin Copper &#8211; Satin\u00e9<br \/>\n5. Polished Brass\u00a0 &#8211; Polis<br \/>\n6. Polished Graphite &#8211; Polis<br \/>\n7. Polished Nickel &#8211; Polis<br \/>\n8. Polished Copper &#8211; Polis<\/p>\n<p>&nbsp;<\/p>\n<p><a href=\"https:\/\/vaninahenry.com\/contact\/\"><strong>Contactez-nous\u00a0<\/strong>pour commander des diff\u00e9rentes combinaisons de finitions.<\/a><\/p>\n<p><a href=\"https:\/\/vaninahenry.com\/marque\/cvl-luminaires\/\"><span style=\"color: #9a7541;\">En savoir plus sur CVL<\/span><\/a><\/p>\n<p>&nbsp;<\/p>\n","protected":false},"featured_media":135802,"template":"","meta":{"_acf_changed":false,"inline_featured_image":false},"product_brand":[],"product_cat":[392],"product_tag":[],"class_list":{"0":"post-136451","1":"product","2":"type-product","3":"status-publish","4":"has-post-thumbnail","6":"product_cat-beleuchtungen","7":"product_shipping_class-cvl-de","9":"first","10":"instock","11":"taxable","12":"shipping-taxable","13":"purchasable","14":"product-type-variable"},"acf":[],"yoast_head":"<!-- This site is optimized with the Yoast SEO plugin v26.7 - https:\/\/yoast.com\/wordpress\/plugins\/seo\/ -->\n<title>\u00c9clipse - Wandleuchten - Vanina Henry<\/title>\n<meta name=\"robots\" content=\"index, follow, max-snippet:-1, max-image-preview:large, max-video-preview:-1\" \/>\n<link rel=\"canonical\" href=\"https:\/\/vaninahenry.com\/produkt\/eclipse-appliques\/\" \/>\n<meta property=\"og:locale\" content=\"de_DE\" \/>\n<meta property=\"og:type\" content=\"article\" \/>\n<meta property=\"og:title\" content=\"\u00c9clipse - Wandleuchten - Vanina Henry\" \/>\n<meta property=\"og:description\" content=\"En standard, le petit disque au centre du produit sera toujours en finition polie.    &nbsp;  Nuancier 1. Satin Brass - Satin\u00e9 2. Satin Graphite - Satin\u00e9 3. Satin Nickel - Satin\u00e9 4. Satin Copper - Satin\u00e9 5. Polished Brass\u00a0 - Polis 6. Polished Graphite - Polis 7. Polished Nickel - Polis 8. Polished Copper - Polis  &nbsp;  Contactez-nous\u00a0pour commander des diff\u00e9rentes combinaisons de finitions.  En savoir plus sur CVL  &nbsp;\" \/>\n<meta property=\"og:url\" content=\"https:\/\/vaninahenry.com\/produkt\/eclipse-appliques\/\" \/>\n<meta property=\"og:site_name\" content=\"Vanina Henry\" \/>\n<meta property=\"article:publisher\" content=\"https:\/\/www.facebook.com\/designbyvaninahenry\" \/>\n<meta property=\"article:modified_time\" content=\"2025-12-02T12:50:56+00:00\" \/>\n<meta property=\"og:image\" content=\"https:\/\/vaninahenry.com\/wp-content\/uploads\/2025\/12\/CVL-MO-2016-22-scaled-1.jpg\" \/>\n\t<meta property=\"og:image:width\" content=\"1709\" \/>\n\t<meta property=\"og:image:height\" content=\"2560\" \/>\n\t<meta property=\"og:image:type\" content=\"image\/jpeg\" \/>\n<meta name=\"twitter:card\" content=\"summary_large_image\" \/>\n<meta name=\"twitter:label1\" content=\"Gesch\u00e4tzte Lesezeit\" \/>\n\t<meta name=\"twitter:data1\" content=\"1\u00a0Minute\" \/>\n<script type=\"application\/ld+json\" class=\"yoast-schema-graph\">{\"@context\":\"https:\/\/schema.org\",\"@graph\":[{\"@type\":\"WebPage\",\"@id\":\"https:\/\/vaninahenry.com\/produkt\/eclipse-appliques\/\",\"url\":\"https:\/\/vaninahenry.com\/produkt\/eclipse-appliques\/\",\"name\":\"\u00c9clipse - Wandleuchten - Vanina Henry\",\"isPartOf\":{\"@id\":\"https:\/\/vaninahenry.com\/#website\"},\"primaryImageOfPage\":{\"@id\":\"https:\/\/vaninahenry.com\/produkt\/eclipse-appliques\/#primaryimage\"},\"image\":{\"@id\":\"https:\/\/vaninahenry.com\/produkt\/eclipse-appliques\/#primaryimage\"},\"thumbnailUrl\":\"https:\/\/vaninahenry.com\/wp-content\/uploads\/2025\/12\/CVL-MO-2016-22-scaled-1.jpg\",\"datePublished\":\"2025-12-02T12:46:55+00:00\",\"dateModified\":\"2025-12-02T12:50:56+00:00\",\"breadcrumb\":{\"@id\":\"https:\/\/vaninahenry.com\/produkt\/eclipse-appliques\/#breadcrumb\"},\"inLanguage\":\"de\",\"potentialAction\":[{\"@type\":\"ReadAction\",\"target\":[\"https:\/\/vaninahenry.com\/produkt\/eclipse-appliques\/\"]}]},{\"@type\":\"ImageObject\",\"inLanguage\":\"de\",\"@id\":\"https:\/\/vaninahenry.com\/produkt\/eclipse-appliques\/#primaryimage\",\"url\":\"https:\/\/vaninahenry.com\/wp-content\/uploads\/2025\/12\/CVL-MO-2016-22-scaled-1.jpg\",\"contentUrl\":\"https:\/\/vaninahenry.com\/wp-content\/uploads\/2025\/12\/CVL-MO-2016-22-scaled-1.jpg\",\"width\":1709,\"height\":2560},{\"@type\":\"BreadcrumbList\",\"@id\":\"https:\/\/vaninahenry.com\/produkt\/eclipse-appliques\/#breadcrumb\",\"itemListElement\":[{\"@type\":\"ListItem\",\"position\":1,\"name\":\"Accueil\",\"item\":\"https:\/\/vaninahenry.com\/de\/\"},{\"@type\":\"ListItem\",\"position\":2,\"name\":\"Shop\",\"item\":\"https:\/\/vaninahenry.com\/boutique\/\"},{\"@type\":\"ListItem\",\"position\":3,\"name\":\"\u00c9clipse &#8211; Wandleuchten\"}]},{\"@type\":\"WebSite\",\"@id\":\"https:\/\/vaninahenry.com\/#website\",\"url\":\"https:\/\/vaninahenry.com\/\",\"name\":\"Vanina Henry\",\"description\":\"\",\"publisher\":{\"@id\":\"https:\/\/vaninahenry.com\/#organization\"},\"potentialAction\":[{\"@type\":\"SearchAction\",\"target\":{\"@type\":\"EntryPoint\",\"urlTemplate\":\"https:\/\/vaninahenry.com\/?s={search_term_string}\"},\"query-input\":{\"@type\":\"PropertyValueSpecification\",\"valueRequired\":true,\"valueName\":\"search_term_string\"}}],\"inLanguage\":\"de\"},{\"@type\":\"Organization\",\"@id\":\"https:\/\/vaninahenry.com\/#organization\",\"name\":\"Vanina Henry\",\"url\":\"https:\/\/vaninahenry.com\/\",\"logo\":{\"@type\":\"ImageObject\",\"inLanguage\":\"de\",\"@id\":\"https:\/\/vaninahenry.com\/#\/schema\/logo\/image\/\",\"url\":\"http:\/\/vaninahenry.com\/wp-content\/uploads\/2021\/10\/Logo-design-by-VaninaHenry.png\",\"contentUrl\":\"http:\/\/vaninahenry.com\/wp-content\/uploads\/2021\/10\/Logo-design-by-VaninaHenry.png\",\"width\":711,\"height\":467,\"caption\":\"Vanina Henry\"},\"image\":{\"@id\":\"https:\/\/vaninahenry.com\/#\/schema\/logo\/image\/\"},\"sameAs\":[\"https:\/\/www.facebook.com\/designbyvaninahenry\",\"https:\/\/www.instagram.com\/vaninahenry\/\"]}]}<\/script>\n<!-- \/ Yoast SEO plugin. -->","yoast_head_json":{"title":"\u00c9clipse - Wandleuchten - Vanina Henry","robots":{"index":"index","follow":"follow","max-snippet":"max-snippet:-1","max-image-preview":"max-image-preview:large","max-video-preview":"max-video-preview:-1"},"canonical":"https:\/\/vaninahenry.com\/produkt\/eclipse-appliques\/","og_locale":"de_DE","og_type":"article","og_title":"\u00c9clipse - Wandleuchten - Vanina Henry","og_description":"En standard, le petit disque au centre du produit sera toujours en finition polie.    &nbsp;  Nuancier 1. Satin Brass - Satin\u00e9 2. Satin Graphite - Satin\u00e9 3. Satin Nickel - Satin\u00e9 4. Satin Copper - Satin\u00e9 5. Polished Brass\u00a0 - Polis 6. Polished Graphite - Polis 7. Polished Nickel - Polis 8. Polished Copper - Polis  &nbsp;  Contactez-nous\u00a0pour commander des diff\u00e9rentes combinaisons de finitions.  En savoir plus sur CVL  &nbsp;","og_url":"https:\/\/vaninahenry.com\/produkt\/eclipse-appliques\/","og_site_name":"Vanina Henry","article_publisher":"https:\/\/www.facebook.com\/designbyvaninahenry","article_modified_time":"2025-12-02T12:50:56+00:00","og_image":[{"width":1709,"height":2560,"url":"https:\/\/vaninahenry.com\/wp-content\/uploads\/2025\/12\/CVL-MO-2016-22-scaled-1.jpg","type":"image\/jpeg"}],"twitter_card":"summary_large_image","twitter_misc":{"Gesch\u00e4tzte Lesezeit":"1\u00a0Minute"},"schema":{"@context":"https:\/\/schema.org","@graph":[{"@type":"WebPage","@id":"https:\/\/vaninahenry.com\/produkt\/eclipse-appliques\/","url":"https:\/\/vaninahenry.com\/produkt\/eclipse-appliques\/","name":"\u00c9clipse - Wandleuchten - Vanina Henry","isPartOf":{"@id":"https:\/\/vaninahenry.com\/#website"},"primaryImageOfPage":{"@id":"https:\/\/vaninahenry.com\/produkt\/eclipse-appliques\/#primaryimage"},"image":{"@id":"https:\/\/vaninahenry.com\/produkt\/eclipse-appliques\/#primaryimage"},"thumbnailUrl":"https:\/\/vaninahenry.com\/wp-content\/uploads\/2025\/12\/CVL-MO-2016-22-scaled-1.jpg","datePublished":"2025-12-02T12:46:55+00:00","dateModified":"2025-12-02T12:50:56+00:00","breadcrumb":{"@id":"https:\/\/vaninahenry.com\/produkt\/eclipse-appliques\/#breadcrumb"},"inLanguage":"de","potentialAction":[{"@type":"ReadAction","target":["https:\/\/vaninahenry.com\/produkt\/eclipse-appliques\/"]}]},{"@type":"ImageObject","inLanguage":"de","@id":"https:\/\/vaninahenry.com\/produkt\/eclipse-appliques\/#primaryimage","url":"https:\/\/vaninahenry.com\/wp-content\/uploads\/2025\/12\/CVL-MO-2016-22-scaled-1.jpg","contentUrl":"https:\/\/vaninahenry.com\/wp-content\/uploads\/2025\/12\/CVL-MO-2016-22-scaled-1.jpg","width":1709,"height":2560},{"@type":"BreadcrumbList","@id":"https:\/\/vaninahenry.com\/produkt\/eclipse-appliques\/#breadcrumb","itemListElement":[{"@type":"ListItem","position":1,"name":"Accueil","item":"https:\/\/vaninahenry.com\/de\/"},{"@type":"ListItem","position":2,"name":"Shop","item":"https:\/\/vaninahenry.com\/boutique\/"},{"@type":"ListItem","position":3,"name":"\u00c9clipse &#8211; Wandleuchten"}]},{"@type":"WebSite","@id":"https:\/\/vaninahenry.com\/#website","url":"https:\/\/vaninahenry.com\/","name":"Vanina Henry","description":"","publisher":{"@id":"https:\/\/vaninahenry.com\/#organization"},"potentialAction":[{"@type":"SearchAction","target":{"@type":"EntryPoint","urlTemplate":"https:\/\/vaninahenry.com\/?s={search_term_string}"},"query-input":{"@type":"PropertyValueSpecification","valueRequired":true,"valueName":"search_term_string"}}],"inLanguage":"de"},{"@type":"Organization","@id":"https:\/\/vaninahenry.com\/#organization","name":"Vanina Henry","url":"https:\/\/vaninahenry.com\/","logo":{"@type":"ImageObject","inLanguage":"de","@id":"https:\/\/vaninahenry.com\/#\/schema\/logo\/image\/","url":"http:\/\/vaninahenry.com\/wp-content\/uploads\/2021\/10\/Logo-design-by-VaninaHenry.png","contentUrl":"http:\/\/vaninahenry.com\/wp-content\/uploads\/2021\/10\/Logo-design-by-VaninaHenry.png","width":711,"height":467,"caption":"Vanina Henry"},"image":{"@id":"https:\/\/vaninahenry.com\/#\/schema\/logo\/image\/"},"sameAs":["https:\/\/www.facebook.com\/designbyvaninahenry","https:\/\/www.instagram.com\/vaninahenry\/"]}]}},"_links":{"self":[{"href":"https:\/\/vaninahenry.com\/de\/wp-json\/wp\/v2\/product\/136451","targetHints":{"allow":["GET"]}}],"collection":[{"href":"https:\/\/vaninahenry.com\/de\/wp-json\/wp\/v2\/product"}],"about":[{"href":"https:\/\/vaninahenry.com\/de\/wp-json\/wp\/v2\/types\/product"}],"wp:featuredmedia":[{"embeddable":true,"href":"https:\/\/vaninahenry.com\/de\/wp-json\/wp\/v2\/media\/135802"}],"wp:attachment":[{"href":"https:\/\/vaninahenry.com\/de\/wp-json\/wp\/v2\/media?parent=136451"}],"wp:term":[{"taxonomy":"product_brand","embeddable":true,"href":"https:\/\/vaninahenry.com\/de\/wp-json\/wp\/v2\/product_brand?post=136451"},{"taxonomy":"product_cat","embeddable":true,"href":"https:\/\/vaninahenry.com\/de\/wp-json\/wp\/v2\/product_cat?post=136451"},{"taxonomy":"product_tag","embeddable":true,"href":"https:\/\/vaninahenry.com\/de\/wp-json\/wp\/v2\/product_tag?post=136451"}],"curies":[{"name":"wp","href":"https:\/\/api.w.org\/{rel}","templated":true}]}}