{"id":135609,"date":"2025-12-02T13:22:25","date_gmt":"2025-12-02T12:22:25","guid":{"rendered":"https:\/\/vaninahenry.com\/?post_type=product&#038;p=135609"},"modified":"2025-12-02T13:23:22","modified_gmt":"2025-12-02T12:23:22","slug":"diego-et-frida-safran-outdoor","status":"publish","type":"product","link":"https:\/\/vaninahenry.com\/de\/produkt\/diego-et-frida-safran-outdoor\/","title":{"rendered":"DIEGO ET FRIDA &#8211; Safran Outdoor"},"content":{"rendered":"","protected":false},"excerpt":{"rendered":"<p>Farbe: Safran<\/p>\n<p>Zusammensetzung: 100% PET mit Latexr\u00fccken<\/p>\n<p>Teppich f\u00fcr innen und au\u00dfen<\/p>\n<p>Aufgrund der Beschaffenheit der verwendeten Fasern und des handgefertigten, vollst\u00e4ndig handgefertigten Produkts k\u00f6nnen leichte Abweichungen in Aussehen und Farbton auftreten.<\/p>\n<p><span style=\"color: #9a7541;\"><a style=\"color: #9a7541;\" href=\"https:\/\/vaninahenry.com\/marque\/elitis\/?lang=de\" target=\"_blank\" rel=\"noopener\">Mehr \u00fcber \u00c9litis<\/a><\/span><\/p>\n","protected":false},"featured_media":135534,"template":"","meta":{"_acf_changed":false,"inline_featured_image":false},"product_brand":[],"product_cat":[397,398],"product_tag":[],"class_list":{"0":"post-135609","1":"product","2":"type-product","3":"status-publish","4":"has-post-thumbnail","6":"product_cat-outdoor-de","7":"product_cat-teppich","8":"product_shipping_class-elitis-de","10":"first","11":"instock","12":"taxable","13":"shipping-taxable","14":"product-type-variable"},"acf":[],"yoast_head":"<!-- This site is optimized with the Yoast SEO plugin v26.7 - https:\/\/yoast.com\/wordpress\/plugins\/seo\/ -->\n<title>DIEGO ET FRIDA - Safran Outdoor - Vanina Henry<\/title>\n<meta name=\"robots\" content=\"index, follow, max-snippet:-1, max-image-preview:large, max-video-preview:-1\" \/>\n<link rel=\"canonical\" href=\"https:\/\/vaninahenry.com\/produkt\/diego-et-frida-safran-outdoor\/\" \/>\n<meta property=\"og:locale\" content=\"de_DE\" \/>\n<meta property=\"og:type\" content=\"article\" \/>\n<meta property=\"og:title\" content=\"DIEGO ET FRIDA - Safran Outdoor - Vanina Henry\" \/>\n<meta property=\"og:description\" content=\"Farbe: Safran  Zusammensetzung: 100% PET mit Latexr\u00fccken  Teppich f\u00fcr innen und au\u00dfen  Aufgrund der Beschaffenheit der verwendeten Fasern und des handgefertigten, vollst\u00e4ndig handgefertigten Produkts k\u00f6nnen leichte Abweichungen in Aussehen und Farbton auftreten.  Mehr \u00fcber \u00c9litis\" \/>\n<meta property=\"og:url\" content=\"https:\/\/vaninahenry.com\/produkt\/diego-et-frida-safran-outdoor\/\" \/>\n<meta property=\"og:site_name\" content=\"Vanina Henry\" \/>\n<meta property=\"article:publisher\" content=\"https:\/\/www.facebook.com\/designbyvaninahenry\" \/>\n<meta property=\"article:modified_time\" content=\"2025-12-02T12:23:22+00:00\" \/>\n<meta property=\"og:image\" content=\"https:\/\/vaninahenry.com\/wp-content\/uploads\/2025\/12\/TA_128_26_04_A.jpg\" \/>\n\t<meta property=\"og:image:width\" content=\"1200\" \/>\n\t<meta property=\"og:image:height\" content=\"875\" \/>\n\t<meta property=\"og:image:type\" content=\"image\/jpeg\" \/>\n<meta name=\"twitter:card\" content=\"summary_large_image\" \/>\n<script type=\"application\/ld+json\" class=\"yoast-schema-graph\">{\"@context\":\"https:\/\/schema.org\",\"@graph\":[{\"@type\":\"WebPage\",\"@id\":\"https:\/\/vaninahenry.com\/produkt\/diego-et-frida-safran-outdoor\/\",\"url\":\"https:\/\/vaninahenry.com\/produkt\/diego-et-frida-safran-outdoor\/\",\"name\":\"DIEGO ET FRIDA - Safran Outdoor - Vanina Henry\",\"isPartOf\":{\"@id\":\"https:\/\/vaninahenry.com\/#website\"},\"primaryImageOfPage\":{\"@id\":\"https:\/\/vaninahenry.com\/produkt\/diego-et-frida-safran-outdoor\/#primaryimage\"},\"image\":{\"@id\":\"https:\/\/vaninahenry.com\/produkt\/diego-et-frida-safran-outdoor\/#primaryimage\"},\"thumbnailUrl\":\"https:\/\/vaninahenry.com\/wp-content\/uploads\/2025\/12\/TA_128_26_04_A.jpg\",\"datePublished\":\"2025-12-02T12:22:25+00:00\",\"dateModified\":\"2025-12-02T12:23:22+00:00\",\"breadcrumb\":{\"@id\":\"https:\/\/vaninahenry.com\/produkt\/diego-et-frida-safran-outdoor\/#breadcrumb\"},\"inLanguage\":\"de\",\"potentialAction\":[{\"@type\":\"ReadAction\",\"target\":[\"https:\/\/vaninahenry.com\/produkt\/diego-et-frida-safran-outdoor\/\"]}]},{\"@type\":\"ImageObject\",\"inLanguage\":\"de\",\"@id\":\"https:\/\/vaninahenry.com\/produkt\/diego-et-frida-safran-outdoor\/#primaryimage\",\"url\":\"https:\/\/vaninahenry.com\/wp-content\/uploads\/2025\/12\/TA_128_26_04_A.jpg\",\"contentUrl\":\"https:\/\/vaninahenry.com\/wp-content\/uploads\/2025\/12\/TA_128_26_04_A.jpg\",\"width\":1200,\"height\":875},{\"@type\":\"BreadcrumbList\",\"@id\":\"https:\/\/vaninahenry.com\/produkt\/diego-et-frida-safran-outdoor\/#breadcrumb\",\"itemListElement\":[{\"@type\":\"ListItem\",\"position\":1,\"name\":\"Accueil\",\"item\":\"https:\/\/vaninahenry.com\/de\/\"},{\"@type\":\"ListItem\",\"position\":2,\"name\":\"Shop\",\"item\":\"https:\/\/vaninahenry.com\/boutique\/\"},{\"@type\":\"ListItem\",\"position\":3,\"name\":\"DIEGO ET FRIDA &#8211; Safran Outdoor\"}]},{\"@type\":\"WebSite\",\"@id\":\"https:\/\/vaninahenry.com\/#website\",\"url\":\"https:\/\/vaninahenry.com\/\",\"name\":\"Vanina Henry\",\"description\":\"\",\"publisher\":{\"@id\":\"https:\/\/vaninahenry.com\/#organization\"},\"potentialAction\":[{\"@type\":\"SearchAction\",\"target\":{\"@type\":\"EntryPoint\",\"urlTemplate\":\"https:\/\/vaninahenry.com\/?s={search_term_string}\"},\"query-input\":{\"@type\":\"PropertyValueSpecification\",\"valueRequired\":true,\"valueName\":\"search_term_string\"}}],\"inLanguage\":\"de\"},{\"@type\":\"Organization\",\"@id\":\"https:\/\/vaninahenry.com\/#organization\",\"name\":\"Vanina Henry\",\"url\":\"https:\/\/vaninahenry.com\/\",\"logo\":{\"@type\":\"ImageObject\",\"inLanguage\":\"de\",\"@id\":\"https:\/\/vaninahenry.com\/#\/schema\/logo\/image\/\",\"url\":\"http:\/\/vaninahenry.com\/wp-content\/uploads\/2021\/10\/Logo-design-by-VaninaHenry.png\",\"contentUrl\":\"http:\/\/vaninahenry.com\/wp-content\/uploads\/2021\/10\/Logo-design-by-VaninaHenry.png\",\"width\":711,\"height\":467,\"caption\":\"Vanina Henry\"},\"image\":{\"@id\":\"https:\/\/vaninahenry.com\/#\/schema\/logo\/image\/\"},\"sameAs\":[\"https:\/\/www.facebook.com\/designbyvaninahenry\",\"https:\/\/www.instagram.com\/vaninahenry\/\"]}]}<\/script>\n<!-- \/ Yoast SEO plugin. -->","yoast_head_json":{"title":"DIEGO ET FRIDA - Safran Outdoor - Vanina Henry","robots":{"index":"index","follow":"follow","max-snippet":"max-snippet:-1","max-image-preview":"max-image-preview:large","max-video-preview":"max-video-preview:-1"},"canonical":"https:\/\/vaninahenry.com\/produkt\/diego-et-frida-safran-outdoor\/","og_locale":"de_DE","og_type":"article","og_title":"DIEGO ET FRIDA - Safran Outdoor - Vanina Henry","og_description":"Farbe: Safran  Zusammensetzung: 100% PET mit Latexr\u00fccken  Teppich f\u00fcr innen und au\u00dfen  Aufgrund der Beschaffenheit der verwendeten Fasern und des handgefertigten, vollst\u00e4ndig handgefertigten Produkts k\u00f6nnen leichte Abweichungen in Aussehen und Farbton auftreten.  Mehr \u00fcber \u00c9litis","og_url":"https:\/\/vaninahenry.com\/produkt\/diego-et-frida-safran-outdoor\/","og_site_name":"Vanina Henry","article_publisher":"https:\/\/www.facebook.com\/designbyvaninahenry","article_modified_time":"2025-12-02T12:23:22+00:00","og_image":[{"width":1200,"height":875,"url":"https:\/\/vaninahenry.com\/wp-content\/uploads\/2025\/12\/TA_128_26_04_A.jpg","type":"image\/jpeg"}],"twitter_card":"summary_large_image","schema":{"@context":"https:\/\/schema.org","@graph":[{"@type":"WebPage","@id":"https:\/\/vaninahenry.com\/produkt\/diego-et-frida-safran-outdoor\/","url":"https:\/\/vaninahenry.com\/produkt\/diego-et-frida-safran-outdoor\/","name":"DIEGO ET FRIDA - Safran Outdoor - Vanina Henry","isPartOf":{"@id":"https:\/\/vaninahenry.com\/#website"},"primaryImageOfPage":{"@id":"https:\/\/vaninahenry.com\/produkt\/diego-et-frida-safran-outdoor\/#primaryimage"},"image":{"@id":"https:\/\/vaninahenry.com\/produkt\/diego-et-frida-safran-outdoor\/#primaryimage"},"thumbnailUrl":"https:\/\/vaninahenry.com\/wp-content\/uploads\/2025\/12\/TA_128_26_04_A.jpg","datePublished":"2025-12-02T12:22:25+00:00","dateModified":"2025-12-02T12:23:22+00:00","breadcrumb":{"@id":"https:\/\/vaninahenry.com\/produkt\/diego-et-frida-safran-outdoor\/#breadcrumb"},"inLanguage":"de","potentialAction":[{"@type":"ReadAction","target":["https:\/\/vaninahenry.com\/produkt\/diego-et-frida-safran-outdoor\/"]}]},{"@type":"ImageObject","inLanguage":"de","@id":"https:\/\/vaninahenry.com\/produkt\/diego-et-frida-safran-outdoor\/#primaryimage","url":"https:\/\/vaninahenry.com\/wp-content\/uploads\/2025\/12\/TA_128_26_04_A.jpg","contentUrl":"https:\/\/vaninahenry.com\/wp-content\/uploads\/2025\/12\/TA_128_26_04_A.jpg","width":1200,"height":875},{"@type":"BreadcrumbList","@id":"https:\/\/vaninahenry.com\/produkt\/diego-et-frida-safran-outdoor\/#breadcrumb","itemListElement":[{"@type":"ListItem","position":1,"name":"Accueil","item":"https:\/\/vaninahenry.com\/de\/"},{"@type":"ListItem","position":2,"name":"Shop","item":"https:\/\/vaninahenry.com\/boutique\/"},{"@type":"ListItem","position":3,"name":"DIEGO ET FRIDA &#8211; Safran Outdoor"}]},{"@type":"WebSite","@id":"https:\/\/vaninahenry.com\/#website","url":"https:\/\/vaninahenry.com\/","name":"Vanina Henry","description":"","publisher":{"@id":"https:\/\/vaninahenry.com\/#organization"},"potentialAction":[{"@type":"SearchAction","target":{"@type":"EntryPoint","urlTemplate":"https:\/\/vaninahenry.com\/?s={search_term_string}"},"query-input":{"@type":"PropertyValueSpecification","valueRequired":true,"valueName":"search_term_string"}}],"inLanguage":"de"},{"@type":"Organization","@id":"https:\/\/vaninahenry.com\/#organization","name":"Vanina Henry","url":"https:\/\/vaninahenry.com\/","logo":{"@type":"ImageObject","inLanguage":"de","@id":"https:\/\/vaninahenry.com\/#\/schema\/logo\/image\/","url":"http:\/\/vaninahenry.com\/wp-content\/uploads\/2021\/10\/Logo-design-by-VaninaHenry.png","contentUrl":"http:\/\/vaninahenry.com\/wp-content\/uploads\/2021\/10\/Logo-design-by-VaninaHenry.png","width":711,"height":467,"caption":"Vanina Henry"},"image":{"@id":"https:\/\/vaninahenry.com\/#\/schema\/logo\/image\/"},"sameAs":["https:\/\/www.facebook.com\/designbyvaninahenry","https:\/\/www.instagram.com\/vaninahenry\/"]}]}},"_links":{"self":[{"href":"https:\/\/vaninahenry.com\/de\/wp-json\/wp\/v2\/product\/135609","targetHints":{"allow":["GET"]}}],"collection":[{"href":"https:\/\/vaninahenry.com\/de\/wp-json\/wp\/v2\/product"}],"about":[{"href":"https:\/\/vaninahenry.com\/de\/wp-json\/wp\/v2\/types\/product"}],"wp:featuredmedia":[{"embeddable":true,"href":"https:\/\/vaninahenry.com\/de\/wp-json\/wp\/v2\/media\/135534"}],"wp:attachment":[{"href":"https:\/\/vaninahenry.com\/de\/wp-json\/wp\/v2\/media?parent=135609"}],"wp:term":[{"taxonomy":"product_brand","embeddable":true,"href":"https:\/\/vaninahenry.com\/de\/wp-json\/wp\/v2\/product_brand?post=135609"},{"taxonomy":"product_cat","embeddable":true,"href":"https:\/\/vaninahenry.com\/de\/wp-json\/wp\/v2\/product_cat?post=135609"},{"taxonomy":"product_tag","embeddable":true,"href":"https:\/\/vaninahenry.com\/de\/wp-json\/wp\/v2\/product_tag?post=135609"}],"curies":[{"name":"wp","href":"https:\/\/api.w.org\/{rel}","templated":true}]}}