{"id":135420,"date":"2025-12-02T12:53:11","date_gmt":"2025-12-02T11:53:11","guid":{"rendered":"https:\/\/vaninahenry.com\/?post_type=product&#038;p=135420"},"modified":"2025-12-02T12:57:29","modified_gmt":"2025-12-02T11:57:29","slug":"bios-lucid-set","status":"publish","type":"product","link":"https:\/\/vaninahenry.com\/de\/produkt\/bios-lucid-set\/","title":{"rendered":"Bios Lucid set"},"content":{"rendered":"<p><strong>H\u00e4ngende Liege<\/strong><\/p>\n<ul>\n<li>Aus Lava (vulkanischer Basalt) hergestellt.<\/li>\n<li>Tragf\u00e4higkeit: 250 kg.<\/li>\n<li>UV-, salz- und chlorbest\u00e4ndig.<\/li>\n<li>Absorbiert W\u00e4rme und Schall.<\/li>\n<li>Leichtes Gewicht.<\/li>\n<\/ul>\n","protected":false},"excerpt":{"rendered":"<p><strong>Das Set Bios Lucid enth\u00e4lt :<\/strong><\/p>\n<ul>\n<li>Bios Lucid in Schwarz, H:142 B:154 T:95, 18kg.<\/li>\n<li>St\u00e4nder S in schwarz, H:210 Basis: 150x180cm, 70kg.<\/li>\n<li>Kissen S, 120x100x12cm, 11kg.<\/li>\n<li>Lucid Bios-Decke<\/li>\n<\/ul>\n<p>&nbsp;<\/p>\n<p>Jedes M\u00f6belst\u00fcck wird von Hand gefertigt. Daher k\u00f6nnen die Ma\u00dfe, das Gewicht, die Farbe, die Struktur und das Muster jedes M\u00f6belst\u00fccks variieren.<\/p>\n<p><span style=\"color: #9a7541\">Bios Lucid <\/span>kann auch einzeln verkauft werden. Wenn Sie nur einen Gegenstand aus diesem Set ben\u00f6tigen,<a href=\"https:\/\/vaninahenry.com\/de\/kontakt\/\"><span style=\"color: #9a7541\"><strong> kontaktieren Sie uns bitte.<\/strong><\/span><\/a><\/p>\n<p>&nbsp;<\/p>\n<p><a href=\"https:\/\/vaninahenry.com\/de\/marke\/unknown-nordic\/\"><span style=\"color: #9a7541\">Mehr \u00fcber Unknown Nordic<\/span><\/a><\/p>\n<p>&nbsp;<\/p>\n","protected":false},"featured_media":135066,"template":"","meta":{"_acf_changed":false,"inline_featured_image":false},"product_brand":[],"product_cat":[393,397,3840],"product_tag":[],"class_list":{"0":"post-135420","1":"product","2":"type-product","3":"status-publish","4":"has-post-thumbnail","6":"product_cat-design-moebel","7":"product_cat-outdoor-de","8":"product_cat-promotion","10":"first","11":"instock","12":"sale","13":"taxable","14":"shipping-taxable","15":"purchasable","16":"product-type-variable"},"acf":[],"yoast_head":"<!-- This site is optimized with the Yoast SEO plugin v26.7 - https:\/\/yoast.com\/wordpress\/plugins\/seo\/ -->\n<title>Bios Lucid set - Vanina Henry<\/title>\n<meta name=\"robots\" content=\"index, follow, max-snippet:-1, max-image-preview:large, max-video-preview:-1\" \/>\n<link rel=\"canonical\" href=\"https:\/\/vaninahenry.com\/produkt\/bios-lucid-set\/\" \/>\n<meta property=\"og:locale\" content=\"de_DE\" \/>\n<meta property=\"og:type\" content=\"article\" \/>\n<meta property=\"og:title\" content=\"Bios Lucid set - Vanina Henry\" \/>\n<meta property=\"og:description\" content=\"Das Set Bios Lucid enth\u00e4lt :   Bios Lucid in Schwarz, H:142 B:154 T:95, 18kg.  St\u00e4nder S in schwarz, H:210 Basis: 150x180cm, 70kg.  Kissen S, 120x100x12cm, 11kg.  Lucid Bios-Decke  &nbsp;  Jedes M\u00f6belst\u00fcck wird von Hand gefertigt. Daher k\u00f6nnen die Ma\u00dfe, das Gewicht, die Farbe, die Struktur und das Muster jedes M\u00f6belst\u00fccks variieren.  Bios Lucid kann auch einzeln verkauft werden. Wenn Sie nur einen Gegenstand aus diesem Set ben\u00f6tigen, kontaktieren Sie uns bitte.  &nbsp;  Mehr \u00fcber Unknown Nordic  &nbsp;\" \/>\n<meta property=\"og:url\" content=\"https:\/\/vaninahenry.com\/produkt\/bios-lucid-set\/\" \/>\n<meta property=\"og:site_name\" content=\"Vanina Henry\" \/>\n<meta property=\"article:publisher\" content=\"https:\/\/www.facebook.com\/designbyvaninahenry\" \/>\n<meta property=\"article:modified_time\" content=\"2025-12-02T11:57:29+00:00\" \/>\n<meta property=\"og:image\" content=\"https:\/\/vaninahenry.com\/wp-content\/uploads\/2025\/12\/Bios-Lucid-by-the-sea-day.jpg\" \/>\n\t<meta property=\"og:image:width\" content=\"1300\" \/>\n\t<meta property=\"og:image:height\" content=\"867\" \/>\n\t<meta property=\"og:image:type\" content=\"image\/jpeg\" \/>\n<meta name=\"twitter:card\" content=\"summary_large_image\" \/>\n<meta name=\"twitter:label1\" content=\"Gesch\u00e4tzte Lesezeit\" \/>\n\t<meta name=\"twitter:data1\" content=\"1\u00a0Minute\" \/>\n<script type=\"application\/ld+json\" class=\"yoast-schema-graph\">{\"@context\":\"https:\/\/schema.org\",\"@graph\":[{\"@type\":\"WebPage\",\"@id\":\"https:\/\/vaninahenry.com\/produkt\/bios-lucid-set\/\",\"url\":\"https:\/\/vaninahenry.com\/produkt\/bios-lucid-set\/\",\"name\":\"Bios Lucid set - Vanina Henry\",\"isPartOf\":{\"@id\":\"https:\/\/vaninahenry.com\/#website\"},\"primaryImageOfPage\":{\"@id\":\"https:\/\/vaninahenry.com\/produkt\/bios-lucid-set\/#primaryimage\"},\"image\":{\"@id\":\"https:\/\/vaninahenry.com\/produkt\/bios-lucid-set\/#primaryimage\"},\"thumbnailUrl\":\"https:\/\/vaninahenry.com\/wp-content\/uploads\/2025\/12\/Bios-Lucid-by-the-sea-day.jpg\",\"datePublished\":\"2025-12-02T11:53:11+00:00\",\"dateModified\":\"2025-12-02T11:57:29+00:00\",\"breadcrumb\":{\"@id\":\"https:\/\/vaninahenry.com\/produkt\/bios-lucid-set\/#breadcrumb\"},\"inLanguage\":\"de\",\"potentialAction\":[{\"@type\":\"ReadAction\",\"target\":[\"https:\/\/vaninahenry.com\/produkt\/bios-lucid-set\/\"]}]},{\"@type\":\"ImageObject\",\"inLanguage\":\"de\",\"@id\":\"https:\/\/vaninahenry.com\/produkt\/bios-lucid-set\/#primaryimage\",\"url\":\"https:\/\/vaninahenry.com\/wp-content\/uploads\/2025\/12\/Bios-Lucid-by-the-sea-day.jpg\",\"contentUrl\":\"https:\/\/vaninahenry.com\/wp-content\/uploads\/2025\/12\/Bios-Lucid-by-the-sea-day.jpg\",\"width\":1300,\"height\":867},{\"@type\":\"BreadcrumbList\",\"@id\":\"https:\/\/vaninahenry.com\/produkt\/bios-lucid-set\/#breadcrumb\",\"itemListElement\":[{\"@type\":\"ListItem\",\"position\":1,\"name\":\"Accueil\",\"item\":\"https:\/\/vaninahenry.com\/de\/\"},{\"@type\":\"ListItem\",\"position\":2,\"name\":\"Shop\",\"item\":\"https:\/\/vaninahenry.com\/boutique\/\"},{\"@type\":\"ListItem\",\"position\":3,\"name\":\"Bios Lucid set\"}]},{\"@type\":\"WebSite\",\"@id\":\"https:\/\/vaninahenry.com\/#website\",\"url\":\"https:\/\/vaninahenry.com\/\",\"name\":\"Vanina Henry\",\"description\":\"\",\"publisher\":{\"@id\":\"https:\/\/vaninahenry.com\/#organization\"},\"potentialAction\":[{\"@type\":\"SearchAction\",\"target\":{\"@type\":\"EntryPoint\",\"urlTemplate\":\"https:\/\/vaninahenry.com\/?s={search_term_string}\"},\"query-input\":{\"@type\":\"PropertyValueSpecification\",\"valueRequired\":true,\"valueName\":\"search_term_string\"}}],\"inLanguage\":\"de\"},{\"@type\":\"Organization\",\"@id\":\"https:\/\/vaninahenry.com\/#organization\",\"name\":\"Vanina Henry\",\"url\":\"https:\/\/vaninahenry.com\/\",\"logo\":{\"@type\":\"ImageObject\",\"inLanguage\":\"de\",\"@id\":\"https:\/\/vaninahenry.com\/#\/schema\/logo\/image\/\",\"url\":\"http:\/\/vaninahenry.com\/wp-content\/uploads\/2021\/10\/Logo-design-by-VaninaHenry.png\",\"contentUrl\":\"http:\/\/vaninahenry.com\/wp-content\/uploads\/2021\/10\/Logo-design-by-VaninaHenry.png\",\"width\":711,\"height\":467,\"caption\":\"Vanina Henry\"},\"image\":{\"@id\":\"https:\/\/vaninahenry.com\/#\/schema\/logo\/image\/\"},\"sameAs\":[\"https:\/\/www.facebook.com\/designbyvaninahenry\",\"https:\/\/www.instagram.com\/vaninahenry\/\"]}]}<\/script>\n<!-- \/ Yoast SEO plugin. -->","yoast_head_json":{"title":"Bios Lucid set - Vanina Henry","robots":{"index":"index","follow":"follow","max-snippet":"max-snippet:-1","max-image-preview":"max-image-preview:large","max-video-preview":"max-video-preview:-1"},"canonical":"https:\/\/vaninahenry.com\/produkt\/bios-lucid-set\/","og_locale":"de_DE","og_type":"article","og_title":"Bios Lucid set - Vanina Henry","og_description":"Das Set Bios Lucid enth\u00e4lt :   Bios Lucid in Schwarz, H:142 B:154 T:95, 18kg.  St\u00e4nder S in schwarz, H:210 Basis: 150x180cm, 70kg.  Kissen S, 120x100x12cm, 11kg.  Lucid Bios-Decke  &nbsp;  Jedes M\u00f6belst\u00fcck wird von Hand gefertigt. Daher k\u00f6nnen die Ma\u00dfe, das Gewicht, die Farbe, die Struktur und das Muster jedes M\u00f6belst\u00fccks variieren.  Bios Lucid kann auch einzeln verkauft werden. Wenn Sie nur einen Gegenstand aus diesem Set ben\u00f6tigen, kontaktieren Sie uns bitte.  &nbsp;  Mehr \u00fcber Unknown Nordic  &nbsp;","og_url":"https:\/\/vaninahenry.com\/produkt\/bios-lucid-set\/","og_site_name":"Vanina Henry","article_publisher":"https:\/\/www.facebook.com\/designbyvaninahenry","article_modified_time":"2025-12-02T11:57:29+00:00","og_image":[{"width":1300,"height":867,"url":"https:\/\/vaninahenry.com\/wp-content\/uploads\/2025\/12\/Bios-Lucid-by-the-sea-day.jpg","type":"image\/jpeg"}],"twitter_card":"summary_large_image","twitter_misc":{"Gesch\u00e4tzte Lesezeit":"1\u00a0Minute"},"schema":{"@context":"https:\/\/schema.org","@graph":[{"@type":"WebPage","@id":"https:\/\/vaninahenry.com\/produkt\/bios-lucid-set\/","url":"https:\/\/vaninahenry.com\/produkt\/bios-lucid-set\/","name":"Bios Lucid set - Vanina Henry","isPartOf":{"@id":"https:\/\/vaninahenry.com\/#website"},"primaryImageOfPage":{"@id":"https:\/\/vaninahenry.com\/produkt\/bios-lucid-set\/#primaryimage"},"image":{"@id":"https:\/\/vaninahenry.com\/produkt\/bios-lucid-set\/#primaryimage"},"thumbnailUrl":"https:\/\/vaninahenry.com\/wp-content\/uploads\/2025\/12\/Bios-Lucid-by-the-sea-day.jpg","datePublished":"2025-12-02T11:53:11+00:00","dateModified":"2025-12-02T11:57:29+00:00","breadcrumb":{"@id":"https:\/\/vaninahenry.com\/produkt\/bios-lucid-set\/#breadcrumb"},"inLanguage":"de","potentialAction":[{"@type":"ReadAction","target":["https:\/\/vaninahenry.com\/produkt\/bios-lucid-set\/"]}]},{"@type":"ImageObject","inLanguage":"de","@id":"https:\/\/vaninahenry.com\/produkt\/bios-lucid-set\/#primaryimage","url":"https:\/\/vaninahenry.com\/wp-content\/uploads\/2025\/12\/Bios-Lucid-by-the-sea-day.jpg","contentUrl":"https:\/\/vaninahenry.com\/wp-content\/uploads\/2025\/12\/Bios-Lucid-by-the-sea-day.jpg","width":1300,"height":867},{"@type":"BreadcrumbList","@id":"https:\/\/vaninahenry.com\/produkt\/bios-lucid-set\/#breadcrumb","itemListElement":[{"@type":"ListItem","position":1,"name":"Accueil","item":"https:\/\/vaninahenry.com\/de\/"},{"@type":"ListItem","position":2,"name":"Shop","item":"https:\/\/vaninahenry.com\/boutique\/"},{"@type":"ListItem","position":3,"name":"Bios Lucid set"}]},{"@type":"WebSite","@id":"https:\/\/vaninahenry.com\/#website","url":"https:\/\/vaninahenry.com\/","name":"Vanina Henry","description":"","publisher":{"@id":"https:\/\/vaninahenry.com\/#organization"},"potentialAction":[{"@type":"SearchAction","target":{"@type":"EntryPoint","urlTemplate":"https:\/\/vaninahenry.com\/?s={search_term_string}"},"query-input":{"@type":"PropertyValueSpecification","valueRequired":true,"valueName":"search_term_string"}}],"inLanguage":"de"},{"@type":"Organization","@id":"https:\/\/vaninahenry.com\/#organization","name":"Vanina Henry","url":"https:\/\/vaninahenry.com\/","logo":{"@type":"ImageObject","inLanguage":"de","@id":"https:\/\/vaninahenry.com\/#\/schema\/logo\/image\/","url":"http:\/\/vaninahenry.com\/wp-content\/uploads\/2021\/10\/Logo-design-by-VaninaHenry.png","contentUrl":"http:\/\/vaninahenry.com\/wp-content\/uploads\/2021\/10\/Logo-design-by-VaninaHenry.png","width":711,"height":467,"caption":"Vanina Henry"},"image":{"@id":"https:\/\/vaninahenry.com\/#\/schema\/logo\/image\/"},"sameAs":["https:\/\/www.facebook.com\/designbyvaninahenry","https:\/\/www.instagram.com\/vaninahenry\/"]}]}},"_links":{"self":[{"href":"https:\/\/vaninahenry.com\/de\/wp-json\/wp\/v2\/product\/135420","targetHints":{"allow":["GET"]}}],"collection":[{"href":"https:\/\/vaninahenry.com\/de\/wp-json\/wp\/v2\/product"}],"about":[{"href":"https:\/\/vaninahenry.com\/de\/wp-json\/wp\/v2\/types\/product"}],"wp:featuredmedia":[{"embeddable":true,"href":"https:\/\/vaninahenry.com\/de\/wp-json\/wp\/v2\/media\/135066"}],"wp:attachment":[{"href":"https:\/\/vaninahenry.com\/de\/wp-json\/wp\/v2\/media?parent=135420"}],"wp:term":[{"taxonomy":"product_brand","embeddable":true,"href":"https:\/\/vaninahenry.com\/de\/wp-json\/wp\/v2\/product_brand?post=135420"},{"taxonomy":"product_cat","embeddable":true,"href":"https:\/\/vaninahenry.com\/de\/wp-json\/wp\/v2\/product_cat?post=135420"},{"taxonomy":"product_tag","embeddable":true,"href":"https:\/\/vaninahenry.com\/de\/wp-json\/wp\/v2\/product_tag?post=135420"}],"curies":[{"name":"wp","href":"https:\/\/api.w.org\/{rel}","templated":true}]}}