{"id":135402,"date":"2025-12-02T12:28:42","date_gmt":"2025-12-02T11:28:42","guid":{"rendered":"https:\/\/vaninahenry.com\/?post_type=product&#038;p=135402"},"modified":"2025-12-02T12:57:20","modified_gmt":"2025-12-02T11:57:20","slug":"bios-hide-set","status":"publish","type":"product","link":"https:\/\/vaninahenry.com\/de\/produkt\/bios-hide-set\/","title":{"rendered":"Bios Hide set"},"content":{"rendered":"<p><strong>H\u00e4ngende Liege<\/strong><\/p>\n<ul>\n<li>Aus Lava (vulkanischer Basalt) hergestellt.<\/li>\n<li>Tragf\u00e4higkeit: 320 kg.<\/li>\n<li>UV-, salz- und chlorbest\u00e4ndig.<\/li>\n<li>Absorbiert W\u00e4rme und Schall.<\/li>\n<li>Leichtes Gewicht.<\/li>\n<\/ul>\n","protected":false},"excerpt":{"rendered":"<p><strong>Das Bios Hide-Set besteht aus :<\/strong><\/p>\n<ul>\n<li>Bios Hide in Schwarz, 185x191x105cm, 30kg.<\/li>\n<li>L-St\u00e4nder in schwarz, H:240 Basis: 150x180cm, 75kg.<\/li>\n<li>Luxe-Kissen, 200x135x20cm, 16kg.<\/li>\n<li>Gro\u00dfes Kissenset (2x 50x50cm) (1x 70x70cm).<\/li>\n<li>Decke Bios Hide.<\/li>\n<\/ul>\n<p>&nbsp;<\/p>\n<p>Jedes M\u00f6belst\u00fcck wird von Hand gefertigt. Daher k\u00f6nnen die Ma\u00dfe, das Gewicht, die Farbe, die Struktur und das Muster jedes M\u00f6belst\u00fccks variieren.<\/p>\n<p>Bios Hide kann auch einzeln verkauft werden. Wenn Sie nur einen Gegenstand aus diesem Set ben\u00f6tigen,<a href=\"https:\/\/vaninahenry.com\/de\/kontakt\/\"><span style=\"color: #9a7541\"><strong> kontaktieren Sie uns bitte.<\/strong><\/span><\/a><\/p>\n<p>&nbsp;<\/p>\n<p><a href=\"https:\/\/vaninahenry.com\/de\/marke\/unknown-nordic\/\"><span style=\"color: #9a7541\">Mehr \u00fcber Unknown Nordic<\/span><\/a><\/p>\n<p>&nbsp;<\/p>\n","protected":false},"featured_media":134881,"template":"","meta":{"_acf_changed":false,"inline_featured_image":false},"product_brand":[],"product_cat":[397,595,3840],"product_tag":[],"class_list":{"0":"post-135402","1":"product","2":"type-product","3":"status-publish","4":"has-post-thumbnail","6":"product_cat-outdoor-de","7":"product_cat-favorit","8":"product_cat-promotion","10":"first","11":"instock","12":"sale","13":"taxable","14":"shipping-taxable","15":"purchasable","16":"product-type-variable"},"acf":[],"yoast_head":"<!-- This site is optimized with the Yoast SEO plugin v26.7 - https:\/\/yoast.com\/wordpress\/plugins\/seo\/ -->\n<title>Bios Hide set - Vanina Henry<\/title>\n<meta name=\"robots\" content=\"index, follow, max-snippet:-1, max-image-preview:large, max-video-preview:-1\" \/>\n<link rel=\"canonical\" href=\"https:\/\/vaninahenry.com\/produkt\/bios-hide-set\/\" \/>\n<meta property=\"og:locale\" content=\"de_DE\" \/>\n<meta property=\"og:type\" content=\"article\" \/>\n<meta property=\"og:title\" content=\"Bios Hide set - Vanina Henry\" \/>\n<meta property=\"og:description\" content=\"Das Bios Hide-Set besteht aus :   Bios Hide in Schwarz, 185x191x105cm, 30kg.  L-St\u00e4nder in schwarz, H:240 Basis: 150x180cm, 75kg.  Luxe-Kissen, 200x135x20cm, 16kg.  Gro\u00dfes Kissenset (2x 50x50cm) (1x 70x70cm).  Decke Bios Hide.  &nbsp;  Jedes M\u00f6belst\u00fcck wird von Hand gefertigt. Daher k\u00f6nnen die Ma\u00dfe, das Gewicht, die Farbe, die Struktur und das Muster jedes M\u00f6belst\u00fccks variieren.  Bios Hide kann auch einzeln verkauft werden. Wenn Sie nur einen Gegenstand aus diesem Set ben\u00f6tigen, kontaktieren Sie uns bitte.  &nbsp;  Mehr \u00fcber Unknown Nordic  &nbsp;\" \/>\n<meta property=\"og:url\" content=\"https:\/\/vaninahenry.com\/produkt\/bios-hide-set\/\" \/>\n<meta property=\"og:site_name\" content=\"Vanina Henry\" \/>\n<meta property=\"article:publisher\" content=\"https:\/\/www.facebook.com\/designbyvaninahenry\" \/>\n<meta property=\"article:modified_time\" content=\"2025-12-02T11:57:20+00:00\" \/>\n<meta property=\"og:image\" content=\"https:\/\/vaninahenry.com\/wp-content\/uploads\/2025\/12\/BIOS-HIDE-on-wooden-deck.jpg\" \/>\n\t<meta property=\"og:image:width\" content=\"1400\" \/>\n\t<meta property=\"og:image:height\" content=\"1332\" \/>\n\t<meta property=\"og:image:type\" content=\"image\/jpeg\" \/>\n<meta name=\"twitter:card\" content=\"summary_large_image\" \/>\n<script type=\"application\/ld+json\" class=\"yoast-schema-graph\">{\"@context\":\"https:\/\/schema.org\",\"@graph\":[{\"@type\":\"WebPage\",\"@id\":\"https:\/\/vaninahenry.com\/produkt\/bios-hide-set\/\",\"url\":\"https:\/\/vaninahenry.com\/produkt\/bios-hide-set\/\",\"name\":\"Bios Hide set - Vanina Henry\",\"isPartOf\":{\"@id\":\"https:\/\/vaninahenry.com\/#website\"},\"primaryImageOfPage\":{\"@id\":\"https:\/\/vaninahenry.com\/produkt\/bios-hide-set\/#primaryimage\"},\"image\":{\"@id\":\"https:\/\/vaninahenry.com\/produkt\/bios-hide-set\/#primaryimage\"},\"thumbnailUrl\":\"https:\/\/vaninahenry.com\/wp-content\/uploads\/2025\/12\/BIOS-HIDE-on-wooden-deck.jpg\",\"datePublished\":\"2025-12-02T11:28:42+00:00\",\"dateModified\":\"2025-12-02T11:57:20+00:00\",\"breadcrumb\":{\"@id\":\"https:\/\/vaninahenry.com\/produkt\/bios-hide-set\/#breadcrumb\"},\"inLanguage\":\"de\",\"potentialAction\":[{\"@type\":\"ReadAction\",\"target\":[\"https:\/\/vaninahenry.com\/produkt\/bios-hide-set\/\"]}]},{\"@type\":\"ImageObject\",\"inLanguage\":\"de\",\"@id\":\"https:\/\/vaninahenry.com\/produkt\/bios-hide-set\/#primaryimage\",\"url\":\"https:\/\/vaninahenry.com\/wp-content\/uploads\/2025\/12\/BIOS-HIDE-on-wooden-deck.jpg\",\"contentUrl\":\"https:\/\/vaninahenry.com\/wp-content\/uploads\/2025\/12\/BIOS-HIDE-on-wooden-deck.jpg\",\"width\":1400,\"height\":1332},{\"@type\":\"BreadcrumbList\",\"@id\":\"https:\/\/vaninahenry.com\/produkt\/bios-hide-set\/#breadcrumb\",\"itemListElement\":[{\"@type\":\"ListItem\",\"position\":1,\"name\":\"Accueil\",\"item\":\"https:\/\/vaninahenry.com\/de\/\"},{\"@type\":\"ListItem\",\"position\":2,\"name\":\"Shop\",\"item\":\"https:\/\/vaninahenry.com\/boutique\/\"},{\"@type\":\"ListItem\",\"position\":3,\"name\":\"Bios Hide set\"}]},{\"@type\":\"WebSite\",\"@id\":\"https:\/\/vaninahenry.com\/#website\",\"url\":\"https:\/\/vaninahenry.com\/\",\"name\":\"Vanina Henry\",\"description\":\"\",\"publisher\":{\"@id\":\"https:\/\/vaninahenry.com\/#organization\"},\"potentialAction\":[{\"@type\":\"SearchAction\",\"target\":{\"@type\":\"EntryPoint\",\"urlTemplate\":\"https:\/\/vaninahenry.com\/?s={search_term_string}\"},\"query-input\":{\"@type\":\"PropertyValueSpecification\",\"valueRequired\":true,\"valueName\":\"search_term_string\"}}],\"inLanguage\":\"de\"},{\"@type\":\"Organization\",\"@id\":\"https:\/\/vaninahenry.com\/#organization\",\"name\":\"Vanina Henry\",\"url\":\"https:\/\/vaninahenry.com\/\",\"logo\":{\"@type\":\"ImageObject\",\"inLanguage\":\"de\",\"@id\":\"https:\/\/vaninahenry.com\/#\/schema\/logo\/image\/\",\"url\":\"http:\/\/vaninahenry.com\/wp-content\/uploads\/2021\/10\/Logo-design-by-VaninaHenry.png\",\"contentUrl\":\"http:\/\/vaninahenry.com\/wp-content\/uploads\/2021\/10\/Logo-design-by-VaninaHenry.png\",\"width\":711,\"height\":467,\"caption\":\"Vanina Henry\"},\"image\":{\"@id\":\"https:\/\/vaninahenry.com\/#\/schema\/logo\/image\/\"},\"sameAs\":[\"https:\/\/www.facebook.com\/designbyvaninahenry\",\"https:\/\/www.instagram.com\/vaninahenry\/\"]}]}<\/script>\n<!-- \/ Yoast SEO plugin. -->","yoast_head_json":{"title":"Bios Hide set - Vanina Henry","robots":{"index":"index","follow":"follow","max-snippet":"max-snippet:-1","max-image-preview":"max-image-preview:large","max-video-preview":"max-video-preview:-1"},"canonical":"https:\/\/vaninahenry.com\/produkt\/bios-hide-set\/","og_locale":"de_DE","og_type":"article","og_title":"Bios Hide set - Vanina Henry","og_description":"Das Bios Hide-Set besteht aus :   Bios Hide in Schwarz, 185x191x105cm, 30kg.  L-St\u00e4nder in schwarz, H:240 Basis: 150x180cm, 75kg.  Luxe-Kissen, 200x135x20cm, 16kg.  Gro\u00dfes Kissenset (2x 50x50cm) (1x 70x70cm).  Decke Bios Hide.  &nbsp;  Jedes M\u00f6belst\u00fcck wird von Hand gefertigt. Daher k\u00f6nnen die Ma\u00dfe, das Gewicht, die Farbe, die Struktur und das Muster jedes M\u00f6belst\u00fccks variieren.  Bios Hide kann auch einzeln verkauft werden. Wenn Sie nur einen Gegenstand aus diesem Set ben\u00f6tigen, kontaktieren Sie uns bitte.  &nbsp;  Mehr \u00fcber Unknown Nordic  &nbsp;","og_url":"https:\/\/vaninahenry.com\/produkt\/bios-hide-set\/","og_site_name":"Vanina Henry","article_publisher":"https:\/\/www.facebook.com\/designbyvaninahenry","article_modified_time":"2025-12-02T11:57:20+00:00","og_image":[{"width":1400,"height":1332,"url":"https:\/\/vaninahenry.com\/wp-content\/uploads\/2025\/12\/BIOS-HIDE-on-wooden-deck.jpg","type":"image\/jpeg"}],"twitter_card":"summary_large_image","schema":{"@context":"https:\/\/schema.org","@graph":[{"@type":"WebPage","@id":"https:\/\/vaninahenry.com\/produkt\/bios-hide-set\/","url":"https:\/\/vaninahenry.com\/produkt\/bios-hide-set\/","name":"Bios Hide set - Vanina Henry","isPartOf":{"@id":"https:\/\/vaninahenry.com\/#website"},"primaryImageOfPage":{"@id":"https:\/\/vaninahenry.com\/produkt\/bios-hide-set\/#primaryimage"},"image":{"@id":"https:\/\/vaninahenry.com\/produkt\/bios-hide-set\/#primaryimage"},"thumbnailUrl":"https:\/\/vaninahenry.com\/wp-content\/uploads\/2025\/12\/BIOS-HIDE-on-wooden-deck.jpg","datePublished":"2025-12-02T11:28:42+00:00","dateModified":"2025-12-02T11:57:20+00:00","breadcrumb":{"@id":"https:\/\/vaninahenry.com\/produkt\/bios-hide-set\/#breadcrumb"},"inLanguage":"de","potentialAction":[{"@type":"ReadAction","target":["https:\/\/vaninahenry.com\/produkt\/bios-hide-set\/"]}]},{"@type":"ImageObject","inLanguage":"de","@id":"https:\/\/vaninahenry.com\/produkt\/bios-hide-set\/#primaryimage","url":"https:\/\/vaninahenry.com\/wp-content\/uploads\/2025\/12\/BIOS-HIDE-on-wooden-deck.jpg","contentUrl":"https:\/\/vaninahenry.com\/wp-content\/uploads\/2025\/12\/BIOS-HIDE-on-wooden-deck.jpg","width":1400,"height":1332},{"@type":"BreadcrumbList","@id":"https:\/\/vaninahenry.com\/produkt\/bios-hide-set\/#breadcrumb","itemListElement":[{"@type":"ListItem","position":1,"name":"Accueil","item":"https:\/\/vaninahenry.com\/de\/"},{"@type":"ListItem","position":2,"name":"Shop","item":"https:\/\/vaninahenry.com\/boutique\/"},{"@type":"ListItem","position":3,"name":"Bios Hide set"}]},{"@type":"WebSite","@id":"https:\/\/vaninahenry.com\/#website","url":"https:\/\/vaninahenry.com\/","name":"Vanina Henry","description":"","publisher":{"@id":"https:\/\/vaninahenry.com\/#organization"},"potentialAction":[{"@type":"SearchAction","target":{"@type":"EntryPoint","urlTemplate":"https:\/\/vaninahenry.com\/?s={search_term_string}"},"query-input":{"@type":"PropertyValueSpecification","valueRequired":true,"valueName":"search_term_string"}}],"inLanguage":"de"},{"@type":"Organization","@id":"https:\/\/vaninahenry.com\/#organization","name":"Vanina Henry","url":"https:\/\/vaninahenry.com\/","logo":{"@type":"ImageObject","inLanguage":"de","@id":"https:\/\/vaninahenry.com\/#\/schema\/logo\/image\/","url":"http:\/\/vaninahenry.com\/wp-content\/uploads\/2021\/10\/Logo-design-by-VaninaHenry.png","contentUrl":"http:\/\/vaninahenry.com\/wp-content\/uploads\/2021\/10\/Logo-design-by-VaninaHenry.png","width":711,"height":467,"caption":"Vanina Henry"},"image":{"@id":"https:\/\/vaninahenry.com\/#\/schema\/logo\/image\/"},"sameAs":["https:\/\/www.facebook.com\/designbyvaninahenry","https:\/\/www.instagram.com\/vaninahenry\/"]}]}},"_links":{"self":[{"href":"https:\/\/vaninahenry.com\/de\/wp-json\/wp\/v2\/product\/135402","targetHints":{"allow":["GET"]}}],"collection":[{"href":"https:\/\/vaninahenry.com\/de\/wp-json\/wp\/v2\/product"}],"about":[{"href":"https:\/\/vaninahenry.com\/de\/wp-json\/wp\/v2\/types\/product"}],"wp:featuredmedia":[{"embeddable":true,"href":"https:\/\/vaninahenry.com\/de\/wp-json\/wp\/v2\/media\/134881"}],"wp:attachment":[{"href":"https:\/\/vaninahenry.com\/de\/wp-json\/wp\/v2\/media?parent=135402"}],"wp:term":[{"taxonomy":"product_brand","embeddable":true,"href":"https:\/\/vaninahenry.com\/de\/wp-json\/wp\/v2\/product_brand?post=135402"},{"taxonomy":"product_cat","embeddable":true,"href":"https:\/\/vaninahenry.com\/de\/wp-json\/wp\/v2\/product_cat?post=135402"},{"taxonomy":"product_tag","embeddable":true,"href":"https:\/\/vaninahenry.com\/de\/wp-json\/wp\/v2\/product_tag?post=135402"}],"curies":[{"name":"wp","href":"https:\/\/api.w.org\/{rel}","templated":true}]}}