{"id":134629,"date":"2025-12-02T10:33:07","date_gmt":"2025-12-02T09:33:07","guid":{"rendered":"https:\/\/vaninahenry.com\/?post_type=product&#038;p=134629"},"modified":"2025-12-02T11:27:32","modified_gmt":"2025-12-02T10:27:32","slug":"balade-en-toscane","status":"publish","type":"product","link":"https:\/\/vaninahenry.com\/de\/produkt\/balade-en-toscane\/","title":{"rendered":"Balade en toscane"},"content":{"rendered":"<p>Rouleau: 0,7m par 10m.<\/p>\n<p>Composition: Support non tiss\u00e9.<\/p>\n<p>Raccorde: 90cm saut\u00e9 \u00e0 45cm.<\/p>\n<p>Nettoyage: Lavable.<\/p>\n<p>Resistance au feu:\u00a0Non feu permanent.<\/p>\n<p>Excellente solidit\u00e9 lumi\u00e8re.<br \/>\n<img decoding=\"async\" class=\"alignnone wp-image-48982\" src=\"https:\/\/vaninahenry.com\/wp-content\/uploads\/2021\/08\/picto_GLOSSAIRE_Non_feu-100x100.jpg\" alt=\"\" width=\"100\" height=\"100\" \/><img decoding=\"async\" class=\"alignnone wp-image-48985\" src=\"https:\/\/vaninahenry.com\/wp-content\/uploads\/2021\/08\/picto_GLOSSAIRE_Lavable-100x100.jpg\" alt=\"\" width=\"100\" height=\"100\" \/><img decoding=\"async\" class=\"alignnone wp-image-48988\" src=\"https:\/\/vaninahenry.com\/wp-content\/uploads\/2021\/08\/picto_GLOSSAIRE_Excellente_tenue_lumiere-1-100x100.jpg\" alt=\"\" width=\"100\" height=\"100\" \/><img decoding=\"async\" class=\"alignnone wp-image-48991\" src=\"https:\/\/vaninahenry.com\/wp-content\/uploads\/2021\/08\/picto_GLOSSAIRE_Encollage_mur-100x100.jpg\" alt=\"\" width=\"100\" height=\"100\" \/><img decoding=\"async\" class=\"alignnone wp-image-49206\" src=\"https:\/\/vaninahenry.com\/wp-content\/uploads\/2021\/08\/picto_GLOSSAIRE_Raccord_saute-90-100x100.jpeg\" alt=\"\" width=\"100\" height=\"100\" srcset=\"https:\/\/vaninahenry.com\/wp-content\/uploads\/2021\/08\/picto_GLOSSAIRE_Raccord_saute-90-100x100.jpeg 100w, https:\/\/vaninahenry.com\/wp-content\/uploads\/2021\/08\/picto_GLOSSAIRE_Raccord_saute-90-300x300.jpeg 300w, https:\/\/vaninahenry.com\/wp-content\/uploads\/2021\/08\/picto_GLOSSAIRE_Raccord_saute-90-150x150.jpeg 150w, https:\/\/vaninahenry.com\/wp-content\/uploads\/2021\/08\/picto_GLOSSAIRE_Raccord_saute-90-140x140.jpeg 140w, https:\/\/vaninahenry.com\/wp-content\/uploads\/2021\/08\/picto_GLOSSAIRE_Raccord_saute-90-350x350.jpeg 350w, https:\/\/vaninahenry.com\/wp-content\/uploads\/2021\/08\/picto_GLOSSAIRE_Raccord_saute-90.jpeg 440w\" sizes=\"(max-width: 100px) 100vw, 100px\" \/><img decoding=\"async\" class=\"alignnone wp-image-48997\" src=\"https:\/\/vaninahenry.com\/wp-content\/uploads\/2021\/08\/picto_GLOSSAIRE_Arrachable_sec-100x100.jpg\" alt=\"\" width=\"100\" height=\"100\" \/><img decoding=\"async\" class=\"alignnone wp-image-24559\" src=\"https:\/\/vaninahenry.com\/wp-content\/uploads\/2021\/03\/A-1.jpg\" alt=\"\" width=\"138\" height=\"100\" \/><\/p>\n","protected":false},"excerpt":{"rendered":"<p><span style=\"color: #9a7541;\">Les petites histoires<\/span><\/p>\n<p><span style=\"color: #9a7541;\">Balade en toscane<\/span> ist in 5 Referenzen verf\u00fcgbar:<\/p>\n<p><img decoding=\"async\" class=\"alignnone wp-image-27416 size-full\" src=\"https:\/\/vaninahenry.com\/wp-content\/uploads\/2021\/08\/ELITIS_TP_321.jpg\" alt=\"\" width=\"1200\" height=\"981\" \/><\/p>\n<p>Die Rolle ist 0,7 Meter breit und 10 Meter lang.<\/p>\n<p><strong><a href=\"https:\/\/vaninahenry.com\/wp-content\/uploads\/2021\/08\/calcul-DE-1-scaled.jpg\">Berechnen Sie die Anzahl der Rollen selbst.<\/a><\/strong><br \/>\n<a href=\"https:\/\/vaninahenry.com\/contact\/\">Wir k\u00f6nnen auch Ihnen helfen, <span style=\"color: #9a7541;\"><strong>kontaktieren Sie uns.<\/strong><\/span><\/a><\/p>\n<p><a href=\"https:\/\/vaninahenry.com\/marque\/elitis\/?lang=de\"><span style=\"color: #9a7541;\">Mehr \u00fcber ELITIS<\/span><\/a><\/p>\n","protected":false},"featured_media":133038,"template":"","meta":{"_acf_changed":false,"inline_featured_image":false},"product_brand":[],"product_cat":[399],"product_tag":[],"class_list":{"0":"post-134629","1":"product","2":"type-product","3":"status-publish","4":"has-post-thumbnail","6":"product_cat-tapete","7":"product_shipping_class-elitis-de","8":"pa_papier-peint-les-petites-histoires-de","10":"first","11":"instock","12":"taxable","13":"shipping-taxable","14":"product-type-variable"},"acf":[],"yoast_head":"<!-- This site is optimized with the Yoast SEO plugin v26.7 - https:\/\/yoast.com\/wordpress\/plugins\/seo\/ -->\n<title>Balade en toscane - Vanina Henry<\/title>\n<meta name=\"robots\" content=\"index, follow, max-snippet:-1, max-image-preview:large, max-video-preview:-1\" \/>\n<link rel=\"canonical\" href=\"https:\/\/vaninahenry.com\/produkt\/balade-en-toscane\/\" \/>\n<meta property=\"og:locale\" content=\"de_DE\" \/>\n<meta property=\"og:type\" content=\"article\" \/>\n<meta property=\"og:title\" content=\"Balade en toscane - Vanina Henry\" \/>\n<meta property=\"og:description\" content=\"Les petites histoires  Balade en toscane ist in 5 Referenzen verf\u00fcgbar:    Die Rolle ist 0,7 Meter breit und 10 Meter lang.  Berechnen Sie die Anzahl der Rollen selbst. Wir k\u00f6nnen auch Ihnen helfen, kontaktieren Sie uns.  Mehr \u00fcber ELITIS\" \/>\n<meta property=\"og:url\" content=\"https:\/\/vaninahenry.com\/produkt\/balade-en-toscane\/\" \/>\n<meta property=\"og:site_name\" content=\"Vanina Henry\" \/>\n<meta property=\"article:publisher\" content=\"https:\/\/www.facebook.com\/designbyvaninahenry\" \/>\n<meta property=\"article:modified_time\" content=\"2025-12-02T10:27:32+00:00\" \/>\n<meta property=\"og:image\" content=\"https:\/\/vaninahenry.com\/wp-content\/uploads\/2025\/12\/ELITIS__TP_321_01_PETITES-HISTOIRES_YD_-6-1.jpg\" \/>\n\t<meta property=\"og:image:width\" content=\"953\" \/>\n\t<meta property=\"og:image:height\" content=\"1429\" \/>\n\t<meta property=\"og:image:type\" content=\"image\/jpeg\" \/>\n<meta name=\"twitter:card\" content=\"summary_large_image\" \/>\n<script type=\"application\/ld+json\" class=\"yoast-schema-graph\">{\"@context\":\"https:\/\/schema.org\",\"@graph\":[{\"@type\":\"WebPage\",\"@id\":\"https:\/\/vaninahenry.com\/produkt\/balade-en-toscane\/\",\"url\":\"https:\/\/vaninahenry.com\/produkt\/balade-en-toscane\/\",\"name\":\"Balade en toscane - Vanina Henry\",\"isPartOf\":{\"@id\":\"https:\/\/vaninahenry.com\/#website\"},\"primaryImageOfPage\":{\"@id\":\"https:\/\/vaninahenry.com\/produkt\/balade-en-toscane\/#primaryimage\"},\"image\":{\"@id\":\"https:\/\/vaninahenry.com\/produkt\/balade-en-toscane\/#primaryimage\"},\"thumbnailUrl\":\"https:\/\/vaninahenry.com\/wp-content\/uploads\/2025\/12\/ELITIS__TP_321_01_PETITES-HISTOIRES_YD_-6-1.jpg\",\"datePublished\":\"2025-12-02T09:33:07+00:00\",\"dateModified\":\"2025-12-02T10:27:32+00:00\",\"breadcrumb\":{\"@id\":\"https:\/\/vaninahenry.com\/produkt\/balade-en-toscane\/#breadcrumb\"},\"inLanguage\":\"de\",\"potentialAction\":[{\"@type\":\"ReadAction\",\"target\":[\"https:\/\/vaninahenry.com\/produkt\/balade-en-toscane\/\"]}]},{\"@type\":\"ImageObject\",\"inLanguage\":\"de\",\"@id\":\"https:\/\/vaninahenry.com\/produkt\/balade-en-toscane\/#primaryimage\",\"url\":\"https:\/\/vaninahenry.com\/wp-content\/uploads\/2025\/12\/ELITIS__TP_321_01_PETITES-HISTOIRES_YD_-6-1.jpg\",\"contentUrl\":\"https:\/\/vaninahenry.com\/wp-content\/uploads\/2025\/12\/ELITIS__TP_321_01_PETITES-HISTOIRES_YD_-6-1.jpg\",\"width\":953,\"height\":1429},{\"@type\":\"BreadcrumbList\",\"@id\":\"https:\/\/vaninahenry.com\/produkt\/balade-en-toscane\/#breadcrumb\",\"itemListElement\":[{\"@type\":\"ListItem\",\"position\":1,\"name\":\"Accueil\",\"item\":\"https:\/\/vaninahenry.com\/de\/\"},{\"@type\":\"ListItem\",\"position\":2,\"name\":\"Shop\",\"item\":\"https:\/\/vaninahenry.com\/boutique\/\"},{\"@type\":\"ListItem\",\"position\":3,\"name\":\"Balade en toscane\"}]},{\"@type\":\"WebSite\",\"@id\":\"https:\/\/vaninahenry.com\/#website\",\"url\":\"https:\/\/vaninahenry.com\/\",\"name\":\"Vanina Henry\",\"description\":\"\",\"publisher\":{\"@id\":\"https:\/\/vaninahenry.com\/#organization\"},\"potentialAction\":[{\"@type\":\"SearchAction\",\"target\":{\"@type\":\"EntryPoint\",\"urlTemplate\":\"https:\/\/vaninahenry.com\/?s={search_term_string}\"},\"query-input\":{\"@type\":\"PropertyValueSpecification\",\"valueRequired\":true,\"valueName\":\"search_term_string\"}}],\"inLanguage\":\"de\"},{\"@type\":\"Organization\",\"@id\":\"https:\/\/vaninahenry.com\/#organization\",\"name\":\"Vanina Henry\",\"url\":\"https:\/\/vaninahenry.com\/\",\"logo\":{\"@type\":\"ImageObject\",\"inLanguage\":\"de\",\"@id\":\"https:\/\/vaninahenry.com\/#\/schema\/logo\/image\/\",\"url\":\"http:\/\/vaninahenry.com\/wp-content\/uploads\/2021\/10\/Logo-design-by-VaninaHenry.png\",\"contentUrl\":\"http:\/\/vaninahenry.com\/wp-content\/uploads\/2021\/10\/Logo-design-by-VaninaHenry.png\",\"width\":711,\"height\":467,\"caption\":\"Vanina Henry\"},\"image\":{\"@id\":\"https:\/\/vaninahenry.com\/#\/schema\/logo\/image\/\"},\"sameAs\":[\"https:\/\/www.facebook.com\/designbyvaninahenry\",\"https:\/\/www.instagram.com\/vaninahenry\/\"]}]}<\/script>\n<!-- \/ Yoast SEO plugin. -->","yoast_head_json":{"title":"Balade en toscane - Vanina Henry","robots":{"index":"index","follow":"follow","max-snippet":"max-snippet:-1","max-image-preview":"max-image-preview:large","max-video-preview":"max-video-preview:-1"},"canonical":"https:\/\/vaninahenry.com\/produkt\/balade-en-toscane\/","og_locale":"de_DE","og_type":"article","og_title":"Balade en toscane - Vanina Henry","og_description":"Les petites histoires  Balade en toscane ist in 5 Referenzen verf\u00fcgbar:    Die Rolle ist 0,7 Meter breit und 10 Meter lang.  Berechnen Sie die Anzahl der Rollen selbst. Wir k\u00f6nnen auch Ihnen helfen, kontaktieren Sie uns.  Mehr \u00fcber ELITIS","og_url":"https:\/\/vaninahenry.com\/produkt\/balade-en-toscane\/","og_site_name":"Vanina Henry","article_publisher":"https:\/\/www.facebook.com\/designbyvaninahenry","article_modified_time":"2025-12-02T10:27:32+00:00","og_image":[{"width":953,"height":1429,"url":"https:\/\/vaninahenry.com\/wp-content\/uploads\/2025\/12\/ELITIS__TP_321_01_PETITES-HISTOIRES_YD_-6-1.jpg","type":"image\/jpeg"}],"twitter_card":"summary_large_image","schema":{"@context":"https:\/\/schema.org","@graph":[{"@type":"WebPage","@id":"https:\/\/vaninahenry.com\/produkt\/balade-en-toscane\/","url":"https:\/\/vaninahenry.com\/produkt\/balade-en-toscane\/","name":"Balade en toscane - Vanina Henry","isPartOf":{"@id":"https:\/\/vaninahenry.com\/#website"},"primaryImageOfPage":{"@id":"https:\/\/vaninahenry.com\/produkt\/balade-en-toscane\/#primaryimage"},"image":{"@id":"https:\/\/vaninahenry.com\/produkt\/balade-en-toscane\/#primaryimage"},"thumbnailUrl":"https:\/\/vaninahenry.com\/wp-content\/uploads\/2025\/12\/ELITIS__TP_321_01_PETITES-HISTOIRES_YD_-6-1.jpg","datePublished":"2025-12-02T09:33:07+00:00","dateModified":"2025-12-02T10:27:32+00:00","breadcrumb":{"@id":"https:\/\/vaninahenry.com\/produkt\/balade-en-toscane\/#breadcrumb"},"inLanguage":"de","potentialAction":[{"@type":"ReadAction","target":["https:\/\/vaninahenry.com\/produkt\/balade-en-toscane\/"]}]},{"@type":"ImageObject","inLanguage":"de","@id":"https:\/\/vaninahenry.com\/produkt\/balade-en-toscane\/#primaryimage","url":"https:\/\/vaninahenry.com\/wp-content\/uploads\/2025\/12\/ELITIS__TP_321_01_PETITES-HISTOIRES_YD_-6-1.jpg","contentUrl":"https:\/\/vaninahenry.com\/wp-content\/uploads\/2025\/12\/ELITIS__TP_321_01_PETITES-HISTOIRES_YD_-6-1.jpg","width":953,"height":1429},{"@type":"BreadcrumbList","@id":"https:\/\/vaninahenry.com\/produkt\/balade-en-toscane\/#breadcrumb","itemListElement":[{"@type":"ListItem","position":1,"name":"Accueil","item":"https:\/\/vaninahenry.com\/de\/"},{"@type":"ListItem","position":2,"name":"Shop","item":"https:\/\/vaninahenry.com\/boutique\/"},{"@type":"ListItem","position":3,"name":"Balade en toscane"}]},{"@type":"WebSite","@id":"https:\/\/vaninahenry.com\/#website","url":"https:\/\/vaninahenry.com\/","name":"Vanina Henry","description":"","publisher":{"@id":"https:\/\/vaninahenry.com\/#organization"},"potentialAction":[{"@type":"SearchAction","target":{"@type":"EntryPoint","urlTemplate":"https:\/\/vaninahenry.com\/?s={search_term_string}"},"query-input":{"@type":"PropertyValueSpecification","valueRequired":true,"valueName":"search_term_string"}}],"inLanguage":"de"},{"@type":"Organization","@id":"https:\/\/vaninahenry.com\/#organization","name":"Vanina Henry","url":"https:\/\/vaninahenry.com\/","logo":{"@type":"ImageObject","inLanguage":"de","@id":"https:\/\/vaninahenry.com\/#\/schema\/logo\/image\/","url":"http:\/\/vaninahenry.com\/wp-content\/uploads\/2021\/10\/Logo-design-by-VaninaHenry.png","contentUrl":"http:\/\/vaninahenry.com\/wp-content\/uploads\/2021\/10\/Logo-design-by-VaninaHenry.png","width":711,"height":467,"caption":"Vanina Henry"},"image":{"@id":"https:\/\/vaninahenry.com\/#\/schema\/logo\/image\/"},"sameAs":["https:\/\/www.facebook.com\/designbyvaninahenry","https:\/\/www.instagram.com\/vaninahenry\/"]}]}},"_links":{"self":[{"href":"https:\/\/vaninahenry.com\/de\/wp-json\/wp\/v2\/product\/134629","targetHints":{"allow":["GET"]}}],"collection":[{"href":"https:\/\/vaninahenry.com\/de\/wp-json\/wp\/v2\/product"}],"about":[{"href":"https:\/\/vaninahenry.com\/de\/wp-json\/wp\/v2\/types\/product"}],"wp:featuredmedia":[{"embeddable":true,"href":"https:\/\/vaninahenry.com\/de\/wp-json\/wp\/v2\/media\/133038"}],"wp:attachment":[{"href":"https:\/\/vaninahenry.com\/de\/wp-json\/wp\/v2\/media?parent=134629"}],"wp:term":[{"taxonomy":"product_brand","embeddable":true,"href":"https:\/\/vaninahenry.com\/de\/wp-json\/wp\/v2\/product_brand?post=134629"},{"taxonomy":"product_cat","embeddable":true,"href":"https:\/\/vaninahenry.com\/de\/wp-json\/wp\/v2\/product_cat?post=134629"},{"taxonomy":"product_tag","embeddable":true,"href":"https:\/\/vaninahenry.com\/de\/wp-json\/wp\/v2\/product_tag?post=134629"}],"curies":[{"name":"wp","href":"https:\/\/api.w.org\/{rel}","templated":true}]}}