{"id":132537,"date":"2025-12-02T09:48:15","date_gmt":"2025-12-02T08:48:15","guid":{"rendered":"https:\/\/vaninahenry.com\/?post_type=product&#038;p=132537"},"modified":"2025-12-02T11:25:55","modified_gmt":"2025-12-02T10:25:55","slug":"nacres-metal","status":"publish","type":"product","link":"https:\/\/vaninahenry.com\/de\/produkt\/nacres-metal\/","title":{"rendered":"Nacres m\u00e9tal"},"content":{"rendered":"<p>Verkaufseinheit: Rolle.<\/p>\n<p>Rolle mit einer L\u00e4nge von 10m X 1m Breite.<\/p>\n<p>Anschluss: Freier Anschluss<\/p>\n<p>Zusammensetzung: Vinyl auf Vliestr\u00e4ger<\/p>\n<p>Pflegehinweis: Waschbar.<\/p>\n<p>Feuerbest\u00e4ndigkeit: Nicht dauerhaft feuerfest.<\/p>\n<p>Ausgezeichnete Lichtechtheit.<\/p>\n<p>Ausgezeichnete Flecken- und Sto\u00dffestigkeit.<\/p>\n<p><img decoding=\"async\" class=\"alignnone wp-image-48980\" src=\"https:\/\/vaninahenry.com\/wp-content\/uploads\/2021\/08\/picto_GLOSSAIRE_Non_feu.jpg\" alt=\"\" width=\"100\" height=\"100\" \/><img decoding=\"async\" class=\"alignnone wp-image-48983\" src=\"https:\/\/vaninahenry.com\/wp-content\/uploads\/2021\/08\/picto_GLOSSAIRE_Lavable.jpg\" alt=\"\" width=\"100\" height=\"100\" \/><img decoding=\"async\" class=\"alignnone wp-image-48986\" src=\"https:\/\/vaninahenry.com\/wp-content\/uploads\/2021\/08\/picto_GLOSSAIRE_Excellente_tenue_lumiere-1.jpg\" alt=\"\" width=\"100\" height=\"100\" \/><img decoding=\"async\" class=\"alignnone wp-image-48989\" src=\"https:\/\/vaninahenry.com\/wp-content\/uploads\/2021\/08\/picto_GLOSSAIRE_Encollage_mur.jpg\" alt=\"\" width=\"100\" height=\"100\" \/><img decoding=\"async\" class=\"alignnone wp-image-49094\" src=\"https:\/\/vaninahenry.com\/wp-content\/uploads\/2021\/08\/picto_GLOSSAIRE_Raccord_libre-1.jpeg\" alt=\"\" width=\"100\" height=\"100\" \/><img decoding=\"async\" class=\"alignnone wp-image-48995\" src=\"https:\/\/vaninahenry.com\/wp-content\/uploads\/2021\/08\/picto_GLOSSAIRE_Arrachable_sec.jpg\" alt=\"\" width=\"100\" height=\"100\" \/><img decoding=\"async\" class=\"alignnone wp-image-24557\" src=\"https:\/\/vaninahenry.com\/wp-content\/uploads\/2021\/03\/A-1.jpg\" alt=\"\" width=\"138\" height=\"100\" \/><\/p>\n","protected":false},"excerpt":{"rendered":"<p>&nbsp;<\/p>\n<p><span style=\"color: #9a7541;\">Nacres m\u00e9tal <\/span>ist in 2 Referenzen vorhanden:<\/p>\n<p><img decoding=\"async\" class=\"alignnone wp-image-103353 size-full\" src=\"https:\/\/vaninahenry.com\/wp-content\/uploads\/2022\/12\/VP_951_ELITIS_VANINAHENRY-2.jpg\" alt=\"\" width=\"659\" height=\"370\" \/><\/p>\n<p>Gepr\u00e4gte Vinyltapete in Mosaikoptik.<\/p>\n<p>Die Rolle ist 1.0 Meter breit und 10.0 Meter lang.<\/p>\n<p><strong><a href=\"https:\/\/vaninahenry.com\/wp-content\/uploads\/2021\/08\/calcul-DE-1-scaled.jpg\" target=\"_blank\" rel=\"noopener\">Berechnen Sie die Anzahl der laufenden Meter selbst.<\/a><\/strong><br \/>\n<a href=\"https:\/\/vaninahenry.com\/contact\/?lang=de\" target=\"_blank\" rel=\"noopener\">Wir k\u00f6nnen auch Ihnen helfen, <span style=\"color: #9a7541;\"><strong>kontaktieren Sie uns<\/strong><\/span>.<\/a><\/p>\n<p><span style=\"color: #9a7500;\"><a style=\"color: #9a7500;\" href=\"https:\/\/vaninahenry.com\/marque\/elitis\/?lang=de\" target=\"_blank\" rel=\"noopener\">Mehr \u00fcber ELITIS<\/a><\/span><\/p>\n","protected":false},"featured_media":131176,"template":"","meta":{"_acf_changed":false,"inline_featured_image":false},"product_brand":[],"product_cat":[399],"product_tag":[],"class_list":{"0":"post-132537","1":"product","2":"type-product","3":"status-publish","4":"has-post-thumbnail","6":"product_cat-tapete","7":"product_shipping_class-elitis-de","8":"pa_papier-peint-vibrations-de","10":"first","11":"instock","12":"taxable","13":"shipping-taxable","14":"product-type-variable"},"acf":[],"yoast_head":"<!-- This site is optimized with the Yoast SEO plugin v26.7 - https:\/\/yoast.com\/wordpress\/plugins\/seo\/ -->\n<title>Nacres m\u00e9tal - Vanina Henry<\/title>\n<meta name=\"robots\" content=\"index, follow, max-snippet:-1, max-image-preview:large, max-video-preview:-1\" \/>\n<link rel=\"canonical\" href=\"https:\/\/vaninahenry.com\/produkt\/nacres-metal\/\" \/>\n<meta property=\"og:locale\" content=\"de_DE\" \/>\n<meta property=\"og:type\" content=\"article\" \/>\n<meta property=\"og:title\" content=\"Nacres m\u00e9tal - Vanina Henry\" \/>\n<meta property=\"og:description\" content=\"&nbsp;  Nacres m\u00e9tal ist in 2 Referenzen vorhanden:    Gepr\u00e4gte Vinyltapete in Mosaikoptik.  Die Rolle ist 1.0 Meter breit und 10.0 Meter lang.  Berechnen Sie die Anzahl der laufenden Meter selbst. Wir k\u00f6nnen auch Ihnen helfen, kontaktieren Sie uns.  Mehr \u00fcber ELITIS\" \/>\n<meta property=\"og:url\" content=\"https:\/\/vaninahenry.com\/produkt\/nacres-metal\/\" \/>\n<meta property=\"og:site_name\" content=\"Vanina Henry\" \/>\n<meta property=\"article:publisher\" content=\"https:\/\/www.facebook.com\/designbyvaninahenry\" \/>\n<meta property=\"article:modified_time\" content=\"2025-12-02T10:25:55+00:00\" \/>\n<meta property=\"og:image\" content=\"https:\/\/vaninahenry.com\/wp-content\/uploads\/2025\/12\/Elitis__VP_949_93_Vibrations_DM_019.jpg\" \/>\n\t<meta property=\"og:image:width\" content=\"1200\" \/>\n\t<meta property=\"og:image:height\" content=\"867\" \/>\n\t<meta property=\"og:image:type\" content=\"image\/jpeg\" \/>\n<meta name=\"twitter:card\" content=\"summary_large_image\" \/>\n<script type=\"application\/ld+json\" class=\"yoast-schema-graph\">{\"@context\":\"https:\/\/schema.org\",\"@graph\":[{\"@type\":\"WebPage\",\"@id\":\"https:\/\/vaninahenry.com\/produkt\/nacres-metal\/\",\"url\":\"https:\/\/vaninahenry.com\/produkt\/nacres-metal\/\",\"name\":\"Nacres m\u00e9tal - Vanina Henry\",\"isPartOf\":{\"@id\":\"https:\/\/vaninahenry.com\/#website\"},\"primaryImageOfPage\":{\"@id\":\"https:\/\/vaninahenry.com\/produkt\/nacres-metal\/#primaryimage\"},\"image\":{\"@id\":\"https:\/\/vaninahenry.com\/produkt\/nacres-metal\/#primaryimage\"},\"thumbnailUrl\":\"https:\/\/vaninahenry.com\/wp-content\/uploads\/2025\/12\/Elitis__VP_949_93_Vibrations_DM_019.jpg\",\"datePublished\":\"2025-12-02T08:48:15+00:00\",\"dateModified\":\"2025-12-02T10:25:55+00:00\",\"breadcrumb\":{\"@id\":\"https:\/\/vaninahenry.com\/produkt\/nacres-metal\/#breadcrumb\"},\"inLanguage\":\"de\",\"potentialAction\":[{\"@type\":\"ReadAction\",\"target\":[\"https:\/\/vaninahenry.com\/produkt\/nacres-metal\/\"]}]},{\"@type\":\"ImageObject\",\"inLanguage\":\"de\",\"@id\":\"https:\/\/vaninahenry.com\/produkt\/nacres-metal\/#primaryimage\",\"url\":\"https:\/\/vaninahenry.com\/wp-content\/uploads\/2025\/12\/Elitis__VP_949_93_Vibrations_DM_019.jpg\",\"contentUrl\":\"https:\/\/vaninahenry.com\/wp-content\/uploads\/2025\/12\/Elitis__VP_949_93_Vibrations_DM_019.jpg\",\"width\":1200,\"height\":867},{\"@type\":\"BreadcrumbList\",\"@id\":\"https:\/\/vaninahenry.com\/produkt\/nacres-metal\/#breadcrumb\",\"itemListElement\":[{\"@type\":\"ListItem\",\"position\":1,\"name\":\"Accueil\",\"item\":\"https:\/\/vaninahenry.com\/de\/\"},{\"@type\":\"ListItem\",\"position\":2,\"name\":\"Shop\",\"item\":\"https:\/\/vaninahenry.com\/boutique\/\"},{\"@type\":\"ListItem\",\"position\":3,\"name\":\"Nacres m\u00e9tal\"}]},{\"@type\":\"WebSite\",\"@id\":\"https:\/\/vaninahenry.com\/#website\",\"url\":\"https:\/\/vaninahenry.com\/\",\"name\":\"Vanina Henry\",\"description\":\"\",\"publisher\":{\"@id\":\"https:\/\/vaninahenry.com\/#organization\"},\"potentialAction\":[{\"@type\":\"SearchAction\",\"target\":{\"@type\":\"EntryPoint\",\"urlTemplate\":\"https:\/\/vaninahenry.com\/?s={search_term_string}\"},\"query-input\":{\"@type\":\"PropertyValueSpecification\",\"valueRequired\":true,\"valueName\":\"search_term_string\"}}],\"inLanguage\":\"de\"},{\"@type\":\"Organization\",\"@id\":\"https:\/\/vaninahenry.com\/#organization\",\"name\":\"Vanina Henry\",\"url\":\"https:\/\/vaninahenry.com\/\",\"logo\":{\"@type\":\"ImageObject\",\"inLanguage\":\"de\",\"@id\":\"https:\/\/vaninahenry.com\/#\/schema\/logo\/image\/\",\"url\":\"http:\/\/vaninahenry.com\/wp-content\/uploads\/2021\/10\/Logo-design-by-VaninaHenry.png\",\"contentUrl\":\"http:\/\/vaninahenry.com\/wp-content\/uploads\/2021\/10\/Logo-design-by-VaninaHenry.png\",\"width\":711,\"height\":467,\"caption\":\"Vanina Henry\"},\"image\":{\"@id\":\"https:\/\/vaninahenry.com\/#\/schema\/logo\/image\/\"},\"sameAs\":[\"https:\/\/www.facebook.com\/designbyvaninahenry\",\"https:\/\/www.instagram.com\/vaninahenry\/\"]}]}<\/script>\n<!-- \/ Yoast SEO plugin. -->","yoast_head_json":{"title":"Nacres m\u00e9tal - Vanina Henry","robots":{"index":"index","follow":"follow","max-snippet":"max-snippet:-1","max-image-preview":"max-image-preview:large","max-video-preview":"max-video-preview:-1"},"canonical":"https:\/\/vaninahenry.com\/produkt\/nacres-metal\/","og_locale":"de_DE","og_type":"article","og_title":"Nacres m\u00e9tal - Vanina Henry","og_description":"&nbsp;  Nacres m\u00e9tal ist in 2 Referenzen vorhanden:    Gepr\u00e4gte Vinyltapete in Mosaikoptik.  Die Rolle ist 1.0 Meter breit und 10.0 Meter lang.  Berechnen Sie die Anzahl der laufenden Meter selbst. Wir k\u00f6nnen auch Ihnen helfen, kontaktieren Sie uns.  Mehr \u00fcber ELITIS","og_url":"https:\/\/vaninahenry.com\/produkt\/nacres-metal\/","og_site_name":"Vanina Henry","article_publisher":"https:\/\/www.facebook.com\/designbyvaninahenry","article_modified_time":"2025-12-02T10:25:55+00:00","og_image":[{"width":1200,"height":867,"url":"https:\/\/vaninahenry.com\/wp-content\/uploads\/2025\/12\/Elitis__VP_949_93_Vibrations_DM_019.jpg","type":"image\/jpeg"}],"twitter_card":"summary_large_image","schema":{"@context":"https:\/\/schema.org","@graph":[{"@type":"WebPage","@id":"https:\/\/vaninahenry.com\/produkt\/nacres-metal\/","url":"https:\/\/vaninahenry.com\/produkt\/nacres-metal\/","name":"Nacres m\u00e9tal - Vanina Henry","isPartOf":{"@id":"https:\/\/vaninahenry.com\/#website"},"primaryImageOfPage":{"@id":"https:\/\/vaninahenry.com\/produkt\/nacres-metal\/#primaryimage"},"image":{"@id":"https:\/\/vaninahenry.com\/produkt\/nacres-metal\/#primaryimage"},"thumbnailUrl":"https:\/\/vaninahenry.com\/wp-content\/uploads\/2025\/12\/Elitis__VP_949_93_Vibrations_DM_019.jpg","datePublished":"2025-12-02T08:48:15+00:00","dateModified":"2025-12-02T10:25:55+00:00","breadcrumb":{"@id":"https:\/\/vaninahenry.com\/produkt\/nacres-metal\/#breadcrumb"},"inLanguage":"de","potentialAction":[{"@type":"ReadAction","target":["https:\/\/vaninahenry.com\/produkt\/nacres-metal\/"]}]},{"@type":"ImageObject","inLanguage":"de","@id":"https:\/\/vaninahenry.com\/produkt\/nacres-metal\/#primaryimage","url":"https:\/\/vaninahenry.com\/wp-content\/uploads\/2025\/12\/Elitis__VP_949_93_Vibrations_DM_019.jpg","contentUrl":"https:\/\/vaninahenry.com\/wp-content\/uploads\/2025\/12\/Elitis__VP_949_93_Vibrations_DM_019.jpg","width":1200,"height":867},{"@type":"BreadcrumbList","@id":"https:\/\/vaninahenry.com\/produkt\/nacres-metal\/#breadcrumb","itemListElement":[{"@type":"ListItem","position":1,"name":"Accueil","item":"https:\/\/vaninahenry.com\/de\/"},{"@type":"ListItem","position":2,"name":"Shop","item":"https:\/\/vaninahenry.com\/boutique\/"},{"@type":"ListItem","position":3,"name":"Nacres m\u00e9tal"}]},{"@type":"WebSite","@id":"https:\/\/vaninahenry.com\/#website","url":"https:\/\/vaninahenry.com\/","name":"Vanina Henry","description":"","publisher":{"@id":"https:\/\/vaninahenry.com\/#organization"},"potentialAction":[{"@type":"SearchAction","target":{"@type":"EntryPoint","urlTemplate":"https:\/\/vaninahenry.com\/?s={search_term_string}"},"query-input":{"@type":"PropertyValueSpecification","valueRequired":true,"valueName":"search_term_string"}}],"inLanguage":"de"},{"@type":"Organization","@id":"https:\/\/vaninahenry.com\/#organization","name":"Vanina Henry","url":"https:\/\/vaninahenry.com\/","logo":{"@type":"ImageObject","inLanguage":"de","@id":"https:\/\/vaninahenry.com\/#\/schema\/logo\/image\/","url":"http:\/\/vaninahenry.com\/wp-content\/uploads\/2021\/10\/Logo-design-by-VaninaHenry.png","contentUrl":"http:\/\/vaninahenry.com\/wp-content\/uploads\/2021\/10\/Logo-design-by-VaninaHenry.png","width":711,"height":467,"caption":"Vanina Henry"},"image":{"@id":"https:\/\/vaninahenry.com\/#\/schema\/logo\/image\/"},"sameAs":["https:\/\/www.facebook.com\/designbyvaninahenry","https:\/\/www.instagram.com\/vaninahenry\/"]}]}},"_links":{"self":[{"href":"https:\/\/vaninahenry.com\/de\/wp-json\/wp\/v2\/product\/132537","targetHints":{"allow":["GET"]}}],"collection":[{"href":"https:\/\/vaninahenry.com\/de\/wp-json\/wp\/v2\/product"}],"about":[{"href":"https:\/\/vaninahenry.com\/de\/wp-json\/wp\/v2\/types\/product"}],"wp:featuredmedia":[{"embeddable":true,"href":"https:\/\/vaninahenry.com\/de\/wp-json\/wp\/v2\/media\/131176"}],"wp:attachment":[{"href":"https:\/\/vaninahenry.com\/de\/wp-json\/wp\/v2\/media?parent=132537"}],"wp:term":[{"taxonomy":"product_brand","embeddable":true,"href":"https:\/\/vaninahenry.com\/de\/wp-json\/wp\/v2\/product_brand?post=132537"},{"taxonomy":"product_cat","embeddable":true,"href":"https:\/\/vaninahenry.com\/de\/wp-json\/wp\/v2\/product_cat?post=132537"},{"taxonomy":"product_tag","embeddable":true,"href":"https:\/\/vaninahenry.com\/de\/wp-json\/wp\/v2\/product_tag?post=132537"}],"curies":[{"name":"wp","href":"https:\/\/api.w.org\/{rel}","templated":true}]}}