{"id":132531,"date":"2025-12-02T09:48:15","date_gmt":"2025-12-02T08:48:15","guid":{"rendered":"https:\/\/vaninahenry.com\/?post_type=product&#038;p=132531"},"modified":"2025-12-02T11:25:51","modified_gmt":"2025-12-02T10:25:51","slug":"mirage","status":"publish","type":"product","link":"https:\/\/vaninahenry.com\/de\/produkt\/mirage\/","title":{"rendered":"Mirage"},"content":{"rendered":"<p>Verkaufseinheit: Linearer Meter<\/p>\n<p>Zusammensetzung: 63%CO 22%PL 15%VI auf Vliestr\u00e4ger.<\/p>\n<p>Breite +\/- 3% : Nutzbare Breite 130cm<\/p>\n<p>Lose Verbindung<\/p>\n<p>Gewicht: 689 g pro ml.<\/p>\n<p>Widerstand gegen Feuer:<br \/>\nKein Dauerbrand, Euroklasse B-s2,d0.<\/p>\n<p>UV-Lichtechtheit: Gut.<\/p>\n<p>Hergestellt in Frankreich<\/p>\n<p><img decoding=\"async\" class=\"alignnone wp-image-48980\" src=\"https:\/\/vaninahenry.com\/wp-content\/uploads\/2021\/08\/picto_GLOSSAIRE_Non_feu.jpg\" alt=\"\" width=\"100\" height=\"100\" \/><img decoding=\"async\" class=\"alignnone wp-image-51407\" src=\"https:\/\/vaninahenry.com\/wp-content\/uploads\/2021\/08\/picto_GLOSSAIRE_Tenue_lumiere_moderee-300x300.jpeg\" alt=\"\" width=\"100\" height=\"100\" srcset=\"https:\/\/vaninahenry.com\/wp-content\/uploads\/2021\/08\/picto_GLOSSAIRE_Tenue_lumiere_moderee-300x300.jpeg 300w, https:\/\/vaninahenry.com\/wp-content\/uploads\/2021\/08\/picto_GLOSSAIRE_Tenue_lumiere_moderee-100x100.jpeg 100w, https:\/\/vaninahenry.com\/wp-content\/uploads\/2021\/08\/picto_GLOSSAIRE_Tenue_lumiere_moderee-150x150.jpeg 150w, https:\/\/vaninahenry.com\/wp-content\/uploads\/2021\/08\/picto_GLOSSAIRE_Tenue_lumiere_moderee-140x140.jpeg 140w, https:\/\/vaninahenry.com\/wp-content\/uploads\/2021\/08\/picto_GLOSSAIRE_Tenue_lumiere_moderee-350x350.jpeg 350w, https:\/\/vaninahenry.com\/wp-content\/uploads\/2021\/08\/picto_GLOSSAIRE_Tenue_lumiere_moderee.jpeg 440w\" sizes=\"(max-width: 100px) 100vw, 100px\" \/><img decoding=\"async\" class=\"alignnone wp-image-48989\" src=\"https:\/\/vaninahenry.com\/wp-content\/uploads\/2021\/08\/picto_GLOSSAIRE_Encollage_mur.jpg\" alt=\"\" width=\"100\" height=\"100\" \/><img decoding=\"async\" class=\"alignnone wp-image-49094\" src=\"https:\/\/vaninahenry.com\/wp-content\/uploads\/2021\/08\/picto_GLOSSAIRE_Raccord_libre-1-300x300.jpeg\" alt=\"\" width=\"100\" height=\"100\" \/><img decoding=\"async\" class=\"alignnone wp-image-48995\" src=\"https:\/\/vaninahenry.com\/wp-content\/uploads\/2021\/08\/picto_GLOSSAIRE_Arrachable_sec.jpg\" alt=\"\" width=\"100\" height=\"100\" \/><img decoding=\"async\" class=\"alignnone wp-image-24557\" src=\"https:\/\/vaninahenry.com\/wp-content\/uploads\/2021\/03\/A-1.jpg\" alt=\"\" width=\"138\" height=\"100\" \/><\/p>\n","protected":false},"excerpt":{"rendered":"<p><span style=\"color: #9a7541;\">Preis pro Laufmeter<\/span><\/p>\n<p><span style=\"color: #917541;\">Mirage<\/span><\/p>\n<p>Eine neue \u00c4ra f\u00fcr Moire, die ihr Universum komplett ver\u00e4ndert. Mit diesem ultramodernen Revival erfindet sich der Stoff mit dem wellenf\u00f6rmigen Aussehen eine neue Welt, in der er seine Schwingungen in aller Freiheit verbreiten kann&#8230;<\/p>\n<ul>\n<li>Einfaches und schnelles Verlegen durch Kleben an der Wand, ohne Verbindungsst\u00fccke.<\/li>\n<li>Breite: 130 cm.<\/li>\n<\/ul>\n<p>Erh\u00e4ltlich in 21 Farben:<\/p>\n<p><img decoding=\"async\" class=\"alignnone wp-image-103570 size-full\" src=\"https:\/\/vaninahenry.com\/wp-content\/uploads\/2022\/12\/Novo-Projeto-67-1.jpg\" alt=\"\" width=\"973\" height=\"1587\" \/><\/p>\n<p><strong><a href=\"https:\/\/vaninahenry.com\/wp-content\/uploads\/2021\/08\/calcul-DE-1-scaled.jpg\" target=\"_blank\" rel=\"noopener\">Berechnen Sie die Anzahl der laufenden Meter selbst.<\/a><\/strong><br \/>\n<a href=\"https:\/\/vaninahenry.com\/contact\/?lang=de\" target=\"_blank\" rel=\"noopener\">Wir k\u00f6nnen auch Ihnen helfen, <span style=\"color: #9a7541;\"><strong>kontaktieren Sie uns<\/strong><\/span>.<\/a><\/p>\n<p><span style=\"color: #9a7500;\"><a style=\"color: #9a7500;\" href=\"https:\/\/vaninahenry.com\/marque\/elitis\/?lang=de\" target=\"_blank\" rel=\"noopener\">Mehr \u00fcber ELITIS<\/a><\/span><\/p>\n","protected":false},"featured_media":131104,"template":"","meta":{"_acf_changed":false,"inline_featured_image":false},"product_brand":[],"product_cat":[399],"product_tag":[],"class_list":{"0":"post-132531","1":"product","2":"type-product","3":"status-publish","4":"has-post-thumbnail","6":"product_cat-tapete","7":"product_shipping_class-elitis-de","9":"first","10":"instock","11":"taxable","12":"shipping-taxable","13":"product-type-variable"},"acf":[],"yoast_head":"<!-- This site is optimized with the Yoast SEO plugin v26.7 - https:\/\/yoast.com\/wordpress\/plugins\/seo\/ -->\n<title>Mirage - Vanina Henry<\/title>\n<meta name=\"robots\" content=\"index, follow, max-snippet:-1, max-image-preview:large, max-video-preview:-1\" \/>\n<link rel=\"canonical\" href=\"http:\/\/vaninahenry.com\/produkt\/mirage\/\" \/>\n<meta property=\"og:locale\" content=\"de_DE\" \/>\n<meta property=\"og:type\" content=\"article\" \/>\n<meta property=\"og:title\" content=\"Mirage - Vanina Henry\" \/>\n<meta property=\"og:description\" content=\"Preis pro Laufmeter  Mirage  Eine neue \u00c4ra f\u00fcr Moire, die ihr Universum komplett ver\u00e4ndert. Mit diesem ultramodernen Revival erfindet sich der Stoff mit dem wellenf\u00f6rmigen Aussehen eine neue Welt, in der er seine Schwingungen in aller Freiheit verbreiten kann...   Einfaches und schnelles Verlegen durch Kleben an der Wand, ohne Verbindungsst\u00fccke.  Breite: 130 cm.  Erh\u00e4ltlich in 21 Farben:    Berechnen Sie die Anzahl der laufenden Meter selbst. Wir k\u00f6nnen auch Ihnen helfen, kontaktieren Sie uns.  Mehr \u00fcber ELITIS\" \/>\n<meta property=\"og:url\" content=\"http:\/\/vaninahenry.com\/produkt\/mirage\/\" \/>\n<meta property=\"og:site_name\" content=\"Vanina Henry\" \/>\n<meta property=\"article:publisher\" content=\"https:\/\/www.facebook.com\/designbyvaninahenry\" \/>\n<meta property=\"article:modified_time\" content=\"2025-12-02T10:25:51+00:00\" \/>\n<meta property=\"og:image\" content=\"http:\/\/vaninahenry.com\/wp-content\/uploads\/2025\/12\/Elitis__RM_126_27_47_Moire_DM_080.jpg\" \/>\n\t<meta property=\"og:image:width\" content=\"1200\" \/>\n\t<meta property=\"og:image:height\" content=\"857\" \/>\n\t<meta property=\"og:image:type\" content=\"image\/jpeg\" \/>\n<meta name=\"twitter:card\" content=\"summary_large_image\" \/>\n<script type=\"application\/ld+json\" class=\"yoast-schema-graph\">{\"@context\":\"https:\/\/schema.org\",\"@graph\":[{\"@type\":\"WebPage\",\"@id\":\"http:\/\/vaninahenry.com\/produkt\/mirage\/\",\"url\":\"http:\/\/vaninahenry.com\/produkt\/mirage\/\",\"name\":\"Mirage - Vanina Henry\",\"isPartOf\":{\"@id\":\"https:\/\/vaninahenry.com\/#website\"},\"primaryImageOfPage\":{\"@id\":\"http:\/\/vaninahenry.com\/produkt\/mirage\/#primaryimage\"},\"image\":{\"@id\":\"http:\/\/vaninahenry.com\/produkt\/mirage\/#primaryimage\"},\"thumbnailUrl\":\"https:\/\/vaninahenry.com\/wp-content\/uploads\/2025\/12\/Elitis__RM_126_27_47_Moire_DM_080.jpg\",\"datePublished\":\"2025-12-02T08:48:15+00:00\",\"dateModified\":\"2025-12-02T10:25:51+00:00\",\"breadcrumb\":{\"@id\":\"http:\/\/vaninahenry.com\/produkt\/mirage\/#breadcrumb\"},\"inLanguage\":\"de\",\"potentialAction\":[{\"@type\":\"ReadAction\",\"target\":[\"http:\/\/vaninahenry.com\/produkt\/mirage\/\"]}]},{\"@type\":\"ImageObject\",\"inLanguage\":\"de\",\"@id\":\"http:\/\/vaninahenry.com\/produkt\/mirage\/#primaryimage\",\"url\":\"https:\/\/vaninahenry.com\/wp-content\/uploads\/2025\/12\/Elitis__RM_126_27_47_Moire_DM_080.jpg\",\"contentUrl\":\"https:\/\/vaninahenry.com\/wp-content\/uploads\/2025\/12\/Elitis__RM_126_27_47_Moire_DM_080.jpg\",\"width\":1200,\"height\":857},{\"@type\":\"BreadcrumbList\",\"@id\":\"http:\/\/vaninahenry.com\/produkt\/mirage\/#breadcrumb\",\"itemListElement\":[{\"@type\":\"ListItem\",\"position\":1,\"name\":\"Accueil\",\"item\":\"https:\/\/vaninahenry.com\/de\/\"},{\"@type\":\"ListItem\",\"position\":2,\"name\":\"Shop\",\"item\":\"https:\/\/vaninahenry.com\/boutique\/\"},{\"@type\":\"ListItem\",\"position\":3,\"name\":\"Mirage\"}]},{\"@type\":\"WebSite\",\"@id\":\"https:\/\/vaninahenry.com\/#website\",\"url\":\"https:\/\/vaninahenry.com\/\",\"name\":\"Vanina Henry\",\"description\":\"\",\"publisher\":{\"@id\":\"https:\/\/vaninahenry.com\/#organization\"},\"potentialAction\":[{\"@type\":\"SearchAction\",\"target\":{\"@type\":\"EntryPoint\",\"urlTemplate\":\"https:\/\/vaninahenry.com\/?s={search_term_string}\"},\"query-input\":{\"@type\":\"PropertyValueSpecification\",\"valueRequired\":true,\"valueName\":\"search_term_string\"}}],\"inLanguage\":\"de\"},{\"@type\":\"Organization\",\"@id\":\"https:\/\/vaninahenry.com\/#organization\",\"name\":\"Vanina Henry\",\"url\":\"https:\/\/vaninahenry.com\/\",\"logo\":{\"@type\":\"ImageObject\",\"inLanguage\":\"de\",\"@id\":\"https:\/\/vaninahenry.com\/#\/schema\/logo\/image\/\",\"url\":\"http:\/\/vaninahenry.com\/wp-content\/uploads\/2021\/10\/Logo-design-by-VaninaHenry.png\",\"contentUrl\":\"http:\/\/vaninahenry.com\/wp-content\/uploads\/2021\/10\/Logo-design-by-VaninaHenry.png\",\"width\":711,\"height\":467,\"caption\":\"Vanina Henry\"},\"image\":{\"@id\":\"https:\/\/vaninahenry.com\/#\/schema\/logo\/image\/\"},\"sameAs\":[\"https:\/\/www.facebook.com\/designbyvaninahenry\",\"https:\/\/www.instagram.com\/vaninahenry\/\"]}]}<\/script>\n<!-- \/ Yoast SEO plugin. -->","yoast_head_json":{"title":"Mirage - Vanina Henry","robots":{"index":"index","follow":"follow","max-snippet":"max-snippet:-1","max-image-preview":"max-image-preview:large","max-video-preview":"max-video-preview:-1"},"canonical":"http:\/\/vaninahenry.com\/produkt\/mirage\/","og_locale":"de_DE","og_type":"article","og_title":"Mirage - Vanina Henry","og_description":"Preis pro Laufmeter  Mirage  Eine neue \u00c4ra f\u00fcr Moire, die ihr Universum komplett ver\u00e4ndert. Mit diesem ultramodernen Revival erfindet sich der Stoff mit dem wellenf\u00f6rmigen Aussehen eine neue Welt, in der er seine Schwingungen in aller Freiheit verbreiten kann...   Einfaches und schnelles Verlegen durch Kleben an der Wand, ohne Verbindungsst\u00fccke.  Breite: 130 cm.  Erh\u00e4ltlich in 21 Farben:    Berechnen Sie die Anzahl der laufenden Meter selbst. Wir k\u00f6nnen auch Ihnen helfen, kontaktieren Sie uns.  Mehr \u00fcber ELITIS","og_url":"http:\/\/vaninahenry.com\/produkt\/mirage\/","og_site_name":"Vanina Henry","article_publisher":"https:\/\/www.facebook.com\/designbyvaninahenry","article_modified_time":"2025-12-02T10:25:51+00:00","og_image":[{"width":1200,"height":857,"url":"http:\/\/vaninahenry.com\/wp-content\/uploads\/2025\/12\/Elitis__RM_126_27_47_Moire_DM_080.jpg","type":"image\/jpeg"}],"twitter_card":"summary_large_image","schema":{"@context":"https:\/\/schema.org","@graph":[{"@type":"WebPage","@id":"http:\/\/vaninahenry.com\/produkt\/mirage\/","url":"http:\/\/vaninahenry.com\/produkt\/mirage\/","name":"Mirage - Vanina Henry","isPartOf":{"@id":"https:\/\/vaninahenry.com\/#website"},"primaryImageOfPage":{"@id":"http:\/\/vaninahenry.com\/produkt\/mirage\/#primaryimage"},"image":{"@id":"http:\/\/vaninahenry.com\/produkt\/mirage\/#primaryimage"},"thumbnailUrl":"https:\/\/vaninahenry.com\/wp-content\/uploads\/2025\/12\/Elitis__RM_126_27_47_Moire_DM_080.jpg","datePublished":"2025-12-02T08:48:15+00:00","dateModified":"2025-12-02T10:25:51+00:00","breadcrumb":{"@id":"http:\/\/vaninahenry.com\/produkt\/mirage\/#breadcrumb"},"inLanguage":"de","potentialAction":[{"@type":"ReadAction","target":["http:\/\/vaninahenry.com\/produkt\/mirage\/"]}]},{"@type":"ImageObject","inLanguage":"de","@id":"http:\/\/vaninahenry.com\/produkt\/mirage\/#primaryimage","url":"https:\/\/vaninahenry.com\/wp-content\/uploads\/2025\/12\/Elitis__RM_126_27_47_Moire_DM_080.jpg","contentUrl":"https:\/\/vaninahenry.com\/wp-content\/uploads\/2025\/12\/Elitis__RM_126_27_47_Moire_DM_080.jpg","width":1200,"height":857},{"@type":"BreadcrumbList","@id":"http:\/\/vaninahenry.com\/produkt\/mirage\/#breadcrumb","itemListElement":[{"@type":"ListItem","position":1,"name":"Accueil","item":"https:\/\/vaninahenry.com\/de\/"},{"@type":"ListItem","position":2,"name":"Shop","item":"https:\/\/vaninahenry.com\/boutique\/"},{"@type":"ListItem","position":3,"name":"Mirage"}]},{"@type":"WebSite","@id":"https:\/\/vaninahenry.com\/#website","url":"https:\/\/vaninahenry.com\/","name":"Vanina Henry","description":"","publisher":{"@id":"https:\/\/vaninahenry.com\/#organization"},"potentialAction":[{"@type":"SearchAction","target":{"@type":"EntryPoint","urlTemplate":"https:\/\/vaninahenry.com\/?s={search_term_string}"},"query-input":{"@type":"PropertyValueSpecification","valueRequired":true,"valueName":"search_term_string"}}],"inLanguage":"de"},{"@type":"Organization","@id":"https:\/\/vaninahenry.com\/#organization","name":"Vanina Henry","url":"https:\/\/vaninahenry.com\/","logo":{"@type":"ImageObject","inLanguage":"de","@id":"https:\/\/vaninahenry.com\/#\/schema\/logo\/image\/","url":"http:\/\/vaninahenry.com\/wp-content\/uploads\/2021\/10\/Logo-design-by-VaninaHenry.png","contentUrl":"http:\/\/vaninahenry.com\/wp-content\/uploads\/2021\/10\/Logo-design-by-VaninaHenry.png","width":711,"height":467,"caption":"Vanina Henry"},"image":{"@id":"https:\/\/vaninahenry.com\/#\/schema\/logo\/image\/"},"sameAs":["https:\/\/www.facebook.com\/designbyvaninahenry","https:\/\/www.instagram.com\/vaninahenry\/"]}]}},"_links":{"self":[{"href":"https:\/\/vaninahenry.com\/de\/wp-json\/wp\/v2\/product\/132531","targetHints":{"allow":["GET"]}}],"collection":[{"href":"https:\/\/vaninahenry.com\/de\/wp-json\/wp\/v2\/product"}],"about":[{"href":"https:\/\/vaninahenry.com\/de\/wp-json\/wp\/v2\/types\/product"}],"wp:featuredmedia":[{"embeddable":true,"href":"https:\/\/vaninahenry.com\/de\/wp-json\/wp\/v2\/media\/131104"}],"wp:attachment":[{"href":"https:\/\/vaninahenry.com\/de\/wp-json\/wp\/v2\/media?parent=132531"}],"wp:term":[{"taxonomy":"product_brand","embeddable":true,"href":"https:\/\/vaninahenry.com\/de\/wp-json\/wp\/v2\/product_brand?post=132531"},{"taxonomy":"product_cat","embeddable":true,"href":"https:\/\/vaninahenry.com\/de\/wp-json\/wp\/v2\/product_cat?post=132531"},{"taxonomy":"product_tag","embeddable":true,"href":"https:\/\/vaninahenry.com\/de\/wp-json\/wp\/v2\/product_tag?post=132531"}],"curies":[{"name":"wp","href":"https:\/\/api.w.org\/{rel}","templated":true}]}}