{"id":132530,"date":"2025-12-02T09:48:14","date_gmt":"2025-12-02T08:48:14","guid":{"rendered":"https:\/\/vaninahenry.com\/?post_type=product&#038;p=132530"},"modified":"2025-12-02T11:25:51","modified_gmt":"2025-12-02T10:25:51","slug":"lin-mural-2","status":"publish","type":"product","link":"https:\/\/vaninahenry.com\/de\/produkt\/lin-mural-2\/","title":{"rendered":"Lin mural"},"content":{"rendered":"<p>Verkaufseinheit: Laufmeter<\/p>\n<p>Zusammensetzung: 100% Leinen auf Vliesstoffunterlage<\/p>\n<p>Breite +\/- 3% : Nutzbreite 100cm<\/p>\n<p>Pflege: Abwaschbar.<\/p>\n<p>Gewicht: 600 g pro ml.<\/p>\n<p>Feuerbest\u00e4ndigkeit:<br \/>\nDauerhafte Feuerbest\u00e4ndigkeit, Euroklasse B-s2,d0.<\/p>\n<p>UV-Lichtechtheit: 7 auf einer Skala von 8.<\/p>\n<p><img decoding=\"async\" class=\"alignnone wp-image-48982\" src=\"https:\/\/vaninahenry.com\/wp-content\/uploads\/2021\/08\/picto_GLOSSAIRE_Non_feu-100x100.jpg\" alt=\"\" width=\"100\" height=\"100\" \/><img decoding=\"async\" class=\"alignnone wp-image-48985\" src=\"https:\/\/vaninahenry.com\/wp-content\/uploads\/2021\/08\/picto_GLOSSAIRE_Lavable-100x100.jpg\" alt=\"\" width=\"100\" height=\"100\" \/><img decoding=\"async\" class=\"alignnone wp-image-51409\" src=\"https:\/\/vaninahenry.com\/wp-content\/uploads\/2021\/08\/picto_GLOSSAIRE_Tenue_lumiere_moderee-100x100.jpeg\" alt=\"\" width=\"100\" height=\"100\" srcset=\"https:\/\/vaninahenry.com\/wp-content\/uploads\/2021\/08\/picto_GLOSSAIRE_Tenue_lumiere_moderee-100x100.jpeg 100w, https:\/\/vaninahenry.com\/wp-content\/uploads\/2021\/08\/picto_GLOSSAIRE_Tenue_lumiere_moderee-300x300.jpeg 300w, https:\/\/vaninahenry.com\/wp-content\/uploads\/2021\/08\/picto_GLOSSAIRE_Tenue_lumiere_moderee-150x150.jpeg 150w, https:\/\/vaninahenry.com\/wp-content\/uploads\/2021\/08\/picto_GLOSSAIRE_Tenue_lumiere_moderee-140x140.jpeg 140w, https:\/\/vaninahenry.com\/wp-content\/uploads\/2021\/08\/picto_GLOSSAIRE_Tenue_lumiere_moderee-350x350.jpeg 350w, https:\/\/vaninahenry.com\/wp-content\/uploads\/2021\/08\/picto_GLOSSAIRE_Tenue_lumiere_moderee.jpeg 440w\" sizes=\"(max-width: 100px) 100vw, 100px\" \/><img decoding=\"async\" class=\"alignnone wp-image-48991\" src=\"https:\/\/vaninahenry.com\/wp-content\/uploads\/2021\/08\/picto_GLOSSAIRE_Encollage_mur-100x100.jpg\" alt=\"\" width=\"100\" height=\"100\" \/><img decoding=\"async\" class=\"alignnone wp-image-49100\" src=\"https:\/\/vaninahenry.com\/wp-content\/uploads\/2021\/08\/picto_GLOSSAIRE_Raccord_droit-1-e1628865208846-300x253.jpeg\" alt=\"\" width=\"100\" height=\"84\" \/><img decoding=\"async\" class=\"alignnone wp-image-48997\" src=\"https:\/\/vaninahenry.com\/wp-content\/uploads\/2021\/08\/picto_GLOSSAIRE_Arrachable_sec-100x100.jpg\" alt=\"\" width=\"100\" height=\"100\" \/><img decoding=\"async\" class=\"alignnone wp-image-24559\" src=\"https:\/\/vaninahenry.com\/wp-content\/uploads\/2021\/03\/A-1.jpg\" alt=\"\" width=\"138\" height=\"100\" \/><\/p>\n","protected":false},"excerpt":{"rendered":"<p><span style=\"color: #9a7541;\">Preis pro Laufmeter<\/span><\/p>\n<p>&nbsp;<\/p>\n<p><span style=\"color: #9a7541;\">Vestiaire masculin<\/span><\/p>\n<p><span style=\"color: #9a7541;\">Lin mural <span style=\"color: #000000;\">s<\/span><\/span>ynonym f\u00fcr Weichheit, f\u00fcgt das Wandtextil zu seiner unvergleichlichen dekorativen Pr\u00e4senz Qualit\u00e4ten der Widerstandsf\u00e4higkeit und Haltbarkeit im Laufe der Zeit. Leinen wird hier in seinen nat\u00fcrlichen Farben angeboten.<\/p>\n<ul>\n<li>Einfache und schnelle Montage durch Verkleben an der Wand, ohne Fugen.<\/li>\n<li>Teflonbehandlung f\u00fcr Flecken- und Lichtbest\u00e4ndigkeit.<br \/>\nM1-Klassifizierung<\/li>\n<li>Breite: 100 cm.<\/li>\n<\/ul>\n<p>Verf\u00fcgbar in 2 Referenzen:<\/p>\n<p><img decoding=\"async\" class=\"alignnone wp-image-68020\" src=\"https:\/\/vaninahenry.com\/wp-content\/uploads\/2021\/11\/RM_590.jpg\" alt=\"\" width=\"600\" height=\"335\" srcset=\"https:\/\/vaninahenry.com\/wp-content\/uploads\/2021\/11\/RM_590.jpg 714w, https:\/\/vaninahenry.com\/wp-content\/uploads\/2021\/11\/RM_590-600x335.jpg 600w, https:\/\/vaninahenry.com\/wp-content\/uploads\/2021\/11\/RM_590-300x168.jpg 300w\" sizes=\"(max-width: 600px) 100vw, 600px\" \/><\/p>\n<p><strong><a href=\"https:\/\/vaninahenry.com\/wp-content\/uploads\/2021\/08\/calcul-DE-1-scaled.jpg\" target=\"_blank\" rel=\"noopener\">Berechnen Sie die Anzahl der laufenden Meter selbst.<\/a><\/strong><br \/>\n<a href=\"https:\/\/vaninahenry.com\/contact\/?lang=de\" target=\"_blank\" rel=\"noopener\">Wir k\u00f6nnen auch Ihnen helfen, <span style=\"color: #9a7541;\"><strong>kontaktieren Sie uns<\/strong><\/span>.<\/a><\/p>\n<p><span style=\"color: #9a7500;\"><a style=\"color: #9a7500;\" href=\"https:\/\/vaninahenry.com\/marque\/elitis\/?lang=de\" target=\"_blank\" rel=\"noopener\">Mehr \u00fcber ELITIS<\/a><\/span><\/p>\n","protected":false},"featured_media":131098,"template":"","meta":{"_acf_changed":false,"inline_featured_image":false},"product_brand":[],"product_cat":[399],"product_tag":[],"class_list":{"0":"post-132530","1":"product","2":"type-product","3":"status-publish","4":"has-post-thumbnail","6":"product_cat-tapete","7":"product_shipping_class-elitis-de","9":"first","10":"instock","11":"taxable","12":"shipping-taxable","13":"product-type-variable"},"acf":[],"yoast_head":"<!-- This site is optimized with the Yoast SEO plugin v26.7 - https:\/\/yoast.com\/wordpress\/plugins\/seo\/ -->\n<title>Lin mural - Vanina Henry<\/title>\n<meta name=\"robots\" content=\"index, follow, max-snippet:-1, max-image-preview:large, max-video-preview:-1\" \/>\n<link rel=\"canonical\" href=\"http:\/\/vaninahenry.com\/de\/produkt\/lin-mural-2\/\" \/>\n<meta property=\"og:locale\" content=\"de_DE\" \/>\n<meta property=\"og:type\" content=\"article\" \/>\n<meta property=\"og:title\" content=\"Lin mural - Vanina Henry\" \/>\n<meta property=\"og:description\" content=\"Preis pro Laufmeter  &nbsp;  Vestiaire masculin  Lin mural synonym f\u00fcr Weichheit, f\u00fcgt das Wandtextil zu seiner unvergleichlichen dekorativen Pr\u00e4senz Qualit\u00e4ten der Widerstandsf\u00e4higkeit und Haltbarkeit im Laufe der Zeit. Leinen wird hier in seinen nat\u00fcrlichen Farben angeboten.   Einfache und schnelle Montage durch Verkleben an der Wand, ohne Fugen.  Teflonbehandlung f\u00fcr Flecken- und Lichtbest\u00e4ndigkeit. M1-Klassifizierung  Breite: 100 cm.  Verf\u00fcgbar in 2 Referenzen:    Berechnen Sie die Anzahl der laufenden Meter selbst. Wir k\u00f6nnen auch Ihnen helfen, kontaktieren Sie uns.  Mehr \u00fcber ELITIS\" \/>\n<meta property=\"og:url\" content=\"http:\/\/vaninahenry.com\/de\/produkt\/lin-mural-2\/\" \/>\n<meta property=\"og:site_name\" content=\"Vanina Henry\" \/>\n<meta property=\"article:publisher\" content=\"https:\/\/www.facebook.com\/designbyvaninahenry\" \/>\n<meta property=\"article:modified_time\" content=\"2025-12-02T10:25:51+00:00\" \/>\n<meta property=\"og:image\" content=\"http:\/\/vaninahenry.com\/wp-content\/uploads\/2025\/12\/Bandeaux_RM_Lin_mural.jpg\" \/>\n\t<meta property=\"og:image:width\" content=\"2500\" \/>\n\t<meta property=\"og:image:height\" content=\"1500\" \/>\n\t<meta property=\"og:image:type\" content=\"image\/jpeg\" \/>\n<meta name=\"twitter:card\" content=\"summary_large_image\" \/>\n<script type=\"application\/ld+json\" class=\"yoast-schema-graph\">{\"@context\":\"https:\/\/schema.org\",\"@graph\":[{\"@type\":\"WebPage\",\"@id\":\"http:\/\/vaninahenry.com\/de\/produkt\/lin-mural-2\/\",\"url\":\"http:\/\/vaninahenry.com\/de\/produkt\/lin-mural-2\/\",\"name\":\"Lin mural - Vanina Henry\",\"isPartOf\":{\"@id\":\"https:\/\/vaninahenry.com\/#website\"},\"primaryImageOfPage\":{\"@id\":\"http:\/\/vaninahenry.com\/de\/produkt\/lin-mural-2\/#primaryimage\"},\"image\":{\"@id\":\"http:\/\/vaninahenry.com\/de\/produkt\/lin-mural-2\/#primaryimage\"},\"thumbnailUrl\":\"https:\/\/vaninahenry.com\/wp-content\/uploads\/2025\/12\/Bandeaux_RM_Lin_mural.jpg\",\"datePublished\":\"2025-12-02T08:48:14+00:00\",\"dateModified\":\"2025-12-02T10:25:51+00:00\",\"breadcrumb\":{\"@id\":\"http:\/\/vaninahenry.com\/de\/produkt\/lin-mural-2\/#breadcrumb\"},\"inLanguage\":\"de\",\"potentialAction\":[{\"@type\":\"ReadAction\",\"target\":[\"http:\/\/vaninahenry.com\/de\/produkt\/lin-mural-2\/\"]}]},{\"@type\":\"ImageObject\",\"inLanguage\":\"de\",\"@id\":\"http:\/\/vaninahenry.com\/de\/produkt\/lin-mural-2\/#primaryimage\",\"url\":\"https:\/\/vaninahenry.com\/wp-content\/uploads\/2025\/12\/Bandeaux_RM_Lin_mural.jpg\",\"contentUrl\":\"https:\/\/vaninahenry.com\/wp-content\/uploads\/2025\/12\/Bandeaux_RM_Lin_mural.jpg\",\"width\":2500,\"height\":1500},{\"@type\":\"BreadcrumbList\",\"@id\":\"http:\/\/vaninahenry.com\/de\/produkt\/lin-mural-2\/#breadcrumb\",\"itemListElement\":[{\"@type\":\"ListItem\",\"position\":1,\"name\":\"Accueil\",\"item\":\"https:\/\/vaninahenry.com\/de\/\"},{\"@type\":\"ListItem\",\"position\":2,\"name\":\"Shop\",\"item\":\"https:\/\/vaninahenry.com\/boutique\/\"},{\"@type\":\"ListItem\",\"position\":3,\"name\":\"Lin mural\"}]},{\"@type\":\"WebSite\",\"@id\":\"https:\/\/vaninahenry.com\/#website\",\"url\":\"https:\/\/vaninahenry.com\/\",\"name\":\"Vanina Henry\",\"description\":\"\",\"publisher\":{\"@id\":\"https:\/\/vaninahenry.com\/#organization\"},\"potentialAction\":[{\"@type\":\"SearchAction\",\"target\":{\"@type\":\"EntryPoint\",\"urlTemplate\":\"https:\/\/vaninahenry.com\/?s={search_term_string}\"},\"query-input\":{\"@type\":\"PropertyValueSpecification\",\"valueRequired\":true,\"valueName\":\"search_term_string\"}}],\"inLanguage\":\"de\"},{\"@type\":\"Organization\",\"@id\":\"https:\/\/vaninahenry.com\/#organization\",\"name\":\"Vanina Henry\",\"url\":\"https:\/\/vaninahenry.com\/\",\"logo\":{\"@type\":\"ImageObject\",\"inLanguage\":\"de\",\"@id\":\"https:\/\/vaninahenry.com\/#\/schema\/logo\/image\/\",\"url\":\"http:\/\/vaninahenry.com\/wp-content\/uploads\/2021\/10\/Logo-design-by-VaninaHenry.png\",\"contentUrl\":\"http:\/\/vaninahenry.com\/wp-content\/uploads\/2021\/10\/Logo-design-by-VaninaHenry.png\",\"width\":711,\"height\":467,\"caption\":\"Vanina Henry\"},\"image\":{\"@id\":\"https:\/\/vaninahenry.com\/#\/schema\/logo\/image\/\"},\"sameAs\":[\"https:\/\/www.facebook.com\/designbyvaninahenry\",\"https:\/\/www.instagram.com\/vaninahenry\/\"]}]}<\/script>\n<!-- \/ Yoast SEO plugin. -->","yoast_head_json":{"title":"Lin mural - Vanina Henry","robots":{"index":"index","follow":"follow","max-snippet":"max-snippet:-1","max-image-preview":"max-image-preview:large","max-video-preview":"max-video-preview:-1"},"canonical":"http:\/\/vaninahenry.com\/de\/produkt\/lin-mural-2\/","og_locale":"de_DE","og_type":"article","og_title":"Lin mural - Vanina Henry","og_description":"Preis pro Laufmeter  &nbsp;  Vestiaire masculin  Lin mural synonym f\u00fcr Weichheit, f\u00fcgt das Wandtextil zu seiner unvergleichlichen dekorativen Pr\u00e4senz Qualit\u00e4ten der Widerstandsf\u00e4higkeit und Haltbarkeit im Laufe der Zeit. Leinen wird hier in seinen nat\u00fcrlichen Farben angeboten.   Einfache und schnelle Montage durch Verkleben an der Wand, ohne Fugen.  Teflonbehandlung f\u00fcr Flecken- und Lichtbest\u00e4ndigkeit. M1-Klassifizierung  Breite: 100 cm.  Verf\u00fcgbar in 2 Referenzen:    Berechnen Sie die Anzahl der laufenden Meter selbst. Wir k\u00f6nnen auch Ihnen helfen, kontaktieren Sie uns.  Mehr \u00fcber ELITIS","og_url":"http:\/\/vaninahenry.com\/de\/produkt\/lin-mural-2\/","og_site_name":"Vanina Henry","article_publisher":"https:\/\/www.facebook.com\/designbyvaninahenry","article_modified_time":"2025-12-02T10:25:51+00:00","og_image":[{"width":2500,"height":1500,"url":"http:\/\/vaninahenry.com\/wp-content\/uploads\/2025\/12\/Bandeaux_RM_Lin_mural.jpg","type":"image\/jpeg"}],"twitter_card":"summary_large_image","schema":{"@context":"https:\/\/schema.org","@graph":[{"@type":"WebPage","@id":"http:\/\/vaninahenry.com\/de\/produkt\/lin-mural-2\/","url":"http:\/\/vaninahenry.com\/de\/produkt\/lin-mural-2\/","name":"Lin mural - Vanina Henry","isPartOf":{"@id":"https:\/\/vaninahenry.com\/#website"},"primaryImageOfPage":{"@id":"http:\/\/vaninahenry.com\/de\/produkt\/lin-mural-2\/#primaryimage"},"image":{"@id":"http:\/\/vaninahenry.com\/de\/produkt\/lin-mural-2\/#primaryimage"},"thumbnailUrl":"https:\/\/vaninahenry.com\/wp-content\/uploads\/2025\/12\/Bandeaux_RM_Lin_mural.jpg","datePublished":"2025-12-02T08:48:14+00:00","dateModified":"2025-12-02T10:25:51+00:00","breadcrumb":{"@id":"http:\/\/vaninahenry.com\/de\/produkt\/lin-mural-2\/#breadcrumb"},"inLanguage":"de","potentialAction":[{"@type":"ReadAction","target":["http:\/\/vaninahenry.com\/de\/produkt\/lin-mural-2\/"]}]},{"@type":"ImageObject","inLanguage":"de","@id":"http:\/\/vaninahenry.com\/de\/produkt\/lin-mural-2\/#primaryimage","url":"https:\/\/vaninahenry.com\/wp-content\/uploads\/2025\/12\/Bandeaux_RM_Lin_mural.jpg","contentUrl":"https:\/\/vaninahenry.com\/wp-content\/uploads\/2025\/12\/Bandeaux_RM_Lin_mural.jpg","width":2500,"height":1500},{"@type":"BreadcrumbList","@id":"http:\/\/vaninahenry.com\/de\/produkt\/lin-mural-2\/#breadcrumb","itemListElement":[{"@type":"ListItem","position":1,"name":"Accueil","item":"https:\/\/vaninahenry.com\/de\/"},{"@type":"ListItem","position":2,"name":"Shop","item":"https:\/\/vaninahenry.com\/boutique\/"},{"@type":"ListItem","position":3,"name":"Lin mural"}]},{"@type":"WebSite","@id":"https:\/\/vaninahenry.com\/#website","url":"https:\/\/vaninahenry.com\/","name":"Vanina Henry","description":"","publisher":{"@id":"https:\/\/vaninahenry.com\/#organization"},"potentialAction":[{"@type":"SearchAction","target":{"@type":"EntryPoint","urlTemplate":"https:\/\/vaninahenry.com\/?s={search_term_string}"},"query-input":{"@type":"PropertyValueSpecification","valueRequired":true,"valueName":"search_term_string"}}],"inLanguage":"de"},{"@type":"Organization","@id":"https:\/\/vaninahenry.com\/#organization","name":"Vanina Henry","url":"https:\/\/vaninahenry.com\/","logo":{"@type":"ImageObject","inLanguage":"de","@id":"https:\/\/vaninahenry.com\/#\/schema\/logo\/image\/","url":"http:\/\/vaninahenry.com\/wp-content\/uploads\/2021\/10\/Logo-design-by-VaninaHenry.png","contentUrl":"http:\/\/vaninahenry.com\/wp-content\/uploads\/2021\/10\/Logo-design-by-VaninaHenry.png","width":711,"height":467,"caption":"Vanina Henry"},"image":{"@id":"https:\/\/vaninahenry.com\/#\/schema\/logo\/image\/"},"sameAs":["https:\/\/www.facebook.com\/designbyvaninahenry","https:\/\/www.instagram.com\/vaninahenry\/"]}]}},"_links":{"self":[{"href":"https:\/\/vaninahenry.com\/de\/wp-json\/wp\/v2\/product\/132530","targetHints":{"allow":["GET"]}}],"collection":[{"href":"https:\/\/vaninahenry.com\/de\/wp-json\/wp\/v2\/product"}],"about":[{"href":"https:\/\/vaninahenry.com\/de\/wp-json\/wp\/v2\/types\/product"}],"wp:featuredmedia":[{"embeddable":true,"href":"https:\/\/vaninahenry.com\/de\/wp-json\/wp\/v2\/media\/131098"}],"wp:attachment":[{"href":"https:\/\/vaninahenry.com\/de\/wp-json\/wp\/v2\/media?parent=132530"}],"wp:term":[{"taxonomy":"product_brand","embeddable":true,"href":"https:\/\/vaninahenry.com\/de\/wp-json\/wp\/v2\/product_brand?post=132530"},{"taxonomy":"product_cat","embeddable":true,"href":"https:\/\/vaninahenry.com\/de\/wp-json\/wp\/v2\/product_cat?post=132530"},{"taxonomy":"product_tag","embeddable":true,"href":"https:\/\/vaninahenry.com\/de\/wp-json\/wp\/v2\/product_tag?post=132530"}],"curies":[{"name":"wp","href":"https:\/\/api.w.org\/{rel}","templated":true}]}}