{"id":130199,"date":"2025-12-02T09:18:53","date_gmt":"2025-12-02T08:18:53","guid":{"rendered":"https:\/\/vaninahenry.com\/?post_type=product&#038;p=130199"},"modified":"2025-12-02T11:23:45","modified_gmt":"2025-12-02T10:23:45","slug":"jima","status":"publish","type":"product","link":"https:\/\/vaninahenry.com\/de\/produkt\/jima\/","title":{"rendered":"Jima"},"content":{"rendered":"<p>Verkaufseinheit: Linearer Meter<\/p>\n<p>Zusammensetzung: 100% Papier auf Vliestr\u00e4ger.<\/p>\n<p>Breite +\/- 3% : Nutzbare Breite 110cm.<\/p>\n<p>Anschluss: Frei<\/p>\n<p>Gewicht: 416 g pro ml.<\/p>\n<p>Widerstand gegen Feuer:<br \/>\nKein Dauerbrand, Euroklasse B-s2,d0.<\/p>\n<p>UVE-Lichtechtheit: M\u00e4\u00dfig.<\/p>\n<p>Handgefertigtes Produkt, Nat\u00fcrliches Material<\/p>\n<p><img decoding=\"async\" class=\"alignnone wp-image-48982\" src=\"https:\/\/vaninahenry.com\/wp-content\/uploads\/2021\/08\/picto_GLOSSAIRE_Non_feu-100x100.jpg\" alt=\"\" width=\"100\" height=\"100\" \/><img decoding=\"async\" class=\"alignnone wp-image-68155\" src=\"https:\/\/vaninahenry.com\/wp-content\/uploads\/2021\/11\/picto_GLOSSAIRE_Bonne_tenue_lumiere-1-100x100.jpg\" alt=\"\" width=\"100\" height=\"100\" srcset=\"https:\/\/vaninahenry.com\/wp-content\/uploads\/2021\/11\/picto_GLOSSAIRE_Bonne_tenue_lumiere-1-100x100.jpg 100w, https:\/\/vaninahenry.com\/wp-content\/uploads\/2021\/11\/picto_GLOSSAIRE_Bonne_tenue_lumiere-1-300x300.jpg 300w, https:\/\/vaninahenry.com\/wp-content\/uploads\/2021\/11\/picto_GLOSSAIRE_Bonne_tenue_lumiere-1-150x150.jpg 150w, https:\/\/vaninahenry.com\/wp-content\/uploads\/2021\/11\/picto_GLOSSAIRE_Bonne_tenue_lumiere-1-140x140.jpg 140w, https:\/\/vaninahenry.com\/wp-content\/uploads\/2021\/11\/picto_GLOSSAIRE_Bonne_tenue_lumiere-1-350x350.jpg 350w, https:\/\/vaninahenry.com\/wp-content\/uploads\/2021\/11\/picto_GLOSSAIRE_Bonne_tenue_lumiere-1.jpg 440w\" sizes=\"(max-width: 100px) 100vw, 100px\" \/><img decoding=\"async\" class=\"alignnone wp-image-68152\" src=\"https:\/\/vaninahenry.com\/wp-content\/uploads\/2021\/11\/picto_GLOSSAIRE_Encollage_papier-1-100x100.jpg\" alt=\"\" width=\"100\" height=\"100\" srcset=\"https:\/\/vaninahenry.com\/wp-content\/uploads\/2021\/11\/picto_GLOSSAIRE_Encollage_papier-1-100x100.jpg 100w, https:\/\/vaninahenry.com\/wp-content\/uploads\/2021\/11\/picto_GLOSSAIRE_Encollage_papier-1-300x300.jpg 300w, https:\/\/vaninahenry.com\/wp-content\/uploads\/2021\/11\/picto_GLOSSAIRE_Encollage_papier-1-150x150.jpg 150w, https:\/\/vaninahenry.com\/wp-content\/uploads\/2021\/11\/picto_GLOSSAIRE_Encollage_papier-1-140x140.jpg 140w, https:\/\/vaninahenry.com\/wp-content\/uploads\/2021\/11\/picto_GLOSSAIRE_Encollage_papier-1-350x350.jpg 350w, https:\/\/vaninahenry.com\/wp-content\/uploads\/2021\/11\/picto_GLOSSAIRE_Encollage_papier-1.jpg 440w\" sizes=\"(max-width: 100px) 100vw, 100px\" \/><img decoding=\"async\" class=\"alignnone wp-image-48997\" src=\"https:\/\/vaninahenry.com\/wp-content\/uploads\/2021\/08\/picto_GLOSSAIRE_Arrachable_sec-100x100.jpg\" alt=\"\" width=\"100\" height=\"100\" \/><img decoding=\"async\" class=\"alignnone wp-image-24559\" src=\"https:\/\/vaninahenry.com\/wp-content\/uploads\/2021\/03\/A-1.jpg\" alt=\"\" width=\"138\" height=\"100\" \/><\/p>\n","protected":false},"excerpt":{"rendered":"<p><span style=\"color: #9a7541;\">Preis pro laufendem Meter<\/span><\/p>\n<p>&nbsp;<\/p>\n<p><span style=\"color: #9a7541;\">Art Paper<\/span><\/p>\n<p><span style=\"color: #9a7541;\">Jima<\/span><\/p>\n<p>existe dans 4 r\u00e9f\u00e9rences:<\/p>\n<p><img decoding=\"async\" class=\"alignnone wp-image-105713 size-large\" src=\"https:\/\/vaninahenry.com\/wp-content\/uploads\/2023\/04\/RM_1033_Elitis_VaninaHenry-1024x740.jpg\" alt=\"\" width=\"1024\" height=\"740\" \/><\/p>\n<p>Kaschieren von Papier<\/p>\n<p><strong><a href=\"https:\/\/vaninahenry.com\/wp-content\/uploads\/2021\/08\/calcul-DE-1-scaled.jpg\" target=\"_blank\" rel=\"noopener\">Berechnen Sie die Anzahl der laufenden Meter selbst.<\/a><\/strong><br \/>\n<a href=\"https:\/\/vaninahenry.com\/contact\/?lang=de\" target=\"_blank\" rel=\"noopener\">Wir k\u00f6nnen auch Ihnen helfen, <span style=\"color: #9a7541;\"><strong>kontaktieren Sie uns<\/strong><\/span>.<\/a><\/p>\n<p><span style=\"color: #9a7500;\"><a style=\"color: #9a7500;\" href=\"https:\/\/vaninahenry.com\/marque\/elitis\/?lang=de\" target=\"_blank\" rel=\"noopener\">Mehr \u00fcber ELITIS<\/a><\/span><\/p>\n","protected":false},"featured_media":127128,"template":"","meta":{"_acf_changed":false,"inline_featured_image":false},"product_brand":[],"product_cat":[399],"product_tag":[],"class_list":{"0":"post-130199","1":"product","2":"type-product","3":"status-publish","4":"has-post-thumbnail","6":"product_cat-tapete","7":"product_shipping_class-elitis-de","9":"first","10":"instock","11":"taxable","12":"shipping-taxable","13":"product-type-variable"},"acf":[],"yoast_head":"<!-- This site is optimized with the Yoast SEO plugin v26.7 - https:\/\/yoast.com\/wordpress\/plugins\/seo\/ -->\n<title>Jima - Vanina Henry<\/title>\n<meta name=\"robots\" content=\"index, follow, max-snippet:-1, max-image-preview:large, max-video-preview:-1\" \/>\n<link rel=\"canonical\" href=\"https:\/\/vaninahenry.com\/produkt\/jima\/\" \/>\n<meta property=\"og:locale\" content=\"de_DE\" \/>\n<meta property=\"og:type\" content=\"article\" \/>\n<meta property=\"og:title\" content=\"Jima - Vanina Henry\" \/>\n<meta property=\"og:description\" content=\"Preis pro laufendem Meter  &nbsp;  Art Paper  Jima  existe dans 4 r\u00e9f\u00e9rences:    Kaschieren von Papier  Berechnen Sie die Anzahl der laufenden Meter selbst. Wir k\u00f6nnen auch Ihnen helfen, kontaktieren Sie uns.  Mehr \u00fcber ELITIS\" \/>\n<meta property=\"og:url\" content=\"https:\/\/vaninahenry.com\/produkt\/jima\/\" \/>\n<meta property=\"og:site_name\" content=\"Vanina Henry\" \/>\n<meta property=\"article:publisher\" content=\"https:\/\/www.facebook.com\/designbyvaninahenry\" \/>\n<meta property=\"article:modified_time\" content=\"2025-12-02T10:23:45+00:00\" \/>\n<meta property=\"og:image\" content=\"https:\/\/vaninahenry.com\/wp-content\/uploads\/2025\/12\/ELITIS__RM_1033_01_ARTPAPER_FN_1022.jpg\" \/>\n\t<meta property=\"og:image:width\" content=\"1200\" \/>\n\t<meta property=\"og:image:height\" content=\"800\" \/>\n\t<meta property=\"og:image:type\" content=\"image\/jpeg\" \/>\n<meta name=\"twitter:card\" content=\"summary_large_image\" \/>\n<meta name=\"twitter:label1\" content=\"Gesch\u00e4tzte Lesezeit\" \/>\n\t<meta name=\"twitter:data1\" content=\"2\u00a0Minuten\" \/>\n<script type=\"application\/ld+json\" class=\"yoast-schema-graph\">{\"@context\":\"https:\/\/schema.org\",\"@graph\":[{\"@type\":\"WebPage\",\"@id\":\"https:\/\/vaninahenry.com\/produkt\/jima\/\",\"url\":\"https:\/\/vaninahenry.com\/produkt\/jima\/\",\"name\":\"Jima - Vanina Henry\",\"isPartOf\":{\"@id\":\"https:\/\/vaninahenry.com\/#website\"},\"primaryImageOfPage\":{\"@id\":\"https:\/\/vaninahenry.com\/produkt\/jima\/#primaryimage\"},\"image\":{\"@id\":\"https:\/\/vaninahenry.com\/produkt\/jima\/#primaryimage\"},\"thumbnailUrl\":\"https:\/\/vaninahenry.com\/wp-content\/uploads\/2025\/12\/ELITIS__RM_1033_01_ARTPAPER_FN_1022.jpg\",\"datePublished\":\"2025-12-02T08:18:53+00:00\",\"dateModified\":\"2025-12-02T10:23:45+00:00\",\"breadcrumb\":{\"@id\":\"https:\/\/vaninahenry.com\/produkt\/jima\/#breadcrumb\"},\"inLanguage\":\"de\",\"potentialAction\":[{\"@type\":\"ReadAction\",\"target\":[\"https:\/\/vaninahenry.com\/produkt\/jima\/\"]}]},{\"@type\":\"ImageObject\",\"inLanguage\":\"de\",\"@id\":\"https:\/\/vaninahenry.com\/produkt\/jima\/#primaryimage\",\"url\":\"https:\/\/vaninahenry.com\/wp-content\/uploads\/2025\/12\/ELITIS__RM_1033_01_ARTPAPER_FN_1022.jpg\",\"contentUrl\":\"https:\/\/vaninahenry.com\/wp-content\/uploads\/2025\/12\/ELITIS__RM_1033_01_ARTPAPER_FN_1022.jpg\",\"width\":1200,\"height\":800},{\"@type\":\"BreadcrumbList\",\"@id\":\"https:\/\/vaninahenry.com\/produkt\/jima\/#breadcrumb\",\"itemListElement\":[{\"@type\":\"ListItem\",\"position\":1,\"name\":\"Accueil\",\"item\":\"https:\/\/vaninahenry.com\/de\/\"},{\"@type\":\"ListItem\",\"position\":2,\"name\":\"Shop\",\"item\":\"https:\/\/vaninahenry.com\/boutique\/\"},{\"@type\":\"ListItem\",\"position\":3,\"name\":\"Jima\"}]},{\"@type\":\"WebSite\",\"@id\":\"https:\/\/vaninahenry.com\/#website\",\"url\":\"https:\/\/vaninahenry.com\/\",\"name\":\"Vanina Henry\",\"description\":\"\",\"publisher\":{\"@id\":\"https:\/\/vaninahenry.com\/#organization\"},\"potentialAction\":[{\"@type\":\"SearchAction\",\"target\":{\"@type\":\"EntryPoint\",\"urlTemplate\":\"https:\/\/vaninahenry.com\/?s={search_term_string}\"},\"query-input\":{\"@type\":\"PropertyValueSpecification\",\"valueRequired\":true,\"valueName\":\"search_term_string\"}}],\"inLanguage\":\"de\"},{\"@type\":\"Organization\",\"@id\":\"https:\/\/vaninahenry.com\/#organization\",\"name\":\"Vanina Henry\",\"url\":\"https:\/\/vaninahenry.com\/\",\"logo\":{\"@type\":\"ImageObject\",\"inLanguage\":\"de\",\"@id\":\"https:\/\/vaninahenry.com\/#\/schema\/logo\/image\/\",\"url\":\"http:\/\/vaninahenry.com\/wp-content\/uploads\/2021\/10\/Logo-design-by-VaninaHenry.png\",\"contentUrl\":\"http:\/\/vaninahenry.com\/wp-content\/uploads\/2021\/10\/Logo-design-by-VaninaHenry.png\",\"width\":711,\"height\":467,\"caption\":\"Vanina Henry\"},\"image\":{\"@id\":\"https:\/\/vaninahenry.com\/#\/schema\/logo\/image\/\"},\"sameAs\":[\"https:\/\/www.facebook.com\/designbyvaninahenry\",\"https:\/\/www.instagram.com\/vaninahenry\/\"]}]}<\/script>\n<!-- \/ Yoast SEO plugin. -->","yoast_head_json":{"title":"Jima - Vanina Henry","robots":{"index":"index","follow":"follow","max-snippet":"max-snippet:-1","max-image-preview":"max-image-preview:large","max-video-preview":"max-video-preview:-1"},"canonical":"https:\/\/vaninahenry.com\/produkt\/jima\/","og_locale":"de_DE","og_type":"article","og_title":"Jima - Vanina Henry","og_description":"Preis pro laufendem Meter  &nbsp;  Art Paper  Jima  existe dans 4 r\u00e9f\u00e9rences:    Kaschieren von Papier  Berechnen Sie die Anzahl der laufenden Meter selbst. Wir k\u00f6nnen auch Ihnen helfen, kontaktieren Sie uns.  Mehr \u00fcber ELITIS","og_url":"https:\/\/vaninahenry.com\/produkt\/jima\/","og_site_name":"Vanina Henry","article_publisher":"https:\/\/www.facebook.com\/designbyvaninahenry","article_modified_time":"2025-12-02T10:23:45+00:00","og_image":[{"width":1200,"height":800,"url":"https:\/\/vaninahenry.com\/wp-content\/uploads\/2025\/12\/ELITIS__RM_1033_01_ARTPAPER_FN_1022.jpg","type":"image\/jpeg"}],"twitter_card":"summary_large_image","twitter_misc":{"Gesch\u00e4tzte Lesezeit":"2\u00a0Minuten"},"schema":{"@context":"https:\/\/schema.org","@graph":[{"@type":"WebPage","@id":"https:\/\/vaninahenry.com\/produkt\/jima\/","url":"https:\/\/vaninahenry.com\/produkt\/jima\/","name":"Jima - Vanina Henry","isPartOf":{"@id":"https:\/\/vaninahenry.com\/#website"},"primaryImageOfPage":{"@id":"https:\/\/vaninahenry.com\/produkt\/jima\/#primaryimage"},"image":{"@id":"https:\/\/vaninahenry.com\/produkt\/jima\/#primaryimage"},"thumbnailUrl":"https:\/\/vaninahenry.com\/wp-content\/uploads\/2025\/12\/ELITIS__RM_1033_01_ARTPAPER_FN_1022.jpg","datePublished":"2025-12-02T08:18:53+00:00","dateModified":"2025-12-02T10:23:45+00:00","breadcrumb":{"@id":"https:\/\/vaninahenry.com\/produkt\/jima\/#breadcrumb"},"inLanguage":"de","potentialAction":[{"@type":"ReadAction","target":["https:\/\/vaninahenry.com\/produkt\/jima\/"]}]},{"@type":"ImageObject","inLanguage":"de","@id":"https:\/\/vaninahenry.com\/produkt\/jima\/#primaryimage","url":"https:\/\/vaninahenry.com\/wp-content\/uploads\/2025\/12\/ELITIS__RM_1033_01_ARTPAPER_FN_1022.jpg","contentUrl":"https:\/\/vaninahenry.com\/wp-content\/uploads\/2025\/12\/ELITIS__RM_1033_01_ARTPAPER_FN_1022.jpg","width":1200,"height":800},{"@type":"BreadcrumbList","@id":"https:\/\/vaninahenry.com\/produkt\/jima\/#breadcrumb","itemListElement":[{"@type":"ListItem","position":1,"name":"Accueil","item":"https:\/\/vaninahenry.com\/de\/"},{"@type":"ListItem","position":2,"name":"Shop","item":"https:\/\/vaninahenry.com\/boutique\/"},{"@type":"ListItem","position":3,"name":"Jima"}]},{"@type":"WebSite","@id":"https:\/\/vaninahenry.com\/#website","url":"https:\/\/vaninahenry.com\/","name":"Vanina Henry","description":"","publisher":{"@id":"https:\/\/vaninahenry.com\/#organization"},"potentialAction":[{"@type":"SearchAction","target":{"@type":"EntryPoint","urlTemplate":"https:\/\/vaninahenry.com\/?s={search_term_string}"},"query-input":{"@type":"PropertyValueSpecification","valueRequired":true,"valueName":"search_term_string"}}],"inLanguage":"de"},{"@type":"Organization","@id":"https:\/\/vaninahenry.com\/#organization","name":"Vanina Henry","url":"https:\/\/vaninahenry.com\/","logo":{"@type":"ImageObject","inLanguage":"de","@id":"https:\/\/vaninahenry.com\/#\/schema\/logo\/image\/","url":"http:\/\/vaninahenry.com\/wp-content\/uploads\/2021\/10\/Logo-design-by-VaninaHenry.png","contentUrl":"http:\/\/vaninahenry.com\/wp-content\/uploads\/2021\/10\/Logo-design-by-VaninaHenry.png","width":711,"height":467,"caption":"Vanina Henry"},"image":{"@id":"https:\/\/vaninahenry.com\/#\/schema\/logo\/image\/"},"sameAs":["https:\/\/www.facebook.com\/designbyvaninahenry","https:\/\/www.instagram.com\/vaninahenry\/"]}]}},"_links":{"self":[{"href":"https:\/\/vaninahenry.com\/de\/wp-json\/wp\/v2\/product\/130199","targetHints":{"allow":["GET"]}}],"collection":[{"href":"https:\/\/vaninahenry.com\/de\/wp-json\/wp\/v2\/product"}],"about":[{"href":"https:\/\/vaninahenry.com\/de\/wp-json\/wp\/v2\/types\/product"}],"wp:featuredmedia":[{"embeddable":true,"href":"https:\/\/vaninahenry.com\/de\/wp-json\/wp\/v2\/media\/127128"}],"wp:attachment":[{"href":"https:\/\/vaninahenry.com\/de\/wp-json\/wp\/v2\/media?parent=130199"}],"wp:term":[{"taxonomy":"product_brand","embeddable":true,"href":"https:\/\/vaninahenry.com\/de\/wp-json\/wp\/v2\/product_brand?post=130199"},{"taxonomy":"product_cat","embeddable":true,"href":"https:\/\/vaninahenry.com\/de\/wp-json\/wp\/v2\/product_cat?post=130199"},{"taxonomy":"product_tag","embeddable":true,"href":"https:\/\/vaninahenry.com\/de\/wp-json\/wp\/v2\/product_tag?post=130199"}],"curies":[{"name":"wp","href":"https:\/\/api.w.org\/{rel}","templated":true}]}}