{"id":130175,"date":"2025-12-02T09:18:50","date_gmt":"2025-12-02T08:18:50","guid":{"rendered":"https:\/\/vaninahenry.com\/?post_type=product&#038;p=130175"},"modified":"2025-12-02T11:23:29","modified_gmt":"2025-12-02T10:23:29","slug":"rivage","status":"publish","type":"product","link":"https:\/\/vaninahenry.com\/de\/produkt\/rivage\/","title":{"rendered":"RIVAGE"},"content":{"rendered":"","protected":false},"excerpt":{"rendered":"<p><span style=\"color: #9a7541\">Collection PANORAMIQUE<\/span><\/p>\n<p><span style=\"color: #9a7541\">Rivage,\u00a0<\/span>in 3 Farben erh\u00e4ltlich:<\/p>\n<p><img decoding=\"async\" class=\"alignnone wp-image-104066 size-full\" src=\"https:\/\/vaninahenry.com\/wp-content\/uploads\/2022\/12\/Novo-Projeto-71.jpg\" alt=\"\" width=\"878\" height=\"414\" \/><\/p>\n<p>Vollst\u00e4ndiges Panorama von 4,5 m Breite bis 3,30 m H\u00f6he.<\/p>\n<p>Diese Szenerie besteht aus 3 Bahnen A, B, C von jeweils 1,5 m L\u00e4nge, die wiederholt werden, um unendlich lange S\u00e4tze zu bilden.<\/p>\n<ul>\n<li>Rolle A, 3 Bahnen \u00e0 50 cm Breite.<\/li>\n<li>Rolle B, 3 Bahnen \u00e0 50 cm Breite.<\/li>\n<li>Rolle C, 3 Bahnen \u00e0 50 cm Breite.<\/li>\n<\/ul>\n<p>Bertrand Cure ist ein leidenschaftlicher Kunstliebhaber. Er ist seit \u00fcber 15 Jahren Illustrator, Dekorateur und Innenarchitekt und sch\u00f6pft seine Inspiration aus seinen Reisen und seiner zweiten Leidenschaft, der Mode.<br \/>\nRivage ist eine Aquarellzeichnung, die uns an die K\u00fcsten der Provence f\u00fchrt. Als Echo auf die Nostalgie vergangener Epochen bietet der K\u00fcnstler eine originelle Kreation, die entschieden modern, bunt und fr\u00f6hlich ist.<\/p>\n<p>&nbsp;<\/p>\n<p>Dieses Produkt gibt es in:<\/p>\n<ul>\n<li>Papiervlies (an die Wand geklebt, lichtbest\u00e4ndig, waschbar, trocken abziehbar).<\/li>\n<li>Hochwertiges Contract (abwaschbar und sto\u00dffest, PVC-frei).<\/li>\n<\/ul>\n<p>&nbsp;<\/p>\n<p>Alle Produkte von Isidore Leroy werden auf Bestellung mithilfe traditioneller oder digitaler Drucktechniken hergestellt.<\/p>\n<p>&nbsp;<\/p>\n<p><strong><a href=\"https:\/\/vaninahenry.com\/wp-content\/uploads\/2021\/08\/calcul-DE-1-scaled.jpg\" target=\"_blank\" rel=\"noopener\">Berechnen Sie die Anzahl der laufenden Meter selbst.<\/a><\/strong><br \/>\n<a href=\"https:\/\/vaninahenry.com\/contact\/?lang=de\" target=\"_blank\" rel=\"noopener\">Wir k\u00f6nnen auch Ihnen helfen,\u00a0<span style=\"color: #9a7541\"><strong>kontaktieren Sie uns<\/strong><\/span>.<\/a><\/p>\n<p><span style=\"color: #9a7500\"><a style=\"color: #9a7500\" href=\"https:\/\/vaninahenry.com\/marque\/isidore-leroy\/?lang=de\" target=\"_blank\" rel=\"noopener\">Mehr \u00fcber ISIDORE LEROY<\/a><\/span><\/p>\n<p>&nbsp;<\/p>\n","protected":false},"featured_media":126803,"template":"","meta":{"_acf_changed":false,"inline_featured_image":false},"product_brand":[],"product_cat":[399],"product_tag":[],"class_list":{"0":"post-130175","1":"product","2":"type-product","3":"status-publish","4":"has-post-thumbnail","6":"product_cat-tapete","7":"product_shipping_class-isidore-leroy-de","9":"first","10":"instock","11":"taxable","12":"shipping-taxable","13":"purchasable","14":"product-type-variable"},"acf":[],"yoast_head":"<!-- This site is optimized with the Yoast SEO plugin v26.7 - https:\/\/yoast.com\/wordpress\/plugins\/seo\/ -->\n<title>RIVAGE - Vanina Henry<\/title>\n<meta name=\"robots\" content=\"index, follow, max-snippet:-1, max-image-preview:large, max-video-preview:-1\" \/>\n<link rel=\"canonical\" href=\"https:\/\/vaninahenry.com\/produkt\/rivage\/\" \/>\n<meta property=\"og:locale\" content=\"de_DE\" \/>\n<meta property=\"og:type\" content=\"article\" \/>\n<meta property=\"og:title\" content=\"RIVAGE - Vanina Henry\" \/>\n<meta property=\"og:description\" content=\"Collection PANORAMIQUE  Rivage,\u00a0in 3 Farben erh\u00e4ltlich:    Vollst\u00e4ndiges Panorama von 4,5 m Breite bis 3,30 m H\u00f6he.  Diese Szenerie besteht aus 3 Bahnen A, B, C von jeweils 1,5 m L\u00e4nge, die wiederholt werden, um unendlich lange S\u00e4tze zu bilden.   Rolle A, 3 Bahnen \u00e0 50 cm Breite.  Rolle B, 3 Bahnen \u00e0 50 cm Breite.  Rolle C, 3 Bahnen \u00e0 50 cm Breite.  Bertrand Cure ist ein leidenschaftlicher Kunstliebhaber. Er ist seit \u00fcber 15 Jahren Illustrator, Dekorateur und Innenarchitekt und sch\u00f6pft seine Inspiration aus seinen Reisen und seiner zweiten Leidenschaft, der Mode. Rivage ist eine Aquarellzeichnung, die uns an die K\u00fcsten der Provence f\u00fchrt. Als Echo auf die Nostalgie vergangener Epochen bietet der K\u00fcnstler eine originelle Kreation, die entschieden modern, bunt und fr\u00f6hlich ist.  &nbsp;  Dieses Produkt gibt es in:   Papiervlies (an die Wand geklebt, lichtbest\u00e4ndig, waschbar, trocken abziehbar).  Hochwertiges Contract (abwaschbar und sto\u00dffest, PVC-frei).  &nbsp;  Alle Produkte von Isidore Leroy werden auf Bestellung mithilfe traditioneller oder digitaler Drucktechniken hergestellt.  &nbsp;  Berechnen Sie die Anzahl der laufenden Meter selbst. Wir k\u00f6nnen auch Ihnen helfen,\u00a0kontaktieren Sie uns.  Mehr \u00fcber ISIDORE LEROY  &nbsp;\" \/>\n<meta property=\"og:url\" content=\"https:\/\/vaninahenry.com\/produkt\/rivage\/\" \/>\n<meta property=\"og:site_name\" content=\"Vanina Henry\" \/>\n<meta property=\"article:publisher\" content=\"https:\/\/www.facebook.com\/designbyvaninahenry\" \/>\n<meta property=\"article:modified_time\" content=\"2025-12-02T10:23:29+00:00\" \/>\n<meta property=\"og:image\" content=\"https:\/\/vaninahenry.com\/wp-content\/uploads\/2025\/12\/221014_SITUATION_RIVAGE_SALON_living4media.jpg\" \/>\n\t<meta property=\"og:image:width\" content=\"800\" \/>\n\t<meta property=\"og:image:height\" content=\"1200\" \/>\n\t<meta property=\"og:image:type\" content=\"image\/jpeg\" \/>\n<meta name=\"twitter:card\" content=\"summary_large_image\" \/>\n<script type=\"application\/ld+json\" class=\"yoast-schema-graph\">{\"@context\":\"https:\/\/schema.org\",\"@graph\":[{\"@type\":\"WebPage\",\"@id\":\"https:\/\/vaninahenry.com\/produkt\/rivage\/\",\"url\":\"https:\/\/vaninahenry.com\/produkt\/rivage\/\",\"name\":\"RIVAGE - Vanina Henry\",\"isPartOf\":{\"@id\":\"https:\/\/vaninahenry.com\/#website\"},\"primaryImageOfPage\":{\"@id\":\"https:\/\/vaninahenry.com\/produkt\/rivage\/#primaryimage\"},\"image\":{\"@id\":\"https:\/\/vaninahenry.com\/produkt\/rivage\/#primaryimage\"},\"thumbnailUrl\":\"https:\/\/vaninahenry.com\/wp-content\/uploads\/2025\/12\/221014_SITUATION_RIVAGE_SALON_living4media.jpg\",\"datePublished\":\"2025-12-02T08:18:50+00:00\",\"dateModified\":\"2025-12-02T10:23:29+00:00\",\"breadcrumb\":{\"@id\":\"https:\/\/vaninahenry.com\/produkt\/rivage\/#breadcrumb\"},\"inLanguage\":\"de\",\"potentialAction\":[{\"@type\":\"ReadAction\",\"target\":[\"https:\/\/vaninahenry.com\/produkt\/rivage\/\"]}]},{\"@type\":\"ImageObject\",\"inLanguage\":\"de\",\"@id\":\"https:\/\/vaninahenry.com\/produkt\/rivage\/#primaryimage\",\"url\":\"https:\/\/vaninahenry.com\/wp-content\/uploads\/2025\/12\/221014_SITUATION_RIVAGE_SALON_living4media.jpg\",\"contentUrl\":\"https:\/\/vaninahenry.com\/wp-content\/uploads\/2025\/12\/221014_SITUATION_RIVAGE_SALON_living4media.jpg\",\"width\":800,\"height\":1200},{\"@type\":\"BreadcrumbList\",\"@id\":\"https:\/\/vaninahenry.com\/produkt\/rivage\/#breadcrumb\",\"itemListElement\":[{\"@type\":\"ListItem\",\"position\":1,\"name\":\"Accueil\",\"item\":\"https:\/\/vaninahenry.com\/de\/\"},{\"@type\":\"ListItem\",\"position\":2,\"name\":\"Shop\",\"item\":\"https:\/\/vaninahenry.com\/boutique\/\"},{\"@type\":\"ListItem\",\"position\":3,\"name\":\"RIVAGE\"}]},{\"@type\":\"WebSite\",\"@id\":\"https:\/\/vaninahenry.com\/#website\",\"url\":\"https:\/\/vaninahenry.com\/\",\"name\":\"Vanina Henry\",\"description\":\"\",\"publisher\":{\"@id\":\"https:\/\/vaninahenry.com\/#organization\"},\"potentialAction\":[{\"@type\":\"SearchAction\",\"target\":{\"@type\":\"EntryPoint\",\"urlTemplate\":\"https:\/\/vaninahenry.com\/?s={search_term_string}\"},\"query-input\":{\"@type\":\"PropertyValueSpecification\",\"valueRequired\":true,\"valueName\":\"search_term_string\"}}],\"inLanguage\":\"de\"},{\"@type\":\"Organization\",\"@id\":\"https:\/\/vaninahenry.com\/#organization\",\"name\":\"Vanina Henry\",\"url\":\"https:\/\/vaninahenry.com\/\",\"logo\":{\"@type\":\"ImageObject\",\"inLanguage\":\"de\",\"@id\":\"https:\/\/vaninahenry.com\/#\/schema\/logo\/image\/\",\"url\":\"http:\/\/vaninahenry.com\/wp-content\/uploads\/2021\/10\/Logo-design-by-VaninaHenry.png\",\"contentUrl\":\"http:\/\/vaninahenry.com\/wp-content\/uploads\/2021\/10\/Logo-design-by-VaninaHenry.png\",\"width\":711,\"height\":467,\"caption\":\"Vanina Henry\"},\"image\":{\"@id\":\"https:\/\/vaninahenry.com\/#\/schema\/logo\/image\/\"},\"sameAs\":[\"https:\/\/www.facebook.com\/designbyvaninahenry\",\"https:\/\/www.instagram.com\/vaninahenry\/\"]}]}<\/script>\n<!-- \/ Yoast SEO plugin. -->","yoast_head_json":{"title":"RIVAGE - Vanina Henry","robots":{"index":"index","follow":"follow","max-snippet":"max-snippet:-1","max-image-preview":"max-image-preview:large","max-video-preview":"max-video-preview:-1"},"canonical":"https:\/\/vaninahenry.com\/produkt\/rivage\/","og_locale":"de_DE","og_type":"article","og_title":"RIVAGE - Vanina Henry","og_description":"Collection PANORAMIQUE  Rivage,\u00a0in 3 Farben erh\u00e4ltlich:    Vollst\u00e4ndiges Panorama von 4,5 m Breite bis 3,30 m H\u00f6he.  Diese Szenerie besteht aus 3 Bahnen A, B, C von jeweils 1,5 m L\u00e4nge, die wiederholt werden, um unendlich lange S\u00e4tze zu bilden.   Rolle A, 3 Bahnen \u00e0 50 cm Breite.  Rolle B, 3 Bahnen \u00e0 50 cm Breite.  Rolle C, 3 Bahnen \u00e0 50 cm Breite.  Bertrand Cure ist ein leidenschaftlicher Kunstliebhaber. Er ist seit \u00fcber 15 Jahren Illustrator, Dekorateur und Innenarchitekt und sch\u00f6pft seine Inspiration aus seinen Reisen und seiner zweiten Leidenschaft, der Mode. Rivage ist eine Aquarellzeichnung, die uns an die K\u00fcsten der Provence f\u00fchrt. Als Echo auf die Nostalgie vergangener Epochen bietet der K\u00fcnstler eine originelle Kreation, die entschieden modern, bunt und fr\u00f6hlich ist.  &nbsp;  Dieses Produkt gibt es in:   Papiervlies (an die Wand geklebt, lichtbest\u00e4ndig, waschbar, trocken abziehbar).  Hochwertiges Contract (abwaschbar und sto\u00dffest, PVC-frei).  &nbsp;  Alle Produkte von Isidore Leroy werden auf Bestellung mithilfe traditioneller oder digitaler Drucktechniken hergestellt.  &nbsp;  Berechnen Sie die Anzahl der laufenden Meter selbst. Wir k\u00f6nnen auch Ihnen helfen,\u00a0kontaktieren Sie uns.  Mehr \u00fcber ISIDORE LEROY  &nbsp;","og_url":"https:\/\/vaninahenry.com\/produkt\/rivage\/","og_site_name":"Vanina Henry","article_publisher":"https:\/\/www.facebook.com\/designbyvaninahenry","article_modified_time":"2025-12-02T10:23:29+00:00","og_image":[{"width":800,"height":1200,"url":"https:\/\/vaninahenry.com\/wp-content\/uploads\/2025\/12\/221014_SITUATION_RIVAGE_SALON_living4media.jpg","type":"image\/jpeg"}],"twitter_card":"summary_large_image","schema":{"@context":"https:\/\/schema.org","@graph":[{"@type":"WebPage","@id":"https:\/\/vaninahenry.com\/produkt\/rivage\/","url":"https:\/\/vaninahenry.com\/produkt\/rivage\/","name":"RIVAGE - Vanina Henry","isPartOf":{"@id":"https:\/\/vaninahenry.com\/#website"},"primaryImageOfPage":{"@id":"https:\/\/vaninahenry.com\/produkt\/rivage\/#primaryimage"},"image":{"@id":"https:\/\/vaninahenry.com\/produkt\/rivage\/#primaryimage"},"thumbnailUrl":"https:\/\/vaninahenry.com\/wp-content\/uploads\/2025\/12\/221014_SITUATION_RIVAGE_SALON_living4media.jpg","datePublished":"2025-12-02T08:18:50+00:00","dateModified":"2025-12-02T10:23:29+00:00","breadcrumb":{"@id":"https:\/\/vaninahenry.com\/produkt\/rivage\/#breadcrumb"},"inLanguage":"de","potentialAction":[{"@type":"ReadAction","target":["https:\/\/vaninahenry.com\/produkt\/rivage\/"]}]},{"@type":"ImageObject","inLanguage":"de","@id":"https:\/\/vaninahenry.com\/produkt\/rivage\/#primaryimage","url":"https:\/\/vaninahenry.com\/wp-content\/uploads\/2025\/12\/221014_SITUATION_RIVAGE_SALON_living4media.jpg","contentUrl":"https:\/\/vaninahenry.com\/wp-content\/uploads\/2025\/12\/221014_SITUATION_RIVAGE_SALON_living4media.jpg","width":800,"height":1200},{"@type":"BreadcrumbList","@id":"https:\/\/vaninahenry.com\/produkt\/rivage\/#breadcrumb","itemListElement":[{"@type":"ListItem","position":1,"name":"Accueil","item":"https:\/\/vaninahenry.com\/de\/"},{"@type":"ListItem","position":2,"name":"Shop","item":"https:\/\/vaninahenry.com\/boutique\/"},{"@type":"ListItem","position":3,"name":"RIVAGE"}]},{"@type":"WebSite","@id":"https:\/\/vaninahenry.com\/#website","url":"https:\/\/vaninahenry.com\/","name":"Vanina Henry","description":"","publisher":{"@id":"https:\/\/vaninahenry.com\/#organization"},"potentialAction":[{"@type":"SearchAction","target":{"@type":"EntryPoint","urlTemplate":"https:\/\/vaninahenry.com\/?s={search_term_string}"},"query-input":{"@type":"PropertyValueSpecification","valueRequired":true,"valueName":"search_term_string"}}],"inLanguage":"de"},{"@type":"Organization","@id":"https:\/\/vaninahenry.com\/#organization","name":"Vanina Henry","url":"https:\/\/vaninahenry.com\/","logo":{"@type":"ImageObject","inLanguage":"de","@id":"https:\/\/vaninahenry.com\/#\/schema\/logo\/image\/","url":"http:\/\/vaninahenry.com\/wp-content\/uploads\/2021\/10\/Logo-design-by-VaninaHenry.png","contentUrl":"http:\/\/vaninahenry.com\/wp-content\/uploads\/2021\/10\/Logo-design-by-VaninaHenry.png","width":711,"height":467,"caption":"Vanina Henry"},"image":{"@id":"https:\/\/vaninahenry.com\/#\/schema\/logo\/image\/"},"sameAs":["https:\/\/www.facebook.com\/designbyvaninahenry","https:\/\/www.instagram.com\/vaninahenry\/"]}]}},"_links":{"self":[{"href":"https:\/\/vaninahenry.com\/de\/wp-json\/wp\/v2\/product\/130175","targetHints":{"allow":["GET"]}}],"collection":[{"href":"https:\/\/vaninahenry.com\/de\/wp-json\/wp\/v2\/product"}],"about":[{"href":"https:\/\/vaninahenry.com\/de\/wp-json\/wp\/v2\/types\/product"}],"wp:featuredmedia":[{"embeddable":true,"href":"https:\/\/vaninahenry.com\/de\/wp-json\/wp\/v2\/media\/126803"}],"wp:attachment":[{"href":"https:\/\/vaninahenry.com\/de\/wp-json\/wp\/v2\/media?parent=130175"}],"wp:term":[{"taxonomy":"product_brand","embeddable":true,"href":"https:\/\/vaninahenry.com\/de\/wp-json\/wp\/v2\/product_brand?post=130175"},{"taxonomy":"product_cat","embeddable":true,"href":"https:\/\/vaninahenry.com\/de\/wp-json\/wp\/v2\/product_cat?post=130175"},{"taxonomy":"product_tag","embeddable":true,"href":"https:\/\/vaninahenry.com\/de\/wp-json\/wp\/v2\/product_tag?post=130175"}],"curies":[{"name":"wp","href":"https:\/\/api.w.org\/{rel}","templated":true}]}}