{"id":130171,"date":"2025-12-01T16:09:14","date_gmt":"2025-12-01T15:09:14","guid":{"rendered":"https:\/\/vaninahenry.com\/?post_type=product&#038;p=130171"},"modified":"2025-12-02T11:23:27","modified_gmt":"2025-12-02T10:23:27","slug":"jardin-baroque","status":"publish","type":"product","link":"https:\/\/vaninahenry.com\/de\/produkt\/jardin-baroque\/","title":{"rendered":"Jardin Baroque"},"content":{"rendered":"","protected":false},"excerpt":{"rendered":"<p><span style=\"color: #9a7541\">Kollektion PANORAMIQUE<\/span><\/p>\n<p><span style=\"color: #9a7541\">Jardin Baroque<\/span><\/p>\n<p>Vollst\u00e4ndiges Panorama von 4.00 m Breite bis 3,30 m H\u00f6he.<\/p>\n<p>Diese Szenerie besteht aus 2 Bahnen A, B von jeweils 2.00 m L\u00e4nge, die wiederholt werden, um unendlich lange S\u00e4tze zu bilden.<\/p>\n<ul>\n<li>Rolle A, 4 Bahnen \u00e0 50 cm Breite.<\/li>\n<li>Rolle B, 4 Bahnen \u00e0 50 cm Breite.<\/li>\n<\/ul>\n<p>&#8221; Barockgarten &#8220;. Eine r\u00f6mische Landschaft wird heraufbeschworen, die ein antikes Herrenhaus vermuten l\u00e4sst, das von einem Park mit verschiedenen Arten von Pinien und einer Libanon-Zeder ges\u00e4umt wird. Eine mediterrane Atmosph\u00e4re, die Nicolas de Cr\u00e9cy direkt mit einer feinen Feder in Bistertinte mit einem freien und direkten Strich geschaffen hat.<\/p>\n<p>&nbsp;<\/p>\n<p>Dieses Produkt gibt es in:<\/p>\n<ul>\n<li>Papiervlies (an die Wand geklebt, lichtbest\u00e4ndig, waschbar, trocken abziehbar).<\/li>\n<li>Hochwertiges Contract (abwaschbar und sto\u00dffest, PVC-frei).<\/li>\n<\/ul>\n<p>&nbsp;<\/p>\n<p>Alle Produkte von Isidore Leroy werden auf Bestellung mithilfe traditioneller oder digitaler Drucktechniken hergestellt.<\/p>\n<p>&nbsp;<\/p>\n<p><strong><a href=\"https:\/\/vaninahenry.com\/wp-content\/uploads\/2021\/08\/calcul-DE-1-scaled.jpg\" target=\"_blank\" rel=\"noopener\">Berechnen Sie die Anzahl der laufenden Meter selbst.<\/a><\/strong><br \/>\n<a href=\"https:\/\/vaninahenry.com\/contact\/?lang=de\" target=\"_blank\" rel=\"noopener\">Wir k\u00f6nnen auch Ihnen helfen,\u00a0<span style=\"color: #9a7541\"><strong>kontaktieren Sie uns<\/strong><\/span>.<\/a><\/p>\n<p><span style=\"color: #9a7500\"><a style=\"color: #9a7500\" href=\"https:\/\/vaninahenry.com\/marque\/isidore-leroy\/?lang=de\" target=\"_blank\" rel=\"noopener\">Mehr \u00fcber ISIDORE LEROY<\/a><\/span><\/p>\n<p>&nbsp;<\/p>\n","protected":false},"featured_media":126734,"template":"","meta":{"_acf_changed":false,"inline_featured_image":false},"product_brand":[],"product_cat":[399],"product_tag":[],"class_list":{"0":"post-130171","1":"product","2":"type-product","3":"status-publish","4":"has-post-thumbnail","6":"product_cat-tapete","7":"product_shipping_class-isidore-leroy-de","9":"first","10":"instock","11":"taxable","12":"shipping-taxable","13":"purchasable","14":"product-type-variable"},"acf":[],"yoast_head":"<!-- This site is optimized with the Yoast SEO plugin v26.7 - https:\/\/yoast.com\/wordpress\/plugins\/seo\/ -->\n<title>Jardin Baroque - Vanina Henry<\/title>\n<meta name=\"robots\" content=\"index, follow, max-snippet:-1, max-image-preview:large, max-video-preview:-1\" \/>\n<link rel=\"canonical\" href=\"https:\/\/vaninahenry.com\/produkt\/jardin-baroque\/\" \/>\n<meta property=\"og:locale\" content=\"de_DE\" \/>\n<meta property=\"og:type\" content=\"article\" \/>\n<meta property=\"og:title\" content=\"Jardin Baroque - Vanina Henry\" \/>\n<meta property=\"og:description\" content=\"Kollektion PANORAMIQUE  Jardin Baroque  Vollst\u00e4ndiges Panorama von 4.00 m Breite bis 3,30 m H\u00f6he.  Diese Szenerie besteht aus 2 Bahnen A, B von jeweils 2.00 m L\u00e4nge, die wiederholt werden, um unendlich lange S\u00e4tze zu bilden.   Rolle A, 4 Bahnen \u00e0 50 cm Breite.  Rolle B, 4 Bahnen \u00e0 50 cm Breite.  &quot; Barockgarten &quot;. Eine r\u00f6mische Landschaft wird heraufbeschworen, die ein antikes Herrenhaus vermuten l\u00e4sst, das von einem Park mit verschiedenen Arten von Pinien und einer Libanon-Zeder ges\u00e4umt wird. Eine mediterrane Atmosph\u00e4re, die Nicolas de Cr\u00e9cy direkt mit einer feinen Feder in Bistertinte mit einem freien und direkten Strich geschaffen hat.  &nbsp;  Dieses Produkt gibt es in:   Papiervlies (an die Wand geklebt, lichtbest\u00e4ndig, waschbar, trocken abziehbar).  Hochwertiges Contract (abwaschbar und sto\u00dffest, PVC-frei).  &nbsp;  Alle Produkte von Isidore Leroy werden auf Bestellung mithilfe traditioneller oder digitaler Drucktechniken hergestellt.  &nbsp;  Berechnen Sie die Anzahl der laufenden Meter selbst. Wir k\u00f6nnen auch Ihnen helfen,\u00a0kontaktieren Sie uns.  Mehr \u00fcber ISIDORE LEROY  &nbsp;\" \/>\n<meta property=\"og:url\" content=\"https:\/\/vaninahenry.com\/produkt\/jardin-baroque\/\" \/>\n<meta property=\"og:site_name\" content=\"Vanina Henry\" \/>\n<meta property=\"article:publisher\" content=\"https:\/\/www.facebook.com\/designbyvaninahenry\" \/>\n<meta property=\"article:modified_time\" content=\"2025-12-02T10:23:27+00:00\" \/>\n<meta property=\"og:image\" content=\"https:\/\/vaninahenry.com\/wp-content\/uploads\/2025\/12\/220216_SITUATION_JARDIN_BAROQUE_ESCALIER_1251x1799px_800x.jpg\" \/>\n\t<meta property=\"og:image:width\" content=\"800\" \/>\n\t<meta property=\"og:image:height\" content=\"1150\" \/>\n\t<meta property=\"og:image:type\" content=\"image\/jpeg\" \/>\n<meta name=\"twitter:card\" content=\"summary_large_image\" \/>\n<script type=\"application\/ld+json\" class=\"yoast-schema-graph\">{\"@context\":\"https:\/\/schema.org\",\"@graph\":[{\"@type\":\"WebPage\",\"@id\":\"https:\/\/vaninahenry.com\/produkt\/jardin-baroque\/\",\"url\":\"https:\/\/vaninahenry.com\/produkt\/jardin-baroque\/\",\"name\":\"Jardin Baroque - Vanina Henry\",\"isPartOf\":{\"@id\":\"https:\/\/vaninahenry.com\/#website\"},\"primaryImageOfPage\":{\"@id\":\"https:\/\/vaninahenry.com\/produkt\/jardin-baroque\/#primaryimage\"},\"image\":{\"@id\":\"https:\/\/vaninahenry.com\/produkt\/jardin-baroque\/#primaryimage\"},\"thumbnailUrl\":\"https:\/\/vaninahenry.com\/wp-content\/uploads\/2025\/12\/220216_SITUATION_JARDIN_BAROQUE_ESCALIER_1251x1799px_800x.jpg\",\"datePublished\":\"2025-12-01T15:09:14+00:00\",\"dateModified\":\"2025-12-02T10:23:27+00:00\",\"breadcrumb\":{\"@id\":\"https:\/\/vaninahenry.com\/produkt\/jardin-baroque\/#breadcrumb\"},\"inLanguage\":\"de\",\"potentialAction\":[{\"@type\":\"ReadAction\",\"target\":[\"https:\/\/vaninahenry.com\/produkt\/jardin-baroque\/\"]}]},{\"@type\":\"ImageObject\",\"inLanguage\":\"de\",\"@id\":\"https:\/\/vaninahenry.com\/produkt\/jardin-baroque\/#primaryimage\",\"url\":\"https:\/\/vaninahenry.com\/wp-content\/uploads\/2025\/12\/220216_SITUATION_JARDIN_BAROQUE_ESCALIER_1251x1799px_800x.jpg\",\"contentUrl\":\"https:\/\/vaninahenry.com\/wp-content\/uploads\/2025\/12\/220216_SITUATION_JARDIN_BAROQUE_ESCALIER_1251x1799px_800x.jpg\",\"width\":800,\"height\":1150},{\"@type\":\"BreadcrumbList\",\"@id\":\"https:\/\/vaninahenry.com\/produkt\/jardin-baroque\/#breadcrumb\",\"itemListElement\":[{\"@type\":\"ListItem\",\"position\":1,\"name\":\"Accueil\",\"item\":\"https:\/\/vaninahenry.com\/de\/\"},{\"@type\":\"ListItem\",\"position\":2,\"name\":\"Shop\",\"item\":\"https:\/\/vaninahenry.com\/boutique\/\"},{\"@type\":\"ListItem\",\"position\":3,\"name\":\"Jardin Baroque\"}]},{\"@type\":\"WebSite\",\"@id\":\"https:\/\/vaninahenry.com\/#website\",\"url\":\"https:\/\/vaninahenry.com\/\",\"name\":\"Vanina Henry\",\"description\":\"\",\"publisher\":{\"@id\":\"https:\/\/vaninahenry.com\/#organization\"},\"potentialAction\":[{\"@type\":\"SearchAction\",\"target\":{\"@type\":\"EntryPoint\",\"urlTemplate\":\"https:\/\/vaninahenry.com\/?s={search_term_string}\"},\"query-input\":{\"@type\":\"PropertyValueSpecification\",\"valueRequired\":true,\"valueName\":\"search_term_string\"}}],\"inLanguage\":\"de\"},{\"@type\":\"Organization\",\"@id\":\"https:\/\/vaninahenry.com\/#organization\",\"name\":\"Vanina Henry\",\"url\":\"https:\/\/vaninahenry.com\/\",\"logo\":{\"@type\":\"ImageObject\",\"inLanguage\":\"de\",\"@id\":\"https:\/\/vaninahenry.com\/#\/schema\/logo\/image\/\",\"url\":\"http:\/\/vaninahenry.com\/wp-content\/uploads\/2021\/10\/Logo-design-by-VaninaHenry.png\",\"contentUrl\":\"http:\/\/vaninahenry.com\/wp-content\/uploads\/2021\/10\/Logo-design-by-VaninaHenry.png\",\"width\":711,\"height\":467,\"caption\":\"Vanina Henry\"},\"image\":{\"@id\":\"https:\/\/vaninahenry.com\/#\/schema\/logo\/image\/\"},\"sameAs\":[\"https:\/\/www.facebook.com\/designbyvaninahenry\",\"https:\/\/www.instagram.com\/vaninahenry\/\"]}]}<\/script>\n<!-- \/ Yoast SEO plugin. -->","yoast_head_json":{"title":"Jardin Baroque - Vanina Henry","robots":{"index":"index","follow":"follow","max-snippet":"max-snippet:-1","max-image-preview":"max-image-preview:large","max-video-preview":"max-video-preview:-1"},"canonical":"https:\/\/vaninahenry.com\/produkt\/jardin-baroque\/","og_locale":"de_DE","og_type":"article","og_title":"Jardin Baroque - Vanina Henry","og_description":"Kollektion PANORAMIQUE  Jardin Baroque  Vollst\u00e4ndiges Panorama von 4.00 m Breite bis 3,30 m H\u00f6he.  Diese Szenerie besteht aus 2 Bahnen A, B von jeweils 2.00 m L\u00e4nge, die wiederholt werden, um unendlich lange S\u00e4tze zu bilden.   Rolle A, 4 Bahnen \u00e0 50 cm Breite.  Rolle B, 4 Bahnen \u00e0 50 cm Breite.  \" Barockgarten \". Eine r\u00f6mische Landschaft wird heraufbeschworen, die ein antikes Herrenhaus vermuten l\u00e4sst, das von einem Park mit verschiedenen Arten von Pinien und einer Libanon-Zeder ges\u00e4umt wird. Eine mediterrane Atmosph\u00e4re, die Nicolas de Cr\u00e9cy direkt mit einer feinen Feder in Bistertinte mit einem freien und direkten Strich geschaffen hat.  &nbsp;  Dieses Produkt gibt es in:   Papiervlies (an die Wand geklebt, lichtbest\u00e4ndig, waschbar, trocken abziehbar).  Hochwertiges Contract (abwaschbar und sto\u00dffest, PVC-frei).  &nbsp;  Alle Produkte von Isidore Leroy werden auf Bestellung mithilfe traditioneller oder digitaler Drucktechniken hergestellt.  &nbsp;  Berechnen Sie die Anzahl der laufenden Meter selbst. Wir k\u00f6nnen auch Ihnen helfen,\u00a0kontaktieren Sie uns.  Mehr \u00fcber ISIDORE LEROY  &nbsp;","og_url":"https:\/\/vaninahenry.com\/produkt\/jardin-baroque\/","og_site_name":"Vanina Henry","article_publisher":"https:\/\/www.facebook.com\/designbyvaninahenry","article_modified_time":"2025-12-02T10:23:27+00:00","og_image":[{"width":800,"height":1150,"url":"https:\/\/vaninahenry.com\/wp-content\/uploads\/2025\/12\/220216_SITUATION_JARDIN_BAROQUE_ESCALIER_1251x1799px_800x.jpg","type":"image\/jpeg"}],"twitter_card":"summary_large_image","schema":{"@context":"https:\/\/schema.org","@graph":[{"@type":"WebPage","@id":"https:\/\/vaninahenry.com\/produkt\/jardin-baroque\/","url":"https:\/\/vaninahenry.com\/produkt\/jardin-baroque\/","name":"Jardin Baroque - Vanina Henry","isPartOf":{"@id":"https:\/\/vaninahenry.com\/#website"},"primaryImageOfPage":{"@id":"https:\/\/vaninahenry.com\/produkt\/jardin-baroque\/#primaryimage"},"image":{"@id":"https:\/\/vaninahenry.com\/produkt\/jardin-baroque\/#primaryimage"},"thumbnailUrl":"https:\/\/vaninahenry.com\/wp-content\/uploads\/2025\/12\/220216_SITUATION_JARDIN_BAROQUE_ESCALIER_1251x1799px_800x.jpg","datePublished":"2025-12-01T15:09:14+00:00","dateModified":"2025-12-02T10:23:27+00:00","breadcrumb":{"@id":"https:\/\/vaninahenry.com\/produkt\/jardin-baroque\/#breadcrumb"},"inLanguage":"de","potentialAction":[{"@type":"ReadAction","target":["https:\/\/vaninahenry.com\/produkt\/jardin-baroque\/"]}]},{"@type":"ImageObject","inLanguage":"de","@id":"https:\/\/vaninahenry.com\/produkt\/jardin-baroque\/#primaryimage","url":"https:\/\/vaninahenry.com\/wp-content\/uploads\/2025\/12\/220216_SITUATION_JARDIN_BAROQUE_ESCALIER_1251x1799px_800x.jpg","contentUrl":"https:\/\/vaninahenry.com\/wp-content\/uploads\/2025\/12\/220216_SITUATION_JARDIN_BAROQUE_ESCALIER_1251x1799px_800x.jpg","width":800,"height":1150},{"@type":"BreadcrumbList","@id":"https:\/\/vaninahenry.com\/produkt\/jardin-baroque\/#breadcrumb","itemListElement":[{"@type":"ListItem","position":1,"name":"Accueil","item":"https:\/\/vaninahenry.com\/de\/"},{"@type":"ListItem","position":2,"name":"Shop","item":"https:\/\/vaninahenry.com\/boutique\/"},{"@type":"ListItem","position":3,"name":"Jardin Baroque"}]},{"@type":"WebSite","@id":"https:\/\/vaninahenry.com\/#website","url":"https:\/\/vaninahenry.com\/","name":"Vanina Henry","description":"","publisher":{"@id":"https:\/\/vaninahenry.com\/#organization"},"potentialAction":[{"@type":"SearchAction","target":{"@type":"EntryPoint","urlTemplate":"https:\/\/vaninahenry.com\/?s={search_term_string}"},"query-input":{"@type":"PropertyValueSpecification","valueRequired":true,"valueName":"search_term_string"}}],"inLanguage":"de"},{"@type":"Organization","@id":"https:\/\/vaninahenry.com\/#organization","name":"Vanina Henry","url":"https:\/\/vaninahenry.com\/","logo":{"@type":"ImageObject","inLanguage":"de","@id":"https:\/\/vaninahenry.com\/#\/schema\/logo\/image\/","url":"http:\/\/vaninahenry.com\/wp-content\/uploads\/2021\/10\/Logo-design-by-VaninaHenry.png","contentUrl":"http:\/\/vaninahenry.com\/wp-content\/uploads\/2021\/10\/Logo-design-by-VaninaHenry.png","width":711,"height":467,"caption":"Vanina Henry"},"image":{"@id":"https:\/\/vaninahenry.com\/#\/schema\/logo\/image\/"},"sameAs":["https:\/\/www.facebook.com\/designbyvaninahenry","https:\/\/www.instagram.com\/vaninahenry\/"]}]}},"_links":{"self":[{"href":"https:\/\/vaninahenry.com\/de\/wp-json\/wp\/v2\/product\/130171","targetHints":{"allow":["GET"]}}],"collection":[{"href":"https:\/\/vaninahenry.com\/de\/wp-json\/wp\/v2\/product"}],"about":[{"href":"https:\/\/vaninahenry.com\/de\/wp-json\/wp\/v2\/types\/product"}],"wp:featuredmedia":[{"embeddable":true,"href":"https:\/\/vaninahenry.com\/de\/wp-json\/wp\/v2\/media\/126734"}],"wp:attachment":[{"href":"https:\/\/vaninahenry.com\/de\/wp-json\/wp\/v2\/media?parent=130171"}],"wp:term":[{"taxonomy":"product_brand","embeddable":true,"href":"https:\/\/vaninahenry.com\/de\/wp-json\/wp\/v2\/product_brand?post=130171"},{"taxonomy":"product_cat","embeddable":true,"href":"https:\/\/vaninahenry.com\/de\/wp-json\/wp\/v2\/product_cat?post=130171"},{"taxonomy":"product_tag","embeddable":true,"href":"https:\/\/vaninahenry.com\/de\/wp-json\/wp\/v2\/product_tag?post=130171"}],"curies":[{"name":"wp","href":"https:\/\/api.w.org\/{rel}","templated":true}]}}