{"id":126176,"date":"2025-12-01T15:24:47","date_gmt":"2025-12-01T14:24:47","guid":{"rendered":"https:\/\/vaninahenry.com\/produit\/patricia\/"},"modified":"2025-12-01T15:33:12","modified_gmt":"2025-12-01T14:33:12","slug":"patricia","status":"publish","type":"product","link":"https:\/\/vaninahenry.com\/de\/produkt\/patricia\/","title":{"rendered":"Patricia"},"content":{"rendered":"<p><img decoding=\"async\" class=\"wp-image-84662 alignleft\" src=\"https:\/\/vaninahenry.com\/wp-content\/uploads\/2021\/12\/Screenshot-2021-12-21-163306-277x300.jpg\" alt=\"\" width=\"313\" height=\"340\" \/><\/p>\n<p><span style=\"color: #9a7500\">LIBERTY. <\/span><\/p>\n<p><span style=\"color: #9a7541\">THE MODERN COLLECTOR: Tree of Life<\/span><\/p>\n<p>Die Geschichte von TREE OF LIFE ist inspiriert von den handgemalten Palampore-Textilien der Indianer aus dem 18. und fr\u00fchen 19. Die Lebensbaum-Textilien symbolisieren die pers\u00f6nliche Reise durch den Lebenszyklus der Natur, und Versionen dieses alten Motivs sind auf der ganzen Welt zu finden.<\/p>\n<p>Die Designer \u00fcberarbeiteten die verzierten Archivwerke in vereinfachten Layouts, um die auff\u00e4lligen Blumenmuster und Zeichnungen hervorzuheben, die durch neue, zeitgem\u00e4\u00dfe Koordinaten erg\u00e4nzt wurden.<\/p>\n<p>Das Team lie\u00df sich von der gewagten Farbgebung mit bei\u00dfenden Farbstoffen und nat\u00fcrlichen Pigmenten inspirieren. Gedruckt auf einem irisierenden Vlieshintergrund f\u00fcr Tapeten und auf vollfl\u00e4chigem Leinen f\u00fcr Stoffe, erstrahlt Palampore Trail in reichen Nuancen, die an diese exquisiten F\u00e4rbungen von Pflanzen und Insekten erinnern.<\/p>\n","protected":false},"excerpt":{"rendered":"<p><span style=\"color: #9a7541\"><span style=\"color: #9a7500\">LIBERTY. <\/span>Collection Tree of Life<\/span><\/p>\n<p><span style=\"color: #9a7541\">Patricia, <\/span>in 4 Farben erh\u00e4ltlich:<\/p>\n<p><img decoding=\"async\" class=\"alignnone wp-image-84750\" src=\"https:\/\/vaninahenry.com\/wp-content\/uploads\/2021\/12\/Patricia_LIBERTY._Vanina-Henry_Luxembourgo.jpg\" alt=\"\" width=\"800\" height=\"1051\" \/><\/p>\n<p>Rolle: 0,52 Meter breit und 10 Meter lang.<br \/>\nAnschluss: 52 cm.<\/p>\n<p>&nbsp;<\/p>\n<p><strong><a href=\"https:\/\/vaninahenry.com\/wp-content\/uploads\/2021\/08\/calcul-DE-1-scaled.jpg\" target=\"_blank\" rel=\"noopener\">Berechnen Sie die Anzahl der laufenden Meter selbst.<\/a><\/strong><br \/>\n<a href=\"https:\/\/vaninahenry.com\/contact\/?lang=de\" target=\"_blank\" rel=\"noopener\">Wir k\u00f6nnen auch Ihnen helfen, <span style=\"color: #9a7541\"><strong>kontaktieren Sie uns<\/strong><\/span>.<\/a><\/p>\n<p><span style=\"color: #9a7500\"><a style=\"color: #9a7500\" href=\"https:\/\/vaninahenry.com\/de\/brand\/liberty-london\/\" target=\"_blank\" rel=\"noopener\">Mehr \u00fcber LIBERTY.<\/a><\/span><\/p>\n<p>&nbsp;<\/p>\n","protected":false},"featured_media":122149,"template":"","meta":{"_acf_changed":false,"inline_featured_image":false},"product_brand":[],"product_cat":[399,6305],"product_tag":[],"class_list":{"0":"post-126176","1":"product","2":"type-product","3":"status-publish","4":"has-post-thumbnail","6":"product_cat-tapete","8":"product_shipping_class-pikka-de","10":"first","11":"instock","12":"taxable","13":"shipping-taxable","14":"purchasable","15":"product-type-variable"},"acf":[],"yoast_head":"<!-- This site is optimized with the Yoast SEO plugin v26.7 - https:\/\/yoast.com\/wordpress\/plugins\/seo\/ -->\n<title>Patricia - Vanina Henry<\/title>\n<meta name=\"robots\" content=\"index, follow, max-snippet:-1, max-image-preview:large, max-video-preview:-1\" \/>\n<link rel=\"canonical\" href=\"https:\/\/vaninahenry.com\/produkt\/patricia\/\" \/>\n<meta property=\"og:locale\" content=\"de_DE\" \/>\n<meta property=\"og:type\" content=\"article\" \/>\n<meta property=\"og:title\" content=\"Patricia - Vanina Henry\" \/>\n<meta property=\"og:description\" content=\"LIBERTY. Collection Tree of Life  Patricia, in 4 Farben erh\u00e4ltlich:    Rolle: 0,52 Meter breit und 10 Meter lang. Anschluss: 52 cm.  &nbsp;  Berechnen Sie die Anzahl der laufenden Meter selbst. Wir k\u00f6nnen auch Ihnen helfen, kontaktieren Sie uns.  Mehr \u00fcber LIBERTY.  &nbsp;\" \/>\n<meta property=\"og:url\" content=\"https:\/\/vaninahenry.com\/produkt\/patricia\/\" \/>\n<meta property=\"og:site_name\" content=\"Vanina Henry\" \/>\n<meta property=\"article:publisher\" content=\"https:\/\/www.facebook.com\/designbyvaninahenry\" \/>\n<meta property=\"article:modified_time\" content=\"2025-12-01T14:33:12+00:00\" \/>\n<meta property=\"og:image\" content=\"https:\/\/vaninahenry.com\/wp-content\/uploads\/2025\/12\/LIBERTY_SHOT_7A_007_HERO_VANINA-HENRY_LUXEMBOURG.jpg\" \/>\n\t<meta property=\"og:image:width\" content=\"715\" \/>\n\t<meta property=\"og:image:height\" content=\"917\" \/>\n\t<meta property=\"og:image:type\" content=\"image\/jpeg\" \/>\n<meta name=\"twitter:card\" content=\"summary_large_image\" \/>\n<meta name=\"twitter:label1\" content=\"Gesch\u00e4tzte Lesezeit\" \/>\n\t<meta name=\"twitter:data1\" content=\"1\u00a0Minute\" \/>\n<script type=\"application\/ld+json\" class=\"yoast-schema-graph\">{\"@context\":\"https:\/\/schema.org\",\"@graph\":[{\"@type\":\"WebPage\",\"@id\":\"https:\/\/vaninahenry.com\/produkt\/patricia\/\",\"url\":\"https:\/\/vaninahenry.com\/produkt\/patricia\/\",\"name\":\"Patricia - Vanina Henry\",\"isPartOf\":{\"@id\":\"https:\/\/vaninahenry.com\/#website\"},\"primaryImageOfPage\":{\"@id\":\"https:\/\/vaninahenry.com\/produkt\/patricia\/#primaryimage\"},\"image\":{\"@id\":\"https:\/\/vaninahenry.com\/produkt\/patricia\/#primaryimage\"},\"thumbnailUrl\":\"https:\/\/vaninahenry.com\/wp-content\/uploads\/2025\/12\/LIBERTY_SHOT_7A_007_HERO_VANINA-HENRY_LUXEMBOURG.jpg\",\"datePublished\":\"2025-12-01T14:24:47+00:00\",\"dateModified\":\"2025-12-01T14:33:12+00:00\",\"breadcrumb\":{\"@id\":\"https:\/\/vaninahenry.com\/produkt\/patricia\/#breadcrumb\"},\"inLanguage\":\"de\",\"potentialAction\":[{\"@type\":\"ReadAction\",\"target\":[\"https:\/\/vaninahenry.com\/produkt\/patricia\/\"]}]},{\"@type\":\"ImageObject\",\"inLanguage\":\"de\",\"@id\":\"https:\/\/vaninahenry.com\/produkt\/patricia\/#primaryimage\",\"url\":\"https:\/\/vaninahenry.com\/wp-content\/uploads\/2025\/12\/LIBERTY_SHOT_7A_007_HERO_VANINA-HENRY_LUXEMBOURG.jpg\",\"contentUrl\":\"https:\/\/vaninahenry.com\/wp-content\/uploads\/2025\/12\/LIBERTY_SHOT_7A_007_HERO_VANINA-HENRY_LUXEMBOURG.jpg\",\"width\":715,\"height\":917},{\"@type\":\"BreadcrumbList\",\"@id\":\"https:\/\/vaninahenry.com\/produkt\/patricia\/#breadcrumb\",\"itemListElement\":[{\"@type\":\"ListItem\",\"position\":1,\"name\":\"Accueil\",\"item\":\"https:\/\/vaninahenry.com\/de\/\"},{\"@type\":\"ListItem\",\"position\":2,\"name\":\"Shop\",\"item\":\"https:\/\/vaninahenry.com\/boutique\/\"},{\"@type\":\"ListItem\",\"position\":3,\"name\":\"Patricia\"}]},{\"@type\":\"WebSite\",\"@id\":\"https:\/\/vaninahenry.com\/#website\",\"url\":\"https:\/\/vaninahenry.com\/\",\"name\":\"Vanina Henry\",\"description\":\"\",\"publisher\":{\"@id\":\"https:\/\/vaninahenry.com\/#organization\"},\"potentialAction\":[{\"@type\":\"SearchAction\",\"target\":{\"@type\":\"EntryPoint\",\"urlTemplate\":\"https:\/\/vaninahenry.com\/?s={search_term_string}\"},\"query-input\":{\"@type\":\"PropertyValueSpecification\",\"valueRequired\":true,\"valueName\":\"search_term_string\"}}],\"inLanguage\":\"de\"},{\"@type\":\"Organization\",\"@id\":\"https:\/\/vaninahenry.com\/#organization\",\"name\":\"Vanina Henry\",\"url\":\"https:\/\/vaninahenry.com\/\",\"logo\":{\"@type\":\"ImageObject\",\"inLanguage\":\"de\",\"@id\":\"https:\/\/vaninahenry.com\/#\/schema\/logo\/image\/\",\"url\":\"http:\/\/vaninahenry.com\/wp-content\/uploads\/2021\/10\/Logo-design-by-VaninaHenry.png\",\"contentUrl\":\"http:\/\/vaninahenry.com\/wp-content\/uploads\/2021\/10\/Logo-design-by-VaninaHenry.png\",\"width\":711,\"height\":467,\"caption\":\"Vanina Henry\"},\"image\":{\"@id\":\"https:\/\/vaninahenry.com\/#\/schema\/logo\/image\/\"},\"sameAs\":[\"https:\/\/www.facebook.com\/designbyvaninahenry\",\"https:\/\/www.instagram.com\/vaninahenry\/\"]}]}<\/script>\n<!-- \/ Yoast SEO plugin. -->","yoast_head_json":{"title":"Patricia - Vanina Henry","robots":{"index":"index","follow":"follow","max-snippet":"max-snippet:-1","max-image-preview":"max-image-preview:large","max-video-preview":"max-video-preview:-1"},"canonical":"https:\/\/vaninahenry.com\/produkt\/patricia\/","og_locale":"de_DE","og_type":"article","og_title":"Patricia - Vanina Henry","og_description":"LIBERTY. Collection Tree of Life  Patricia, in 4 Farben erh\u00e4ltlich:    Rolle: 0,52 Meter breit und 10 Meter lang. Anschluss: 52 cm.  &nbsp;  Berechnen Sie die Anzahl der laufenden Meter selbst. Wir k\u00f6nnen auch Ihnen helfen, kontaktieren Sie uns.  Mehr \u00fcber LIBERTY.  &nbsp;","og_url":"https:\/\/vaninahenry.com\/produkt\/patricia\/","og_site_name":"Vanina Henry","article_publisher":"https:\/\/www.facebook.com\/designbyvaninahenry","article_modified_time":"2025-12-01T14:33:12+00:00","og_image":[{"width":715,"height":917,"url":"https:\/\/vaninahenry.com\/wp-content\/uploads\/2025\/12\/LIBERTY_SHOT_7A_007_HERO_VANINA-HENRY_LUXEMBOURG.jpg","type":"image\/jpeg"}],"twitter_card":"summary_large_image","twitter_misc":{"Gesch\u00e4tzte Lesezeit":"1\u00a0Minute"},"schema":{"@context":"https:\/\/schema.org","@graph":[{"@type":"WebPage","@id":"https:\/\/vaninahenry.com\/produkt\/patricia\/","url":"https:\/\/vaninahenry.com\/produkt\/patricia\/","name":"Patricia - Vanina Henry","isPartOf":{"@id":"https:\/\/vaninahenry.com\/#website"},"primaryImageOfPage":{"@id":"https:\/\/vaninahenry.com\/produkt\/patricia\/#primaryimage"},"image":{"@id":"https:\/\/vaninahenry.com\/produkt\/patricia\/#primaryimage"},"thumbnailUrl":"https:\/\/vaninahenry.com\/wp-content\/uploads\/2025\/12\/LIBERTY_SHOT_7A_007_HERO_VANINA-HENRY_LUXEMBOURG.jpg","datePublished":"2025-12-01T14:24:47+00:00","dateModified":"2025-12-01T14:33:12+00:00","breadcrumb":{"@id":"https:\/\/vaninahenry.com\/produkt\/patricia\/#breadcrumb"},"inLanguage":"de","potentialAction":[{"@type":"ReadAction","target":["https:\/\/vaninahenry.com\/produkt\/patricia\/"]}]},{"@type":"ImageObject","inLanguage":"de","@id":"https:\/\/vaninahenry.com\/produkt\/patricia\/#primaryimage","url":"https:\/\/vaninahenry.com\/wp-content\/uploads\/2025\/12\/LIBERTY_SHOT_7A_007_HERO_VANINA-HENRY_LUXEMBOURG.jpg","contentUrl":"https:\/\/vaninahenry.com\/wp-content\/uploads\/2025\/12\/LIBERTY_SHOT_7A_007_HERO_VANINA-HENRY_LUXEMBOURG.jpg","width":715,"height":917},{"@type":"BreadcrumbList","@id":"https:\/\/vaninahenry.com\/produkt\/patricia\/#breadcrumb","itemListElement":[{"@type":"ListItem","position":1,"name":"Accueil","item":"https:\/\/vaninahenry.com\/de\/"},{"@type":"ListItem","position":2,"name":"Shop","item":"https:\/\/vaninahenry.com\/boutique\/"},{"@type":"ListItem","position":3,"name":"Patricia"}]},{"@type":"WebSite","@id":"https:\/\/vaninahenry.com\/#website","url":"https:\/\/vaninahenry.com\/","name":"Vanina Henry","description":"","publisher":{"@id":"https:\/\/vaninahenry.com\/#organization"},"potentialAction":[{"@type":"SearchAction","target":{"@type":"EntryPoint","urlTemplate":"https:\/\/vaninahenry.com\/?s={search_term_string}"},"query-input":{"@type":"PropertyValueSpecification","valueRequired":true,"valueName":"search_term_string"}}],"inLanguage":"de"},{"@type":"Organization","@id":"https:\/\/vaninahenry.com\/#organization","name":"Vanina Henry","url":"https:\/\/vaninahenry.com\/","logo":{"@type":"ImageObject","inLanguage":"de","@id":"https:\/\/vaninahenry.com\/#\/schema\/logo\/image\/","url":"http:\/\/vaninahenry.com\/wp-content\/uploads\/2021\/10\/Logo-design-by-VaninaHenry.png","contentUrl":"http:\/\/vaninahenry.com\/wp-content\/uploads\/2021\/10\/Logo-design-by-VaninaHenry.png","width":711,"height":467,"caption":"Vanina Henry"},"image":{"@id":"https:\/\/vaninahenry.com\/#\/schema\/logo\/image\/"},"sameAs":["https:\/\/www.facebook.com\/designbyvaninahenry","https:\/\/www.instagram.com\/vaninahenry\/"]}]}},"_links":{"self":[{"href":"https:\/\/vaninahenry.com\/de\/wp-json\/wp\/v2\/product\/126176","targetHints":{"allow":["GET"]}}],"collection":[{"href":"https:\/\/vaninahenry.com\/de\/wp-json\/wp\/v2\/product"}],"about":[{"href":"https:\/\/vaninahenry.com\/de\/wp-json\/wp\/v2\/types\/product"}],"wp:featuredmedia":[{"embeddable":true,"href":"https:\/\/vaninahenry.com\/de\/wp-json\/wp\/v2\/media\/122149"}],"wp:attachment":[{"href":"https:\/\/vaninahenry.com\/de\/wp-json\/wp\/v2\/media?parent=126176"}],"wp:term":[{"taxonomy":"product_brand","embeddable":true,"href":"https:\/\/vaninahenry.com\/de\/wp-json\/wp\/v2\/product_brand?post=126176"},{"taxonomy":"product_cat","embeddable":true,"href":"https:\/\/vaninahenry.com\/de\/wp-json\/wp\/v2\/product_cat?post=126176"},{"taxonomy":"product_tag","embeddable":true,"href":"https:\/\/vaninahenry.com\/de\/wp-json\/wp\/v2\/product_tag?post=126176"}],"curies":[{"name":"wp","href":"https:\/\/api.w.org\/{rel}","templated":true}]}}