{"id":126164,"date":"2025-12-01T15:24:43","date_gmt":"2025-12-01T14:24:43","guid":{"rendered":"https:\/\/vaninahenry.com\/produit\/serengeti\/"},"modified":"2025-12-01T15:33:06","modified_gmt":"2025-12-01T14:33:06","slug":"serengeti","status":"publish","type":"product","link":"https:\/\/vaninahenry.com\/de\/produkt\/serengeti\/","title":{"rendered":"Serengeti"},"content":{"rendered":"","protected":false},"excerpt":{"rendered":"<p><span style=\"color: #9a7541\">Kollektion PANORAMIQUE<\/span><\/p>\n<p><span style=\"color: #9a7541\">Serengeti, <\/span>Panoramabildschirm von 1,5 m Breite bis 3,30 m H\u00f6he.<\/p>\n<p><img decoding=\"async\" class=\"alignnone wp-image-94721 size-full\" src=\"https:\/\/vaninahenry.com\/wp-content\/uploads\/2022\/04\/SERENGETI_ISIDORE_LEROY_VANINA-HENRY.jpg\" alt=\"\" width=\"1137\" height=\"539\" \/><\/p>\n<p>Dieses Dekor besteht aus einem 1,5 m langen A-Panel, das wiederholt wird, um S\u00e4tze von unendlicher L\u00e4nge zu bilden.<\/p>\n<p>Dieses Set besteht aus einem 1,5 m langen A-Paneel, das wiederholt wird, um unendlich lange Sets zu bilden.<\/p>\n<p>A-Paneele, 3 Bahnen \u00e0 50 cm<\/p>\n<p>Dieses Produkt gibt es in:<\/p>\n<ul>\n<li>Vliespapiertr\u00e4ger (auf die Wand geklebt, lichtbest\u00e4ndig, waschbar, trocken abrei\u00dfbar).<\/li>\n<li>Hochleistungs-Contract (abwaschbar und sto\u00dffest, PVC-frei).<\/li>\n<\/ul>\n<p>&nbsp;<\/p>\n<p>Alle Produkte von Isidore Leroy werden auf Bestellung mithilfe traditioneller oder digitaler Drucktechniken hergestellt.<\/p>\n<p>&nbsp;<\/p>\n<p><a href=\"https:\/\/vaninahenry.com\/wp-content\/uploads\/2021\/08\/Calcul-FR-scaled-e1629448185513.jpg\" target=\"_blank\" rel=\"noopener\"><strong>Berechnen Sie die Anzahl der Rollen selbst.<\/strong><\/a><br \/>\n<a href=\"https:\/\/vaninahenry.com\/contact\/\" target=\"_blank\" rel=\"noopener\">Wir k\u00f6nnen Ihnen auch helfen, <span style=\"color: #9a7541\"><strong>Kontaktiere uns<\/strong><\/span>.<\/a><\/p>\n<p><span style=\"color: #9a7500\"><a style=\"color: #9a7500\" href=\"https:\/\/vaninahenry.com\/marque\/isidore-leroy\/\" target=\"_blank\" rel=\"noopener\">Mehr \u00fcber ISIDORE LEROY<\/a><\/span><\/p>\n<p>&nbsp;<\/p>\n","protected":false},"featured_media":121967,"template":"","meta":{"_acf_changed":false,"inline_featured_image":false},"product_brand":[],"product_cat":[399,6305],"product_tag":[],"class_list":{"0":"post-126164","1":"product","2":"type-product","3":"status-publish","4":"has-post-thumbnail","6":"product_cat-tapete","8":"product_shipping_class-isidore-leroy-de","10":"first","11":"instock","12":"taxable","13":"shipping-taxable","14":"purchasable","15":"product-type-variable"},"acf":[],"yoast_head":"<!-- This site is optimized with the Yoast SEO plugin v26.7 - https:\/\/yoast.com\/wordpress\/plugins\/seo\/ -->\n<title>Serengeti - Vanina Henry<\/title>\n<meta name=\"robots\" content=\"index, follow, max-snippet:-1, max-image-preview:large, max-video-preview:-1\" \/>\n<link rel=\"canonical\" href=\"https:\/\/vaninahenry.com\/produkt\/serengeti\/\" \/>\n<meta property=\"og:locale\" content=\"de_DE\" \/>\n<meta property=\"og:type\" content=\"article\" \/>\n<meta property=\"og:title\" content=\"Serengeti - Vanina Henry\" \/>\n<meta property=\"og:description\" content=\"Kollektion PANORAMIQUE  Serengeti, Panoramabildschirm von 1,5 m Breite bis 3,30 m H\u00f6he.    Dieses Dekor besteht aus einem 1,5 m langen A-Panel, das wiederholt wird, um S\u00e4tze von unendlicher L\u00e4nge zu bilden.  Dieses Set besteht aus einem 1,5 m langen A-Paneel, das wiederholt wird, um unendlich lange Sets zu bilden.  A-Paneele, 3 Bahnen \u00e0 50 cm  Dieses Produkt gibt es in:   Vliespapiertr\u00e4ger (auf die Wand geklebt, lichtbest\u00e4ndig, waschbar, trocken abrei\u00dfbar).  Hochleistungs-Contract (abwaschbar und sto\u00dffest, PVC-frei).  &nbsp;  Alle Produkte von Isidore Leroy werden auf Bestellung mithilfe traditioneller oder digitaler Drucktechniken hergestellt.  &nbsp;  Berechnen Sie die Anzahl der Rollen selbst. Wir k\u00f6nnen Ihnen auch helfen, Kontaktiere uns.  Mehr \u00fcber ISIDORE LEROY  &nbsp;\" \/>\n<meta property=\"og:url\" content=\"https:\/\/vaninahenry.com\/produkt\/serengeti\/\" \/>\n<meta property=\"og:site_name\" content=\"Vanina Henry\" \/>\n<meta property=\"article:publisher\" content=\"https:\/\/www.facebook.com\/designbyvaninahenry\" \/>\n<meta property=\"article:modified_time\" content=\"2025-12-01T14:33:06+00:00\" \/>\n<meta property=\"og:image\" content=\"https:\/\/vaninahenry.com\/wp-content\/uploads\/2025\/12\/220404_SITUATION_SERENGETI_TERRACOTTA_1251x1799px_d7295cb9-73f9-4ead-a777-6c69316a53e0_1200x.jpg\" \/>\n\t<meta property=\"og:image:width\" content=\"973\" \/>\n\t<meta property=\"og:image:height\" content=\"1400\" \/>\n\t<meta property=\"og:image:type\" content=\"image\/jpeg\" \/>\n<meta name=\"twitter:card\" content=\"summary_large_image\" \/>\n<script type=\"application\/ld+json\" class=\"yoast-schema-graph\">{\"@context\":\"https:\/\/schema.org\",\"@graph\":[{\"@type\":\"WebPage\",\"@id\":\"https:\/\/vaninahenry.com\/produkt\/serengeti\/\",\"url\":\"https:\/\/vaninahenry.com\/produkt\/serengeti\/\",\"name\":\"Serengeti - Vanina Henry\",\"isPartOf\":{\"@id\":\"https:\/\/vaninahenry.com\/#website\"},\"primaryImageOfPage\":{\"@id\":\"https:\/\/vaninahenry.com\/produkt\/serengeti\/#primaryimage\"},\"image\":{\"@id\":\"https:\/\/vaninahenry.com\/produkt\/serengeti\/#primaryimage\"},\"thumbnailUrl\":\"https:\/\/vaninahenry.com\/wp-content\/uploads\/2025\/12\/220404_SITUATION_SERENGETI_TERRACOTTA_1251x1799px_d7295cb9-73f9-4ead-a777-6c69316a53e0_1200x.jpg\",\"datePublished\":\"2025-12-01T14:24:43+00:00\",\"dateModified\":\"2025-12-01T14:33:06+00:00\",\"breadcrumb\":{\"@id\":\"https:\/\/vaninahenry.com\/produkt\/serengeti\/#breadcrumb\"},\"inLanguage\":\"de\",\"potentialAction\":[{\"@type\":\"ReadAction\",\"target\":[\"https:\/\/vaninahenry.com\/produkt\/serengeti\/\"]}]},{\"@type\":\"ImageObject\",\"inLanguage\":\"de\",\"@id\":\"https:\/\/vaninahenry.com\/produkt\/serengeti\/#primaryimage\",\"url\":\"https:\/\/vaninahenry.com\/wp-content\/uploads\/2025\/12\/220404_SITUATION_SERENGETI_TERRACOTTA_1251x1799px_d7295cb9-73f9-4ead-a777-6c69316a53e0_1200x.jpg\",\"contentUrl\":\"https:\/\/vaninahenry.com\/wp-content\/uploads\/2025\/12\/220404_SITUATION_SERENGETI_TERRACOTTA_1251x1799px_d7295cb9-73f9-4ead-a777-6c69316a53e0_1200x.jpg\",\"width\":973,\"height\":1400},{\"@type\":\"BreadcrumbList\",\"@id\":\"https:\/\/vaninahenry.com\/produkt\/serengeti\/#breadcrumb\",\"itemListElement\":[{\"@type\":\"ListItem\",\"position\":1,\"name\":\"Accueil\",\"item\":\"https:\/\/vaninahenry.com\/de\/\"},{\"@type\":\"ListItem\",\"position\":2,\"name\":\"Shop\",\"item\":\"https:\/\/vaninahenry.com\/boutique\/\"},{\"@type\":\"ListItem\",\"position\":3,\"name\":\"Serengeti\"}]},{\"@type\":\"WebSite\",\"@id\":\"https:\/\/vaninahenry.com\/#website\",\"url\":\"https:\/\/vaninahenry.com\/\",\"name\":\"Vanina Henry\",\"description\":\"\",\"publisher\":{\"@id\":\"https:\/\/vaninahenry.com\/#organization\"},\"potentialAction\":[{\"@type\":\"SearchAction\",\"target\":{\"@type\":\"EntryPoint\",\"urlTemplate\":\"https:\/\/vaninahenry.com\/?s={search_term_string}\"},\"query-input\":{\"@type\":\"PropertyValueSpecification\",\"valueRequired\":true,\"valueName\":\"search_term_string\"}}],\"inLanguage\":\"de\"},{\"@type\":\"Organization\",\"@id\":\"https:\/\/vaninahenry.com\/#organization\",\"name\":\"Vanina Henry\",\"url\":\"https:\/\/vaninahenry.com\/\",\"logo\":{\"@type\":\"ImageObject\",\"inLanguage\":\"de\",\"@id\":\"https:\/\/vaninahenry.com\/#\/schema\/logo\/image\/\",\"url\":\"http:\/\/vaninahenry.com\/wp-content\/uploads\/2021\/10\/Logo-design-by-VaninaHenry.png\",\"contentUrl\":\"http:\/\/vaninahenry.com\/wp-content\/uploads\/2021\/10\/Logo-design-by-VaninaHenry.png\",\"width\":711,\"height\":467,\"caption\":\"Vanina Henry\"},\"image\":{\"@id\":\"https:\/\/vaninahenry.com\/#\/schema\/logo\/image\/\"},\"sameAs\":[\"https:\/\/www.facebook.com\/designbyvaninahenry\",\"https:\/\/www.instagram.com\/vaninahenry\/\"]}]}<\/script>\n<!-- \/ Yoast SEO plugin. -->","yoast_head_json":{"title":"Serengeti - Vanina Henry","robots":{"index":"index","follow":"follow","max-snippet":"max-snippet:-1","max-image-preview":"max-image-preview:large","max-video-preview":"max-video-preview:-1"},"canonical":"https:\/\/vaninahenry.com\/produkt\/serengeti\/","og_locale":"de_DE","og_type":"article","og_title":"Serengeti - Vanina Henry","og_description":"Kollektion PANORAMIQUE  Serengeti, Panoramabildschirm von 1,5 m Breite bis 3,30 m H\u00f6he.    Dieses Dekor besteht aus einem 1,5 m langen A-Panel, das wiederholt wird, um S\u00e4tze von unendlicher L\u00e4nge zu bilden.  Dieses Set besteht aus einem 1,5 m langen A-Paneel, das wiederholt wird, um unendlich lange Sets zu bilden.  A-Paneele, 3 Bahnen \u00e0 50 cm  Dieses Produkt gibt es in:   Vliespapiertr\u00e4ger (auf die Wand geklebt, lichtbest\u00e4ndig, waschbar, trocken abrei\u00dfbar).  Hochleistungs-Contract (abwaschbar und sto\u00dffest, PVC-frei).  &nbsp;  Alle Produkte von Isidore Leroy werden auf Bestellung mithilfe traditioneller oder digitaler Drucktechniken hergestellt.  &nbsp;  Berechnen Sie die Anzahl der Rollen selbst. Wir k\u00f6nnen Ihnen auch helfen, Kontaktiere uns.  Mehr \u00fcber ISIDORE LEROY  &nbsp;","og_url":"https:\/\/vaninahenry.com\/produkt\/serengeti\/","og_site_name":"Vanina Henry","article_publisher":"https:\/\/www.facebook.com\/designbyvaninahenry","article_modified_time":"2025-12-01T14:33:06+00:00","og_image":[{"width":973,"height":1400,"url":"https:\/\/vaninahenry.com\/wp-content\/uploads\/2025\/12\/220404_SITUATION_SERENGETI_TERRACOTTA_1251x1799px_d7295cb9-73f9-4ead-a777-6c69316a53e0_1200x.jpg","type":"image\/jpeg"}],"twitter_card":"summary_large_image","schema":{"@context":"https:\/\/schema.org","@graph":[{"@type":"WebPage","@id":"https:\/\/vaninahenry.com\/produkt\/serengeti\/","url":"https:\/\/vaninahenry.com\/produkt\/serengeti\/","name":"Serengeti - Vanina Henry","isPartOf":{"@id":"https:\/\/vaninahenry.com\/#website"},"primaryImageOfPage":{"@id":"https:\/\/vaninahenry.com\/produkt\/serengeti\/#primaryimage"},"image":{"@id":"https:\/\/vaninahenry.com\/produkt\/serengeti\/#primaryimage"},"thumbnailUrl":"https:\/\/vaninahenry.com\/wp-content\/uploads\/2025\/12\/220404_SITUATION_SERENGETI_TERRACOTTA_1251x1799px_d7295cb9-73f9-4ead-a777-6c69316a53e0_1200x.jpg","datePublished":"2025-12-01T14:24:43+00:00","dateModified":"2025-12-01T14:33:06+00:00","breadcrumb":{"@id":"https:\/\/vaninahenry.com\/produkt\/serengeti\/#breadcrumb"},"inLanguage":"de","potentialAction":[{"@type":"ReadAction","target":["https:\/\/vaninahenry.com\/produkt\/serengeti\/"]}]},{"@type":"ImageObject","inLanguage":"de","@id":"https:\/\/vaninahenry.com\/produkt\/serengeti\/#primaryimage","url":"https:\/\/vaninahenry.com\/wp-content\/uploads\/2025\/12\/220404_SITUATION_SERENGETI_TERRACOTTA_1251x1799px_d7295cb9-73f9-4ead-a777-6c69316a53e0_1200x.jpg","contentUrl":"https:\/\/vaninahenry.com\/wp-content\/uploads\/2025\/12\/220404_SITUATION_SERENGETI_TERRACOTTA_1251x1799px_d7295cb9-73f9-4ead-a777-6c69316a53e0_1200x.jpg","width":973,"height":1400},{"@type":"BreadcrumbList","@id":"https:\/\/vaninahenry.com\/produkt\/serengeti\/#breadcrumb","itemListElement":[{"@type":"ListItem","position":1,"name":"Accueil","item":"https:\/\/vaninahenry.com\/de\/"},{"@type":"ListItem","position":2,"name":"Shop","item":"https:\/\/vaninahenry.com\/boutique\/"},{"@type":"ListItem","position":3,"name":"Serengeti"}]},{"@type":"WebSite","@id":"https:\/\/vaninahenry.com\/#website","url":"https:\/\/vaninahenry.com\/","name":"Vanina Henry","description":"","publisher":{"@id":"https:\/\/vaninahenry.com\/#organization"},"potentialAction":[{"@type":"SearchAction","target":{"@type":"EntryPoint","urlTemplate":"https:\/\/vaninahenry.com\/?s={search_term_string}"},"query-input":{"@type":"PropertyValueSpecification","valueRequired":true,"valueName":"search_term_string"}}],"inLanguage":"de"},{"@type":"Organization","@id":"https:\/\/vaninahenry.com\/#organization","name":"Vanina Henry","url":"https:\/\/vaninahenry.com\/","logo":{"@type":"ImageObject","inLanguage":"de","@id":"https:\/\/vaninahenry.com\/#\/schema\/logo\/image\/","url":"http:\/\/vaninahenry.com\/wp-content\/uploads\/2021\/10\/Logo-design-by-VaninaHenry.png","contentUrl":"http:\/\/vaninahenry.com\/wp-content\/uploads\/2021\/10\/Logo-design-by-VaninaHenry.png","width":711,"height":467,"caption":"Vanina Henry"},"image":{"@id":"https:\/\/vaninahenry.com\/#\/schema\/logo\/image\/"},"sameAs":["https:\/\/www.facebook.com\/designbyvaninahenry","https:\/\/www.instagram.com\/vaninahenry\/"]}]}},"_links":{"self":[{"href":"https:\/\/vaninahenry.com\/de\/wp-json\/wp\/v2\/product\/126164","targetHints":{"allow":["GET"]}}],"collection":[{"href":"https:\/\/vaninahenry.com\/de\/wp-json\/wp\/v2\/product"}],"about":[{"href":"https:\/\/vaninahenry.com\/de\/wp-json\/wp\/v2\/types\/product"}],"wp:featuredmedia":[{"embeddable":true,"href":"https:\/\/vaninahenry.com\/de\/wp-json\/wp\/v2\/media\/121967"}],"wp:attachment":[{"href":"https:\/\/vaninahenry.com\/de\/wp-json\/wp\/v2\/media?parent=126164"}],"wp:term":[{"taxonomy":"product_brand","embeddable":true,"href":"https:\/\/vaninahenry.com\/de\/wp-json\/wp\/v2\/product_brand?post=126164"},{"taxonomy":"product_cat","embeddable":true,"href":"https:\/\/vaninahenry.com\/de\/wp-json\/wp\/v2\/product_cat?post=126164"},{"taxonomy":"product_tag","embeddable":true,"href":"https:\/\/vaninahenry.com\/de\/wp-json\/wp\/v2\/product_tag?post=126164"}],"curies":[{"name":"wp","href":"https:\/\/api.w.org\/{rel}","templated":true}]}}