{"id":121507,"date":"2025-11-20T14:32:28","date_gmt":"2025-11-20T13:32:28","guid":{"rendered":"https:\/\/vaninahenry.com\/produit\/botanical-2\/"},"modified":"2025-11-20T14:39:20","modified_gmt":"2025-11-20T13:39:20","slug":"botanical","status":"publish","type":"product","link":"https:\/\/vaninahenry.com\/de\/produkt\/botanical\/","title":{"rendered":"Botanical"},"content":{"rendered":"<p><img decoding=\"async\" class=\"size-medium wp-image-84018 alignleft\" src=\"https:\/\/vaninahenry.com\/wp-content\/uploads\/2021\/12\/Captura-de-ecra-2021-12-16-170709-279x300.png\" alt=\"\" width=\"279\" height=\"300\" \/><\/p>\n<p><span style=\"color: #9a7500\">LIBERTY. <\/span><\/p>\n<p><span style=\"color: #9a7500\">C<\/span><span style=\"color: #9a7541\">ollection Floribunda<\/span><\/p>\n<p>Die Geschichte von Floribunda bietet eine Feier der englischen Blumen und G\u00e4rten &#8211; von den Grundst\u00fccken der gro\u00dfen H\u00e4user wie<br \/>\nCharleton und Great Dixter, bis hin zu den bescheidenen Wildpflanzen, die man \u00fcberall in der britischen Landschaft findet.<\/p>\n<p>Inspiriert wurde er von viktorianischen Illustrationen zu Blumen und Botanik sowie von den pflanzlichen Cyanotypien, die Anna Atkinson in den 1880er Jahren anfertigte.<br \/>\nAnna Atkinsin in den 1800er Jahren angefertigt hatte.<\/p>\n<p>Die neuen Protagonisten von Floribunda werden durch ikonische Liberty-Blumen im kleinen Ma\u00dfstab ausgeglichen, wie z. B. Poppy<br \/>\nMeadowfield und Wiltshire Blossom. Urspr\u00fcnglich f\u00fcr Taschentuchdesigns entworfen, wurden diese Stauden<br \/>\nin neuen Anordnungen und Formen f\u00fcr zeitgen\u00f6ssische Tapeten \u00fcberarbeitet.<\/p>\n<p>Die sanften Farben und die Effekte des gl\u00e4nzenden Oberfl\u00e4chendrucks sorgen f\u00fcr einen reichen und modernen Reiz.<\/p>\n","protected":false},"excerpt":{"rendered":"<p><span style=\"color: #9a7541\"><span style=\"color: #9a7500\">LIBERTY. <\/span>Collection Floribunda<\/span><\/p>\n<p><span style=\"color: #9a7541\">Botanical Stripe, <\/span>in 5 Farben erh\u00e4ltlich:<\/p>\n<p><img decoding=\"async\" class=\"alignnone wp-image-84003\" src=\"https:\/\/vaninahenry.com\/wp-content\/uploads\/2021\/12\/Liberty_Wallpaper_Botanical_VaninaHenry-1024x900.jpg\" alt=\"\" width=\"800\" height=\"703\" \/><\/p>\n<p>Rolle: 0,68 Meter breit und 10 Meter lang.<br \/>\nAnschluss: 64 cm.<\/p>\n<p>&nbsp;<\/p>\n<p><strong><a href=\"https:\/\/vaninahenry.com\/wp-content\/uploads\/2021\/08\/calcul-DE-1-scaled.jpg\" target=\"_blank\" rel=\"noopener\">Berechnen Sie die Anzahl der laufenden Meter selbst.<\/a><\/strong><br \/>\n<a href=\"https:\/\/vaninahenry.com\/contact\/?lang=de\" target=\"_blank\" rel=\"noopener\">Wir k\u00f6nnen auch Ihnen helfen, <span style=\"color: #9a7541\"><strong>kontaktieren Sie uns<\/strong><\/span>.<\/a><\/p>\n<p><span style=\"color: #9a7500\"><a style=\"color: #9a7500\" href=\"https:\/\/vaninahenry.com\/de\/brand\/liberty-london\/\" target=\"_blank\" rel=\"noopener\">Mehr \u00fcber LIBERTY.<\/a><\/span><\/p>\n","protected":false},"featured_media":120642,"template":"","meta":{"_acf_changed":false,"inline_featured_image":false},"product_brand":[],"product_cat":[399],"product_tag":[],"class_list":{"0":"post-121507","1":"product","2":"type-product","3":"status-publish","4":"has-post-thumbnail","6":"product_cat-tapete","8":"first","9":"instock","10":"taxable","11":"shipping-taxable","12":"purchasable","13":"product-type-variable"},"acf":[],"yoast_head":"<!-- This site is optimized with the Yoast SEO plugin v26.7 - https:\/\/yoast.com\/wordpress\/plugins\/seo\/ -->\n<title>Botanical - Vanina Henry<\/title>\n<meta name=\"robots\" content=\"index, follow, max-snippet:-1, max-image-preview:large, max-video-preview:-1\" \/>\n<link rel=\"canonical\" href=\"https:\/\/vaninahenry.com\/produkt\/botanical\/\" \/>\n<meta property=\"og:locale\" content=\"de_DE\" \/>\n<meta property=\"og:type\" content=\"article\" \/>\n<meta property=\"og:title\" content=\"Botanical - Vanina Henry\" \/>\n<meta property=\"og:description\" content=\"LIBERTY. Collection Floribunda  Botanical Stripe, in 5 Farben erh\u00e4ltlich:    Rolle: 0,68 Meter breit und 10 Meter lang. Anschluss: 64 cm.  &nbsp;  Berechnen Sie die Anzahl der laufenden Meter selbst. Wir k\u00f6nnen auch Ihnen helfen, kontaktieren Sie uns.  Mehr \u00fcber LIBERTY.\" \/>\n<meta property=\"og:url\" content=\"https:\/\/vaninahenry.com\/produkt\/botanical\/\" \/>\n<meta property=\"og:site_name\" content=\"Vanina Henry\" \/>\n<meta property=\"article:publisher\" content=\"https:\/\/www.facebook.com\/designbyvaninahenry\" \/>\n<meta property=\"article:modified_time\" content=\"2025-11-20T13:39:20+00:00\" \/>\n<meta property=\"og:image\" content=\"https:\/\/vaninahenry.com\/wp-content\/uploads\/2025\/11\/000729967-R400884006-7.jpg\" \/>\n\t<meta property=\"og:image:width\" content=\"1000\" \/>\n\t<meta property=\"og:image:height\" content=\"1201\" \/>\n\t<meta property=\"og:image:type\" content=\"image\/jpeg\" \/>\n<meta name=\"twitter:card\" content=\"summary_large_image\" \/>\n<meta name=\"twitter:label1\" content=\"Gesch\u00e4tzte Lesezeit\" \/>\n\t<meta name=\"twitter:data1\" content=\"1\u00a0Minute\" \/>\n<script type=\"application\/ld+json\" class=\"yoast-schema-graph\">{\"@context\":\"https:\/\/schema.org\",\"@graph\":[{\"@type\":\"WebPage\",\"@id\":\"https:\/\/vaninahenry.com\/produkt\/botanical\/\",\"url\":\"https:\/\/vaninahenry.com\/produkt\/botanical\/\",\"name\":\"Botanical - Vanina Henry\",\"isPartOf\":{\"@id\":\"https:\/\/vaninahenry.com\/#website\"},\"primaryImageOfPage\":{\"@id\":\"https:\/\/vaninahenry.com\/produkt\/botanical\/#primaryimage\"},\"image\":{\"@id\":\"https:\/\/vaninahenry.com\/produkt\/botanical\/#primaryimage\"},\"thumbnailUrl\":\"https:\/\/vaninahenry.com\/wp-content\/uploads\/2025\/11\/000729967-R400884006-7.jpg\",\"datePublished\":\"2025-11-20T13:32:28+00:00\",\"dateModified\":\"2025-11-20T13:39:20+00:00\",\"breadcrumb\":{\"@id\":\"https:\/\/vaninahenry.com\/produkt\/botanical\/#breadcrumb\"},\"inLanguage\":\"de\",\"potentialAction\":[{\"@type\":\"ReadAction\",\"target\":[\"https:\/\/vaninahenry.com\/produkt\/botanical\/\"]}]},{\"@type\":\"ImageObject\",\"inLanguage\":\"de\",\"@id\":\"https:\/\/vaninahenry.com\/produkt\/botanical\/#primaryimage\",\"url\":\"https:\/\/vaninahenry.com\/wp-content\/uploads\/2025\/11\/000729967-R400884006-7.jpg\",\"contentUrl\":\"https:\/\/vaninahenry.com\/wp-content\/uploads\/2025\/11\/000729967-R400884006-7.jpg\",\"width\":1000,\"height\":1201},{\"@type\":\"BreadcrumbList\",\"@id\":\"https:\/\/vaninahenry.com\/produkt\/botanical\/#breadcrumb\",\"itemListElement\":[{\"@type\":\"ListItem\",\"position\":1,\"name\":\"Accueil\",\"item\":\"https:\/\/vaninahenry.com\/de\/\"},{\"@type\":\"ListItem\",\"position\":2,\"name\":\"Shop\",\"item\":\"https:\/\/vaninahenry.com\/boutique\/\"},{\"@type\":\"ListItem\",\"position\":3,\"name\":\"Botanical\"}]},{\"@type\":\"WebSite\",\"@id\":\"https:\/\/vaninahenry.com\/#website\",\"url\":\"https:\/\/vaninahenry.com\/\",\"name\":\"Vanina Henry\",\"description\":\"\",\"publisher\":{\"@id\":\"https:\/\/vaninahenry.com\/#organization\"},\"potentialAction\":[{\"@type\":\"SearchAction\",\"target\":{\"@type\":\"EntryPoint\",\"urlTemplate\":\"https:\/\/vaninahenry.com\/?s={search_term_string}\"},\"query-input\":{\"@type\":\"PropertyValueSpecification\",\"valueRequired\":true,\"valueName\":\"search_term_string\"}}],\"inLanguage\":\"de\"},{\"@type\":\"Organization\",\"@id\":\"https:\/\/vaninahenry.com\/#organization\",\"name\":\"Vanina Henry\",\"url\":\"https:\/\/vaninahenry.com\/\",\"logo\":{\"@type\":\"ImageObject\",\"inLanguage\":\"de\",\"@id\":\"https:\/\/vaninahenry.com\/#\/schema\/logo\/image\/\",\"url\":\"http:\/\/vaninahenry.com\/wp-content\/uploads\/2021\/10\/Logo-design-by-VaninaHenry.png\",\"contentUrl\":\"http:\/\/vaninahenry.com\/wp-content\/uploads\/2021\/10\/Logo-design-by-VaninaHenry.png\",\"width\":711,\"height\":467,\"caption\":\"Vanina Henry\"},\"image\":{\"@id\":\"https:\/\/vaninahenry.com\/#\/schema\/logo\/image\/\"},\"sameAs\":[\"https:\/\/www.facebook.com\/designbyvaninahenry\",\"https:\/\/www.instagram.com\/vaninahenry\/\"]}]}<\/script>\n<!-- \/ Yoast SEO plugin. -->","yoast_head_json":{"title":"Botanical - Vanina Henry","robots":{"index":"index","follow":"follow","max-snippet":"max-snippet:-1","max-image-preview":"max-image-preview:large","max-video-preview":"max-video-preview:-1"},"canonical":"https:\/\/vaninahenry.com\/produkt\/botanical\/","og_locale":"de_DE","og_type":"article","og_title":"Botanical - Vanina Henry","og_description":"LIBERTY. Collection Floribunda  Botanical Stripe, in 5 Farben erh\u00e4ltlich:    Rolle: 0,68 Meter breit und 10 Meter lang. Anschluss: 64 cm.  &nbsp;  Berechnen Sie die Anzahl der laufenden Meter selbst. Wir k\u00f6nnen auch Ihnen helfen, kontaktieren Sie uns.  Mehr \u00fcber LIBERTY.","og_url":"https:\/\/vaninahenry.com\/produkt\/botanical\/","og_site_name":"Vanina Henry","article_publisher":"https:\/\/www.facebook.com\/designbyvaninahenry","article_modified_time":"2025-11-20T13:39:20+00:00","og_image":[{"width":1000,"height":1201,"url":"https:\/\/vaninahenry.com\/wp-content\/uploads\/2025\/11\/000729967-R400884006-7.jpg","type":"image\/jpeg"}],"twitter_card":"summary_large_image","twitter_misc":{"Gesch\u00e4tzte Lesezeit":"1\u00a0Minute"},"schema":{"@context":"https:\/\/schema.org","@graph":[{"@type":"WebPage","@id":"https:\/\/vaninahenry.com\/produkt\/botanical\/","url":"https:\/\/vaninahenry.com\/produkt\/botanical\/","name":"Botanical - Vanina Henry","isPartOf":{"@id":"https:\/\/vaninahenry.com\/#website"},"primaryImageOfPage":{"@id":"https:\/\/vaninahenry.com\/produkt\/botanical\/#primaryimage"},"image":{"@id":"https:\/\/vaninahenry.com\/produkt\/botanical\/#primaryimage"},"thumbnailUrl":"https:\/\/vaninahenry.com\/wp-content\/uploads\/2025\/11\/000729967-R400884006-7.jpg","datePublished":"2025-11-20T13:32:28+00:00","dateModified":"2025-11-20T13:39:20+00:00","breadcrumb":{"@id":"https:\/\/vaninahenry.com\/produkt\/botanical\/#breadcrumb"},"inLanguage":"de","potentialAction":[{"@type":"ReadAction","target":["https:\/\/vaninahenry.com\/produkt\/botanical\/"]}]},{"@type":"ImageObject","inLanguage":"de","@id":"https:\/\/vaninahenry.com\/produkt\/botanical\/#primaryimage","url":"https:\/\/vaninahenry.com\/wp-content\/uploads\/2025\/11\/000729967-R400884006-7.jpg","contentUrl":"https:\/\/vaninahenry.com\/wp-content\/uploads\/2025\/11\/000729967-R400884006-7.jpg","width":1000,"height":1201},{"@type":"BreadcrumbList","@id":"https:\/\/vaninahenry.com\/produkt\/botanical\/#breadcrumb","itemListElement":[{"@type":"ListItem","position":1,"name":"Accueil","item":"https:\/\/vaninahenry.com\/de\/"},{"@type":"ListItem","position":2,"name":"Shop","item":"https:\/\/vaninahenry.com\/boutique\/"},{"@type":"ListItem","position":3,"name":"Botanical"}]},{"@type":"WebSite","@id":"https:\/\/vaninahenry.com\/#website","url":"https:\/\/vaninahenry.com\/","name":"Vanina Henry","description":"","publisher":{"@id":"https:\/\/vaninahenry.com\/#organization"},"potentialAction":[{"@type":"SearchAction","target":{"@type":"EntryPoint","urlTemplate":"https:\/\/vaninahenry.com\/?s={search_term_string}"},"query-input":{"@type":"PropertyValueSpecification","valueRequired":true,"valueName":"search_term_string"}}],"inLanguage":"de"},{"@type":"Organization","@id":"https:\/\/vaninahenry.com\/#organization","name":"Vanina Henry","url":"https:\/\/vaninahenry.com\/","logo":{"@type":"ImageObject","inLanguage":"de","@id":"https:\/\/vaninahenry.com\/#\/schema\/logo\/image\/","url":"http:\/\/vaninahenry.com\/wp-content\/uploads\/2021\/10\/Logo-design-by-VaninaHenry.png","contentUrl":"http:\/\/vaninahenry.com\/wp-content\/uploads\/2021\/10\/Logo-design-by-VaninaHenry.png","width":711,"height":467,"caption":"Vanina Henry"},"image":{"@id":"https:\/\/vaninahenry.com\/#\/schema\/logo\/image\/"},"sameAs":["https:\/\/www.facebook.com\/designbyvaninahenry","https:\/\/www.instagram.com\/vaninahenry\/"]}]}},"_links":{"self":[{"href":"https:\/\/vaninahenry.com\/de\/wp-json\/wp\/v2\/product\/121507","targetHints":{"allow":["GET"]}}],"collection":[{"href":"https:\/\/vaninahenry.com\/de\/wp-json\/wp\/v2\/product"}],"about":[{"href":"https:\/\/vaninahenry.com\/de\/wp-json\/wp\/v2\/types\/product"}],"wp:featuredmedia":[{"embeddable":true,"href":"https:\/\/vaninahenry.com\/de\/wp-json\/wp\/v2\/media\/120642"}],"wp:attachment":[{"href":"https:\/\/vaninahenry.com\/de\/wp-json\/wp\/v2\/media?parent=121507"}],"wp:term":[{"taxonomy":"product_brand","embeddable":true,"href":"https:\/\/vaninahenry.com\/de\/wp-json\/wp\/v2\/product_brand?post=121507"},{"taxonomy":"product_cat","embeddable":true,"href":"https:\/\/vaninahenry.com\/de\/wp-json\/wp\/v2\/product_cat?post=121507"},{"taxonomy":"product_tag","embeddable":true,"href":"https:\/\/vaninahenry.com\/de\/wp-json\/wp\/v2\/product_tag?post=121507"}],"curies":[{"name":"wp","href":"https:\/\/api.w.org\/{rel}","templated":true}]}}