{"id":121503,"date":"2025-11-20T14:32:26","date_gmt":"2025-11-20T13:32:26","guid":{"rendered":"https:\/\/vaninahenry.com\/produit\/willow-2\/"},"modified":"2025-11-20T14:39:15","modified_gmt":"2025-11-20T13:39:15","slug":"willow","status":"publish","type":"product","link":"https:\/\/vaninahenry.com\/de\/produkt\/willow\/","title":{"rendered":"Willow"},"content":{"rendered":"<h2 class=\"h1 mb-md-5 d-flex d-md-block align-items-center justify-content-between\"><span style=\"color: #9a7541\">Beschreibung<\/span><\/h2>\n<div id=\"product-desc\" class=\"collapse show mt-4 mt-md-0 pb-3 pb-md-0 d-md-block\" aria-labelledby=\"description-section\" data-parent=\"#product-additional-info\">\n<p>Die elegante und schlichte Tapete Willow zeigt stilisierte Weidenzweige, die an den Art D\u00e9co-Stil erinnern, der in den 30er und 40er Jahren emblematisch war. Die Zweige werden durch ein subtiles Farbspiel in Beige- und Wei\u00dft\u00f6nen hervorgehoben. Die Kollektion Magic Garden bezieht ihre Inspiration aus M\u00e4rchen, in denen die Weide eine wichtige Rolle spielt. Die Legende besagt, dass das Holz der Weide magische Kr\u00e4fte besitzt. Diese Tapete passt sowohl zu einer klassischen als auch zu einer eher modernen Einrichtung.<\/p>\n<\/div>\n","protected":false},"excerpt":{"rendered":"<p><span style=\"color: #9a7541\">Collection MAGIC GARDEN<\/span><\/p>\n<p><span style=\"color: #9a7541\">Willow<\/span>, das Weidenzweige darstellt, deren Schatten sich auf dem Papier spiegeln.<br \/>\nErh\u00e4ltlich in 5 Farben.<\/p>\n<p><img decoding=\"async\" class=\"alignnone wp-image-97962 size-full\" src=\"https:\/\/vaninahenry.com\/wp-content\/uploads\/2022\/08\/willow.png\" alt=\"\" width=\"801\" height=\"673\" \/><\/p>\n<p>Vliestapete im Art-D\u00e9co-Stil.<\/p>\n<p>Rolle: 0,52 m breit und 10 m lang.<br \/>\nAnschlussart: Saut\u00e9 22.9 cm<\/p>\n<p>&nbsp;<\/p>\n<p><strong><a href=\"https:\/\/vaninahenry.com\/wp-content\/uploads\/2021\/08\/calcul-DE-1-scaled.jpg\" target=\"_blank\" rel=\"noopener\">Berechnen Sie die Anzahl der laufenden Meter selbst.<\/a><\/strong><br \/>\n<a href=\"https:\/\/vaninahenry.com\/contact\/?lang=de\" target=\"_blank\" rel=\"noopener\">Wir k\u00f6nnen auch Ihnen helfen, <span style=\"color: #9a7541\"><strong>kontaktieren Sie uns<\/strong><\/span>.<\/a><\/p>\n<p><span style=\"color: #9a7500\"><a style=\"color: #9a7500\" href=\"https:\/\/vaninahenry.com\/de\/marke\/les-dominotiers\/\" target=\"_blank\" rel=\"noopener\">Mehr \u00fcber LES DOMINOTIERS<\/a><\/span><\/p>\n<p>&nbsp;<\/p>\n","protected":false},"featured_media":120555,"template":"","meta":{"_acf_changed":false,"inline_featured_image":false},"product_brand":[],"product_cat":[15],"product_tag":[],"class_list":{"0":"post-121503","1":"product","2":"type-product","3":"status-publish","4":"has-post-thumbnail","6":"product_cat-non-classe","7":"product_shipping_class-isidore-leroy-de","9":"first","10":"instock","11":"taxable","12":"shipping-taxable","13":"purchasable","14":"product-type-variable"},"acf":[],"yoast_head":"<!-- This site is optimized with the Yoast SEO plugin v26.7 - https:\/\/yoast.com\/wordpress\/plugins\/seo\/ -->\n<title>Willow - Vanina Henry<\/title>\n<meta name=\"robots\" content=\"index, follow, max-snippet:-1, max-image-preview:large, max-video-preview:-1\" \/>\n<link rel=\"canonical\" href=\"https:\/\/vaninahenry.com\/produkt\/willow\/\" \/>\n<meta property=\"og:locale\" content=\"de_DE\" \/>\n<meta property=\"og:type\" content=\"article\" \/>\n<meta property=\"og:title\" content=\"Willow - Vanina Henry\" \/>\n<meta property=\"og:description\" content=\"Collection MAGIC GARDEN  Willow, das Weidenzweige darstellt, deren Schatten sich auf dem Papier spiegeln. Erh\u00e4ltlich in 5 Farben.    Vliestapete im Art-D\u00e9co-Stil.  Rolle: 0,52 m breit und 10 m lang. Anschlussart: Saut\u00e9 22.9 cm  &nbsp;  Berechnen Sie die Anzahl der laufenden Meter selbst. Wir k\u00f6nnen auch Ihnen helfen, kontaktieren Sie uns.  Mehr \u00fcber LES DOMINOTIERS  &nbsp;\" \/>\n<meta property=\"og:url\" content=\"https:\/\/vaninahenry.com\/produkt\/willow\/\" \/>\n<meta property=\"og:site_name\" content=\"Vanina Henry\" \/>\n<meta property=\"article:publisher\" content=\"https:\/\/www.facebook.com\/designbyvaninahenry\" \/>\n<meta property=\"article:modified_time\" content=\"2025-11-20T13:39:15+00:00\" \/>\n<meta property=\"og:image\" content=\"https:\/\/vaninahenry.com\/wp-content\/uploads\/2025\/11\/willow-11.jpg\" \/>\n\t<meta property=\"og:image:width\" content=\"625\" \/>\n\t<meta property=\"og:image:height\" content=\"625\" \/>\n\t<meta property=\"og:image:type\" content=\"image\/jpeg\" \/>\n<meta name=\"twitter:card\" content=\"summary_large_image\" \/>\n<meta name=\"twitter:label1\" content=\"Gesch\u00e4tzte Lesezeit\" \/>\n\t<meta name=\"twitter:data1\" content=\"1\u00a0Minute\" \/>\n<script type=\"application\/ld+json\" class=\"yoast-schema-graph\">{\"@context\":\"https:\/\/schema.org\",\"@graph\":[{\"@type\":\"WebPage\",\"@id\":\"https:\/\/vaninahenry.com\/produkt\/willow\/\",\"url\":\"https:\/\/vaninahenry.com\/produkt\/willow\/\",\"name\":\"Willow - Vanina Henry\",\"isPartOf\":{\"@id\":\"https:\/\/vaninahenry.com\/#website\"},\"primaryImageOfPage\":{\"@id\":\"https:\/\/vaninahenry.com\/produkt\/willow\/#primaryimage\"},\"image\":{\"@id\":\"https:\/\/vaninahenry.com\/produkt\/willow\/#primaryimage\"},\"thumbnailUrl\":\"https:\/\/vaninahenry.com\/wp-content\/uploads\/2025\/11\/willow-11.jpg\",\"datePublished\":\"2025-11-20T13:32:26+00:00\",\"dateModified\":\"2025-11-20T13:39:15+00:00\",\"breadcrumb\":{\"@id\":\"https:\/\/vaninahenry.com\/produkt\/willow\/#breadcrumb\"},\"inLanguage\":\"de\",\"potentialAction\":[{\"@type\":\"ReadAction\",\"target\":[\"https:\/\/vaninahenry.com\/produkt\/willow\/\"]}]},{\"@type\":\"ImageObject\",\"inLanguage\":\"de\",\"@id\":\"https:\/\/vaninahenry.com\/produkt\/willow\/#primaryimage\",\"url\":\"https:\/\/vaninahenry.com\/wp-content\/uploads\/2025\/11\/willow-11.jpg\",\"contentUrl\":\"https:\/\/vaninahenry.com\/wp-content\/uploads\/2025\/11\/willow-11.jpg\",\"width\":625,\"height\":625},{\"@type\":\"BreadcrumbList\",\"@id\":\"https:\/\/vaninahenry.com\/produkt\/willow\/#breadcrumb\",\"itemListElement\":[{\"@type\":\"ListItem\",\"position\":1,\"name\":\"Accueil\",\"item\":\"https:\/\/vaninahenry.com\/de\/\"},{\"@type\":\"ListItem\",\"position\":2,\"name\":\"Shop\",\"item\":\"https:\/\/vaninahenry.com\/boutique\/\"},{\"@type\":\"ListItem\",\"position\":3,\"name\":\"Willow\"}]},{\"@type\":\"WebSite\",\"@id\":\"https:\/\/vaninahenry.com\/#website\",\"url\":\"https:\/\/vaninahenry.com\/\",\"name\":\"Vanina Henry\",\"description\":\"\",\"publisher\":{\"@id\":\"https:\/\/vaninahenry.com\/#organization\"},\"potentialAction\":[{\"@type\":\"SearchAction\",\"target\":{\"@type\":\"EntryPoint\",\"urlTemplate\":\"https:\/\/vaninahenry.com\/?s={search_term_string}\"},\"query-input\":{\"@type\":\"PropertyValueSpecification\",\"valueRequired\":true,\"valueName\":\"search_term_string\"}}],\"inLanguage\":\"de\"},{\"@type\":\"Organization\",\"@id\":\"https:\/\/vaninahenry.com\/#organization\",\"name\":\"Vanina Henry\",\"url\":\"https:\/\/vaninahenry.com\/\",\"logo\":{\"@type\":\"ImageObject\",\"inLanguage\":\"de\",\"@id\":\"https:\/\/vaninahenry.com\/#\/schema\/logo\/image\/\",\"url\":\"http:\/\/vaninahenry.com\/wp-content\/uploads\/2021\/10\/Logo-design-by-VaninaHenry.png\",\"contentUrl\":\"http:\/\/vaninahenry.com\/wp-content\/uploads\/2021\/10\/Logo-design-by-VaninaHenry.png\",\"width\":711,\"height\":467,\"caption\":\"Vanina Henry\"},\"image\":{\"@id\":\"https:\/\/vaninahenry.com\/#\/schema\/logo\/image\/\"},\"sameAs\":[\"https:\/\/www.facebook.com\/designbyvaninahenry\",\"https:\/\/www.instagram.com\/vaninahenry\/\"]}]}<\/script>\n<!-- \/ Yoast SEO plugin. -->","yoast_head_json":{"title":"Willow - Vanina Henry","robots":{"index":"index","follow":"follow","max-snippet":"max-snippet:-1","max-image-preview":"max-image-preview:large","max-video-preview":"max-video-preview:-1"},"canonical":"https:\/\/vaninahenry.com\/produkt\/willow\/","og_locale":"de_DE","og_type":"article","og_title":"Willow - Vanina Henry","og_description":"Collection MAGIC GARDEN  Willow, das Weidenzweige darstellt, deren Schatten sich auf dem Papier spiegeln. Erh\u00e4ltlich in 5 Farben.    Vliestapete im Art-D\u00e9co-Stil.  Rolle: 0,52 m breit und 10 m lang. Anschlussart: Saut\u00e9 22.9 cm  &nbsp;  Berechnen Sie die Anzahl der laufenden Meter selbst. Wir k\u00f6nnen auch Ihnen helfen, kontaktieren Sie uns.  Mehr \u00fcber LES DOMINOTIERS  &nbsp;","og_url":"https:\/\/vaninahenry.com\/produkt\/willow\/","og_site_name":"Vanina Henry","article_publisher":"https:\/\/www.facebook.com\/designbyvaninahenry","article_modified_time":"2025-11-20T13:39:15+00:00","og_image":[{"width":625,"height":625,"url":"https:\/\/vaninahenry.com\/wp-content\/uploads\/2025\/11\/willow-11.jpg","type":"image\/jpeg"}],"twitter_card":"summary_large_image","twitter_misc":{"Gesch\u00e4tzte Lesezeit":"1\u00a0Minute"},"schema":{"@context":"https:\/\/schema.org","@graph":[{"@type":"WebPage","@id":"https:\/\/vaninahenry.com\/produkt\/willow\/","url":"https:\/\/vaninahenry.com\/produkt\/willow\/","name":"Willow - Vanina Henry","isPartOf":{"@id":"https:\/\/vaninahenry.com\/#website"},"primaryImageOfPage":{"@id":"https:\/\/vaninahenry.com\/produkt\/willow\/#primaryimage"},"image":{"@id":"https:\/\/vaninahenry.com\/produkt\/willow\/#primaryimage"},"thumbnailUrl":"https:\/\/vaninahenry.com\/wp-content\/uploads\/2025\/11\/willow-11.jpg","datePublished":"2025-11-20T13:32:26+00:00","dateModified":"2025-11-20T13:39:15+00:00","breadcrumb":{"@id":"https:\/\/vaninahenry.com\/produkt\/willow\/#breadcrumb"},"inLanguage":"de","potentialAction":[{"@type":"ReadAction","target":["https:\/\/vaninahenry.com\/produkt\/willow\/"]}]},{"@type":"ImageObject","inLanguage":"de","@id":"https:\/\/vaninahenry.com\/produkt\/willow\/#primaryimage","url":"https:\/\/vaninahenry.com\/wp-content\/uploads\/2025\/11\/willow-11.jpg","contentUrl":"https:\/\/vaninahenry.com\/wp-content\/uploads\/2025\/11\/willow-11.jpg","width":625,"height":625},{"@type":"BreadcrumbList","@id":"https:\/\/vaninahenry.com\/produkt\/willow\/#breadcrumb","itemListElement":[{"@type":"ListItem","position":1,"name":"Accueil","item":"https:\/\/vaninahenry.com\/de\/"},{"@type":"ListItem","position":2,"name":"Shop","item":"https:\/\/vaninahenry.com\/boutique\/"},{"@type":"ListItem","position":3,"name":"Willow"}]},{"@type":"WebSite","@id":"https:\/\/vaninahenry.com\/#website","url":"https:\/\/vaninahenry.com\/","name":"Vanina Henry","description":"","publisher":{"@id":"https:\/\/vaninahenry.com\/#organization"},"potentialAction":[{"@type":"SearchAction","target":{"@type":"EntryPoint","urlTemplate":"https:\/\/vaninahenry.com\/?s={search_term_string}"},"query-input":{"@type":"PropertyValueSpecification","valueRequired":true,"valueName":"search_term_string"}}],"inLanguage":"de"},{"@type":"Organization","@id":"https:\/\/vaninahenry.com\/#organization","name":"Vanina Henry","url":"https:\/\/vaninahenry.com\/","logo":{"@type":"ImageObject","inLanguage":"de","@id":"https:\/\/vaninahenry.com\/#\/schema\/logo\/image\/","url":"http:\/\/vaninahenry.com\/wp-content\/uploads\/2021\/10\/Logo-design-by-VaninaHenry.png","contentUrl":"http:\/\/vaninahenry.com\/wp-content\/uploads\/2021\/10\/Logo-design-by-VaninaHenry.png","width":711,"height":467,"caption":"Vanina Henry"},"image":{"@id":"https:\/\/vaninahenry.com\/#\/schema\/logo\/image\/"},"sameAs":["https:\/\/www.facebook.com\/designbyvaninahenry","https:\/\/www.instagram.com\/vaninahenry\/"]}]}},"_links":{"self":[{"href":"https:\/\/vaninahenry.com\/de\/wp-json\/wp\/v2\/product\/121503","targetHints":{"allow":["GET"]}}],"collection":[{"href":"https:\/\/vaninahenry.com\/de\/wp-json\/wp\/v2\/product"}],"about":[{"href":"https:\/\/vaninahenry.com\/de\/wp-json\/wp\/v2\/types\/product"}],"wp:featuredmedia":[{"embeddable":true,"href":"https:\/\/vaninahenry.com\/de\/wp-json\/wp\/v2\/media\/120555"}],"wp:attachment":[{"href":"https:\/\/vaninahenry.com\/de\/wp-json\/wp\/v2\/media?parent=121503"}],"wp:term":[{"taxonomy":"product_brand","embeddable":true,"href":"https:\/\/vaninahenry.com\/de\/wp-json\/wp\/v2\/product_brand?post=121503"},{"taxonomy":"product_cat","embeddable":true,"href":"https:\/\/vaninahenry.com\/de\/wp-json\/wp\/v2\/product_cat?post=121503"},{"taxonomy":"product_tag","embeddable":true,"href":"https:\/\/vaninahenry.com\/de\/wp-json\/wp\/v2\/product_tag?post=121503"}],"curies":[{"name":"wp","href":"https:\/\/api.w.org\/{rel}","templated":true}]}}