{"id":121491,"date":"2025-11-20T14:32:20","date_gmt":"2025-11-20T13:32:20","guid":{"rendered":"https:\/\/vaninahenry.com\/produit\/zippys-hide-and-seek-2\/"},"modified":"2025-11-20T14:39:12","modified_gmt":"2025-11-20T13:39:12","slug":"zippys-hide-and-seek","status":"publish","type":"product","link":"https:\/\/vaninahenry.com\/de\/produkt\/zippys-hide-and-seek\/","title":{"rendered":"Zippy&#8217;s Hide and Seek"},"content":{"rendered":"<h2 class=\"h1 mb-md-5 d-flex d-md-block align-items-center justify-content-between\"><span style=\"color: #9a7541\">Beschreibung<\/span><\/h2>\n<div id=\"product-desc\" class=\"collapse show mt-4 mt-md-0 pb-3 pb-md-0 d-md-block\" aria-labelledby=\"description-section\" data-parent=\"#product-additional-info\">\n<p>Die Tapete Zippy&#8217;s Hide and Seek bietet sich hier in einer Farbe mit gold-silbernen Metallreflexen auf schwarzem Hintergrund an, um Ihrer Einrichtung mehr Tiefe und Intensit\u00e4t zu verleihen. Verspielte Katzen jagen V\u00f6gel in einem dichten Bl\u00e4tterdach. Beim Zeichnen dieser wundersch\u00f6nen Szene lie\u00df sich Shauna Dennison von ihren beiden Katzen inspirieren, die sie lange Zeit beobachtet hatte. Die Katzen lie\u00dfen sich auch von einer Zeichnung inspirieren, die auf einem \u00e4gyptischen Stein angefertigt wurde. Zippy&#8217;s Hide and Seek ist in drei weiteren Farben erh\u00e4ltlich.<\/p>\n<\/div>\n","protected":false},"excerpt":{"rendered":"<p><span style=\"color: #9a7541\">Collection MAGIC GARDEN<\/span><\/p>\n<p><span style=\"color: #9a7541\">Zippy&#8217;s Hide and Seek<\/span>, auf dem Katzen abgebildet sind, die V\u00f6gel in B\u00e4umen jagen.<br \/>\nErh\u00e4ltlich in 4 Farben.<\/p>\n<p><img decoding=\"async\" class=\"alignnone wp-image-97897 size-full\" src=\"https:\/\/vaninahenry.com\/wp-content\/uploads\/2022\/08\/Zippys-hide-and-seek.png\" alt=\"\" width=\"572\" height=\"673\" \/><\/p>\n<p>Vliestapete mit gold-silbernen Metallreflexen auf schwarzem Hintergrund.<\/p>\n<p>Rolle: 0,52 m breit und 10 m lang.<br \/>\nArt der Verbindung: Saut\u00e9 76,2 cm<\/p>\n<p>&nbsp;<\/p>\n<p><strong><a href=\"https:\/\/vaninahenry.com\/wp-content\/uploads\/2021\/08\/calcul-DE-1-scaled.jpg\" target=\"_blank\" rel=\"noopener\">Berechnen Sie die Anzahl der laufenden Meter selbst.<\/a><\/strong><br \/>\n<a href=\"https:\/\/vaninahenry.com\/contact\/?lang=de\" target=\"_blank\" rel=\"noopener\">Wir k\u00f6nnen auch Ihnen helfen, <span style=\"color: #9a7541\"><strong>kontaktieren Sie uns<\/strong><\/span>.<\/a><\/p>\n<p><span style=\"color: #9a7500\"><a style=\"color: #9a7500\" href=\"https:\/\/vaninahenry.com\/de\/marke\/les-dominotiers\/\" target=\"_blank\" rel=\"noopener\">Mehr \u00fcber LES DOMINOTIERS<\/a><\/span><\/p>\n<p>&nbsp;<\/p>\n","protected":false},"featured_media":120411,"template":"","meta":{"_acf_changed":false,"inline_featured_image":false},"product_brand":[],"product_cat":[399],"product_tag":[],"class_list":{"0":"post-121491","1":"product","2":"type-product","3":"status-publish","4":"has-post-thumbnail","6":"product_cat-tapete","7":"product_shipping_class-isidore-leroy-de","9":"first","10":"instock","11":"taxable","12":"shipping-taxable","13":"purchasable","14":"product-type-variable"},"acf":[],"yoast_head":"<!-- This site is optimized with the Yoast SEO plugin v26.7 - https:\/\/yoast.com\/wordpress\/plugins\/seo\/ -->\n<title>Zippy&#039;s Hide and Seek - Vanina Henry<\/title>\n<meta name=\"robots\" content=\"index, follow, max-snippet:-1, max-image-preview:large, max-video-preview:-1\" \/>\n<link rel=\"canonical\" href=\"https:\/\/vaninahenry.com\/produkt\/zippys-hide-and-seek\/\" \/>\n<meta property=\"og:locale\" content=\"de_DE\" \/>\n<meta property=\"og:type\" content=\"article\" \/>\n<meta property=\"og:title\" content=\"Zippy&#039;s Hide and Seek - Vanina Henry\" \/>\n<meta property=\"og:description\" content=\"Collection MAGIC GARDEN  Zippy&#039;s Hide and Seek, auf dem Katzen abgebildet sind, die V\u00f6gel in B\u00e4umen jagen. Erh\u00e4ltlich in 4 Farben.    Vliestapete mit gold-silbernen Metallreflexen auf schwarzem Hintergrund.  Rolle: 0,52 m breit und 10 m lang. Art der Verbindung: Saut\u00e9 76,2 cm  &nbsp;  Berechnen Sie die Anzahl der laufenden Meter selbst. Wir k\u00f6nnen auch Ihnen helfen, kontaktieren Sie uns.  Mehr \u00fcber LES DOMINOTIERS  &nbsp;\" \/>\n<meta property=\"og:url\" content=\"https:\/\/vaninahenry.com\/produkt\/zippys-hide-and-seek\/\" \/>\n<meta property=\"og:site_name\" content=\"Vanina Henry\" \/>\n<meta property=\"article:publisher\" content=\"https:\/\/www.facebook.com\/designbyvaninahenry\" \/>\n<meta property=\"article:modified_time\" content=\"2025-11-20T13:39:12+00:00\" \/>\n<meta property=\"og:image\" content=\"https:\/\/vaninahenry.com\/wp-content\/uploads\/2025\/11\/zippy-s-hide-and-seek-5-1.jpg\" \/>\n\t<meta property=\"og:image:width\" content=\"625\" \/>\n\t<meta property=\"og:image:height\" content=\"625\" \/>\n\t<meta property=\"og:image:type\" content=\"image\/jpeg\" \/>\n<meta name=\"twitter:card\" content=\"summary_large_image\" \/>\n<meta name=\"twitter:label1\" content=\"Gesch\u00e4tzte Lesezeit\" \/>\n\t<meta name=\"twitter:data1\" content=\"1\u00a0Minute\" \/>\n<script type=\"application\/ld+json\" class=\"yoast-schema-graph\">{\"@context\":\"https:\/\/schema.org\",\"@graph\":[{\"@type\":\"WebPage\",\"@id\":\"https:\/\/vaninahenry.com\/produkt\/zippys-hide-and-seek\/\",\"url\":\"https:\/\/vaninahenry.com\/produkt\/zippys-hide-and-seek\/\",\"name\":\"Zippy's Hide and Seek - Vanina Henry\",\"isPartOf\":{\"@id\":\"https:\/\/vaninahenry.com\/#website\"},\"primaryImageOfPage\":{\"@id\":\"https:\/\/vaninahenry.com\/produkt\/zippys-hide-and-seek\/#primaryimage\"},\"image\":{\"@id\":\"https:\/\/vaninahenry.com\/produkt\/zippys-hide-and-seek\/#primaryimage\"},\"thumbnailUrl\":\"https:\/\/vaninahenry.com\/wp-content\/uploads\/2025\/11\/zippy-s-hide-and-seek-5-1.jpg\",\"datePublished\":\"2025-11-20T13:32:20+00:00\",\"dateModified\":\"2025-11-20T13:39:12+00:00\",\"breadcrumb\":{\"@id\":\"https:\/\/vaninahenry.com\/produkt\/zippys-hide-and-seek\/#breadcrumb\"},\"inLanguage\":\"de\",\"potentialAction\":[{\"@type\":\"ReadAction\",\"target\":[\"https:\/\/vaninahenry.com\/produkt\/zippys-hide-and-seek\/\"]}]},{\"@type\":\"ImageObject\",\"inLanguage\":\"de\",\"@id\":\"https:\/\/vaninahenry.com\/produkt\/zippys-hide-and-seek\/#primaryimage\",\"url\":\"https:\/\/vaninahenry.com\/wp-content\/uploads\/2025\/11\/zippy-s-hide-and-seek-5-1.jpg\",\"contentUrl\":\"https:\/\/vaninahenry.com\/wp-content\/uploads\/2025\/11\/zippy-s-hide-and-seek-5-1.jpg\",\"width\":625,\"height\":625},{\"@type\":\"BreadcrumbList\",\"@id\":\"https:\/\/vaninahenry.com\/produkt\/zippys-hide-and-seek\/#breadcrumb\",\"itemListElement\":[{\"@type\":\"ListItem\",\"position\":1,\"name\":\"Accueil\",\"item\":\"https:\/\/vaninahenry.com\/de\/\"},{\"@type\":\"ListItem\",\"position\":2,\"name\":\"Shop\",\"item\":\"https:\/\/vaninahenry.com\/boutique\/\"},{\"@type\":\"ListItem\",\"position\":3,\"name\":\"Zippy&#8217;s Hide and Seek\"}]},{\"@type\":\"WebSite\",\"@id\":\"https:\/\/vaninahenry.com\/#website\",\"url\":\"https:\/\/vaninahenry.com\/\",\"name\":\"Vanina Henry\",\"description\":\"\",\"publisher\":{\"@id\":\"https:\/\/vaninahenry.com\/#organization\"},\"potentialAction\":[{\"@type\":\"SearchAction\",\"target\":{\"@type\":\"EntryPoint\",\"urlTemplate\":\"https:\/\/vaninahenry.com\/?s={search_term_string}\"},\"query-input\":{\"@type\":\"PropertyValueSpecification\",\"valueRequired\":true,\"valueName\":\"search_term_string\"}}],\"inLanguage\":\"de\"},{\"@type\":\"Organization\",\"@id\":\"https:\/\/vaninahenry.com\/#organization\",\"name\":\"Vanina Henry\",\"url\":\"https:\/\/vaninahenry.com\/\",\"logo\":{\"@type\":\"ImageObject\",\"inLanguage\":\"de\",\"@id\":\"https:\/\/vaninahenry.com\/#\/schema\/logo\/image\/\",\"url\":\"http:\/\/vaninahenry.com\/wp-content\/uploads\/2021\/10\/Logo-design-by-VaninaHenry.png\",\"contentUrl\":\"http:\/\/vaninahenry.com\/wp-content\/uploads\/2021\/10\/Logo-design-by-VaninaHenry.png\",\"width\":711,\"height\":467,\"caption\":\"Vanina Henry\"},\"image\":{\"@id\":\"https:\/\/vaninahenry.com\/#\/schema\/logo\/image\/\"},\"sameAs\":[\"https:\/\/www.facebook.com\/designbyvaninahenry\",\"https:\/\/www.instagram.com\/vaninahenry\/\"]}]}<\/script>\n<!-- \/ Yoast SEO plugin. -->","yoast_head_json":{"title":"Zippy's Hide and Seek - Vanina Henry","robots":{"index":"index","follow":"follow","max-snippet":"max-snippet:-1","max-image-preview":"max-image-preview:large","max-video-preview":"max-video-preview:-1"},"canonical":"https:\/\/vaninahenry.com\/produkt\/zippys-hide-and-seek\/","og_locale":"de_DE","og_type":"article","og_title":"Zippy's Hide and Seek - Vanina Henry","og_description":"Collection MAGIC GARDEN  Zippy's Hide and Seek, auf dem Katzen abgebildet sind, die V\u00f6gel in B\u00e4umen jagen. Erh\u00e4ltlich in 4 Farben.    Vliestapete mit gold-silbernen Metallreflexen auf schwarzem Hintergrund.  Rolle: 0,52 m breit und 10 m lang. Art der Verbindung: Saut\u00e9 76,2 cm  &nbsp;  Berechnen Sie die Anzahl der laufenden Meter selbst. Wir k\u00f6nnen auch Ihnen helfen, kontaktieren Sie uns.  Mehr \u00fcber LES DOMINOTIERS  &nbsp;","og_url":"https:\/\/vaninahenry.com\/produkt\/zippys-hide-and-seek\/","og_site_name":"Vanina Henry","article_publisher":"https:\/\/www.facebook.com\/designbyvaninahenry","article_modified_time":"2025-11-20T13:39:12+00:00","og_image":[{"width":625,"height":625,"url":"https:\/\/vaninahenry.com\/wp-content\/uploads\/2025\/11\/zippy-s-hide-and-seek-5-1.jpg","type":"image\/jpeg"}],"twitter_card":"summary_large_image","twitter_misc":{"Gesch\u00e4tzte Lesezeit":"1\u00a0Minute"},"schema":{"@context":"https:\/\/schema.org","@graph":[{"@type":"WebPage","@id":"https:\/\/vaninahenry.com\/produkt\/zippys-hide-and-seek\/","url":"https:\/\/vaninahenry.com\/produkt\/zippys-hide-and-seek\/","name":"Zippy's Hide and Seek - Vanina Henry","isPartOf":{"@id":"https:\/\/vaninahenry.com\/#website"},"primaryImageOfPage":{"@id":"https:\/\/vaninahenry.com\/produkt\/zippys-hide-and-seek\/#primaryimage"},"image":{"@id":"https:\/\/vaninahenry.com\/produkt\/zippys-hide-and-seek\/#primaryimage"},"thumbnailUrl":"https:\/\/vaninahenry.com\/wp-content\/uploads\/2025\/11\/zippy-s-hide-and-seek-5-1.jpg","datePublished":"2025-11-20T13:32:20+00:00","dateModified":"2025-11-20T13:39:12+00:00","breadcrumb":{"@id":"https:\/\/vaninahenry.com\/produkt\/zippys-hide-and-seek\/#breadcrumb"},"inLanguage":"de","potentialAction":[{"@type":"ReadAction","target":["https:\/\/vaninahenry.com\/produkt\/zippys-hide-and-seek\/"]}]},{"@type":"ImageObject","inLanguage":"de","@id":"https:\/\/vaninahenry.com\/produkt\/zippys-hide-and-seek\/#primaryimage","url":"https:\/\/vaninahenry.com\/wp-content\/uploads\/2025\/11\/zippy-s-hide-and-seek-5-1.jpg","contentUrl":"https:\/\/vaninahenry.com\/wp-content\/uploads\/2025\/11\/zippy-s-hide-and-seek-5-1.jpg","width":625,"height":625},{"@type":"BreadcrumbList","@id":"https:\/\/vaninahenry.com\/produkt\/zippys-hide-and-seek\/#breadcrumb","itemListElement":[{"@type":"ListItem","position":1,"name":"Accueil","item":"https:\/\/vaninahenry.com\/de\/"},{"@type":"ListItem","position":2,"name":"Shop","item":"https:\/\/vaninahenry.com\/boutique\/"},{"@type":"ListItem","position":3,"name":"Zippy&#8217;s Hide and Seek"}]},{"@type":"WebSite","@id":"https:\/\/vaninahenry.com\/#website","url":"https:\/\/vaninahenry.com\/","name":"Vanina Henry","description":"","publisher":{"@id":"https:\/\/vaninahenry.com\/#organization"},"potentialAction":[{"@type":"SearchAction","target":{"@type":"EntryPoint","urlTemplate":"https:\/\/vaninahenry.com\/?s={search_term_string}"},"query-input":{"@type":"PropertyValueSpecification","valueRequired":true,"valueName":"search_term_string"}}],"inLanguage":"de"},{"@type":"Organization","@id":"https:\/\/vaninahenry.com\/#organization","name":"Vanina Henry","url":"https:\/\/vaninahenry.com\/","logo":{"@type":"ImageObject","inLanguage":"de","@id":"https:\/\/vaninahenry.com\/#\/schema\/logo\/image\/","url":"http:\/\/vaninahenry.com\/wp-content\/uploads\/2021\/10\/Logo-design-by-VaninaHenry.png","contentUrl":"http:\/\/vaninahenry.com\/wp-content\/uploads\/2021\/10\/Logo-design-by-VaninaHenry.png","width":711,"height":467,"caption":"Vanina Henry"},"image":{"@id":"https:\/\/vaninahenry.com\/#\/schema\/logo\/image\/"},"sameAs":["https:\/\/www.facebook.com\/designbyvaninahenry","https:\/\/www.instagram.com\/vaninahenry\/"]}]}},"_links":{"self":[{"href":"https:\/\/vaninahenry.com\/de\/wp-json\/wp\/v2\/product\/121491","targetHints":{"allow":["GET"]}}],"collection":[{"href":"https:\/\/vaninahenry.com\/de\/wp-json\/wp\/v2\/product"}],"about":[{"href":"https:\/\/vaninahenry.com\/de\/wp-json\/wp\/v2\/types\/product"}],"wp:featuredmedia":[{"embeddable":true,"href":"https:\/\/vaninahenry.com\/de\/wp-json\/wp\/v2\/media\/120411"}],"wp:attachment":[{"href":"https:\/\/vaninahenry.com\/de\/wp-json\/wp\/v2\/media?parent=121491"}],"wp:term":[{"taxonomy":"product_brand","embeddable":true,"href":"https:\/\/vaninahenry.com\/de\/wp-json\/wp\/v2\/product_brand?post=121491"},{"taxonomy":"product_cat","embeddable":true,"href":"https:\/\/vaninahenry.com\/de\/wp-json\/wp\/v2\/product_cat?post=121491"},{"taxonomy":"product_tag","embeddable":true,"href":"https:\/\/vaninahenry.com\/de\/wp-json\/wp\/v2\/product_tag?post=121491"}],"curies":[{"name":"wp","href":"https:\/\/api.w.org\/{rel}","templated":true}]}}