{"id":121481,"date":"2025-11-20T14:32:16","date_gmt":"2025-11-20T13:32:16","guid":{"rendered":"https:\/\/vaninahenry.com\/produit\/lago-di-garda-blue-2\/"},"modified":"2025-11-20T14:39:05","modified_gmt":"2025-11-20T13:39:05","slug":"lago-di-garda-blue","status":"publish","type":"product","link":"https:\/\/vaninahenry.com\/de\/produkt\/lago-di-garda-blue\/","title":{"rendered":"Lago di Garda Blue"},"content":{"rendered":"<h2 class=\"h1 mb-md-5 d-flex d-md-block align-items-center justify-content-between\"><span style=\"color: #9a7541\">Beschreibung<\/span><\/h2>\n<p>Die Panorama-Tapete Lago Di Garda Blue l\u00e4dt uns ein, in den Gardasee einzutauchen, mit einer modernen Ansicht, die von den Werbeplakaten der 50er und 60er Jahre inspiriert ist. Wir befinden uns zwar in den italienischen Alpen, aber das Klima ist mild. Davon zeugen die mediterrane Vegetation mit ihren Schirmpinien und Zypressen, die Bl\u00e4tter der Feigenb\u00e4ume und sogar die Anwesenheit exotischer Pflanzen: mehrere Arten von Agaven und andere Sukkulenten. In der Ferne ist das Leben mit einem kleinen Haus auf dem Landvorsprung pr\u00e4sent. Doch was die Sch\u00f6nheit dieser mit Gouache gemalten Szenerie ausmacht, sind die einzigartigen, klaren und satten Farben und ihre Kombination. Das allgegenw\u00e4rtige Kleinblau des Wassers zieht sofort den Blick auf sich und f\u00fchrt uns zum See. Es steht neben dem intensiven und tiefen Gr\u00fcn der B\u00e4ume, die auf den H\u00fcgeln thronen, die ihrerseits mit ihrer mandelgr\u00fcnen Farbe Sanftheit ausstrahlen. Lago Di Garda Blue ist eine Panorama-Tapete, die einen nicht gleichg\u00fcltig lassen kann, stark und poetisch zugleich.<\/p>\n","protected":false},"excerpt":{"rendered":"<p><span style=\"color: #9a7541\">Collection Volume 7<\/span><\/p>\n<p><span style=\"color: #9a7541\">Lago di Garda Blue,<\/span> das den von mediterraner Vegetation ges\u00e4umten Gardasee darstellt.<\/p>\n<p><img decoding=\"async\" class=\"alignnone wp-image-98541 size-full\" src=\"https:\/\/vaninahenry.com\/wp-content\/uploads\/2022\/08\/Screenshot-2022-08-29-153116.png\" alt=\"\" width=\"762\" height=\"310\" \/><\/p>\n<p>Vliestapete.<\/p>\n<p>Wir bieten Ihnen eine Panoramawand an:<br \/>\n4,90 m breit und 2,6 m hoch.<br \/>\n7 Bahnen \u00e0 70 cm<\/p>\n<p>&nbsp;<\/p>\n<p>Wenn Sie andere Ma\u00dfe ben\u00f6tigen, <a href=\"https:\/\/vaninahenry.com\/contact\/?lang=de\" target=\"_blank\" rel=\"noopener\"> <span style=\"color: #9a7541\"><strong>kontaktieren Sie uns<\/strong><\/span>.<\/a><\/p>\n<p>Dieses Panorama kann eine maximale Gr\u00f6\u00dfe von : 7.4 x 3.00 m<\/p>\n<p>&nbsp;<\/p>\n<p>Dieses Dekor gibt es auch in gr\u00fcn,<a href=\"https:\/\/vaninahenry.com\/de\/produkt\/lago-di-garda-green\/\"> <strong><span style=\"color: #9a7541\">Lago Di Garda Green.<\/span><\/strong><\/a><\/p>\n<p><span style=\"color: #9a7500\"><a style=\"color: #9a7500\" href=\"https:\/\/vaninahenry.com\/de\/marke\/les-dominotiers\/\" target=\"_blank\" rel=\"noopener\">Mehr \u00fcber LES DOMINOTIERS<\/a><\/span><\/p>\n<p>&nbsp;<\/p>\n","protected":false},"featured_media":120267,"template":"","meta":{"_acf_changed":false,"inline_featured_image":false},"product_brand":[],"product_cat":[399],"product_tag":[],"class_list":{"0":"post-121481","1":"product","2":"type-product","3":"status-publish","4":"has-post-thumbnail","6":"product_cat-tapete","7":"product_shipping_class-isidore-leroy-de","9":"first","10":"instock","11":"taxable","12":"shipping-taxable","13":"purchasable","14":"product-type-simple"},"acf":[],"yoast_head":"<!-- This site is optimized with the Yoast SEO plugin v26.7 - https:\/\/yoast.com\/wordpress\/plugins\/seo\/ -->\n<title>Lago di Garda Blue - Vanina Henry<\/title>\n<meta name=\"robots\" content=\"index, follow, max-snippet:-1, max-image-preview:large, max-video-preview:-1\" \/>\n<link rel=\"canonical\" href=\"https:\/\/vaninahenry.com\/produkt\/lago-di-garda-blue\/\" \/>\n<meta property=\"og:locale\" content=\"de_DE\" \/>\n<meta property=\"og:type\" content=\"article\" \/>\n<meta property=\"og:title\" content=\"Lago di Garda Blue - Vanina Henry\" \/>\n<meta property=\"og:description\" content=\"Collection Volume 7  Lago di Garda Blue, das den von mediterraner Vegetation ges\u00e4umten Gardasee darstellt.    Vliestapete.  Wir bieten Ihnen eine Panoramawand an: 4,90 m breit und 2,6 m hoch. 7 Bahnen \u00e0 70 cm  &nbsp;  Wenn Sie andere Ma\u00dfe ben\u00f6tigen, kontaktieren Sie uns.  Dieses Panorama kann eine maximale Gr\u00f6\u00dfe von : 7.4 x 3.00 m  &nbsp;  Dieses Dekor gibt es auch in gr\u00fcn, Lago Di Garda Green.  Mehr \u00fcber LES DOMINOTIERS  &nbsp;\" \/>\n<meta property=\"og:url\" content=\"https:\/\/vaninahenry.com\/produkt\/lago-di-garda-blue\/\" \/>\n<meta property=\"og:site_name\" content=\"Vanina Henry\" \/>\n<meta property=\"article:publisher\" content=\"https:\/\/www.facebook.com\/designbyvaninahenry\" \/>\n<meta property=\"article:modified_time\" content=\"2025-11-20T13:39:05+00:00\" \/>\n<meta property=\"og:image\" content=\"https:\/\/vaninahenry.com\/wp-content\/uploads\/2025\/11\/lago-di-garda-blue-2-1.jpg\" \/>\n\t<meta property=\"og:image:width\" content=\"625\" \/>\n\t<meta property=\"og:image:height\" content=\"625\" \/>\n\t<meta property=\"og:image:type\" content=\"image\/jpeg\" \/>\n<meta name=\"twitter:card\" content=\"summary_large_image\" \/>\n<meta name=\"twitter:label1\" content=\"Gesch\u00e4tzte Lesezeit\" \/>\n\t<meta name=\"twitter:data1\" content=\"1\u00a0Minute\" \/>\n<script type=\"application\/ld+json\" class=\"yoast-schema-graph\">{\"@context\":\"https:\/\/schema.org\",\"@graph\":[{\"@type\":\"WebPage\",\"@id\":\"https:\/\/vaninahenry.com\/produkt\/lago-di-garda-blue\/\",\"url\":\"https:\/\/vaninahenry.com\/produkt\/lago-di-garda-blue\/\",\"name\":\"Lago di Garda Blue - Vanina Henry\",\"isPartOf\":{\"@id\":\"https:\/\/vaninahenry.com\/#website\"},\"primaryImageOfPage\":{\"@id\":\"https:\/\/vaninahenry.com\/produkt\/lago-di-garda-blue\/#primaryimage\"},\"image\":{\"@id\":\"https:\/\/vaninahenry.com\/produkt\/lago-di-garda-blue\/#primaryimage\"},\"thumbnailUrl\":\"https:\/\/vaninahenry.com\/wp-content\/uploads\/2025\/11\/lago-di-garda-blue-2-1.jpg\",\"datePublished\":\"2025-11-20T13:32:16+00:00\",\"dateModified\":\"2025-11-20T13:39:05+00:00\",\"breadcrumb\":{\"@id\":\"https:\/\/vaninahenry.com\/produkt\/lago-di-garda-blue\/#breadcrumb\"},\"inLanguage\":\"de\",\"potentialAction\":[{\"@type\":\"ReadAction\",\"target\":[\"https:\/\/vaninahenry.com\/produkt\/lago-di-garda-blue\/\"]}]},{\"@type\":\"ImageObject\",\"inLanguage\":\"de\",\"@id\":\"https:\/\/vaninahenry.com\/produkt\/lago-di-garda-blue\/#primaryimage\",\"url\":\"https:\/\/vaninahenry.com\/wp-content\/uploads\/2025\/11\/lago-di-garda-blue-2-1.jpg\",\"contentUrl\":\"https:\/\/vaninahenry.com\/wp-content\/uploads\/2025\/11\/lago-di-garda-blue-2-1.jpg\",\"width\":625,\"height\":625},{\"@type\":\"BreadcrumbList\",\"@id\":\"https:\/\/vaninahenry.com\/produkt\/lago-di-garda-blue\/#breadcrumb\",\"itemListElement\":[{\"@type\":\"ListItem\",\"position\":1,\"name\":\"Accueil\",\"item\":\"https:\/\/vaninahenry.com\/de\/\"},{\"@type\":\"ListItem\",\"position\":2,\"name\":\"Shop\",\"item\":\"https:\/\/vaninahenry.com\/boutique\/\"},{\"@type\":\"ListItem\",\"position\":3,\"name\":\"Lago di Garda Blue\"}]},{\"@type\":\"WebSite\",\"@id\":\"https:\/\/vaninahenry.com\/#website\",\"url\":\"https:\/\/vaninahenry.com\/\",\"name\":\"Vanina Henry\",\"description\":\"\",\"publisher\":{\"@id\":\"https:\/\/vaninahenry.com\/#organization\"},\"potentialAction\":[{\"@type\":\"SearchAction\",\"target\":{\"@type\":\"EntryPoint\",\"urlTemplate\":\"https:\/\/vaninahenry.com\/?s={search_term_string}\"},\"query-input\":{\"@type\":\"PropertyValueSpecification\",\"valueRequired\":true,\"valueName\":\"search_term_string\"}}],\"inLanguage\":\"de\"},{\"@type\":\"Organization\",\"@id\":\"https:\/\/vaninahenry.com\/#organization\",\"name\":\"Vanina Henry\",\"url\":\"https:\/\/vaninahenry.com\/\",\"logo\":{\"@type\":\"ImageObject\",\"inLanguage\":\"de\",\"@id\":\"https:\/\/vaninahenry.com\/#\/schema\/logo\/image\/\",\"url\":\"http:\/\/vaninahenry.com\/wp-content\/uploads\/2021\/10\/Logo-design-by-VaninaHenry.png\",\"contentUrl\":\"http:\/\/vaninahenry.com\/wp-content\/uploads\/2021\/10\/Logo-design-by-VaninaHenry.png\",\"width\":711,\"height\":467,\"caption\":\"Vanina Henry\"},\"image\":{\"@id\":\"https:\/\/vaninahenry.com\/#\/schema\/logo\/image\/\"},\"sameAs\":[\"https:\/\/www.facebook.com\/designbyvaninahenry\",\"https:\/\/www.instagram.com\/vaninahenry\/\"]}]}<\/script>\n<!-- \/ Yoast SEO plugin. -->","yoast_head_json":{"title":"Lago di Garda Blue - Vanina Henry","robots":{"index":"index","follow":"follow","max-snippet":"max-snippet:-1","max-image-preview":"max-image-preview:large","max-video-preview":"max-video-preview:-1"},"canonical":"https:\/\/vaninahenry.com\/produkt\/lago-di-garda-blue\/","og_locale":"de_DE","og_type":"article","og_title":"Lago di Garda Blue - Vanina Henry","og_description":"Collection Volume 7  Lago di Garda Blue, das den von mediterraner Vegetation ges\u00e4umten Gardasee darstellt.    Vliestapete.  Wir bieten Ihnen eine Panoramawand an: 4,90 m breit und 2,6 m hoch. 7 Bahnen \u00e0 70 cm  &nbsp;  Wenn Sie andere Ma\u00dfe ben\u00f6tigen, kontaktieren Sie uns.  Dieses Panorama kann eine maximale Gr\u00f6\u00dfe von : 7.4 x 3.00 m  &nbsp;  Dieses Dekor gibt es auch in gr\u00fcn, Lago Di Garda Green.  Mehr \u00fcber LES DOMINOTIERS  &nbsp;","og_url":"https:\/\/vaninahenry.com\/produkt\/lago-di-garda-blue\/","og_site_name":"Vanina Henry","article_publisher":"https:\/\/www.facebook.com\/designbyvaninahenry","article_modified_time":"2025-11-20T13:39:05+00:00","og_image":[{"width":625,"height":625,"url":"https:\/\/vaninahenry.com\/wp-content\/uploads\/2025\/11\/lago-di-garda-blue-2-1.jpg","type":"image\/jpeg"}],"twitter_card":"summary_large_image","twitter_misc":{"Gesch\u00e4tzte Lesezeit":"1\u00a0Minute"},"schema":{"@context":"https:\/\/schema.org","@graph":[{"@type":"WebPage","@id":"https:\/\/vaninahenry.com\/produkt\/lago-di-garda-blue\/","url":"https:\/\/vaninahenry.com\/produkt\/lago-di-garda-blue\/","name":"Lago di Garda Blue - Vanina Henry","isPartOf":{"@id":"https:\/\/vaninahenry.com\/#website"},"primaryImageOfPage":{"@id":"https:\/\/vaninahenry.com\/produkt\/lago-di-garda-blue\/#primaryimage"},"image":{"@id":"https:\/\/vaninahenry.com\/produkt\/lago-di-garda-blue\/#primaryimage"},"thumbnailUrl":"https:\/\/vaninahenry.com\/wp-content\/uploads\/2025\/11\/lago-di-garda-blue-2-1.jpg","datePublished":"2025-11-20T13:32:16+00:00","dateModified":"2025-11-20T13:39:05+00:00","breadcrumb":{"@id":"https:\/\/vaninahenry.com\/produkt\/lago-di-garda-blue\/#breadcrumb"},"inLanguage":"de","potentialAction":[{"@type":"ReadAction","target":["https:\/\/vaninahenry.com\/produkt\/lago-di-garda-blue\/"]}]},{"@type":"ImageObject","inLanguage":"de","@id":"https:\/\/vaninahenry.com\/produkt\/lago-di-garda-blue\/#primaryimage","url":"https:\/\/vaninahenry.com\/wp-content\/uploads\/2025\/11\/lago-di-garda-blue-2-1.jpg","contentUrl":"https:\/\/vaninahenry.com\/wp-content\/uploads\/2025\/11\/lago-di-garda-blue-2-1.jpg","width":625,"height":625},{"@type":"BreadcrumbList","@id":"https:\/\/vaninahenry.com\/produkt\/lago-di-garda-blue\/#breadcrumb","itemListElement":[{"@type":"ListItem","position":1,"name":"Accueil","item":"https:\/\/vaninahenry.com\/de\/"},{"@type":"ListItem","position":2,"name":"Shop","item":"https:\/\/vaninahenry.com\/boutique\/"},{"@type":"ListItem","position":3,"name":"Lago di Garda Blue"}]},{"@type":"WebSite","@id":"https:\/\/vaninahenry.com\/#website","url":"https:\/\/vaninahenry.com\/","name":"Vanina Henry","description":"","publisher":{"@id":"https:\/\/vaninahenry.com\/#organization"},"potentialAction":[{"@type":"SearchAction","target":{"@type":"EntryPoint","urlTemplate":"https:\/\/vaninahenry.com\/?s={search_term_string}"},"query-input":{"@type":"PropertyValueSpecification","valueRequired":true,"valueName":"search_term_string"}}],"inLanguage":"de"},{"@type":"Organization","@id":"https:\/\/vaninahenry.com\/#organization","name":"Vanina Henry","url":"https:\/\/vaninahenry.com\/","logo":{"@type":"ImageObject","inLanguage":"de","@id":"https:\/\/vaninahenry.com\/#\/schema\/logo\/image\/","url":"http:\/\/vaninahenry.com\/wp-content\/uploads\/2021\/10\/Logo-design-by-VaninaHenry.png","contentUrl":"http:\/\/vaninahenry.com\/wp-content\/uploads\/2021\/10\/Logo-design-by-VaninaHenry.png","width":711,"height":467,"caption":"Vanina Henry"},"image":{"@id":"https:\/\/vaninahenry.com\/#\/schema\/logo\/image\/"},"sameAs":["https:\/\/www.facebook.com\/designbyvaninahenry","https:\/\/www.instagram.com\/vaninahenry\/"]}]}},"_links":{"self":[{"href":"https:\/\/vaninahenry.com\/de\/wp-json\/wp\/v2\/product\/121481","targetHints":{"allow":["GET"]}}],"collection":[{"href":"https:\/\/vaninahenry.com\/de\/wp-json\/wp\/v2\/product"}],"about":[{"href":"https:\/\/vaninahenry.com\/de\/wp-json\/wp\/v2\/types\/product"}],"wp:featuredmedia":[{"embeddable":true,"href":"https:\/\/vaninahenry.com\/de\/wp-json\/wp\/v2\/media\/120267"}],"wp:attachment":[{"href":"https:\/\/vaninahenry.com\/de\/wp-json\/wp\/v2\/media?parent=121481"}],"wp:term":[{"taxonomy":"product_brand","embeddable":true,"href":"https:\/\/vaninahenry.com\/de\/wp-json\/wp\/v2\/product_brand?post=121481"},{"taxonomy":"product_cat","embeddable":true,"href":"https:\/\/vaninahenry.com\/de\/wp-json\/wp\/v2\/product_cat?post=121481"},{"taxonomy":"product_tag","embeddable":true,"href":"https:\/\/vaninahenry.com\/de\/wp-json\/wp\/v2\/product_tag?post=121481"}],"curies":[{"name":"wp","href":"https:\/\/api.w.org\/{rel}","templated":true}]}}