{"id":121477,"date":"2025-11-20T14:32:15","date_gmt":"2025-11-20T13:32:15","guid":{"rendered":"https:\/\/vaninahenry.com\/produit\/sunset-clouds-2\/"},"modified":"2025-11-20T14:39:00","modified_gmt":"2025-11-20T13:39:00","slug":"sunset-clouds","status":"publish","type":"product","link":"https:\/\/vaninahenry.com\/de\/produkt\/sunset-clouds\/","title":{"rendered":"Sunset Clouds"},"content":{"rendered":"<h2 class=\"h1 mb-md-5 d-flex d-md-block align-items-center justify-content-between\"><span style=\"color: #9a7541\">Beschreibung<\/span><\/h2>\n<div id=\"product-desc\" class=\"collapse show mt-4 mt-md-0 pb-3 pb-md-0 d-md-block\" aria-labelledby=\"description-section\" data-parent=\"#product-additional-info\">\n<p>Die Wolken sind die K\u00f6nige in der Wanddekoration Sunset Clouds. Dieses \u00d6lgem\u00e4lde unterstreicht die Sch\u00f6nheit eines Himmels nach einem Gewitter mit pr\u00e4chtigen Beige- und Ros\u00e9-Nuancen. Die Pinselstriche verleihen dieser Panoramatapete Textur, die Ihnen den Kopf in die Wolken stecken l\u00e4sst.<\/p>\n<\/div>\n","protected":false},"excerpt":{"rendered":"<p><span style=\"color: #9a7541\">Collection Volume 4<\/span><\/p>\n<p><span style=\"color: #9a7541\">Sunset Clouds,<\/span> ein Gem\u00e4lde aufgreifen, das von einem wolkenverhangenen Himmel nach einem Gewitter abh\u00e4ngt.<\/p>\n<p><img decoding=\"async\" class=\"alignnone wp-image-98672 size-full\" src=\"https:\/\/vaninahenry.com\/wp-content\/uploads\/2022\/08\/Screenshot-2022-08-30-155652.png\" alt=\"\" width=\"768\" height=\"637\" \/><\/p>\n<p>&nbsp;<\/p>\n<p>Wir bieten Ihnen eine Panoramawand an:<br \/>\n3.50 m breit und 2,6 m hoch.<br \/>\n5 Bahnen \u00e0 70 cm<\/p>\n<p>&nbsp;<\/p>\n<p>Wenn Sie andere Ma\u00dfe ben\u00f6tigen, <a href=\"https:\/\/vaninahenry.com\/contact\/?lang=de\" target=\"_blank\" rel=\"noopener\"> <span style=\"color: #9a7541\"><strong>kontaktieren Sie uns<\/strong><\/span>.<\/a><\/p>\n<p>Dieses Panorama kann eine maximale Gr\u00f6\u00dfe von : 3.50 x 3.00 m<\/p>\n<p>&nbsp;<\/p>\n<p><span style=\"color: #9a7500\"><a style=\"color: #9a7500\" href=\"https:\/\/vaninahenry.com\/de\/marke\/les-dominotiers\/\" target=\"_blank\" rel=\"noopener\">Mehr \u00fcber LES DOMINOTIERS<\/a><\/span><\/p>\n","protected":false},"featured_media":120222,"template":"","meta":{"_acf_changed":false,"inline_featured_image":false},"product_brand":[],"product_cat":[399],"product_tag":[],"class_list":{"0":"post-121477","1":"product","2":"type-product","3":"status-publish","4":"has-post-thumbnail","6":"product_cat-tapete","7":"product_shipping_class-isidore-leroy-de","9":"first","10":"instock","11":"taxable","12":"shipping-taxable","13":"purchasable","14":"product-type-simple"},"acf":[],"yoast_head":"<!-- This site is optimized with the Yoast SEO plugin v26.7 - https:\/\/yoast.com\/wordpress\/plugins\/seo\/ -->\n<title>Sunset Clouds - Vanina Henry<\/title>\n<meta name=\"robots\" content=\"index, follow, max-snippet:-1, max-image-preview:large, max-video-preview:-1\" \/>\n<link rel=\"canonical\" href=\"https:\/\/vaninahenry.com\/produkt\/sunset-clouds\/\" \/>\n<meta property=\"og:locale\" content=\"de_DE\" \/>\n<meta property=\"og:type\" content=\"article\" \/>\n<meta property=\"og:title\" content=\"Sunset Clouds - Vanina Henry\" \/>\n<meta property=\"og:description\" content=\"Collection Volume 4  Sunset Clouds, ein Gem\u00e4lde aufgreifen, das von einem wolkenverhangenen Himmel nach einem Gewitter abh\u00e4ngt.    &nbsp;  Wir bieten Ihnen eine Panoramawand an: 3.50 m breit und 2,6 m hoch. 5 Bahnen \u00e0 70 cm  &nbsp;  Wenn Sie andere Ma\u00dfe ben\u00f6tigen, kontaktieren Sie uns.  Dieses Panorama kann eine maximale Gr\u00f6\u00dfe von : 3.50 x 3.00 m  &nbsp;  Mehr \u00fcber LES DOMINOTIERS\" \/>\n<meta property=\"og:url\" content=\"https:\/\/vaninahenry.com\/produkt\/sunset-clouds\/\" \/>\n<meta property=\"og:site_name\" content=\"Vanina Henry\" \/>\n<meta property=\"article:publisher\" content=\"https:\/\/www.facebook.com\/designbyvaninahenry\" \/>\n<meta property=\"article:modified_time\" content=\"2025-11-20T13:39:00+00:00\" \/>\n<meta property=\"og:image\" content=\"https:\/\/vaninahenry.com\/wp-content\/uploads\/2025\/11\/sunset-clouds-2-1.jpg\" \/>\n\t<meta property=\"og:image:width\" content=\"625\" \/>\n\t<meta property=\"og:image:height\" content=\"625\" \/>\n\t<meta property=\"og:image:type\" content=\"image\/jpeg\" \/>\n<meta name=\"twitter:card\" content=\"summary_large_image\" \/>\n<meta name=\"twitter:label1\" content=\"Gesch\u00e4tzte Lesezeit\" \/>\n\t<meta name=\"twitter:data1\" content=\"1\u00a0Minute\" \/>\n<script type=\"application\/ld+json\" class=\"yoast-schema-graph\">{\"@context\":\"https:\/\/schema.org\",\"@graph\":[{\"@type\":\"WebPage\",\"@id\":\"https:\/\/vaninahenry.com\/produkt\/sunset-clouds\/\",\"url\":\"https:\/\/vaninahenry.com\/produkt\/sunset-clouds\/\",\"name\":\"Sunset Clouds - Vanina Henry\",\"isPartOf\":{\"@id\":\"https:\/\/vaninahenry.com\/#website\"},\"primaryImageOfPage\":{\"@id\":\"https:\/\/vaninahenry.com\/produkt\/sunset-clouds\/#primaryimage\"},\"image\":{\"@id\":\"https:\/\/vaninahenry.com\/produkt\/sunset-clouds\/#primaryimage\"},\"thumbnailUrl\":\"https:\/\/vaninahenry.com\/wp-content\/uploads\/2025\/11\/sunset-clouds-2-1.jpg\",\"datePublished\":\"2025-11-20T13:32:15+00:00\",\"dateModified\":\"2025-11-20T13:39:00+00:00\",\"breadcrumb\":{\"@id\":\"https:\/\/vaninahenry.com\/produkt\/sunset-clouds\/#breadcrumb\"},\"inLanguage\":\"de\",\"potentialAction\":[{\"@type\":\"ReadAction\",\"target\":[\"https:\/\/vaninahenry.com\/produkt\/sunset-clouds\/\"]}]},{\"@type\":\"ImageObject\",\"inLanguage\":\"de\",\"@id\":\"https:\/\/vaninahenry.com\/produkt\/sunset-clouds\/#primaryimage\",\"url\":\"https:\/\/vaninahenry.com\/wp-content\/uploads\/2025\/11\/sunset-clouds-2-1.jpg\",\"contentUrl\":\"https:\/\/vaninahenry.com\/wp-content\/uploads\/2025\/11\/sunset-clouds-2-1.jpg\",\"width\":625,\"height\":625},{\"@type\":\"BreadcrumbList\",\"@id\":\"https:\/\/vaninahenry.com\/produkt\/sunset-clouds\/#breadcrumb\",\"itemListElement\":[{\"@type\":\"ListItem\",\"position\":1,\"name\":\"Accueil\",\"item\":\"https:\/\/vaninahenry.com\/de\/\"},{\"@type\":\"ListItem\",\"position\":2,\"name\":\"Shop\",\"item\":\"https:\/\/vaninahenry.com\/boutique\/\"},{\"@type\":\"ListItem\",\"position\":3,\"name\":\"Sunset Clouds\"}]},{\"@type\":\"WebSite\",\"@id\":\"https:\/\/vaninahenry.com\/#website\",\"url\":\"https:\/\/vaninahenry.com\/\",\"name\":\"Vanina Henry\",\"description\":\"\",\"publisher\":{\"@id\":\"https:\/\/vaninahenry.com\/#organization\"},\"potentialAction\":[{\"@type\":\"SearchAction\",\"target\":{\"@type\":\"EntryPoint\",\"urlTemplate\":\"https:\/\/vaninahenry.com\/?s={search_term_string}\"},\"query-input\":{\"@type\":\"PropertyValueSpecification\",\"valueRequired\":true,\"valueName\":\"search_term_string\"}}],\"inLanguage\":\"de\"},{\"@type\":\"Organization\",\"@id\":\"https:\/\/vaninahenry.com\/#organization\",\"name\":\"Vanina Henry\",\"url\":\"https:\/\/vaninahenry.com\/\",\"logo\":{\"@type\":\"ImageObject\",\"inLanguage\":\"de\",\"@id\":\"https:\/\/vaninahenry.com\/#\/schema\/logo\/image\/\",\"url\":\"http:\/\/vaninahenry.com\/wp-content\/uploads\/2021\/10\/Logo-design-by-VaninaHenry.png\",\"contentUrl\":\"http:\/\/vaninahenry.com\/wp-content\/uploads\/2021\/10\/Logo-design-by-VaninaHenry.png\",\"width\":711,\"height\":467,\"caption\":\"Vanina Henry\"},\"image\":{\"@id\":\"https:\/\/vaninahenry.com\/#\/schema\/logo\/image\/\"},\"sameAs\":[\"https:\/\/www.facebook.com\/designbyvaninahenry\",\"https:\/\/www.instagram.com\/vaninahenry\/\"]}]}<\/script>\n<!-- \/ Yoast SEO plugin. -->","yoast_head_json":{"title":"Sunset Clouds - Vanina Henry","robots":{"index":"index","follow":"follow","max-snippet":"max-snippet:-1","max-image-preview":"max-image-preview:large","max-video-preview":"max-video-preview:-1"},"canonical":"https:\/\/vaninahenry.com\/produkt\/sunset-clouds\/","og_locale":"de_DE","og_type":"article","og_title":"Sunset Clouds - Vanina Henry","og_description":"Collection Volume 4  Sunset Clouds, ein Gem\u00e4lde aufgreifen, das von einem wolkenverhangenen Himmel nach einem Gewitter abh\u00e4ngt.    &nbsp;  Wir bieten Ihnen eine Panoramawand an: 3.50 m breit und 2,6 m hoch. 5 Bahnen \u00e0 70 cm  &nbsp;  Wenn Sie andere Ma\u00dfe ben\u00f6tigen, kontaktieren Sie uns.  Dieses Panorama kann eine maximale Gr\u00f6\u00dfe von : 3.50 x 3.00 m  &nbsp;  Mehr \u00fcber LES DOMINOTIERS","og_url":"https:\/\/vaninahenry.com\/produkt\/sunset-clouds\/","og_site_name":"Vanina Henry","article_publisher":"https:\/\/www.facebook.com\/designbyvaninahenry","article_modified_time":"2025-11-20T13:39:00+00:00","og_image":[{"width":625,"height":625,"url":"https:\/\/vaninahenry.com\/wp-content\/uploads\/2025\/11\/sunset-clouds-2-1.jpg","type":"image\/jpeg"}],"twitter_card":"summary_large_image","twitter_misc":{"Gesch\u00e4tzte Lesezeit":"1\u00a0Minute"},"schema":{"@context":"https:\/\/schema.org","@graph":[{"@type":"WebPage","@id":"https:\/\/vaninahenry.com\/produkt\/sunset-clouds\/","url":"https:\/\/vaninahenry.com\/produkt\/sunset-clouds\/","name":"Sunset Clouds - Vanina Henry","isPartOf":{"@id":"https:\/\/vaninahenry.com\/#website"},"primaryImageOfPage":{"@id":"https:\/\/vaninahenry.com\/produkt\/sunset-clouds\/#primaryimage"},"image":{"@id":"https:\/\/vaninahenry.com\/produkt\/sunset-clouds\/#primaryimage"},"thumbnailUrl":"https:\/\/vaninahenry.com\/wp-content\/uploads\/2025\/11\/sunset-clouds-2-1.jpg","datePublished":"2025-11-20T13:32:15+00:00","dateModified":"2025-11-20T13:39:00+00:00","breadcrumb":{"@id":"https:\/\/vaninahenry.com\/produkt\/sunset-clouds\/#breadcrumb"},"inLanguage":"de","potentialAction":[{"@type":"ReadAction","target":["https:\/\/vaninahenry.com\/produkt\/sunset-clouds\/"]}]},{"@type":"ImageObject","inLanguage":"de","@id":"https:\/\/vaninahenry.com\/produkt\/sunset-clouds\/#primaryimage","url":"https:\/\/vaninahenry.com\/wp-content\/uploads\/2025\/11\/sunset-clouds-2-1.jpg","contentUrl":"https:\/\/vaninahenry.com\/wp-content\/uploads\/2025\/11\/sunset-clouds-2-1.jpg","width":625,"height":625},{"@type":"BreadcrumbList","@id":"https:\/\/vaninahenry.com\/produkt\/sunset-clouds\/#breadcrumb","itemListElement":[{"@type":"ListItem","position":1,"name":"Accueil","item":"https:\/\/vaninahenry.com\/de\/"},{"@type":"ListItem","position":2,"name":"Shop","item":"https:\/\/vaninahenry.com\/boutique\/"},{"@type":"ListItem","position":3,"name":"Sunset Clouds"}]},{"@type":"WebSite","@id":"https:\/\/vaninahenry.com\/#website","url":"https:\/\/vaninahenry.com\/","name":"Vanina Henry","description":"","publisher":{"@id":"https:\/\/vaninahenry.com\/#organization"},"potentialAction":[{"@type":"SearchAction","target":{"@type":"EntryPoint","urlTemplate":"https:\/\/vaninahenry.com\/?s={search_term_string}"},"query-input":{"@type":"PropertyValueSpecification","valueRequired":true,"valueName":"search_term_string"}}],"inLanguage":"de"},{"@type":"Organization","@id":"https:\/\/vaninahenry.com\/#organization","name":"Vanina Henry","url":"https:\/\/vaninahenry.com\/","logo":{"@type":"ImageObject","inLanguage":"de","@id":"https:\/\/vaninahenry.com\/#\/schema\/logo\/image\/","url":"http:\/\/vaninahenry.com\/wp-content\/uploads\/2021\/10\/Logo-design-by-VaninaHenry.png","contentUrl":"http:\/\/vaninahenry.com\/wp-content\/uploads\/2021\/10\/Logo-design-by-VaninaHenry.png","width":711,"height":467,"caption":"Vanina Henry"},"image":{"@id":"https:\/\/vaninahenry.com\/#\/schema\/logo\/image\/"},"sameAs":["https:\/\/www.facebook.com\/designbyvaninahenry","https:\/\/www.instagram.com\/vaninahenry\/"]}]}},"_links":{"self":[{"href":"https:\/\/vaninahenry.com\/de\/wp-json\/wp\/v2\/product\/121477","targetHints":{"allow":["GET"]}}],"collection":[{"href":"https:\/\/vaninahenry.com\/de\/wp-json\/wp\/v2\/product"}],"about":[{"href":"https:\/\/vaninahenry.com\/de\/wp-json\/wp\/v2\/types\/product"}],"wp:featuredmedia":[{"embeddable":true,"href":"https:\/\/vaninahenry.com\/de\/wp-json\/wp\/v2\/media\/120222"}],"wp:attachment":[{"href":"https:\/\/vaninahenry.com\/de\/wp-json\/wp\/v2\/media?parent=121477"}],"wp:term":[{"taxonomy":"product_brand","embeddable":true,"href":"https:\/\/vaninahenry.com\/de\/wp-json\/wp\/v2\/product_brand?post=121477"},{"taxonomy":"product_cat","embeddable":true,"href":"https:\/\/vaninahenry.com\/de\/wp-json\/wp\/v2\/product_cat?post=121477"},{"taxonomy":"product_tag","embeddable":true,"href":"https:\/\/vaninahenry.com\/de\/wp-json\/wp\/v2\/product_tag?post=121477"}],"curies":[{"name":"wp","href":"https:\/\/api.w.org\/{rel}","templated":true}]}}