{"id":121469,"date":"2025-11-20T14:35:43","date_gmt":"2025-11-20T13:35:43","guid":{"rendered":"https:\/\/vaninahenry.com\/?post_type=product&#038;p=121469"},"modified":"2025-11-20T14:35:43","modified_gmt":"2025-11-20T13:35:43","slug":"palm-grove-2","status":"publish","type":"product","link":"https:\/\/vaninahenry.com\/de\/produkt\/palm-grove-2\/","title":{"rendered":"Palm Grove"},"content":{"rendered":"<h2 class=\"h1 mb-md-5 d-flex d-md-block align-items-center justify-content-between\"><span style=\"color: #9a7541\">Beschreibung<\/span><\/h2>\n<div id=\"product-desc\" class=\"collapse show mt-4 mt-md-0 pb-3 pb-md-0 d-md-block\" aria-labelledby=\"description-section\" data-parent=\"#product-additional-info\">\n<p>Die Panorama-Tapete Palm Grove besteht aus einem sch\u00f6nen, majest\u00e4tischen Palmenhain, der Ihr Zuhause aufhellen wird. Seine Palmen, deren urspr\u00fcngliche Funktion es war, D\u00f6rfer und G\u00e4rten vor den Sonnenstrahlen zu sch\u00fctzen, laden zum Entspannen ein. Der Himmel, der in der Szenerie sehr pr\u00e4sent ist, sorgt f\u00fcr Licht.<\/p>\n<\/div>\n","protected":false},"excerpt":{"rendered":"<p><span style=\"color: #9a7541\">Collection Volume 5<\/span><\/p>\n<p><span style=\"color: #9a7541\">Palmar, Midnight,<\/span><br \/>\nGr\u00fcne Wanddekoration, die einen Palmenhain und Obstb\u00e4ume illustriert. Auch in Blau und Nachtblau erh\u00e4ltlich.<\/p>\n<p><img decoding=\"async\" class=\"alignnone wp-image-98798 size-full\" src=\"https:\/\/vaninahenry.com\/wp-content\/uploads\/2022\/08\/Screenshot-2022-08-31-105648.png\" alt=\"\" width=\"767\" height=\"505\" \/><\/p>\n<p>&nbsp;<\/p>\n<p>Wir bieten Ihnen eine Panoramawand an:<br \/>\n4,20 m breit und 2,6 m hoch.<br \/>\n6 Bahnen \u00e0 70 cm<\/p>\n<p>&nbsp;<\/p>\n<p>Wenn Sie andere Ma\u00dfe ben\u00f6tigen, <a href=\"https:\/\/vaninahenry.com\/contact\/?lang=de\" target=\"_blank\" rel=\"noopener\"> <span style=\"color: #9a7541\"><strong>kontaktieren Sie uns<\/strong><\/span>.<\/a><\/p>\n<p>Dieses Panorama kann eine maximale Gr\u00f6\u00dfe von : 4.50 x 3.00 m<\/p>\n<p>&nbsp;<\/p>\n<p><span style=\"color: #9a7541\">ANDERE FARBEN<\/span> \u00a0 <a href=\"https:\/\/vaninahenry.com\/de\/produkt\/palm-grove-midnight\/\"><img decoding=\"async\" class=\"alignnone wp-image-98810\" src=\"https:\/\/vaninahenry.com\/wp-content\/uploads\/2022\/08\/palm-grove-midnight-1-300x300.jpg\" alt=\"\" width=\"100\" height=\"100\" \/><\/a>\u00a0 \u00a0 <a href=\"https:\/\/vaninahenry.com\/de\/produkt\/palm-grove-blue\/\"><img decoding=\"async\" class=\"alignnone wp-image-98813\" src=\"https:\/\/vaninahenry.com\/wp-content\/uploads\/2022\/08\/palm-grove-blue-1-300x300.jpg\" alt=\"\" width=\"100\" height=\"100\" \/><\/a><\/p>\n<p>&nbsp;<\/p>\n<p><span style=\"color: #9a7500\"><a style=\"color: #9a7500\" href=\"https:\/\/vaninahenry.com\/de\/marke\/les-dominotiers\/\" target=\"_blank\" rel=\"noopener\">Mehr \u00fcber LES DOMINOTIERS<\/a><\/span><\/p>\n<p>&nbsp;<\/p>\n","protected":false},"featured_media":120143,"template":"","meta":{"_acf_changed":false,"inline_featured_image":false},"product_brand":[],"product_cat":[399],"product_tag":[],"class_list":{"0":"post-121469","1":"product","2":"type-product","3":"status-publish","4":"has-post-thumbnail","6":"product_cat-tapete","7":"product_shipping_class-isidore-leroy-de","9":"first","10":"instock","11":"taxable","12":"shipping-taxable","13":"purchasable","14":"product-type-simple"},"acf":[],"yoast_head":"<!-- This site is optimized with the Yoast SEO plugin v26.7 - https:\/\/yoast.com\/wordpress\/plugins\/seo\/ -->\n<title>Palm Grove - Vanina Henry<\/title>\n<meta name=\"robots\" content=\"index, follow, max-snippet:-1, max-image-preview:large, max-video-preview:-1\" \/>\n<link rel=\"canonical\" href=\"https:\/\/vaninahenry.com\/produkt\/palm-grove\/\" \/>\n<meta property=\"og:locale\" content=\"de_DE\" \/>\n<meta property=\"og:type\" content=\"article\" \/>\n<meta property=\"og:title\" content=\"Palm Grove - Vanina Henry\" \/>\n<meta property=\"og:description\" content=\"Collection Volume 5  Palmar, Midnight, Gr\u00fcne Wanddekoration, die einen Palmenhain und Obstb\u00e4ume illustriert. Auch in Blau und Nachtblau erh\u00e4ltlich.    &nbsp;  Wir bieten Ihnen eine Panoramawand an: 4,20 m breit und 2,6 m hoch. 6 Bahnen \u00e0 70 cm  &nbsp;  Wenn Sie andere Ma\u00dfe ben\u00f6tigen, kontaktieren Sie uns.  Dieses Panorama kann eine maximale Gr\u00f6\u00dfe von : 4.50 x 3.00 m  &nbsp;  ANDERE FARBEN \u00a0 \u00a0 \u00a0   &nbsp;  Mehr \u00fcber LES DOMINOTIERS  &nbsp;\" \/>\n<meta property=\"og:url\" content=\"https:\/\/vaninahenry.com\/produkt\/palm-grove\/\" \/>\n<meta property=\"og:site_name\" content=\"Vanina Henry\" \/>\n<meta property=\"article:publisher\" content=\"https:\/\/www.facebook.com\/designbyvaninahenry\" \/>\n<meta property=\"og:image\" content=\"https:\/\/vaninahenry.com\/wp-content\/uploads\/2025\/11\/palm-grove-1.jpg\" \/>\n\t<meta property=\"og:image:width\" content=\"625\" \/>\n\t<meta property=\"og:image:height\" content=\"625\" \/>\n\t<meta property=\"og:image:type\" content=\"image\/jpeg\" \/>\n<meta name=\"twitter:card\" content=\"summary_large_image\" \/>\n<meta name=\"twitter:label1\" content=\"Gesch\u00e4tzte Lesezeit\" \/>\n\t<meta name=\"twitter:data1\" content=\"1\u00a0Minute\" \/>\n<script type=\"application\/ld+json\" class=\"yoast-schema-graph\">{\"@context\":\"https:\/\/schema.org\",\"@graph\":[{\"@type\":\"WebPage\",\"@id\":\"https:\/\/vaninahenry.com\/produkt\/palm-grove\/\",\"url\":\"https:\/\/vaninahenry.com\/produkt\/palm-grove\/\",\"name\":\"Palm Grove - Vanina Henry\",\"isPartOf\":{\"@id\":\"https:\/\/vaninahenry.com\/#website\"},\"primaryImageOfPage\":{\"@id\":\"https:\/\/vaninahenry.com\/produkt\/palm-grove\/#primaryimage\"},\"image\":{\"@id\":\"https:\/\/vaninahenry.com\/produkt\/palm-grove\/#primaryimage\"},\"thumbnailUrl\":\"https:\/\/vaninahenry.com\/wp-content\/uploads\/2025\/11\/palm-grove-1.jpg\",\"datePublished\":\"2025-11-20T13:35:43+00:00\",\"breadcrumb\":{\"@id\":\"https:\/\/vaninahenry.com\/produkt\/palm-grove\/#breadcrumb\"},\"inLanguage\":\"de\",\"potentialAction\":[{\"@type\":\"ReadAction\",\"target\":[\"https:\/\/vaninahenry.com\/produkt\/palm-grove\/\"]}]},{\"@type\":\"ImageObject\",\"inLanguage\":\"de\",\"@id\":\"https:\/\/vaninahenry.com\/produkt\/palm-grove\/#primaryimage\",\"url\":\"https:\/\/vaninahenry.com\/wp-content\/uploads\/2025\/11\/palm-grove-1.jpg\",\"contentUrl\":\"https:\/\/vaninahenry.com\/wp-content\/uploads\/2025\/11\/palm-grove-1.jpg\",\"width\":625,\"height\":625},{\"@type\":\"BreadcrumbList\",\"@id\":\"https:\/\/vaninahenry.com\/produkt\/palm-grove\/#breadcrumb\",\"itemListElement\":[{\"@type\":\"ListItem\",\"position\":1,\"name\":\"Accueil\",\"item\":\"https:\/\/vaninahenry.com\/de\/\"},{\"@type\":\"ListItem\",\"position\":2,\"name\":\"Shop\",\"item\":\"https:\/\/vaninahenry.com\/boutique\/\"},{\"@type\":\"ListItem\",\"position\":3,\"name\":\"Palm Grove\"}]},{\"@type\":\"WebSite\",\"@id\":\"https:\/\/vaninahenry.com\/#website\",\"url\":\"https:\/\/vaninahenry.com\/\",\"name\":\"Vanina Henry\",\"description\":\"\",\"publisher\":{\"@id\":\"https:\/\/vaninahenry.com\/#organization\"},\"potentialAction\":[{\"@type\":\"SearchAction\",\"target\":{\"@type\":\"EntryPoint\",\"urlTemplate\":\"https:\/\/vaninahenry.com\/?s={search_term_string}\"},\"query-input\":{\"@type\":\"PropertyValueSpecification\",\"valueRequired\":true,\"valueName\":\"search_term_string\"}}],\"inLanguage\":\"de\"},{\"@type\":\"Organization\",\"@id\":\"https:\/\/vaninahenry.com\/#organization\",\"name\":\"Vanina Henry\",\"url\":\"https:\/\/vaninahenry.com\/\",\"logo\":{\"@type\":\"ImageObject\",\"inLanguage\":\"de\",\"@id\":\"https:\/\/vaninahenry.com\/#\/schema\/logo\/image\/\",\"url\":\"http:\/\/vaninahenry.com\/wp-content\/uploads\/2021\/10\/Logo-design-by-VaninaHenry.png\",\"contentUrl\":\"http:\/\/vaninahenry.com\/wp-content\/uploads\/2021\/10\/Logo-design-by-VaninaHenry.png\",\"width\":711,\"height\":467,\"caption\":\"Vanina Henry\"},\"image\":{\"@id\":\"https:\/\/vaninahenry.com\/#\/schema\/logo\/image\/\"},\"sameAs\":[\"https:\/\/www.facebook.com\/designbyvaninahenry\",\"https:\/\/www.instagram.com\/vaninahenry\/\"]}]}<\/script>\n<!-- \/ Yoast SEO plugin. -->","yoast_head_json":{"title":"Palm Grove - Vanina Henry","robots":{"index":"index","follow":"follow","max-snippet":"max-snippet:-1","max-image-preview":"max-image-preview:large","max-video-preview":"max-video-preview:-1"},"canonical":"https:\/\/vaninahenry.com\/produkt\/palm-grove\/","og_locale":"de_DE","og_type":"article","og_title":"Palm Grove - Vanina Henry","og_description":"Collection Volume 5  Palmar, Midnight, Gr\u00fcne Wanddekoration, die einen Palmenhain und Obstb\u00e4ume illustriert. Auch in Blau und Nachtblau erh\u00e4ltlich.    &nbsp;  Wir bieten Ihnen eine Panoramawand an: 4,20 m breit und 2,6 m hoch. 6 Bahnen \u00e0 70 cm  &nbsp;  Wenn Sie andere Ma\u00dfe ben\u00f6tigen, kontaktieren Sie uns.  Dieses Panorama kann eine maximale Gr\u00f6\u00dfe von : 4.50 x 3.00 m  &nbsp;  ANDERE FARBEN \u00a0 \u00a0 \u00a0   &nbsp;  Mehr \u00fcber LES DOMINOTIERS  &nbsp;","og_url":"https:\/\/vaninahenry.com\/produkt\/palm-grove\/","og_site_name":"Vanina Henry","article_publisher":"https:\/\/www.facebook.com\/designbyvaninahenry","og_image":[{"width":625,"height":625,"url":"https:\/\/vaninahenry.com\/wp-content\/uploads\/2025\/11\/palm-grove-1.jpg","type":"image\/jpeg"}],"twitter_card":"summary_large_image","twitter_misc":{"Gesch\u00e4tzte Lesezeit":"1\u00a0Minute"},"schema":{"@context":"https:\/\/schema.org","@graph":[{"@type":"WebPage","@id":"https:\/\/vaninahenry.com\/produkt\/palm-grove\/","url":"https:\/\/vaninahenry.com\/produkt\/palm-grove\/","name":"Palm Grove - Vanina Henry","isPartOf":{"@id":"https:\/\/vaninahenry.com\/#website"},"primaryImageOfPage":{"@id":"https:\/\/vaninahenry.com\/produkt\/palm-grove\/#primaryimage"},"image":{"@id":"https:\/\/vaninahenry.com\/produkt\/palm-grove\/#primaryimage"},"thumbnailUrl":"https:\/\/vaninahenry.com\/wp-content\/uploads\/2025\/11\/palm-grove-1.jpg","datePublished":"2025-11-20T13:35:43+00:00","breadcrumb":{"@id":"https:\/\/vaninahenry.com\/produkt\/palm-grove\/#breadcrumb"},"inLanguage":"de","potentialAction":[{"@type":"ReadAction","target":["https:\/\/vaninahenry.com\/produkt\/palm-grove\/"]}]},{"@type":"ImageObject","inLanguage":"de","@id":"https:\/\/vaninahenry.com\/produkt\/palm-grove\/#primaryimage","url":"https:\/\/vaninahenry.com\/wp-content\/uploads\/2025\/11\/palm-grove-1.jpg","contentUrl":"https:\/\/vaninahenry.com\/wp-content\/uploads\/2025\/11\/palm-grove-1.jpg","width":625,"height":625},{"@type":"BreadcrumbList","@id":"https:\/\/vaninahenry.com\/produkt\/palm-grove\/#breadcrumb","itemListElement":[{"@type":"ListItem","position":1,"name":"Accueil","item":"https:\/\/vaninahenry.com\/de\/"},{"@type":"ListItem","position":2,"name":"Shop","item":"https:\/\/vaninahenry.com\/boutique\/"},{"@type":"ListItem","position":3,"name":"Palm Grove"}]},{"@type":"WebSite","@id":"https:\/\/vaninahenry.com\/#website","url":"https:\/\/vaninahenry.com\/","name":"Vanina Henry","description":"","publisher":{"@id":"https:\/\/vaninahenry.com\/#organization"},"potentialAction":[{"@type":"SearchAction","target":{"@type":"EntryPoint","urlTemplate":"https:\/\/vaninahenry.com\/?s={search_term_string}"},"query-input":{"@type":"PropertyValueSpecification","valueRequired":true,"valueName":"search_term_string"}}],"inLanguage":"de"},{"@type":"Organization","@id":"https:\/\/vaninahenry.com\/#organization","name":"Vanina Henry","url":"https:\/\/vaninahenry.com\/","logo":{"@type":"ImageObject","inLanguage":"de","@id":"https:\/\/vaninahenry.com\/#\/schema\/logo\/image\/","url":"http:\/\/vaninahenry.com\/wp-content\/uploads\/2021\/10\/Logo-design-by-VaninaHenry.png","contentUrl":"http:\/\/vaninahenry.com\/wp-content\/uploads\/2021\/10\/Logo-design-by-VaninaHenry.png","width":711,"height":467,"caption":"Vanina Henry"},"image":{"@id":"https:\/\/vaninahenry.com\/#\/schema\/logo\/image\/"},"sameAs":["https:\/\/www.facebook.com\/designbyvaninahenry","https:\/\/www.instagram.com\/vaninahenry\/"]}]}},"_links":{"self":[{"href":"https:\/\/vaninahenry.com\/de\/wp-json\/wp\/v2\/product\/121469","targetHints":{"allow":["GET"]}}],"collection":[{"href":"https:\/\/vaninahenry.com\/de\/wp-json\/wp\/v2\/product"}],"about":[{"href":"https:\/\/vaninahenry.com\/de\/wp-json\/wp\/v2\/types\/product"}],"wp:featuredmedia":[{"embeddable":true,"href":"https:\/\/vaninahenry.com\/de\/wp-json\/wp\/v2\/media\/120143"}],"wp:attachment":[{"href":"https:\/\/vaninahenry.com\/de\/wp-json\/wp\/v2\/media?parent=121469"}],"wp:term":[{"taxonomy":"product_brand","embeddable":true,"href":"https:\/\/vaninahenry.com\/de\/wp-json\/wp\/v2\/product_brand?post=121469"},{"taxonomy":"product_cat","embeddable":true,"href":"https:\/\/vaninahenry.com\/de\/wp-json\/wp\/v2\/product_cat?post=121469"},{"taxonomy":"product_tag","embeddable":true,"href":"https:\/\/vaninahenry.com\/de\/wp-json\/wp\/v2\/product_tag?post=121469"}],"curies":[{"name":"wp","href":"https:\/\/api.w.org\/{rel}","templated":true}]}}