{"id":121468,"date":"2025-11-20T14:35:42","date_gmt":"2025-11-20T13:35:42","guid":{"rendered":"https:\/\/vaninahenry.com\/?post_type=product&#038;p=121468"},"modified":"2025-11-20T14:35:42","modified_gmt":"2025-11-20T13:35:42","slug":"ebony-forest-2","status":"publish","type":"product","link":"https:\/\/vaninahenry.com\/de\/produkt\/ebony-forest-2\/","title":{"rendered":"Ebony Forest"},"content":{"rendered":"<h2 class=\"h1 mb-md-5 d-flex d-md-block align-items-center justify-content-between\"><span style=\"color: #9a7541\">Beschreibung<\/span><\/h2>\n<div id=\"product-desc\" class=\"collapse show mt-4 mt-md-0 pb-3 pb-md-0 d-md-block\" aria-labelledby=\"description-section\" data-parent=\"#product-additional-info\">\n<p>Mit seiner neuen Kollektion von Panorama-Tapeten Moris, dem kreolischen Namen von Mauritius, nimmt Sie Les Dominotiers mit auf eine einzigartige Reise in das Herz dieses kulturellen und nat\u00fcrlichen Juwels, weit weg von den g\u00e4ngigen Klischees, die dieses Gebiet charakterisieren, dessen Sch\u00f6nheit weit \u00fcber die idyllischen wei\u00dfen Sandstr\u00e4nde hinausgeht.<\/p>\n<\/div>\n","protected":false},"excerpt":{"rendered":"<p><span style=\"color: #9a7541\">Collection MORIS<\/span><\/p>\n<p><span style=\"color: #9a7541\">Ebony Forest, <\/span>Ma\u00dfgeschneidertes Vlies-Panorama-Dekor, das eine hellgraue Gravur eines Waldes darstellt.<\/p>\n<p>Wir bieten Ihnen eine Panoramatafel an:<br \/>\n4,2 m breit und 2,60 m hoch.<br \/>\n6 Bahnen \u00e0 70 cm<\/p>\n<p><img decoding=\"async\" class=\"alignnone wp-image-98480 size-full\" src=\"https:\/\/vaninahenry.com\/wp-content\/uploads\/2022\/08\/Screenshot-2022-08-29-122539-e1661768815714.png\" alt=\"\" width=\"765\" height=\"522\" \/><\/p>\n<p>Wenn Sie andere Ma\u00dfe ben\u00f6tigen, <a href=\"https:\/\/vaninahenry.com\/contact\/?lang=de\" target=\"_blank\" rel=\"noopener\"> <span style=\"color: #9a7541\"><strong>kontaktieren Sie uns<\/strong><\/span>.<\/a><\/p>\n<p>Dieses Panorama kann eine maximale Gr\u00f6\u00dfe von : 4.50 x 3.00 m<\/p>\n<p>&nbsp;<\/p>\n<p><span style=\"color: #9a7500\"><a style=\"color: #9a7500\" href=\"https:\/\/vaninahenry.com\/de\/marke\/les-dominotiers\/\" target=\"_blank\" rel=\"noopener\">Mehr \u00fcber LES DOMINOTIERS<\/a><\/span><\/p>\n<p>&nbsp;<\/p>\n","protected":false},"featured_media":120131,"template":"","meta":{"_acf_changed":false,"inline_featured_image":false},"product_brand":[],"product_cat":[399],"product_tag":[],"class_list":{"0":"post-121468","1":"product","2":"type-product","3":"status-publish","4":"has-post-thumbnail","6":"product_cat-tapete","7":"product_shipping_class-isidore-leroy-de","9":"first","10":"instock","11":"taxable","12":"shipping-taxable","13":"purchasable","14":"product-type-simple"},"acf":[],"yoast_head":"<!-- This site is optimized with the Yoast SEO plugin v26.7 - https:\/\/yoast.com\/wordpress\/plugins\/seo\/ -->\n<title>Ebony Forest - Vanina Henry<\/title>\n<meta name=\"robots\" content=\"index, follow, max-snippet:-1, max-image-preview:large, max-video-preview:-1\" \/>\n<link rel=\"canonical\" href=\"https:\/\/vaninahenry.com\/produkt\/ebony-forest\/\" \/>\n<meta property=\"og:locale\" content=\"de_DE\" \/>\n<meta property=\"og:type\" content=\"article\" \/>\n<meta property=\"og:title\" content=\"Ebony Forest - Vanina Henry\" \/>\n<meta property=\"og:description\" content=\"Collection MORIS  Ebony Forest, Ma\u00dfgeschneidertes Vlies-Panorama-Dekor, das eine hellgraue Gravur eines Waldes darstellt.  Wir bieten Ihnen eine Panoramatafel an: 4,2 m breit und 2,60 m hoch. 6 Bahnen \u00e0 70 cm    Wenn Sie andere Ma\u00dfe ben\u00f6tigen, kontaktieren Sie uns.  Dieses Panorama kann eine maximale Gr\u00f6\u00dfe von : 4.50 x 3.00 m  &nbsp;  Mehr \u00fcber LES DOMINOTIERS  &nbsp;\" \/>\n<meta property=\"og:url\" content=\"https:\/\/vaninahenry.com\/produkt\/ebony-forest\/\" \/>\n<meta property=\"og:site_name\" content=\"Vanina Henry\" \/>\n<meta property=\"article:publisher\" content=\"https:\/\/www.facebook.com\/designbyvaninahenry\" \/>\n<meta property=\"og:image\" content=\"https:\/\/vaninahenry.com\/wp-content\/uploads\/2025\/11\/ebony-forest-2-1.jpg\" \/>\n\t<meta property=\"og:image:width\" content=\"625\" \/>\n\t<meta property=\"og:image:height\" content=\"625\" \/>\n\t<meta property=\"og:image:type\" content=\"image\/jpeg\" \/>\n<meta name=\"twitter:card\" content=\"summary_large_image\" \/>\n<meta name=\"twitter:label1\" content=\"Gesch\u00e4tzte Lesezeit\" \/>\n\t<meta name=\"twitter:data1\" content=\"1\u00a0Minute\" \/>\n<script type=\"application\/ld+json\" class=\"yoast-schema-graph\">{\"@context\":\"https:\/\/schema.org\",\"@graph\":[{\"@type\":\"WebPage\",\"@id\":\"https:\/\/vaninahenry.com\/produkt\/ebony-forest\/\",\"url\":\"https:\/\/vaninahenry.com\/produkt\/ebony-forest\/\",\"name\":\"Ebony Forest - Vanina Henry\",\"isPartOf\":{\"@id\":\"https:\/\/vaninahenry.com\/#website\"},\"primaryImageOfPage\":{\"@id\":\"https:\/\/vaninahenry.com\/produkt\/ebony-forest\/#primaryimage\"},\"image\":{\"@id\":\"https:\/\/vaninahenry.com\/produkt\/ebony-forest\/#primaryimage\"},\"thumbnailUrl\":\"https:\/\/vaninahenry.com\/wp-content\/uploads\/2025\/11\/ebony-forest-2-1.jpg\",\"datePublished\":\"2025-11-20T13:35:42+00:00\",\"breadcrumb\":{\"@id\":\"https:\/\/vaninahenry.com\/produkt\/ebony-forest\/#breadcrumb\"},\"inLanguage\":\"de\",\"potentialAction\":[{\"@type\":\"ReadAction\",\"target\":[\"https:\/\/vaninahenry.com\/produkt\/ebony-forest\/\"]}]},{\"@type\":\"ImageObject\",\"inLanguage\":\"de\",\"@id\":\"https:\/\/vaninahenry.com\/produkt\/ebony-forest\/#primaryimage\",\"url\":\"https:\/\/vaninahenry.com\/wp-content\/uploads\/2025\/11\/ebony-forest-2-1.jpg\",\"contentUrl\":\"https:\/\/vaninahenry.com\/wp-content\/uploads\/2025\/11\/ebony-forest-2-1.jpg\",\"width\":625,\"height\":625},{\"@type\":\"BreadcrumbList\",\"@id\":\"https:\/\/vaninahenry.com\/produkt\/ebony-forest\/#breadcrumb\",\"itemListElement\":[{\"@type\":\"ListItem\",\"position\":1,\"name\":\"Accueil\",\"item\":\"https:\/\/vaninahenry.com\/de\/\"},{\"@type\":\"ListItem\",\"position\":2,\"name\":\"Shop\",\"item\":\"https:\/\/vaninahenry.com\/boutique\/\"},{\"@type\":\"ListItem\",\"position\":3,\"name\":\"Ebony Forest\"}]},{\"@type\":\"WebSite\",\"@id\":\"https:\/\/vaninahenry.com\/#website\",\"url\":\"https:\/\/vaninahenry.com\/\",\"name\":\"Vanina Henry\",\"description\":\"\",\"publisher\":{\"@id\":\"https:\/\/vaninahenry.com\/#organization\"},\"potentialAction\":[{\"@type\":\"SearchAction\",\"target\":{\"@type\":\"EntryPoint\",\"urlTemplate\":\"https:\/\/vaninahenry.com\/?s={search_term_string}\"},\"query-input\":{\"@type\":\"PropertyValueSpecification\",\"valueRequired\":true,\"valueName\":\"search_term_string\"}}],\"inLanguage\":\"de\"},{\"@type\":\"Organization\",\"@id\":\"https:\/\/vaninahenry.com\/#organization\",\"name\":\"Vanina Henry\",\"url\":\"https:\/\/vaninahenry.com\/\",\"logo\":{\"@type\":\"ImageObject\",\"inLanguage\":\"de\",\"@id\":\"https:\/\/vaninahenry.com\/#\/schema\/logo\/image\/\",\"url\":\"http:\/\/vaninahenry.com\/wp-content\/uploads\/2021\/10\/Logo-design-by-VaninaHenry.png\",\"contentUrl\":\"http:\/\/vaninahenry.com\/wp-content\/uploads\/2021\/10\/Logo-design-by-VaninaHenry.png\",\"width\":711,\"height\":467,\"caption\":\"Vanina Henry\"},\"image\":{\"@id\":\"https:\/\/vaninahenry.com\/#\/schema\/logo\/image\/\"},\"sameAs\":[\"https:\/\/www.facebook.com\/designbyvaninahenry\",\"https:\/\/www.instagram.com\/vaninahenry\/\"]}]}<\/script>\n<!-- \/ Yoast SEO plugin. -->","yoast_head_json":{"title":"Ebony Forest - Vanina Henry","robots":{"index":"index","follow":"follow","max-snippet":"max-snippet:-1","max-image-preview":"max-image-preview:large","max-video-preview":"max-video-preview:-1"},"canonical":"https:\/\/vaninahenry.com\/produkt\/ebony-forest\/","og_locale":"de_DE","og_type":"article","og_title":"Ebony Forest - Vanina Henry","og_description":"Collection MORIS  Ebony Forest, Ma\u00dfgeschneidertes Vlies-Panorama-Dekor, das eine hellgraue Gravur eines Waldes darstellt.  Wir bieten Ihnen eine Panoramatafel an: 4,2 m breit und 2,60 m hoch. 6 Bahnen \u00e0 70 cm    Wenn Sie andere Ma\u00dfe ben\u00f6tigen, kontaktieren Sie uns.  Dieses Panorama kann eine maximale Gr\u00f6\u00dfe von : 4.50 x 3.00 m  &nbsp;  Mehr \u00fcber LES DOMINOTIERS  &nbsp;","og_url":"https:\/\/vaninahenry.com\/produkt\/ebony-forest\/","og_site_name":"Vanina Henry","article_publisher":"https:\/\/www.facebook.com\/designbyvaninahenry","og_image":[{"width":625,"height":625,"url":"https:\/\/vaninahenry.com\/wp-content\/uploads\/2025\/11\/ebony-forest-2-1.jpg","type":"image\/jpeg"}],"twitter_card":"summary_large_image","twitter_misc":{"Gesch\u00e4tzte Lesezeit":"1\u00a0Minute"},"schema":{"@context":"https:\/\/schema.org","@graph":[{"@type":"WebPage","@id":"https:\/\/vaninahenry.com\/produkt\/ebony-forest\/","url":"https:\/\/vaninahenry.com\/produkt\/ebony-forest\/","name":"Ebony Forest - Vanina Henry","isPartOf":{"@id":"https:\/\/vaninahenry.com\/#website"},"primaryImageOfPage":{"@id":"https:\/\/vaninahenry.com\/produkt\/ebony-forest\/#primaryimage"},"image":{"@id":"https:\/\/vaninahenry.com\/produkt\/ebony-forest\/#primaryimage"},"thumbnailUrl":"https:\/\/vaninahenry.com\/wp-content\/uploads\/2025\/11\/ebony-forest-2-1.jpg","datePublished":"2025-11-20T13:35:42+00:00","breadcrumb":{"@id":"https:\/\/vaninahenry.com\/produkt\/ebony-forest\/#breadcrumb"},"inLanguage":"de","potentialAction":[{"@type":"ReadAction","target":["https:\/\/vaninahenry.com\/produkt\/ebony-forest\/"]}]},{"@type":"ImageObject","inLanguage":"de","@id":"https:\/\/vaninahenry.com\/produkt\/ebony-forest\/#primaryimage","url":"https:\/\/vaninahenry.com\/wp-content\/uploads\/2025\/11\/ebony-forest-2-1.jpg","contentUrl":"https:\/\/vaninahenry.com\/wp-content\/uploads\/2025\/11\/ebony-forest-2-1.jpg","width":625,"height":625},{"@type":"BreadcrumbList","@id":"https:\/\/vaninahenry.com\/produkt\/ebony-forest\/#breadcrumb","itemListElement":[{"@type":"ListItem","position":1,"name":"Accueil","item":"https:\/\/vaninahenry.com\/de\/"},{"@type":"ListItem","position":2,"name":"Shop","item":"https:\/\/vaninahenry.com\/boutique\/"},{"@type":"ListItem","position":3,"name":"Ebony Forest"}]},{"@type":"WebSite","@id":"https:\/\/vaninahenry.com\/#website","url":"https:\/\/vaninahenry.com\/","name":"Vanina Henry","description":"","publisher":{"@id":"https:\/\/vaninahenry.com\/#organization"},"potentialAction":[{"@type":"SearchAction","target":{"@type":"EntryPoint","urlTemplate":"https:\/\/vaninahenry.com\/?s={search_term_string}"},"query-input":{"@type":"PropertyValueSpecification","valueRequired":true,"valueName":"search_term_string"}}],"inLanguage":"de"},{"@type":"Organization","@id":"https:\/\/vaninahenry.com\/#organization","name":"Vanina Henry","url":"https:\/\/vaninahenry.com\/","logo":{"@type":"ImageObject","inLanguage":"de","@id":"https:\/\/vaninahenry.com\/#\/schema\/logo\/image\/","url":"http:\/\/vaninahenry.com\/wp-content\/uploads\/2021\/10\/Logo-design-by-VaninaHenry.png","contentUrl":"http:\/\/vaninahenry.com\/wp-content\/uploads\/2021\/10\/Logo-design-by-VaninaHenry.png","width":711,"height":467,"caption":"Vanina Henry"},"image":{"@id":"https:\/\/vaninahenry.com\/#\/schema\/logo\/image\/"},"sameAs":["https:\/\/www.facebook.com\/designbyvaninahenry","https:\/\/www.instagram.com\/vaninahenry\/"]}]}},"_links":{"self":[{"href":"https:\/\/vaninahenry.com\/de\/wp-json\/wp\/v2\/product\/121468","targetHints":{"allow":["GET"]}}],"collection":[{"href":"https:\/\/vaninahenry.com\/de\/wp-json\/wp\/v2\/product"}],"about":[{"href":"https:\/\/vaninahenry.com\/de\/wp-json\/wp\/v2\/types\/product"}],"wp:featuredmedia":[{"embeddable":true,"href":"https:\/\/vaninahenry.com\/de\/wp-json\/wp\/v2\/media\/120131"}],"wp:attachment":[{"href":"https:\/\/vaninahenry.com\/de\/wp-json\/wp\/v2\/media?parent=121468"}],"wp:term":[{"taxonomy":"product_brand","embeddable":true,"href":"https:\/\/vaninahenry.com\/de\/wp-json\/wp\/v2\/product_brand?post=121468"},{"taxonomy":"product_cat","embeddable":true,"href":"https:\/\/vaninahenry.com\/de\/wp-json\/wp\/v2\/product_cat?post=121468"},{"taxonomy":"product_tag","embeddable":true,"href":"https:\/\/vaninahenry.com\/de\/wp-json\/wp\/v2\/product_tag?post=121468"}],"curies":[{"name":"wp","href":"https:\/\/api.w.org\/{rel}","templated":true}]}}