{"id":9526,"date":"2021-04-14T18:21:00","date_gmt":"2021-04-14T16:21:00","guid":{"rendered":"https:\/\/hloccfq.cluster031.hosting.ovh.net\/mentions-legales\/"},"modified":"2025-11-18T09:59:33","modified_gmt":"2025-11-18T08:59:33","slug":"impressum","status":"publish","type":"page","link":"https:\/\/vaninahenry.com\/de\/impressum\/","title":{"rendered":"Impressum"},"content":{"rendered":"<h1>Impressum<\/h1>\n<p class=\"p1\"><strong>D\u00e9nomination de votre soci\u00e9t\u00e9:<\/strong> Desgin by VaninaHenry<\/p>\n<p class=\"p1\"><strong>Type de soci\u00e9t\u00e9:<\/strong> S\u00e0rl<\/p>\n<p class=\"p1\"><strong>N\u00b0 d\u2019immatriculation au RCS:<\/strong> B221174<\/p>\n<p class=\"p1\"><strong>N\u00b0TVA:<\/strong> LU 30001900<\/p>\n<p class=\"p1\"><strong>Capital de la soci\u00e9t\u00e9:<\/strong> 12500,00\u20ac<\/p>\n<p class=\"p1\"><strong>Adresse du si\u00e8ge social:<\/strong> 32, rue de la cit\u00e9, L-5488 Ehnen Luxembourg<\/p>\n<p><strong>T\u00e9l.:<\/strong> +352 661 656 307<\/p>\n<p class=\"p1\"><strong>Adresse e-mail de contact:<\/strong> info@vaninahenry.com<\/p>\n<p><strong>Site web h\u00e9berg\u00e9 par:<\/strong> OVH \u2013 2 rue Kellermann \u2013 59100 ROUBAIX \u2013 France<br \/>\nPour contacter cet h\u00e9bergeur, rendez-vous \u00e0 l\u2019adresse <a href=\"http:\/\/www.ovh.com\/fr\/support\/\">http:\/\/www.ovh.com\/fr\/support\/<\/a><\/p>\n","protected":false},"excerpt":{"rendered":"<p>Impressum D\u00e9nomination de votre soci\u00e9t\u00e9: Desgin by VaninaHenry Type de soci\u00e9t\u00e9: S\u00e0rl N\u00b0 d\u2019immatriculation au RCS: B221174 N\u00b0TVA: LU 30001900 Capital de la soci\u00e9t\u00e9: 12500,00\u20ac Adresse du si\u00e8ge social: 32, rue de la cit\u00e9, L-5488 Ehnen Luxembourg T\u00e9l.: +352 661 656 307 Adresse e-mail de contact: info@vaninahenry.com Site web h\u00e9berg\u00e9 par: OVH \u2013 2 rue [&hellip;]<\/p>\n","protected":false},"author":3,"featured_media":0,"parent":0,"menu_order":0,"comment_status":"closed","ping_status":"closed","template":"","meta":{"_acf_changed":false,"inline_featured_image":false,"footnotes":""},"class_list":["post-9526","page","type-page","status-publish","hentry"],"acf":[],"yoast_head":"<!-- This site is optimized with the Yoast SEO plugin v26.7 - https:\/\/yoast.com\/wordpress\/plugins\/seo\/ -->\n<title>Impressum - Vanina Henry<\/title>\n<meta name=\"robots\" content=\"noindex, follow\" \/>\n<meta property=\"og:locale\" content=\"de_DE\" \/>\n<meta property=\"og:type\" content=\"article\" \/>\n<meta property=\"og:title\" content=\"Impressum - Vanina Henry\" \/>\n<meta property=\"og:description\" content=\"Impressum D\u00e9nomination de votre soci\u00e9t\u00e9: Desgin by VaninaHenry Type de soci\u00e9t\u00e9: S\u00e0rl N\u00b0 d\u2019immatriculation au RCS: B221174 N\u00b0TVA: LU 30001900 Capital de la soci\u00e9t\u00e9: 12500,00\u20ac Adresse du si\u00e8ge social: 32, rue de la cit\u00e9, L-5488 Ehnen Luxembourg T\u00e9l.: +352 661 656 307 Adresse e-mail de contact: info@vaninahenry.com Site web h\u00e9berg\u00e9 par: OVH \u2013 2 rue [&hellip;]\" \/>\n<meta property=\"og:url\" content=\"https:\/\/vaninahenry.com\/mentions-legales\/\" \/>\n<meta property=\"og:site_name\" content=\"Vanina Henry\" \/>\n<meta property=\"article:publisher\" content=\"https:\/\/www.facebook.com\/designbyvaninahenry\" \/>\n<meta property=\"article:modified_time\" content=\"2025-11-18T08:59:33+00:00\" \/>\n<meta name=\"twitter:card\" content=\"summary_large_image\" \/>\n<meta name=\"twitter:label1\" content=\"Gesch\u00e4tzte Lesezeit\" \/>\n\t<meta name=\"twitter:data1\" content=\"1\u00a0Minute\" \/>\n<script type=\"application\/ld+json\" class=\"yoast-schema-graph\">{\"@context\":\"https:\/\/schema.org\",\"@graph\":[{\"@type\":\"WebPage\",\"@id\":\"https:\/\/vaninahenry.com\/mentions-legales\/\",\"url\":\"https:\/\/vaninahenry.com\/mentions-legales\/\",\"name\":\"Impressum - Vanina Henry\",\"isPartOf\":{\"@id\":\"https:\/\/vaninahenry.com\/#website\"},\"datePublished\":\"2021-04-14T16:21:00+00:00\",\"dateModified\":\"2025-11-18T08:59:33+00:00\",\"breadcrumb\":{\"@id\":\"https:\/\/vaninahenry.com\/mentions-legales\/#breadcrumb\"},\"inLanguage\":\"de\",\"potentialAction\":[{\"@type\":\"ReadAction\",\"target\":[\"https:\/\/vaninahenry.com\/mentions-legales\/\"]}]},{\"@type\":\"BreadcrumbList\",\"@id\":\"https:\/\/vaninahenry.com\/mentions-legales\/#breadcrumb\",\"itemListElement\":[{\"@type\":\"ListItem\",\"position\":1,\"name\":\"Accueil\",\"item\":\"https:\/\/vaninahenry.com\/de\/\"},{\"@type\":\"ListItem\",\"position\":2,\"name\":\"Impressum\"}]},{\"@type\":\"WebSite\",\"@id\":\"https:\/\/vaninahenry.com\/#website\",\"url\":\"https:\/\/vaninahenry.com\/\",\"name\":\"Vanina Henry\",\"description\":\"\",\"publisher\":{\"@id\":\"https:\/\/vaninahenry.com\/#organization\"},\"potentialAction\":[{\"@type\":\"SearchAction\",\"target\":{\"@type\":\"EntryPoint\",\"urlTemplate\":\"https:\/\/vaninahenry.com\/?s={search_term_string}\"},\"query-input\":{\"@type\":\"PropertyValueSpecification\",\"valueRequired\":true,\"valueName\":\"search_term_string\"}}],\"inLanguage\":\"de\"},{\"@type\":\"Organization\",\"@id\":\"https:\/\/vaninahenry.com\/#organization\",\"name\":\"Vanina Henry\",\"url\":\"https:\/\/vaninahenry.com\/\",\"logo\":{\"@type\":\"ImageObject\",\"inLanguage\":\"de\",\"@id\":\"https:\/\/vaninahenry.com\/#\/schema\/logo\/image\/\",\"url\":\"http:\/\/vaninahenry.com\/wp-content\/uploads\/2021\/10\/Logo-design-by-VaninaHenry.png\",\"contentUrl\":\"http:\/\/vaninahenry.com\/wp-content\/uploads\/2021\/10\/Logo-design-by-VaninaHenry.png\",\"width\":711,\"height\":467,\"caption\":\"Vanina Henry\"},\"image\":{\"@id\":\"https:\/\/vaninahenry.com\/#\/schema\/logo\/image\/\"},\"sameAs\":[\"https:\/\/www.facebook.com\/designbyvaninahenry\",\"https:\/\/www.instagram.com\/vaninahenry\/\"]}]}<\/script>\n<!-- \/ Yoast SEO plugin. -->","yoast_head_json":{"title":"Impressum - Vanina Henry","robots":{"index":"noindex","follow":"follow"},"og_locale":"de_DE","og_type":"article","og_title":"Impressum - Vanina Henry","og_description":"Impressum D\u00e9nomination de votre soci\u00e9t\u00e9: Desgin by VaninaHenry Type de soci\u00e9t\u00e9: S\u00e0rl N\u00b0 d\u2019immatriculation au RCS: B221174 N\u00b0TVA: LU 30001900 Capital de la soci\u00e9t\u00e9: 12500,00\u20ac Adresse du si\u00e8ge social: 32, rue de la cit\u00e9, L-5488 Ehnen Luxembourg T\u00e9l.: +352 661 656 307 Adresse e-mail de contact: info@vaninahenry.com Site web h\u00e9berg\u00e9 par: OVH \u2013 2 rue [&hellip;]","og_url":"https:\/\/vaninahenry.com\/mentions-legales\/","og_site_name":"Vanina Henry","article_publisher":"https:\/\/www.facebook.com\/designbyvaninahenry","article_modified_time":"2025-11-18T08:59:33+00:00","twitter_card":"summary_large_image","twitter_misc":{"Gesch\u00e4tzte Lesezeit":"1\u00a0Minute"},"schema":{"@context":"https:\/\/schema.org","@graph":[{"@type":"WebPage","@id":"https:\/\/vaninahenry.com\/mentions-legales\/","url":"https:\/\/vaninahenry.com\/mentions-legales\/","name":"Impressum - Vanina Henry","isPartOf":{"@id":"https:\/\/vaninahenry.com\/#website"},"datePublished":"2021-04-14T16:21:00+00:00","dateModified":"2025-11-18T08:59:33+00:00","breadcrumb":{"@id":"https:\/\/vaninahenry.com\/mentions-legales\/#breadcrumb"},"inLanguage":"de","potentialAction":[{"@type":"ReadAction","target":["https:\/\/vaninahenry.com\/mentions-legales\/"]}]},{"@type":"BreadcrumbList","@id":"https:\/\/vaninahenry.com\/mentions-legales\/#breadcrumb","itemListElement":[{"@type":"ListItem","position":1,"name":"Accueil","item":"https:\/\/vaninahenry.com\/de\/"},{"@type":"ListItem","position":2,"name":"Impressum"}]},{"@type":"WebSite","@id":"https:\/\/vaninahenry.com\/#website","url":"https:\/\/vaninahenry.com\/","name":"Vanina Henry","description":"","publisher":{"@id":"https:\/\/vaninahenry.com\/#organization"},"potentialAction":[{"@type":"SearchAction","target":{"@type":"EntryPoint","urlTemplate":"https:\/\/vaninahenry.com\/?s={search_term_string}"},"query-input":{"@type":"PropertyValueSpecification","valueRequired":true,"valueName":"search_term_string"}}],"inLanguage":"de"},{"@type":"Organization","@id":"https:\/\/vaninahenry.com\/#organization","name":"Vanina Henry","url":"https:\/\/vaninahenry.com\/","logo":{"@type":"ImageObject","inLanguage":"de","@id":"https:\/\/vaninahenry.com\/#\/schema\/logo\/image\/","url":"http:\/\/vaninahenry.com\/wp-content\/uploads\/2021\/10\/Logo-design-by-VaninaHenry.png","contentUrl":"http:\/\/vaninahenry.com\/wp-content\/uploads\/2021\/10\/Logo-design-by-VaninaHenry.png","width":711,"height":467,"caption":"Vanina Henry"},"image":{"@id":"https:\/\/vaninahenry.com\/#\/schema\/logo\/image\/"},"sameAs":["https:\/\/www.facebook.com\/designbyvaninahenry","https:\/\/www.instagram.com\/vaninahenry\/"]}]}},"_links":{"self":[{"href":"https:\/\/vaninahenry.com\/de\/wp-json\/wp\/v2\/pages\/9526","targetHints":{"allow":["GET"]}}],"collection":[{"href":"https:\/\/vaninahenry.com\/de\/wp-json\/wp\/v2\/pages"}],"about":[{"href":"https:\/\/vaninahenry.com\/de\/wp-json\/wp\/v2\/types\/page"}],"author":[{"embeddable":true,"href":"https:\/\/vaninahenry.com\/de\/wp-json\/wp\/v2\/users\/3"}],"replies":[{"embeddable":true,"href":"https:\/\/vaninahenry.com\/de\/wp-json\/wp\/v2\/comments?post=9526"}],"version-history":[{"count":3,"href":"https:\/\/vaninahenry.com\/de\/wp-json\/wp\/v2\/pages\/9526\/revisions"}],"predecessor-version":[{"id":117339,"href":"https:\/\/vaninahenry.com\/de\/wp-json\/wp\/v2\/pages\/9526\/revisions\/117339"}],"wp:attachment":[{"href":"https:\/\/vaninahenry.com\/de\/wp-json\/wp\/v2\/media?parent=9526"}],"curies":[{"name":"wp","href":"https:\/\/api.w.org\/{rel}","templated":true}]}}