{"id":9501,"date":"2021-03-19T09:39:08","date_gmt":"2021-03-19T08:39:08","guid":{"rendered":"https:\/\/hloccfq.cluster031.hosting.ovh.net\/contact\/"},"modified":"2026-01-05T13:43:25","modified_gmt":"2026-01-05T12:43:25","slug":"kontakt","status":"publish","type":"page","link":"https:\/\/vaninahenry.com\/de\/kontakt\/","title":{"rendered":"Kontakt"},"content":{"rendered":"<section class=\"vh-contact\">\n<div class=\"vh-contact__inner\">\n<div class=\"vh-contact__infos\">\n<div class=\"vh-contact__block\">\n<h4>SHOWROOM<\/h4>\n<p>Im Stolzenwingert 2<br \/>\nD-54453 Nittel, Deutschland<\/p>\n<p>T.: <a href=\"tel:004916097592261\">+49 (0)160 97592261<\/a><br \/>\n<a href=\"mailto:shop@vaninahenry.com\">shop@vaninahenry.com<\/a><\/p>\n<\/div>\n<div class=\"vh-contact__block\">\n<h4>B\u00dcRO<\/h4>\n<p>32, rue de la cit\u00e9<br \/>\nL-5488 Ehnen, Luxemburg<\/p>\n<p>T.: <a href=\"tel:00352661656307\">+352 661 656 307<\/a><br \/>\n<a href=\"mailto:info@vaninahenry.com\">info@vaninahenry.com<\/a><\/p>\n<\/div>\n<\/div>\n<div class=\"vh-contact__form\">\n<h4>Sie m\u00f6chten uns kontaktieren?<br \/>\nSenden Sie uns Ihre Kontaktdaten und wir melden uns so schnell wie m\u00f6glich bei Ihnen.<\/h4>\n\n<div class=\"wpcf7 no-js\" id=\"wpcf7-f30140-o1\" lang=\"fr-FR\" dir=\"ltr\" data-wpcf7-id=\"30140\">\n<div class=\"screen-reader-response\"><p role=\"status\" aria-live=\"polite\" aria-atomic=\"true\"><\/p> <ul><\/ul><\/div>\n<form action=\"\/de\/wp-json\/wp\/v2\/pages\/9501#wpcf7-f30140-o1\" method=\"post\" class=\"wpcf7-form init\" aria-label=\"Formulaire de contact\" novalidate=\"novalidate\" data-status=\"init\">\n<fieldset class=\"hidden-fields-container\"><input type=\"hidden\" name=\"_wpcf7\" value=\"30140\" \/><input type=\"hidden\" name=\"_wpcf7_version\" value=\"6.1.4\" \/><input type=\"hidden\" name=\"_wpcf7_locale\" value=\"fr_FR\" \/><input type=\"hidden\" name=\"_wpcf7_unit_tag\" value=\"wpcf7-f30140-o1\" \/><input type=\"hidden\" name=\"_wpcf7_container_post\" value=\"0\" \/><input type=\"hidden\" name=\"_wpcf7_posted_data_hash\" value=\"\" \/>\n<\/fieldset>\n<div class=\"row\">\n\t<div class=\"col-100\">\n\t\t<p><span class=\"wpcf7-form-control-wrap\" data-name=\"your-name\"><input size=\"40\" maxlength=\"400\" class=\"wpcf7-form-control wpcf7-text wpcf7-validates-as-required\" aria-required=\"true\" aria-invalid=\"false\" placeholder=\"Name\" value=\"\" type=\"text\" name=\"your-name\" \/><\/span>\n\t\t<\/p>\n\t<\/div>\n\t<div class=\"col-100\">\n\t\t<p><span class=\"wpcf7-form-control-wrap\" data-name=\"your-email\"><input size=\"40\" maxlength=\"400\" class=\"wpcf7-form-control wpcf7-email wpcf7-validates-as-required wpcf7-text wpcf7-validates-as-email\" aria-required=\"true\" aria-invalid=\"false\" placeholder=\"Email\" value=\"\" type=\"email\" name=\"your-email\" \/><\/span>\n\t\t<\/p>\n\t<\/div>\n\t<div class=\"col-100\">\n\t\t<p><span class=\"wpcf7-form-control-wrap\" data-name=\"your-subject\"><input size=\"40\" maxlength=\"400\" class=\"wpcf7-form-control wpcf7-text wpcf7-validates-as-required\" aria-required=\"true\" aria-invalid=\"false\" placeholder=\"Objekt\" value=\"\" type=\"text\" name=\"your-subject\" \/><\/span>\n\t\t<\/p>\n\t<\/div>\n\t<div class=\"col-100\">\n\t\t<p><span class=\"wpcf7-form-control-wrap\" data-name=\"your-message\"><textarea cols=\"40\" rows=\"10\" maxlength=\"2000\" class=\"wpcf7-form-control wpcf7-textarea wpcf7-validates-as-required\" aria-required=\"true\" aria-invalid=\"false\" placeholder=\"Nachricht\" name=\"your-message\"><\/textarea><\/span>\n\t\t<\/p>\n\t<\/div>\n<\/div>\n<div class=\"row\">\n\t<p><input class=\"wpcf7-form-control wpcf7-submit has-spinner\" type=\"submit\" value=\"Senden\" \/>\n\t<\/p>\n<\/div><div class=\"wpcf7-response-output\" aria-hidden=\"true\"><\/div>\n<\/form>\n<\/div>\n\n<\/div>\n<\/div>\n<\/section>\n<div id=\"vh-map\" style=\"width: 100%; height: 570px;\"><\/div>\n<div id=\"social-network\">\n<div class=\"wrapper\">\n<h2>Newsletter-Anmeldung<\/h2>\n<div class=\"newsletter\"><script>(function() {\n\twindow.mc4wp = window.mc4wp || {\n\t\tlisteners: [],\n\t\tforms: {\n\t\t\ton: function(evt, cb) {\n\t\t\t\twindow.mc4wp.listeners.push(\n\t\t\t\t\t{\n\t\t\t\t\t\tevent   : evt,\n\t\t\t\t\t\tcallback: cb\n\t\t\t\t\t}\n\t\t\t\t);\n\t\t\t}\n\t\t}\n\t}\n})();\n<\/script><!-- Mailchimp for WordPress v4.10.9 - https:\/\/wordpress.org\/plugins\/mailchimp-for-wp\/ --><form id=\"mc4wp-form-1\" class=\"mc4wp-form mc4wp-form-117334\" method=\"post\" data-id=\"117334\" data-name=\"Newsletter\" ><div class=\"mc4wp-form-fields\"><p style=\"text-align:center;\" class=\"newsletter\">\r\n    <input id=\"mail\" type=\"email\" name=\"EMAIL\" placeholder=\"Ihre E-Mail-Adresse\" required \/>\r\n<\/p>\r\n<p style=\"text-align:center;\" class=\"newsletter\">\r\n    <input type=\"submit\" value=\"Abonnieren\" \/>\r\n<\/p>\r\n<\/div><label style=\"display: none !important;\">Wenn du ein Mensch bist, lasse das Feld leer: <input type=\"text\" name=\"_mc4wp_honeypot\" value=\"\" tabindex=\"-1\" autocomplete=\"off\" \/><\/label><input type=\"hidden\" name=\"_mc4wp_timestamp\" value=\"1776590248\" \/><input type=\"hidden\" name=\"_mc4wp_form_id\" value=\"117334\" \/><input type=\"hidden\" name=\"_mc4wp_form_element_id\" value=\"mc4wp-form-1\" \/><div class=\"mc4wp-response\"><\/div><\/form><!-- \/ Mailchimp for WordPress Plugin --><\/div>\n<\/div>\n<\/div>\n","protected":false},"excerpt":{"rendered":"<p>SHOWROOM Im Stolzenwingert 2 D-54453 Nittel, Deutschland T.: +49 (0)160 97592261 shop@vaninahenry.com B\u00dcRO 32, rue de la cit\u00e9 L-5488 Ehnen, Luxemburg T.: +352 661 656 307 info@vaninahenry.com Sie m\u00f6chten uns kontaktieren? Senden Sie uns Ihre Kontaktdaten und wir melden uns so schnell wie m\u00f6glich bei Ihnen. Newsletter-Anmeldung<\/p>\n","protected":false},"author":1,"featured_media":0,"parent":0,"menu_order":0,"comment_status":"closed","ping_status":"closed","template":"contact.php","meta":{"_acf_changed":false,"inline_featured_image":false,"footnotes":""},"class_list":["post-9501","page","type-page","status-publish","hentry"],"acf":[],"yoast_head":"<!-- This site is optimized with the Yoast SEO plugin v26.7 - https:\/\/yoast.com\/wordpress\/plugins\/seo\/ -->\n<title>Kontakt - Vanina Henry<\/title>\n<meta name=\"robots\" content=\"index, follow, max-snippet:-1, max-image-preview:large, max-video-preview:-1\" \/>\n<link rel=\"canonical\" href=\"https:\/\/vaninahenry.com\/contact\/\" \/>\n<meta property=\"og:locale\" content=\"de_DE\" \/>\n<meta property=\"og:type\" content=\"article\" \/>\n<meta property=\"og:title\" content=\"Kontakt - Vanina Henry\" \/>\n<meta property=\"og:description\" content=\"SHOWROOM Im Stolzenwingert 2 D-54453 Nittel, Deutschland T.: +49 (0)160 97592261 shop@vaninahenry.com B\u00dcRO 32, rue de la cit\u00e9 L-5488 Ehnen, Luxemburg T.: +352 661 656 307 info@vaninahenry.com Sie m\u00f6chten uns kontaktieren? Senden Sie uns Ihre Kontaktdaten und wir melden uns so schnell wie m\u00f6glich bei Ihnen. Newsletter-Anmeldung\" \/>\n<meta property=\"og:url\" content=\"https:\/\/vaninahenry.com\/contact\/\" \/>\n<meta property=\"og:site_name\" content=\"Vanina Henry\" \/>\n<meta property=\"article:publisher\" content=\"https:\/\/www.facebook.com\/designbyvaninahenry\" \/>\n<meta property=\"article:modified_time\" content=\"2026-01-05T12:43:25+00:00\" \/>\n<meta name=\"twitter:card\" content=\"summary_large_image\" \/>\n<meta name=\"twitter:label1\" content=\"Gesch\u00e4tzte Lesezeit\" \/>\n\t<meta name=\"twitter:data1\" content=\"1\u00a0Minute\" \/>\n<script type=\"application\/ld+json\" class=\"yoast-schema-graph\">{\"@context\":\"https:\/\/schema.org\",\"@graph\":[{\"@type\":\"WebPage\",\"@id\":\"https:\/\/vaninahenry.com\/contact\/\",\"url\":\"https:\/\/vaninahenry.com\/contact\/\",\"name\":\"Kontakt - Vanina Henry\",\"isPartOf\":{\"@id\":\"https:\/\/vaninahenry.com\/#website\"},\"datePublished\":\"2021-03-19T08:39:08+00:00\",\"dateModified\":\"2026-01-05T12:43:25+00:00\",\"breadcrumb\":{\"@id\":\"https:\/\/vaninahenry.com\/contact\/#breadcrumb\"},\"inLanguage\":\"de\",\"potentialAction\":[{\"@type\":\"ReadAction\",\"target\":[\"https:\/\/vaninahenry.com\/contact\/\"]}]},{\"@type\":\"BreadcrumbList\",\"@id\":\"https:\/\/vaninahenry.com\/contact\/#breadcrumb\",\"itemListElement\":[{\"@type\":\"ListItem\",\"position\":1,\"name\":\"Accueil\",\"item\":\"https:\/\/vaninahenry.com\/de\/\"},{\"@type\":\"ListItem\",\"position\":2,\"name\":\"Kontakt\"}]},{\"@type\":\"WebSite\",\"@id\":\"https:\/\/vaninahenry.com\/#website\",\"url\":\"https:\/\/vaninahenry.com\/\",\"name\":\"Vanina Henry\",\"description\":\"\",\"publisher\":{\"@id\":\"https:\/\/vaninahenry.com\/#organization\"},\"potentialAction\":[{\"@type\":\"SearchAction\",\"target\":{\"@type\":\"EntryPoint\",\"urlTemplate\":\"https:\/\/vaninahenry.com\/?s={search_term_string}\"},\"query-input\":{\"@type\":\"PropertyValueSpecification\",\"valueRequired\":true,\"valueName\":\"search_term_string\"}}],\"inLanguage\":\"de\"},{\"@type\":\"Organization\",\"@id\":\"https:\/\/vaninahenry.com\/#organization\",\"name\":\"Vanina Henry\",\"url\":\"https:\/\/vaninahenry.com\/\",\"logo\":{\"@type\":\"ImageObject\",\"inLanguage\":\"de\",\"@id\":\"https:\/\/vaninahenry.com\/#\/schema\/logo\/image\/\",\"url\":\"http:\/\/vaninahenry.com\/wp-content\/uploads\/2021\/10\/Logo-design-by-VaninaHenry.png\",\"contentUrl\":\"http:\/\/vaninahenry.com\/wp-content\/uploads\/2021\/10\/Logo-design-by-VaninaHenry.png\",\"width\":711,\"height\":467,\"caption\":\"Vanina Henry\"},\"image\":{\"@id\":\"https:\/\/vaninahenry.com\/#\/schema\/logo\/image\/\"},\"sameAs\":[\"https:\/\/www.facebook.com\/designbyvaninahenry\",\"https:\/\/www.instagram.com\/vaninahenry\/\"]}]}<\/script>\n<!-- \/ Yoast SEO plugin. -->","yoast_head_json":{"title":"Kontakt - Vanina Henry","robots":{"index":"index","follow":"follow","max-snippet":"max-snippet:-1","max-image-preview":"max-image-preview:large","max-video-preview":"max-video-preview:-1"},"canonical":"https:\/\/vaninahenry.com\/contact\/","og_locale":"de_DE","og_type":"article","og_title":"Kontakt - Vanina Henry","og_description":"SHOWROOM Im Stolzenwingert 2 D-54453 Nittel, Deutschland T.: +49 (0)160 97592261 shop@vaninahenry.com B\u00dcRO 32, rue de la cit\u00e9 L-5488 Ehnen, Luxemburg T.: +352 661 656 307 info@vaninahenry.com Sie m\u00f6chten uns kontaktieren? Senden Sie uns Ihre Kontaktdaten und wir melden uns so schnell wie m\u00f6glich bei Ihnen. Newsletter-Anmeldung","og_url":"https:\/\/vaninahenry.com\/contact\/","og_site_name":"Vanina Henry","article_publisher":"https:\/\/www.facebook.com\/designbyvaninahenry","article_modified_time":"2026-01-05T12:43:25+00:00","twitter_card":"summary_large_image","twitter_misc":{"Gesch\u00e4tzte Lesezeit":"1\u00a0Minute"},"schema":{"@context":"https:\/\/schema.org","@graph":[{"@type":"WebPage","@id":"https:\/\/vaninahenry.com\/contact\/","url":"https:\/\/vaninahenry.com\/contact\/","name":"Kontakt - Vanina Henry","isPartOf":{"@id":"https:\/\/vaninahenry.com\/#website"},"datePublished":"2021-03-19T08:39:08+00:00","dateModified":"2026-01-05T12:43:25+00:00","breadcrumb":{"@id":"https:\/\/vaninahenry.com\/contact\/#breadcrumb"},"inLanguage":"de","potentialAction":[{"@type":"ReadAction","target":["https:\/\/vaninahenry.com\/contact\/"]}]},{"@type":"BreadcrumbList","@id":"https:\/\/vaninahenry.com\/contact\/#breadcrumb","itemListElement":[{"@type":"ListItem","position":1,"name":"Accueil","item":"https:\/\/vaninahenry.com\/de\/"},{"@type":"ListItem","position":2,"name":"Kontakt"}]},{"@type":"WebSite","@id":"https:\/\/vaninahenry.com\/#website","url":"https:\/\/vaninahenry.com\/","name":"Vanina Henry","description":"","publisher":{"@id":"https:\/\/vaninahenry.com\/#organization"},"potentialAction":[{"@type":"SearchAction","target":{"@type":"EntryPoint","urlTemplate":"https:\/\/vaninahenry.com\/?s={search_term_string}"},"query-input":{"@type":"PropertyValueSpecification","valueRequired":true,"valueName":"search_term_string"}}],"inLanguage":"de"},{"@type":"Organization","@id":"https:\/\/vaninahenry.com\/#organization","name":"Vanina Henry","url":"https:\/\/vaninahenry.com\/","logo":{"@type":"ImageObject","inLanguage":"de","@id":"https:\/\/vaninahenry.com\/#\/schema\/logo\/image\/","url":"http:\/\/vaninahenry.com\/wp-content\/uploads\/2021\/10\/Logo-design-by-VaninaHenry.png","contentUrl":"http:\/\/vaninahenry.com\/wp-content\/uploads\/2021\/10\/Logo-design-by-VaninaHenry.png","width":711,"height":467,"caption":"Vanina Henry"},"image":{"@id":"https:\/\/vaninahenry.com\/#\/schema\/logo\/image\/"},"sameAs":["https:\/\/www.facebook.com\/designbyvaninahenry","https:\/\/www.instagram.com\/vaninahenry\/"]}]}},"_links":{"self":[{"href":"https:\/\/vaninahenry.com\/de\/wp-json\/wp\/v2\/pages\/9501","targetHints":{"allow":["GET"]}}],"collection":[{"href":"https:\/\/vaninahenry.com\/de\/wp-json\/wp\/v2\/pages"}],"about":[{"href":"https:\/\/vaninahenry.com\/de\/wp-json\/wp\/v2\/types\/page"}],"author":[{"embeddable":true,"href":"https:\/\/vaninahenry.com\/de\/wp-json\/wp\/v2\/users\/1"}],"replies":[{"embeddable":true,"href":"https:\/\/vaninahenry.com\/de\/wp-json\/wp\/v2\/comments?post=9501"}],"version-history":[{"count":5,"href":"https:\/\/vaninahenry.com\/de\/wp-json\/wp\/v2\/pages\/9501\/revisions"}],"predecessor-version":[{"id":140306,"href":"https:\/\/vaninahenry.com\/de\/wp-json\/wp\/v2\/pages\/9501\/revisions\/140306"}],"wp:attachment":[{"href":"https:\/\/vaninahenry.com\/de\/wp-json\/wp\/v2\/media?parent=9501"}],"curies":[{"name":"wp","href":"https:\/\/api.w.org\/{rel}","templated":true}]}}