{"id":69375,"date":"2021-11-25T15:19:36","date_gmt":"2021-11-25T14:19:36","guid":{"rendered":"https:\/\/vaninahenry.com\/calcul-de-livraison\/"},"modified":"2025-11-18T10:02:03","modified_gmt":"2025-11-18T09:02:03","slug":"calcul-de-livraison","status":"publish","type":"page","link":"https:\/\/vaninahenry.com\/de\/calcul-de-livraison\/","title":{"rendered":"Lieferkalkulation"},"content":{"rendered":"<h2>Lieferkalkulation<\/h2>\n<p>Unsere Website bietet Ihnen die M\u00f6glichkeit, Produkte zu bestellen, die von verschiedenen Marken aus verschiedenen europ\u00e4ischen L\u00e4ndern vertrieben werden.<br \/>\nDeshalb wird die Lieferung pro Produkt und pro Marke mit 2 Arten der Berechnung Ihrer Lieferung berechnet:<\/p>\n<p><strong>1- Bestellung von Produkten von zwei verschiedenen Marken<\/strong><br \/>\nWir kumulieren die Lieferkosten.<br \/>\nBeispiel: Sie bestellen eine Dose Farbe von Farrow&amp; Ball und einen Stuhl von Tolix. Wir berechnen Ihnen die Versandkosten f\u00fcr Tolix (aus Frankreich) und die Versandkosten f\u00fcr die Farbe aus dem Showroom in Deutschland.<br \/>\nSie erhalten die Lieferung in zwei Schritten.<\/p>\n<p><strong>2- Bestellung von mehreren Produkten derselben Marke:<\/strong><br \/>\nEs gibt keine kumulative Lieferung. Es wird eine einmalige Geb\u00fchr f\u00fcr das Produkt erhoben, zu der eine kleine Geb\u00fchr f\u00fcr die folgenden Produkte hinzukommt.<\/p>\n<p><strong>Siehe Tabelle, um die Lieferkosten zu erfahren<\/strong><\/p>\n<p><img decoding=\"async\" class=\"alignnone wp-image-69370 size-large\" src=\"http:\/\/vaninahenry.com\/wp-content\/uploads\/2021\/11\/Capture-de\u0301cran-2021-11-24-a\u0300-12.42.14-1024x515.png\" alt=\"\" width=\"1024\" height=\"515\" srcset=\"https:\/\/vaninahenry.com\/wp-content\/uploads\/2021\/11\/Capture-de\u0301cran-2021-11-24-a\u0300-12.42.14-1024x515.png 1024w, https:\/\/vaninahenry.com\/wp-content\/uploads\/2021\/11\/Capture-de\u0301cran-2021-11-24-a\u0300-12.42.14-600x302.png 600w, https:\/\/vaninahenry.com\/wp-content\/uploads\/2021\/11\/Capture-de\u0301cran-2021-11-24-a\u0300-12.42.14-300x151.png 300w, https:\/\/vaninahenry.com\/wp-content\/uploads\/2021\/11\/Capture-de\u0301cran-2021-11-24-a\u0300-12.42.14-768x386.png 768w, https:\/\/vaninahenry.com\/wp-content\/uploads\/2021\/11\/Capture-de\u0301cran-2021-11-24-a\u0300-12.42.14.png 1280w\" sizes=\"(max-width: 1024px) 100vw, 1024px\" \/><\/p>\n","protected":false},"excerpt":{"rendered":"<p>Lieferkalkulation Unsere Website bietet Ihnen die M\u00f6glichkeit, Produkte zu bestellen, die von verschiedenen Marken aus verschiedenen europ\u00e4ischen L\u00e4ndern vertrieben werden. Deshalb wird die Lieferung pro Produkt und pro Marke mit 2 Arten der Berechnung Ihrer Lieferung berechnet: 1- Bestellung von Produkten von zwei verschiedenen Marken Wir kumulieren die Lieferkosten. Beispiel: Sie bestellen eine Dose Farbe [&hellip;]<\/p>\n","protected":false},"author":1,"featured_media":0,"parent":0,"menu_order":0,"comment_status":"closed","ping_status":"closed","template":"","meta":{"_acf_changed":false,"inline_featured_image":false,"footnotes":""},"class_list":["post-69375","page","type-page","status-publish","hentry"],"acf":[],"yoast_head":"<!-- This site is optimized with the Yoast SEO plugin v26.7 - https:\/\/yoast.com\/wordpress\/plugins\/seo\/ -->\n<title>Lieferkalkulation - Vanina Henry<\/title>\n<meta name=\"robots\" content=\"index, follow, max-snippet:-1, max-image-preview:large, max-video-preview:-1\" \/>\n<link rel=\"canonical\" href=\"https:\/\/vaninahenry.com\/calcul-de-livraison\/\" \/>\n<meta property=\"og:locale\" content=\"de_DE\" \/>\n<meta property=\"og:type\" content=\"article\" \/>\n<meta property=\"og:title\" content=\"Lieferkalkulation - Vanina Henry\" \/>\n<meta property=\"og:description\" content=\"Lieferkalkulation Unsere Website bietet Ihnen die M\u00f6glichkeit, Produkte zu bestellen, die von verschiedenen Marken aus verschiedenen europ\u00e4ischen L\u00e4ndern vertrieben werden. Deshalb wird die Lieferung pro Produkt und pro Marke mit 2 Arten der Berechnung Ihrer Lieferung berechnet: 1- Bestellung von Produkten von zwei verschiedenen Marken Wir kumulieren die Lieferkosten. Beispiel: Sie bestellen eine Dose Farbe [&hellip;]\" \/>\n<meta property=\"og:url\" content=\"https:\/\/vaninahenry.com\/calcul-de-livraison\/\" \/>\n<meta property=\"og:site_name\" content=\"Vanina Henry\" \/>\n<meta property=\"article:publisher\" content=\"https:\/\/www.facebook.com\/designbyvaninahenry\" \/>\n<meta property=\"article:modified_time\" content=\"2025-11-18T09:02:03+00:00\" \/>\n<meta name=\"twitter:card\" content=\"summary_large_image\" \/>\n<meta name=\"twitter:label1\" content=\"Gesch\u00e4tzte Lesezeit\" \/>\n\t<meta name=\"twitter:data1\" content=\"1\u00a0Minute\" \/>\n<script type=\"application\/ld+json\" class=\"yoast-schema-graph\">{\"@context\":\"https:\/\/schema.org\",\"@graph\":[{\"@type\":\"WebPage\",\"@id\":\"https:\/\/vaninahenry.com\/calcul-de-livraison\/\",\"url\":\"https:\/\/vaninahenry.com\/calcul-de-livraison\/\",\"name\":\"Lieferkalkulation - Vanina Henry\",\"isPartOf\":{\"@id\":\"https:\/\/vaninahenry.com\/#website\"},\"datePublished\":\"2021-11-25T14:19:36+00:00\",\"dateModified\":\"2025-11-18T09:02:03+00:00\",\"breadcrumb\":{\"@id\":\"https:\/\/vaninahenry.com\/calcul-de-livraison\/#breadcrumb\"},\"inLanguage\":\"de\",\"potentialAction\":[{\"@type\":\"ReadAction\",\"target\":[\"https:\/\/vaninahenry.com\/calcul-de-livraison\/\"]}]},{\"@type\":\"BreadcrumbList\",\"@id\":\"https:\/\/vaninahenry.com\/calcul-de-livraison\/#breadcrumb\",\"itemListElement\":[{\"@type\":\"ListItem\",\"position\":1,\"name\":\"Accueil\",\"item\":\"https:\/\/vaninahenry.com\/de\/\"},{\"@type\":\"ListItem\",\"position\":2,\"name\":\"Lieferkalkulation\"}]},{\"@type\":\"WebSite\",\"@id\":\"https:\/\/vaninahenry.com\/#website\",\"url\":\"https:\/\/vaninahenry.com\/\",\"name\":\"Vanina Henry\",\"description\":\"\",\"publisher\":{\"@id\":\"https:\/\/vaninahenry.com\/#organization\"},\"potentialAction\":[{\"@type\":\"SearchAction\",\"target\":{\"@type\":\"EntryPoint\",\"urlTemplate\":\"https:\/\/vaninahenry.com\/?s={search_term_string}\"},\"query-input\":{\"@type\":\"PropertyValueSpecification\",\"valueRequired\":true,\"valueName\":\"search_term_string\"}}],\"inLanguage\":\"de\"},{\"@type\":\"Organization\",\"@id\":\"https:\/\/vaninahenry.com\/#organization\",\"name\":\"Vanina Henry\",\"url\":\"https:\/\/vaninahenry.com\/\",\"logo\":{\"@type\":\"ImageObject\",\"inLanguage\":\"de\",\"@id\":\"https:\/\/vaninahenry.com\/#\/schema\/logo\/image\/\",\"url\":\"http:\/\/vaninahenry.com\/wp-content\/uploads\/2021\/10\/Logo-design-by-VaninaHenry.png\",\"contentUrl\":\"http:\/\/vaninahenry.com\/wp-content\/uploads\/2021\/10\/Logo-design-by-VaninaHenry.png\",\"width\":711,\"height\":467,\"caption\":\"Vanina Henry\"},\"image\":{\"@id\":\"https:\/\/vaninahenry.com\/#\/schema\/logo\/image\/\"},\"sameAs\":[\"https:\/\/www.facebook.com\/designbyvaninahenry\",\"https:\/\/www.instagram.com\/vaninahenry\/\"]}]}<\/script>\n<!-- \/ Yoast SEO plugin. -->","yoast_head_json":{"title":"Lieferkalkulation - Vanina Henry","robots":{"index":"index","follow":"follow","max-snippet":"max-snippet:-1","max-image-preview":"max-image-preview:large","max-video-preview":"max-video-preview:-1"},"canonical":"https:\/\/vaninahenry.com\/calcul-de-livraison\/","og_locale":"de_DE","og_type":"article","og_title":"Lieferkalkulation - Vanina Henry","og_description":"Lieferkalkulation Unsere Website bietet Ihnen die M\u00f6glichkeit, Produkte zu bestellen, die von verschiedenen Marken aus verschiedenen europ\u00e4ischen L\u00e4ndern vertrieben werden. Deshalb wird die Lieferung pro Produkt und pro Marke mit 2 Arten der Berechnung Ihrer Lieferung berechnet: 1- Bestellung von Produkten von zwei verschiedenen Marken Wir kumulieren die Lieferkosten. Beispiel: Sie bestellen eine Dose Farbe [&hellip;]","og_url":"https:\/\/vaninahenry.com\/calcul-de-livraison\/","og_site_name":"Vanina Henry","article_publisher":"https:\/\/www.facebook.com\/designbyvaninahenry","article_modified_time":"2025-11-18T09:02:03+00:00","twitter_card":"summary_large_image","twitter_misc":{"Gesch\u00e4tzte Lesezeit":"1\u00a0Minute"},"schema":{"@context":"https:\/\/schema.org","@graph":[{"@type":"WebPage","@id":"https:\/\/vaninahenry.com\/calcul-de-livraison\/","url":"https:\/\/vaninahenry.com\/calcul-de-livraison\/","name":"Lieferkalkulation - Vanina Henry","isPartOf":{"@id":"https:\/\/vaninahenry.com\/#website"},"datePublished":"2021-11-25T14:19:36+00:00","dateModified":"2025-11-18T09:02:03+00:00","breadcrumb":{"@id":"https:\/\/vaninahenry.com\/calcul-de-livraison\/#breadcrumb"},"inLanguage":"de","potentialAction":[{"@type":"ReadAction","target":["https:\/\/vaninahenry.com\/calcul-de-livraison\/"]}]},{"@type":"BreadcrumbList","@id":"https:\/\/vaninahenry.com\/calcul-de-livraison\/#breadcrumb","itemListElement":[{"@type":"ListItem","position":1,"name":"Accueil","item":"https:\/\/vaninahenry.com\/de\/"},{"@type":"ListItem","position":2,"name":"Lieferkalkulation"}]},{"@type":"WebSite","@id":"https:\/\/vaninahenry.com\/#website","url":"https:\/\/vaninahenry.com\/","name":"Vanina Henry","description":"","publisher":{"@id":"https:\/\/vaninahenry.com\/#organization"},"potentialAction":[{"@type":"SearchAction","target":{"@type":"EntryPoint","urlTemplate":"https:\/\/vaninahenry.com\/?s={search_term_string}"},"query-input":{"@type":"PropertyValueSpecification","valueRequired":true,"valueName":"search_term_string"}}],"inLanguage":"de"},{"@type":"Organization","@id":"https:\/\/vaninahenry.com\/#organization","name":"Vanina Henry","url":"https:\/\/vaninahenry.com\/","logo":{"@type":"ImageObject","inLanguage":"de","@id":"https:\/\/vaninahenry.com\/#\/schema\/logo\/image\/","url":"http:\/\/vaninahenry.com\/wp-content\/uploads\/2021\/10\/Logo-design-by-VaninaHenry.png","contentUrl":"http:\/\/vaninahenry.com\/wp-content\/uploads\/2021\/10\/Logo-design-by-VaninaHenry.png","width":711,"height":467,"caption":"Vanina Henry"},"image":{"@id":"https:\/\/vaninahenry.com\/#\/schema\/logo\/image\/"},"sameAs":["https:\/\/www.facebook.com\/designbyvaninahenry","https:\/\/www.instagram.com\/vaninahenry\/"]}]}},"_links":{"self":[{"href":"https:\/\/vaninahenry.com\/de\/wp-json\/wp\/v2\/pages\/69375","targetHints":{"allow":["GET"]}}],"collection":[{"href":"https:\/\/vaninahenry.com\/de\/wp-json\/wp\/v2\/pages"}],"about":[{"href":"https:\/\/vaninahenry.com\/de\/wp-json\/wp\/v2\/types\/page"}],"author":[{"embeddable":true,"href":"https:\/\/vaninahenry.com\/de\/wp-json\/wp\/v2\/users\/1"}],"replies":[{"embeddable":true,"href":"https:\/\/vaninahenry.com\/de\/wp-json\/wp\/v2\/comments?post=69375"}],"version-history":[{"count":6,"href":"https:\/\/vaninahenry.com\/de\/wp-json\/wp\/v2\/pages\/69375\/revisions"}],"predecessor-version":[{"id":117345,"href":"https:\/\/vaninahenry.com\/de\/wp-json\/wp\/v2\/pages\/69375\/revisions\/117345"}],"wp:attachment":[{"href":"https:\/\/vaninahenry.com\/de\/wp-json\/wp\/v2\/media?parent=69375"}],"curies":[{"name":"wp","href":"https:\/\/api.w.org\/{rel}","templated":true}]}}